{"id":9520,"date":"2022-01-20T11:31:38","date_gmt":"2022-01-20T10:31:38","guid":{"rendered":"https:\/\/rivegauche-magazine.ch\/?page_id=9520"},"modified":"2022-01-20T11:50:59","modified_gmt":"2022-01-20T10:50:59","slug":"nos-interieurs-changent","status":"publish","type":"page","link":"https:\/\/geneve-et-vous-magazine.ch\/index.php\/life-style-decoration\/nos-interieurs-changent\/","title":{"rendered":"Nos int\u00e9rieurs changent"},"content":{"rendered":"<p>[et_pb_section fb_built=\u00a0\u00bb1&Prime; _builder_version=\u00a0\u00bb3.22.7&Prime; global_colors_info=\u00a0\u00bb{}\u00a0\u00bb][et_pb_row _builder_version=\u00a0\u00bb3.25&Prime; global_colors_info=\u00a0\u00bb{}\u00a0\u00bb][et_pb_column type=\u00a0\u00bb4_4&Prime; _builder_version=\u00a0\u00bb3.25&Prime; custom_padding=\u00a0\u00bb|||\u00a0\u00bb global_colors_info=\u00a0\u00bb{}\u00a0\u00bb custom_padding__hover=\u00a0\u00bb|||\u00a0\u00bb][\/et_pb_column][\/et_pb_row][\/et_pb_section][et_pb_section fb_built=\u00a0\u00bb1&Prime; admin_label=\u00a0\u00bbArticles 1 colonne\u00a0\u00bb _builder_version=\u00a0\u00bb3.22.7&Prime; custom_margin=\u00a0\u00bb||\u00a0\u00bb custom_padding=\u00a0\u00bb0px|||||\u00a0\u00bb global_colors_info=\u00a0\u00bb{}\u00a0\u00bb][et_pb_row _builder_version=\u00a0\u00bb3.25&Prime; global_colors_info=\u00a0\u00bb{}\u00a0\u00bb][et_pb_column type=\u00a0\u00bb4_4&Prime; _builder_version=\u00a0\u00bb3.25&Prime; custom_padding=\u00a0\u00bb|||\u00a0\u00bb global_colors_info=\u00a0\u00bb{}\u00a0\u00bb custom_padding__hover=\u00a0\u00bb|||\u00a0\u00bb][et_pb_text admin_label=\u00a0\u00bbTITRE\u00a0\u00bb _builder_version=\u00a0\u00bb4.14.6&Prime; header_font=\u00a0\u00bb|||||on|||\u00a0\u00bb header_text_align=\u00a0\u00bbleft\u00a0\u00bb header_text_color=\u00a0\u00bb#000000&Prime; header_font_size=\u00a0\u00bb48px\u00a0\u00bb custom_margin=\u00a0\u00bb|||\u00a0\u00bb header_font_size_tablet=\u00a0\u00bb36px\u00a0\u00bb header_font_size_phone=\u00a0\u00bb24px\u00a0\u00bb header_font_size_last_edited=\u00a0\u00bbon|tablet\u00a0\u00bb global_colors_info=\u00a0\u00bb{}\u00a0\u00bb]<\/p>\n<h1 style=\"text-align: center;\"><span style=\"color: #000000;\">Nos int\u00e9rieurs changent \u00e0 cause de nos habitudes de vie bouscul\u00e9es<br \/><\/span><\/h1>\n<p>[\/et_pb_text][\/et_pb_column][\/et_pb_row][et_pb_row _builder_version=\u00a0\u00bb3.25&Prime; global_colors_info=\u00a0\u00bb{}\u00a0\u00bb][et_pb_column type=\u00a0\u00bb4_4&Prime; _builder_version=\u00a0\u00bb3.25&Prime; custom_padding=\u00a0\u00bb|||\u00a0\u00bb global_colors_info=\u00a0\u00bb{}\u00a0\u00bb custom_padding__hover=\u00a0\u00bb|||\u00a0\u00bb][et_pb_text _builder_version=\u00a0\u00bb4.14.6&Prime; global_colors_info=\u00a0\u00bb{}\u00a0\u00bb]<\/p>\n<p style=\"text-align: justify;\"><span style=\"color: #027c37;\"><strong>Toutes nos habitudes de vie ont \u00e9t\u00e9 bouscul\u00e9es depuis 2020, donc ce n\u2019est pas \u00e9tonnant que nos int\u00e9rieurs soient devenus de v\u00e9ritables refuges. Les tendances d\u00e9co 2021 se sont vues s\u2019inscrire dans cette lign\u00e9e. A l\u2019honneur, les mati\u00e8res naturelles et douillettes, le m\u00e9lange des mat\u00e9riaux, les objets ou meubles r\u00e9tro, les couleurs pastel et tons chauds\u2026<\/strong><\/span><\/p>\n<p>[\/et_pb_text][\/et_pb_column][\/et_pb_row][et_pb_row column_structure=\u00a0\u00bb1_2,1_2&Prime; _builder_version=\u00a0\u00bb3.25&Prime; global_colors_info=\u00a0\u00bb{}\u00a0\u00bb][et_pb_column type=\u00a0\u00bb1_2&Prime; _builder_version=\u00a0\u00bb3.25&Prime; custom_padding=\u00a0\u00bb|||\u00a0\u00bb global_colors_info=\u00a0\u00bb{}\u00a0\u00bb custom_padding__hover=\u00a0\u00bb|||\u00a0\u00bb][et_pb_text _builder_version=\u00a0\u00bb4.14.6&Prime; global_colors_info=\u00a0\u00bb{}\u00a0\u00bb]<\/p>\n<h3 style=\"text-align: justify;\"><span style=\"color: #027c37;\"><strong>Les couleurs pastel<\/strong><\/span><span style=\"color: #e5c085;\"><strong><br \/><\/strong><span style=\"color: #000000;\">et tons chauds<br \/><\/span><\/span><\/h3>\n<p style=\"text-align: justify;\">Au rendez-vous le pastel de bleu, rose, corail, jaune \u2026 Pour le gris il c\u00e8de sa place au beige ou au taupe, alors que les ivoires et cr\u00e8mes prennent le dessus sur les blancs froids. Ce sont les teintes naturelles comme le vert, terre et rouille qui gagnent aussi en popularit\u00e9 et ornent autant les murs que les textiles pour une atmosph\u00e8re chaleureuse.<\/p>\n<p>[\/et_pb_text][et_pb_image src=\u00a0\u00bbhttps:\/\/rivegauche-magazine.ch\/wp-content\/uploads\/2022\/01\/vert_pastel.jpg\u00a0\u00bb title_text=\u00a0\u00bbvert_pastel\u00a0\u00bb align_tablet=\u00a0\u00bbcenter\u00a0\u00bb align_phone=\u00a0\u00bb\u00a0\u00bb align_last_edited=\u00a0\u00bbon|desktop\u00a0\u00bb _builder_version=\u00a0\u00bb4.14.6&Prime; global_colors_info=\u00a0\u00bb{}\u00a0\u00bb][\/et_pb_image][et_pb_text _builder_version=\u00a0\u00bb4.14.6&Prime; global_colors_info=\u00a0\u00bb{}\u00a0\u00bb]<\/p>\n<h3 style=\"text-align: justify;\"><span style=\"color: #027c37;\"><strong>Les fauteuils<\/strong><\/span><span style=\"color: #e5c085;\"><strong><br \/><\/strong><span style=\"color: #000000;\">en mouvement<br \/><\/span><\/span><\/h3>\n<p style=\"text-align: justify;\">Le fauteuil d\u2019appoint est en vogue\u2026 en bout de table, dans le salon, une chambre ou un bureau. On peut le choisir pivotant, inclinable ou encore ber\u00e7ant pour un confort parfait. Avec un profil mince l\u2019espace semblera plus d\u00e9gag\u00e9 et en combinant une assise et un dossier g\u00e9n\u00e9reux \u00e0 un pi\u00e9tement et des accoudoirs fins en bois ou en m\u00e9tal, il gagnera des points.<\/p>\n<p>[\/et_pb_text][\/et_pb_column][et_pb_column type=\u00a0\u00bb1_2&Prime; _builder_version=\u00a0\u00bb3.25&Prime; custom_padding=\u00a0\u00bb|||\u00a0\u00bb global_colors_info=\u00a0\u00bb{}\u00a0\u00bb custom_padding__hover=\u00a0\u00bb|||\u00a0\u00bb][et_pb_image src=\u00a0\u00bbhttps:\/\/rivegauche-magazine.ch\/wp-content\/uploads\/2022\/01\/bureau.jpg\u00a0\u00bb title_text=\u00a0\u00bbbureau\u00a0\u00bb _builder_version=\u00a0\u00bb4.14.6&Prime; _module_preset=\u00a0\u00bbdefault\u00a0\u00bb global_colors_info=\u00a0\u00bb{}\u00a0\u00bb][\/et_pb_image][et_pb_text _builder_version=\u00a0\u00bb4.14.6&Prime; global_colors_info=\u00a0\u00bb{}\u00a0\u00bb]<\/p>\n<h3 style=\"text-align: justify;\"><span style=\"color: #e5c085;\"><span style=\"color: #000000;\">Cr\u00e9ez votre<br \/><\/span><\/span><span style=\"color: #027c37;\"><strong>coin bureau<\/strong><\/span><span style=\"color: #e5c085;\"><span style=\"color: #000000;\"><br \/><\/span><\/span><\/h3>\n<p style=\"text-align: justify;\">Le t\u00e9l\u00e9travail est dans l\u2019air du temps, mais tout le monde ne dispose pas d\u2019une pi\u00e8ce \u00e0 transformer en bureau. L\u2019id\u00e9e est de trouver le mobilier de travail pouvant s\u2019int\u00e9grer en tout harmonie \u00e0 votre salon ou tout t\u2019autre espace \u00e0 partager.<br \/>L\u2019offre de meubles \u00e0 la fois esth\u00e9tique et fonctionnelle ne manque pas sur ce march\u00e9 en plein essor. Il existe un \u00e9ventail de styles et de dimensions pour satisfaire vos go\u00fbts et s\u2019accorder \u00e0 votre int\u00e9rieur. Il est possible d\u2019ailleurs de trouver des tables polyvalentes, adapt\u00e9es au travail comme au repas, des chaises ou fauteuils confortables et design s\u2019int\u00e9grant \u00e0 votre salle \u00e0 manger.<\/p>\n<p>[\/et_pb_text][et_pb_image src=\u00a0\u00bbhttps:\/\/rivegauche-magazine.ch\/wp-content\/uploads\/2022\/01\/feuille_dessin.jpg\u00a0\u00bb title_text=\u00a0\u00bbfeuille_dessin\u00a0\u00bb _builder_version=\u00a0\u00bb4.14.6&Prime; _module_preset=\u00a0\u00bbdefault\u00a0\u00bb custom_margin=\u00a0\u00bb0em||0em||true|false\u00a0\u00bb custom_padding=\u00a0\u00bb0em||0em||true|false\u00a0\u00bb global_colors_info=\u00a0\u00bb{}\u00a0\u00bb][\/et_pb_image][\/et_pb_column][\/et_pb_row][et_pb_row _builder_version=\u00a0\u00bb3.25&Prime; global_colors_info=\u00a0\u00bb{}\u00a0\u00bb][et_pb_column type=\u00a0\u00bb4_4&Prime; _builder_version=\u00a0\u00bb3.25&Prime; custom_padding=\u00a0\u00bb|||\u00a0\u00bb global_colors_info=\u00a0\u00bb{}\u00a0\u00bb custom_padding__hover=\u00a0\u00bb|||\u00a0\u00bb][et_pb_divider _builder_version=\u00a0\u00bb3.22.7&Prime; global_colors_info=\u00a0\u00bb{}\u00a0\u00bb][\/et_pb_divider][\/et_pb_column][\/et_pb_row][\/et_pb_section]<\/p>\n","protected":false},"excerpt":{"rendered":"<p>Nos int\u00e9rieurs changent \u00e0 cause de nos habitudes de vie bouscul\u00e9esToutes nos habitudes de vie ont \u00e9t\u00e9 bouscul\u00e9es depuis 2020, donc ce n\u2019est pas \u00e9tonnant que nos int\u00e9rieurs soient devenus de v\u00e9ritables refuges. Les tendances d\u00e9co 2021 se sont vues s\u2019inscrire dans cette lign\u00e9e. A l\u2019honneur, les mati\u00e8res naturelles et douillettes, le m\u00e9lange des mat\u00e9riaux, [&hellip;]<\/p>\n","protected":false},"author":2,"featured_media":0,"parent":1383,"menu_order":0,"comment_status":"closed","ping_status":"closed","template":"","meta":{"_et_pb_use_builder":"on","_et_pb_old_content":"","_et_gb_content_width":"","footnotes":""},"class_list":["post-9520","page","type-page","status-publish","hentry"],"_links":{"self":[{"href":"https:\/\/geneve-et-vous-magazine.ch\/index.php\/wp-json\/wp\/v2\/pages\/9520","targetHints":{"allow":["GET"]}}],"collection":[{"href":"https:\/\/geneve-et-vous-magazine.ch\/index.php\/wp-json\/wp\/v2\/pages"}],"about":[{"href":"https:\/\/geneve-et-vous-magazine.ch\/index.php\/wp-json\/wp\/v2\/types\/page"}],"author":[{"embeddable":true,"href":"https:\/\/geneve-et-vous-magazine.ch\/index.php\/wp-json\/wp\/v2\/users\/2"}],"replies":[{"embeddable":true,"href":"https:\/\/geneve-et-vous-magazine.ch\/index.php\/wp-json\/wp\/v2\/comments?post=9520"}],"version-history":[{"count":5,"href":"https:\/\/geneve-et-vous-magazine.ch\/index.php\/wp-json\/wp\/v2\/pages\/9520\/revisions"}],"predecessor-version":[{"id":9532,"href":"https:\/\/geneve-et-vous-magazine.ch\/index.php\/wp-json\/wp\/v2\/pages\/9520\/revisions\/9532"}],"up":[{"embeddable":true,"href":"https:\/\/geneve-et-vous-magazine.ch\/index.php\/wp-json\/wp\/v2\/pages\/1383"}],"wp:attachment":[{"href":"https:\/\/geneve-et-vous-magazine.ch\/index.php\/wp-json\/wp\/v2\/media?parent=9520"}],"curies":[{"name":"wp","href":"https:\/\/api.w.org\/{rel}","templated":true}]}}