{"id":890,"date":"2020-01-31T17:08:52","date_gmt":"2020-01-31T16:08:52","guid":{"rendered":"https:\/\/rivegauche-magazine.ch\/?page_id=890"},"modified":"2021-03-18T17:45:05","modified_gmt":"2021-03-18T16:45:05","slug":"evenements-puplinge","status":"publish","type":"page","link":"https:\/\/geneve-et-vous-magazine.ch\/index.php\/puplinge\/evenements-puplinge\/","title":{"rendered":"\u00c9v\u00e9nements Puplinge"},"content":{"rendered":"<p>[et_pb_section fb_built=\u00a0\u00bb1&Prime; _builder_version=\u00a0\u00bb3.22.7&Prime;][et_pb_row _builder_version=\u00a0\u00bb3.25&Prime;][et_pb_column type=\u00a0\u00bb4_4&Prime; _builder_version=\u00a0\u00bb3.25&Prime; custom_padding=\u00a0\u00bb|||\u00a0\u00bb custom_padding__hover=\u00a0\u00bb|||\u00a0\u00bb][et_pb_image src=\u00a0\u00bbhttps:\/\/rivegauche-magazine.ch\/wp-content\/uploads\/2021\/03\/BANDEAU_PUPLINGE.jpg\u00a0\u00bb align_tablet=\u00a0\u00bbcenter\u00a0\u00bb align_last_edited=\u00a0\u00bbon|desktop\u00a0\u00bb _builder_version=\u00a0\u00bb4.8.1&Prime; hover_enabled=\u00a0\u00bb0&Prime; title_text=\u00a0\u00bbBANDEAU_PUPLINGE\u00a0\u00bb sticky_enabled=\u00a0\u00bb0&Prime; force_fullwidth=\u00a0\u00bbon\u00a0\u00bb][\/et_pb_image][et_pb_text _builder_version=\u00a0\u00bb4.8.1&Prime; header_font=\u00a0\u00bbGeorgia||||||||\u00a0\u00bb header_font_size=\u00a0\u00bb52px\u00a0\u00bb hover_enabled=\u00a0\u00bb0&Prime; header_font_size_tablet=\u00a0\u00bb44px\u00a0\u00bb header_font_size_phone=\u00a0\u00bb36px\u00a0\u00bb header_font_size_last_edited=\u00a0\u00bbon|phone\u00a0\u00bb sticky_enabled=\u00a0\u00bb0&Prime;]<\/p>\n<h1 style=\"text-align: center;\">L&rsquo;HISTOIRE DE PUPLINGE<\/h1>\n<p style=\"text-align: center;\">Plus d&rsquo;informations sur <a href=\"http:\/\/www.puplinge.ch\" target=\"_blank\" rel=\"noopener noreferrer\">www.puplinge.ch<\/a><\/p>\n<p>[\/et_pb_text][\/et_pb_column][\/et_pb_row][et_pb_row _builder_version=\u00a0\u00bb3.25&Prime; column_structure=\u00a0\u00bb1_2,1_2&Prime;][et_pb_column type=\u00a0\u00bb1_2&Prime; _builder_version=\u00a0\u00bb3.25&Prime; custom_padding=\u00a0\u00bb|||\u00a0\u00bb custom_padding__hover=\u00a0\u00bb|||\u00a0\u00bb][et_pb_text _builder_version=\u00a0\u00bb4.8.1&Prime; text_font=\u00a0\u00bb||||||||\u00a0\u00bb text_orientation=\u00a0\u00bbjustified\u00a0\u00bb hover_enabled=\u00a0\u00bb0&Prime; sticky_enabled=\u00a0\u00bb0&Prime;]<\/p>\n<p style=\"text-align: justify;\">La date la plus connue concernant le pass\u00e9 de Presinge et Puplinge est sans aucun doute celle de 1850.<br \/>Elle marque en effet la fin d\u2019une courte p\u00e9riode de vie conjointe initi\u00e9e en 1816 par les autorit\u00e9s du canton de Gen\u00e8ve qui d\u00e9cid\u00e8rent de rassembler les deux localit\u00e9s dans une m\u00eame entit\u00e9 en ignorant compl\u00e8tement les aspirations de leurs habitants. Ceux-ci n\u2019avaient cependant aucune envie de cohabiter. <br \/>Chaque pr\u00e9texte \u00e9tait bon pour se chamailler et le divorce est rapidement consomm\u00e9. Ce mariage contre nature semble avoir marqu\u00e9 les m\u00e9moires \u00e0 un point tel qu\u2019il a motiv\u00e9 la r\u00e9alisation du pr\u00e9sent ouvrage regroupant ces deux communes. <br \/>La plus grande partie du livre relate cependant la vie propre de chaque commune et c\u2019est l\u00e0 que se trouve toute son originalit\u00e9 car, par un jeu de miroir, il r\u00e9v\u00e8le leurs particularit\u00e9s. Presinge a toujours rim\u00e9 avec prestige. Sa terre accueillait plusieurs domaines de riches Genevois, mais le hameau, \u00e0 l\u2019\u00e9cart des routes, vivait de fa\u00e7on relativement autarcique. <br \/>De son c\u00f4t\u00e9, continuellement menac\u00e9 par les eaux envahissantes de la Seymaz et du Foron, le village de Puplinge croupissait \u00e0 la limite de l\u2019insalubrit\u00e9. Il \u00e9tait n\u00e9anmoins \u00e9tabli le long du chemin qui reliait les Genevois \u00e0 leur mandement de Jussy et entretenait<\/p>\n<p>[\/et_pb_text][\/et_pb_column][et_pb_column type=\u00a0\u00bb1_2&Prime; _builder_version=\u00a0\u00bb3.25&Prime; custom_padding=\u00a0\u00bb|||\u00a0\u00bb custom_padding__hover=\u00a0\u00bb|||\u00a0\u00bb][et_pb_text _builder_version=\u00a0\u00bb4.8.1&Prime; text_font=\u00a0\u00bb||||||||\u00a0\u00bb text_orientation=\u00a0\u00bbjustified\u00a0\u00bb hover_enabled=\u00a0\u00bb0&Prime; sticky_enabled=\u00a0\u00bb0&Prime;]<\/p>\n<p style=\"text-align: justify;\">d\u2019intenses relations avec le chef-lieu communal de Ville-la-Grand. De l\u00e0 d\u00e9coula une plus grande ouverture vers l\u2019ext\u00e9rieur. <br \/>Ces sp\u00e9cificit\u00e9s ont perdur\u00e9 jusqu\u2019au XX\u00b0 si\u00e8cle et sont perceptibles notamment dans la fa\u00e7on qu\u2019ont eue les municipalit\u00e9s d\u2019appr\u00e9hender le d\u00e9veloppement de leur commune pendant les Trente Glorieuses. Gr\u00e2ce \u00e0 une construction th\u00e9matique du r\u00e9cit, le lecteur se prom\u00e8ne ais\u00e9ment d\u2019une commune \u00e0 l\u2019autre.<br \/>Il observera aussi que certaines fois elles se rencontrent pour promouvoir leurs int\u00e9r\u00eats communs et que d\u2019autres fois elles entrent en conflit pour des peccadilles. En effet, malgr\u00e9 leur s\u00e9paration, les voisines ne peuvent pas s\u2019ignorer totalement et sont oblig\u00e9es d\u2019entretenir des relations, pour le meilleur comme pour le pire.<br \/>Les habitants de la commune de Puplinge se nomment les Puplingeois.<br \/>Selon l\u2019Office f\u00e9d\u00e9ral de la statistique, Puplinge mesure 2,66\u00a0km2. 20,8\u00a0% de cette superficie correspond \u00e0 des surfaces d\u2019habitat ou d\u2019infrastructure, 74,6\u00a0% \u00e0 des surfaces agricoles et 4,5\u00a0% \u00e0 des surfaces bois\u00e9es.<br \/>La commune comprend \u00e9galement le hameau des Petoux, de Corni\u00e8re et le quartier de Mon-Id\u00e9e.<\/p>\n<p>[\/et_pb_text][\/et_pb_column][\/et_pb_row][et_pb_row _builder_version=\u00a0\u00bb3.25&Prime;][et_pb_column type=\u00a0\u00bb4_4&Prime; _builder_version=\u00a0\u00bb3.25&Prime; custom_padding=\u00a0\u00bb|||\u00a0\u00bb custom_padding__hover=\u00a0\u00bb|||\u00a0\u00bb][et_pb_image src=\u00a0\u00bbhttps:\/\/rivegauche-magazine.ch\/wp-content\/uploads\/2021\/03\/BANDEAU_BLAZON.jpg\u00a0\u00bb align_tablet=\u00a0\u00bbcenter\u00a0\u00bb align_last_edited=\u00a0\u00bbon|desktop\u00a0\u00bb _builder_version=\u00a0\u00bb4.8.1&Prime; hover_enabled=\u00a0\u00bb0&Prime; title_text=\u00a0\u00bbBANDEAU_BLAZON\u00a0\u00bb sticky_enabled=\u00a0\u00bb0&Prime; force_fullwidth=\u00a0\u00bbon\u00a0\u00bb][\/et_pb_image][\/et_pb_column][\/et_pb_row][et_pb_row _builder_version=\u00a0\u00bb3.25&Prime;][et_pb_column type=\u00a0\u00bb4_4&Prime; _builder_version=\u00a0\u00bb3.25&Prime; custom_padding=\u00a0\u00bb|||\u00a0\u00bb custom_padding__hover=\u00a0\u00bb|||\u00a0\u00bb][et_pb_divider _builder_version=\u00a0\u00bb3.22.7&Prime;][\/et_pb_divider][\/et_pb_column][\/et_pb_row][\/et_pb_section]<\/p>\n","protected":false},"excerpt":{"rendered":"<p>L&rsquo;HISTOIRE DE PUPLINGE Plus d&rsquo;informations sur www.puplinge.ch La date la plus connue concernant le pass\u00e9 de Presinge et Puplinge est sans aucun doute celle de 1850.Elle marque en effet la fin d\u2019une courte p\u00e9riode de vie conjointe initi\u00e9e en 1816 par les autorit\u00e9s du canton de Gen\u00e8ve qui d\u00e9cid\u00e8rent de rassembler les deux localit\u00e9s dans [&hellip;]<\/p>\n","protected":false},"author":1,"featured_media":0,"parent":885,"menu_order":1,"comment_status":"closed","ping_status":"closed","template":"","meta":{"_et_pb_use_builder":"on","_et_pb_old_content":"","_et_gb_content_width":"","footnotes":""},"class_list":["post-890","page","type-page","status-publish","hentry"],"_links":{"self":[{"href":"https:\/\/geneve-et-vous-magazine.ch\/index.php\/wp-json\/wp\/v2\/pages\/890","targetHints":{"allow":["GET"]}}],"collection":[{"href":"https:\/\/geneve-et-vous-magazine.ch\/index.php\/wp-json\/wp\/v2\/pages"}],"about":[{"href":"https:\/\/geneve-et-vous-magazine.ch\/index.php\/wp-json\/wp\/v2\/types\/page"}],"author":[{"embeddable":true,"href":"https:\/\/geneve-et-vous-magazine.ch\/index.php\/wp-json\/wp\/v2\/users\/1"}],"replies":[{"embeddable":true,"href":"https:\/\/geneve-et-vous-magazine.ch\/index.php\/wp-json\/wp\/v2\/comments?post=890"}],"version-history":[{"count":8,"href":"https:\/\/geneve-et-vous-magazine.ch\/index.php\/wp-json\/wp\/v2\/pages\/890\/revisions"}],"predecessor-version":[{"id":6226,"href":"https:\/\/geneve-et-vous-magazine.ch\/index.php\/wp-json\/wp\/v2\/pages\/890\/revisions\/6226"}],"up":[{"embeddable":true,"href":"https:\/\/geneve-et-vous-magazine.ch\/index.php\/wp-json\/wp\/v2\/pages\/885"}],"wp:attachment":[{"href":"https:\/\/geneve-et-vous-magazine.ch\/index.php\/wp-json\/wp\/v2\/media?parent=890"}],"curies":[{"name":"wp","href":"https:\/\/api.w.org\/{rel}","templated":true}]}}