{"id":8634,"date":"2021-11-16T11:58:01","date_gmt":"2021-11-16T10:58:01","guid":{"rendered":"https:\/\/rivegauche-magazine.ch\/?page_id=8634"},"modified":"2022-07-08T11:36:55","modified_gmt":"2022-07-08T09:36:55","slug":"tendances-coiffure-hiver-2021","status":"publish","type":"page","link":"https:\/\/geneve-et-vous-magazine.ch\/index.php\/mode-astuces\/tendances-coiffure-hiver-2021\/","title":{"rendered":"Tendances Coiffure Hiver 2021"},"content":{"rendered":"<p>[et_pb_section fb_built=\u00a0\u00bb1&Prime; admin_label=\u00a0\u00bbArticles 1 colonne\u00a0\u00bb _builder_version=\u00a0\u00bb4.16&Prime; custom_margin=\u00a0\u00bb||\u00a0\u00bb custom_padding=\u00a0\u00bb0px|||||\u00a0\u00bb global_colors_info=\u00a0\u00bb{}\u00a0\u00bb][et_pb_row _builder_version=\u00a0\u00bb4.16&Prime; global_colors_info=\u00a0\u00bb{}\u00a0\u00bb][et_pb_column type=\u00a0\u00bb4_4&Prime; _builder_version=\u00a0\u00bb4.16&Prime; custom_padding=\u00a0\u00bb|||\u00a0\u00bb global_colors_info=\u00a0\u00bb{}\u00a0\u00bb custom_padding__hover=\u00a0\u00bb|||\u00a0\u00bb][et_pb_text admin_label=\u00a0\u00bbTITRE\u00a0\u00bb _builder_version=\u00a0\u00bb4.16&Prime; header_font=\u00a0\u00bb|||||on|||\u00a0\u00bb header_text_align=\u00a0\u00bbleft\u00a0\u00bb header_text_color=\u00a0\u00bb#000000&Prime; header_font_size=\u00a0\u00bb48px\u00a0\u00bb custom_margin=\u00a0\u00bb|||\u00a0\u00bb header_font_size_tablet=\u00a0\u00bb36px\u00a0\u00bb header_font_size_phone=\u00a0\u00bb24px\u00a0\u00bb header_font_size_last_edited=\u00a0\u00bbon|tablet\u00a0\u00bb global_colors_info=\u00a0\u00bb{}\u00a0\u00bb]<\/p>\n<h1 style=\"text-align: center;\"><span style=\"color: #000000;\">Les tendances coiffure de l&rsquo;hiver 2021<br \/> <\/span><\/h1>\n<p>[\/et_pb_text][\/et_pb_column][\/et_pb_row][et_pb_row column_structure=\u00a0\u00bb1_2,1_2&Prime; _builder_version=\u00a0\u00bb4.16&Prime; global_colors_info=\u00a0\u00bb{}\u00a0\u00bb][et_pb_column type=\u00a0\u00bb1_2&Prime; _builder_version=\u00a0\u00bb4.16&Prime; custom_padding=\u00a0\u00bb|||\u00a0\u00bb global_colors_info=\u00a0\u00bb{}\u00a0\u00bb custom_padding__hover=\u00a0\u00bb|||\u00a0\u00bb][et_pb_image src=\u00a0\u00bbhttps:\/\/rivegauche-magazine.ch\/wp-content\/uploads\/2021\/11\/CHEVEUX-BOUCLE\u0301S.jpg\u00a0\u00bb title_text=\u00a0\u00bbCHEVEUX-BOUCLE\u0301S\u00a0\u00bb align_tablet=\u00a0\u00bbcenter\u00a0\u00bb align_phone=\u00a0\u00bb\u00a0\u00bb align_last_edited=\u00a0\u00bbon|desktop\u00a0\u00bb _builder_version=\u00a0\u00bb4.16&Prime; global_colors_info=\u00a0\u00bb{}\u00a0\u00bb][\/et_pb_image][et_pb_text _builder_version=\u00a0\u00bb4.16&Prime; global_colors_info=\u00a0\u00bb{}\u00a0\u00bb]<\/p>\n<h3 style=\"text-align: left;\"><strong>Les cheveux <\/strong><span style=\"color: #ff0062;\"><strong>longs et boucl\u00e9s<br \/> <\/strong><\/span><\/h3>\n<p style=\"text-align: justify;\">Plus sauvage, plus naturelle, la chevelure s\u2019expose et bouge librement, sans aucune entrave. Mieux encore, les boucles s\u2019exposent et les ondulations accentuent le mouvement libre de la silhouette.<\/p>\n<p>[\/et_pb_text][\/et_pb_column][et_pb_column type=\u00a0\u00bb1_2&Prime; _builder_version=\u00a0\u00bb4.16&Prime; _module_preset=\u00a0\u00bbdefault\u00a0\u00bb global_colors_info=\u00a0\u00bb{}\u00a0\u00bb][et_pb_text _builder_version=\u00a0\u00bb4.16&Prime; global_colors_info=\u00a0\u00bb{}\u00a0\u00bb]<\/p>\n<h3 style=\"text-align: left;\"><strong>La frange longue <\/strong><span style=\"color: #ff0062;\"><strong>sous toutes ses formes<br \/> <\/strong><\/span><\/h3>\n<p style=\"text-align: justify;\">C\u2019\u00e9tait la grande tendance cheveux du printemps\/\u00e9t\u00e9 2021 et elle se poursuivra tout l\u2019hiver. La frange longue, qui tombe jusque sur les yeux, persiste. Tr\u00e8s raide ou boucl\u00e9e, elle se distingue et peut aussi se d\u00e9cliner en frange rideau, tr\u00e8s tendance actuellement. Si vous n\u2019avez jamais os\u00e9 jusqu\u2019\u00e0 pr\u00e9sent, c\u2019est le moment de franchir le pas et de couper la m\u00e8che.<\/p>\n<p>[\/et_pb_text][et_pb_text _builder_version=\u00a0\u00bb4.16&Prime; global_colors_info=\u00a0\u00bb{}\u00a0\u00bb]<\/p>\n<h3 style=\"text-align: left;\"><strong><span style=\"color: #ff0062;\">La queue de cheval <\/span><span style=\"color: #333333;\">XXL<\/span><\/strong><span style=\"color: #ff0062;\"><\/span><\/h3>\n<p style=\"text-align: justify;\">Les cheveux tr\u00e8s longs auront vent en poupe \u00e0 condition toutefois d\u2019opter pour une couette de taille. En hiver 2021, la tendance est en effet \u00e0 la queue de cheval \u00e9paisse XXL, tr\u00e8s haute ou basse, selon vos envies. Celles qui ont une coupe courte et qui r\u00eavent d\u2019arborer une longue et belle crini\u00e8re pourront de leur c\u00f4t\u00e9 opter pour des extensions de cheveux pour gagner en longueur et en volume.<\/p>\n<p>[\/et_pb_text][et_pb_text _builder_version=\u00a0\u00bb4.16&Prime; global_colors_info=\u00a0\u00bb{}\u00a0\u00bb]<\/p>\n<h3 style=\"text-align: left;\"><strong><span style=\"color: #ff0062;\"><span style=\"color: #333333;\">La coupe <\/span>Pixie<\/span><\/strong><\/h3>\n<p style=\"text-align: justify;\">Cette coupe \u00e0 la gar\u00e7onne, lanc\u00e9e par le mannequin Pixie Geldof, devient ultra tendance pour cette saison ! Il s\u2019agit de porter une base courte de cheveux \u00e0 l\u2019arri\u00e8re et une longue m\u00e8che d\u00e9grad\u00e9e sur le devant de la t\u00eate, que l\u2019on peut ramener derri\u00e8re l\u2019oreille. N\u2019h\u00e9sitez pas \u00e0 texturiser vos cheveux \u00e0 l\u2019aide d\u2019une cire pour cr\u00e9er un effet coiff\u00e9\/d\u00e9coiff\u00e9.<br \/> L\u2019avantage de cette coupe est qu\u2019elle peut se porter par toutes, peu importe la forme du visage !<\/p>\n<p>[\/et_pb_text][et_pb_image src=\u00a0\u00bbhttps:\/\/rivegauche-magazine.ch\/wp-content\/uploads\/2021\/11\/pixie.jpg\u00a0\u00bb title_text=\u00a0\u00bbpixie\u00a0\u00bb _builder_version=\u00a0\u00bb4.16&Prime; _module_preset=\u00a0\u00bbdefault\u00a0\u00bb global_colors_info=\u00a0\u00bb{}\u00a0\u00bb][\/et_pb_image][\/et_pb_column][\/et_pb_row][et_pb_row _builder_version=\u00a0\u00bb4.16&Prime; global_colors_info=\u00a0\u00bb{}\u00a0\u00bb][et_pb_column type=\u00a0\u00bb4_4&Prime; _builder_version=\u00a0\u00bb4.16&Prime; custom_padding=\u00a0\u00bb|||\u00a0\u00bb global_colors_info=\u00a0\u00bb{}\u00a0\u00bb custom_padding__hover=\u00a0\u00bb|||\u00a0\u00bb][et_pb_divider _builder_version=\u00a0\u00bb4.16&Prime; global_colors_info=\u00a0\u00bb{}\u00a0\u00bb][\/et_pb_divider][\/et_pb_column][\/et_pb_row][\/et_pb_section]<\/p>\n","protected":false},"excerpt":{"rendered":"<p>Les tendances coiffure de l&rsquo;hiver 2021 Les cheveux longs et boucl\u00e9s Plus sauvage, plus naturelle, la chevelure s\u2019expose et bouge librement, sans aucune entrave. Mieux encore, les boucles s\u2019exposent et les ondulations accentuent le mouvement libre de la silhouette.La frange longue sous toutes ses formes C\u2019\u00e9tait la grande tendance cheveux du printemps\/\u00e9t\u00e9 2021 et elle [&hellip;]<\/p>\n","protected":false},"author":2,"featured_media":0,"parent":1243,"menu_order":0,"comment_status":"closed","ping_status":"closed","template":"","meta":{"_et_pb_use_builder":"on","_et_pb_old_content":"","_et_gb_content_width":"","footnotes":""},"class_list":["post-8634","page","type-page","status-publish","hentry"],"_links":{"self":[{"href":"https:\/\/geneve-et-vous-magazine.ch\/index.php\/wp-json\/wp\/v2\/pages\/8634","targetHints":{"allow":["GET"]}}],"collection":[{"href":"https:\/\/geneve-et-vous-magazine.ch\/index.php\/wp-json\/wp\/v2\/pages"}],"about":[{"href":"https:\/\/geneve-et-vous-magazine.ch\/index.php\/wp-json\/wp\/v2\/types\/page"}],"author":[{"embeddable":true,"href":"https:\/\/geneve-et-vous-magazine.ch\/index.php\/wp-json\/wp\/v2\/users\/2"}],"replies":[{"embeddable":true,"href":"https:\/\/geneve-et-vous-magazine.ch\/index.php\/wp-json\/wp\/v2\/comments?post=8634"}],"version-history":[{"count":3,"href":"https:\/\/geneve-et-vous-magazine.ch\/index.php\/wp-json\/wp\/v2\/pages\/8634\/revisions"}],"predecessor-version":[{"id":11614,"href":"https:\/\/geneve-et-vous-magazine.ch\/index.php\/wp-json\/wp\/v2\/pages\/8634\/revisions\/11614"}],"up":[{"embeddable":true,"href":"https:\/\/geneve-et-vous-magazine.ch\/index.php\/wp-json\/wp\/v2\/pages\/1243"}],"wp:attachment":[{"href":"https:\/\/geneve-et-vous-magazine.ch\/index.php\/wp-json\/wp\/v2\/media?parent=8634"}],"curies":[{"name":"wp","href":"https:\/\/api.w.org\/{rel}","templated":true}]}}