{"id":8174,"date":"2021-06-28T16:00:53","date_gmt":"2021-06-28T14:00:53","guid":{"rendered":"https:\/\/rivegauche-magazine.ch\/?page_id=8174"},"modified":"2021-06-28T16:01:20","modified_gmt":"2021-06-28T14:01:20","slug":"instant-sante-toujours-fatigue","status":"publish","type":"page","link":"https:\/\/geneve-et-vous-magazine.ch\/index.php\/medical-2\/instant-sante-toujours-fatigue\/","title":{"rendered":"Instant Sant\u00e9 &#8211; Toujours Fatigu\u00e9"},"content":{"rendered":"<p>[et_pb_section fb_built=\u00a0\u00bb1&Prime; admin_label=\u00a0\u00bbArticles 1 colonne\u00a0\u00bb _builder_version=\u00a0\u00bb3.22.7&Prime; custom_margin=\u00a0\u00bb||\u00a0\u00bb custom_padding=\u00a0\u00bb0px|||||\u00a0\u00bb][et_pb_row _builder_version=\u00a0\u00bb4.8.1&Prime; _module_preset=\u00a0\u00bbdefault\u00a0\u00bb][et_pb_column type=\u00a0\u00bb4_4&Prime; _builder_version=\u00a0\u00bb4.8.1&Prime; _module_preset=\u00a0\u00bbdefault\u00a0\u00bb][\/et_pb_column][\/et_pb_row][et_pb_row _builder_version=\u00a0\u00bb3.25&Prime;][et_pb_column type=\u00a0\u00bb4_4&Prime; _builder_version=\u00a0\u00bb3.25&Prime; custom_padding=\u00a0\u00bb|||\u00a0\u00bb custom_padding__hover=\u00a0\u00bb|||\u00a0\u00bb][et_pb_text admin_label=\u00a0\u00bbTITRE\u00a0\u00bb _builder_version=\u00a0\u00bb4.8.1&Prime; header_font=\u00a0\u00bb|||||on|||\u00a0\u00bb header_text_align=\u00a0\u00bbleft\u00a0\u00bb header_text_color=\u00a0\u00bb#000000&Prime; header_font_size=\u00a0\u00bb48px\u00a0\u00bb custom_margin=\u00a0\u00bb|||\u00a0\u00bb header_font_size_tablet=\u00a0\u00bb36px\u00a0\u00bb header_font_size_phone=\u00a0\u00bb24px\u00a0\u00bb header_font_size_last_edited=\u00a0\u00bbon|tablet\u00a0\u00bb]<\/p>\n<h1 style=\"text-align: center;\"><span style=\"color: #339966;\"><span style=\"color: #cc99ff;\">Toujours fatigu\u00e9-e ? Quelques solutions<\/span><br \/><\/span><\/h1>\n<p>[\/et_pb_text][\/et_pb_column][\/et_pb_row][et_pb_row column_structure=\u00a0\u00bb1_2,1_2&Prime; _builder_version=\u00a0\u00bb3.25&Prime;][et_pb_column type=\u00a0\u00bb1_2&Prime; _builder_version=\u00a0\u00bb3.25&Prime; custom_padding=\u00a0\u00bb|||\u00a0\u00bb custom_padding__hover=\u00a0\u00bb|||\u00a0\u00bb][et_pb_text _builder_version=\u00a0\u00bb4.8.1&Prime;]<\/p>\n<p style=\"text-align: justify;\"><span style=\"color: #cc99ff;\"><strong>L\u2019asth\u00e9nie, commun\u00e9ment appel\u00e9e fatigue, est devenue un sympt\u00f4me fr\u00e9quent dans notre quotidien. Elle peut \u00eatre passag\u00e8re et r\u00e9actionnelle (apr\u00e8s un surmenage, lors d\u2019une infection br\u00e8ve&#8230;) ou durable, en lien avec une maladie chronique ou une souffrance psychique. Elle devient anormale lorsqu\u2019elle perdure malgr\u00e9 le sommeil et le repos. De nombreux facteurs et maladies peuvent \u00eatre la cause d\u2019asth\u00e9nie : il y a en premier lieu le manque de sommeil ou la mauvaise qualit\u00e9 du sommeil notamment due, par exemple, aux apn\u00e9es, aux ronflements, \u00e0 l\u2019insomnie, aux cauchemars, etc., mais aussi aux troubles hormonaux tels que les troubles de la thyro\u00efde.<\/strong><\/span><\/p>\n<p>[\/et_pb_text][et_pb_image src=\u00a0\u00bbhttps:\/\/rivegauche-magazine.ch\/wp-content\/uploads\/2021\/06\/2C_Sante\u03012.jpg\u00a0\u00bb title_text=\u00a0\u00bb2C_Sante\u03012&Prime; align_tablet=\u00a0\u00bbcenter\u00a0\u00bb align_phone=\u00a0\u00bb\u00a0\u00bb align_last_edited=\u00a0\u00bbon|desktop\u00a0\u00bb _builder_version=\u00a0\u00bb4.8.1&Prime;][\/et_pb_image][\/et_pb_column][et_pb_column type=\u00a0\u00bb1_2&Prime; _builder_version=\u00a0\u00bb3.25&Prime; custom_padding=\u00a0\u00bb|||\u00a0\u00bb custom_padding__hover=\u00a0\u00bb|||\u00a0\u00bb][et_pb_text admin_label=\u00a0\u00bbTexte\u00a0\u00bb _builder_version=\u00a0\u00bb4.8.1&Prime; header_font=\u00a0\u00bb|||||on|||\u00a0\u00bb header_text_align=\u00a0\u00bbleft\u00a0\u00bb header_text_color=\u00a0\u00bb#000000&Prime; header_font_size=\u00a0\u00bb48px\u00a0\u00bb custom_margin=\u00a0\u00bb|||\u00a0\u00bb header_font_size_tablet=\u00a0\u00bb36px\u00a0\u00bb header_font_size_phone=\u00a0\u00bb24px\u00a0\u00bb header_font_size_last_edited=\u00a0\u00bbon|tablet\u00a0\u00bb]<\/p>\n<h3 style=\"text-align: justify;\"><span style=\"color: #339966;\"><span style=\"color: #cc99ff;\"><strong>Les signes et les sympt\u00f4mes de la fatigue<br \/>peuvent varier et comprennent :<\/strong><\/span><br \/><\/span><\/h3>\n<ul style=\"text-align: justify;\">\n<li style=\"text-align: justify;\">\u00c9puisement<\/li>\n<li style=\"text-align: justify;\">Lassitude<\/li>\n<li style=\"text-align: justify;\">Somnolence, notamment s\u2019endormir contre sa volont\u00e9 (\u00ab micro-siestes \u00bb)<\/li>\n<li style=\"text-align: justify;\">Irritabilit\u00e9<\/li>\n<li style=\"text-align: justify;\">Baisse de la vigilance, de la concentration et de la m\u00e9moire<\/li>\n<li style=\"text-align: justify;\">Capacit\u00e9 r\u00e9duite d\u2019\u00eatre productif<\/li>\n<li style=\"text-align: justify;\">Fatigue mentale<\/li>\n<li style=\"text-align: justify;\">Fatigue physique<\/li>\n<\/ul>\n<h3 style=\"text-align: justify;\"><span style=\"color: #cc99ff;\"><strong><br \/>Comment soigner la fatigue g\u00e9n\u00e9rale ?<\/strong><\/span><\/h3>\n<p style=\"text-align: justify;\">Surveillez votre assiette. Une alimentation \u00e9quilibr\u00e9e est un tr\u00e8s bon moyen pour aider \u00e0 \u00e9loigner la fatigue. Consommez des produits de saison et pensez :<\/p>\n<ul>\n<li style=\"text-align: justify;\">Aux agrumes et aux kiwis, sources de vitamine C par excellence.<\/li>\n<li style=\"text-align: justify;\">Aux poissons gras, riches en vitamine D, la \u00ab vitamine du soleil \u00bb, les poissons gras combleront le manque d\u2019exposition au soleil.<\/li>\n<li style=\"text-align: justify;\">Aux l\u00e9gumes verts \u00e0 feuilles, excellente source de vitamine B9 (acide folique)<\/li>\n<li style=\"text-align: justify;\">Aux fruits de mer, tr\u00e8s riches en sels min\u00e9raux et en fer.<\/li>\n<li style=\"text-align: justify;\">Au chocolat et aux fruits secs, pour le magn\u00e9sium. Privil\u00e9giez le chocolat noir \u00e0 forte teneur en cacao.<\/li>\n<li style=\"text-align: justify;\">\u00c0 la spiruline, excellent anti-fatigue, aidant l\u2019organisme \u00e0 reconstituer les r\u00e9serves en min\u00e9raux.<\/li>\n<li style=\"text-align: justify;\">Au ginseng, reconnu pour ses propri\u00e9t\u00e9s anti-inflammatoires particuli\u00e8rement recommand\u00e9 pour les personnes affaiblies ou en convalescence, gr\u00e2ce \u00e0 son action de renforcement du syst\u00e8me immunitaire.<\/li>\n<\/ul>\n<p>[\/et_pb_text][\/et_pb_column][\/et_pb_row][\/et_pb_section][et_pb_section fb_built=\u00a0\u00bb1&Prime; disabled_on=\u00a0\u00bboff|off|off\u00a0\u00bb admin_label=\u00a0\u00bbAgenda\u00a0\u00bb _builder_version=\u00a0\u00bb3.22.7&Prime; custom_margin=\u00a0\u00bb||\u00a0\u00bb custom_padding=\u00a0\u00bb0px|||||\u00a0\u00bb][et_pb_row _builder_version=\u00a0\u00bb3.25&Prime;][et_pb_column type=\u00a0\u00bb4_4&Prime; _builder_version=\u00a0\u00bb3.25&Prime; custom_padding=\u00a0\u00bb|||\u00a0\u00bb custom_padding__hover=\u00a0\u00bb|||\u00a0\u00bb][et_pb_divider _builder_version=\u00a0\u00bb4.8.1&Prime; _module_preset=\u00a0\u00bbdefault\u00a0\u00bb][\/et_pb_divider][\/et_pb_column][\/et_pb_row][\/et_pb_section]<\/p>\n","protected":false},"excerpt":{"rendered":"<p>Toujours fatigu\u00e9-e ? Quelques solutionsL\u2019asth\u00e9nie, commun\u00e9ment appel\u00e9e fatigue, est devenue un sympt\u00f4me fr\u00e9quent dans notre quotidien. Elle peut \u00eatre passag\u00e8re et r\u00e9actionnelle (apr\u00e8s un surmenage, lors d\u2019une infection br\u00e8ve&#8230;) ou durable, en lien avec une maladie chronique ou une souffrance psychique. Elle devient anormale lorsqu\u2019elle perdure malgr\u00e9 le sommeil et le repos. De nombreux facteurs [&hellip;]<\/p>\n","protected":false},"author":2,"featured_media":0,"parent":1368,"menu_order":0,"comment_status":"closed","ping_status":"closed","template":"","meta":{"_et_pb_use_builder":"on","_et_pb_old_content":"","_et_gb_content_width":"","footnotes":""},"class_list":["post-8174","page","type-page","status-publish","hentry"],"_links":{"self":[{"href":"https:\/\/geneve-et-vous-magazine.ch\/index.php\/wp-json\/wp\/v2\/pages\/8174","targetHints":{"allow":["GET"]}}],"collection":[{"href":"https:\/\/geneve-et-vous-magazine.ch\/index.php\/wp-json\/wp\/v2\/pages"}],"about":[{"href":"https:\/\/geneve-et-vous-magazine.ch\/index.php\/wp-json\/wp\/v2\/types\/page"}],"author":[{"embeddable":true,"href":"https:\/\/geneve-et-vous-magazine.ch\/index.php\/wp-json\/wp\/v2\/users\/2"}],"replies":[{"embeddable":true,"href":"https:\/\/geneve-et-vous-magazine.ch\/index.php\/wp-json\/wp\/v2\/comments?post=8174"}],"version-history":[{"count":9,"href":"https:\/\/geneve-et-vous-magazine.ch\/index.php\/wp-json\/wp\/v2\/pages\/8174\/revisions"}],"predecessor-version":[{"id":8194,"href":"https:\/\/geneve-et-vous-magazine.ch\/index.php\/wp-json\/wp\/v2\/pages\/8174\/revisions\/8194"}],"up":[{"embeddable":true,"href":"https:\/\/geneve-et-vous-magazine.ch\/index.php\/wp-json\/wp\/v2\/pages\/1368"}],"wp:attachment":[{"href":"https:\/\/geneve-et-vous-magazine.ch\/index.php\/wp-json\/wp\/v2\/media?parent=8174"}],"curies":[{"name":"wp","href":"https:\/\/api.w.org\/{rel}","templated":true}]}}