{"id":7606,"date":"2021-06-14T15:23:22","date_gmt":"2021-06-14T13:23:22","guid":{"rendered":"https:\/\/rivegauche-magazine.ch\/?page_id=7606"},"modified":"2021-06-14T15:23:25","modified_gmt":"2021-06-14T13:23:25","slug":"parc-aventure-geneve","status":"publish","type":"page","link":"https:\/\/geneve-et-vous-magazine.ch\/index.php\/loisirs\/parc-aventure-geneve\/","title":{"rendered":"PARC AVENTURE GENEVE"},"content":{"rendered":"<p>[et_pb_section fb_built=\u00a0\u00bb1&Prime; _builder_version=\u00a0\u00bb3.22.7&Prime;][et_pb_row _builder_version=\u00a0\u00bb3.25&Prime;][et_pb_column type=\u00a0\u00bb4_4&Prime; _builder_version=\u00a0\u00bb3.25&Prime; custom_padding=\u00a0\u00bb|||\u00a0\u00bb custom_padding__hover=\u00a0\u00bb|||\u00a0\u00bb][\/et_pb_column][\/et_pb_row][\/et_pb_section][et_pb_section fb_built=\u00a0\u00bb1&Prime; admin_label=\u00a0\u00bbArticles 1 colonne\u00a0\u00bb _builder_version=\u00a0\u00bb3.22.7&Prime; custom_margin=\u00a0\u00bb||\u00a0\u00bb custom_padding=\u00a0\u00bb0px|||||\u00a0\u00bb][et_pb_row column_structure=\u00a0\u00bb1_2,1_2&Prime; admin_label=\u00a0\u00bbTitre Agenda\u00a0\u00bb _builder_version=\u00a0\u00bb3.25&Prime; custom_margin=\u00a0\u00bb||\u00a0\u00bb custom_padding=\u00a0\u00bb0px||0px|||\u00a0\u00bb][et_pb_column type=\u00a0\u00bb1_2&Prime; _builder_version=\u00a0\u00bb3.25&Prime; custom_padding=\u00a0\u00bb0px|||\u00a0\u00bb custom_padding__hover=\u00a0\u00bb|||\u00a0\u00bb][et_pb_image src=\u00a0\u00bbhttps:\/\/rivegauche-magazine.ch\/wp-content\/uploads\/2021\/06\/PARC-AVENTURE-2C.png\u00a0\u00bb title_text=\u00a0\u00bbPARC AVENTURE 2C\u00a0\u00bb align_tablet=\u00a0\u00bbcenter\u00a0\u00bb align_phone=\u00a0\u00bb\u00a0\u00bb align_last_edited=\u00a0\u00bbon|desktop\u00a0\u00bb _builder_version=\u00a0\u00bb4.8.1&Prime; hover_enabled=\u00a0\u00bb0&Prime; sticky_enabled=\u00a0\u00bb0&Prime;][\/et_pb_image][\/et_pb_column][et_pb_column type=\u00a0\u00bb1_2&Prime; _builder_version=\u00a0\u00bb3.25&Prime; custom_padding=\u00a0\u00bb|||\u00a0\u00bb custom_padding__hover=\u00a0\u00bb|||\u00a0\u00bb][et_pb_text admin_label=\u00a0\u00bbNOM CLIENT\u00a0\u00bb _builder_version=\u00a0\u00bb4.8.1&Prime; header_font=\u00a0\u00bb|||||on|||\u00a0\u00bb header_text_align=\u00a0\u00bbleft\u00a0\u00bb header_text_color=\u00a0\u00bb#000000&Prime; header_font_size=\u00a0\u00bb48px\u00a0\u00bb custom_margin=\u00a0\u00bb|||\u00a0\u00bb hover_enabled=\u00a0\u00bb0&Prime; header_font_size_tablet=\u00a0\u00bb36px\u00a0\u00bb header_font_size_phone=\u00a0\u00bb24px\u00a0\u00bb header_font_size_last_edited=\u00a0\u00bbon|tablet\u00a0\u00bb sticky_enabled=\u00a0\u00bb0&Prime;]<\/p>\n<h1 style=\"text-align: left;\">PARC AVENTURE GEN\u00c8VE<\/h1>\n<h2 style=\"text-align: left;\">Une activit\u00e9 d&rsquo;ext\u00e9rieur pour toute la famille !<\/h2>\n<p>[\/et_pb_text][et_pb_text admin_label=\u00a0\u00bbDESCRIPTION\u00a0\u00bb _builder_version=\u00a0\u00bb4.8.1&Prime; hover_enabled=\u00a0\u00bb0&Prime; sticky_enabled=\u00a0\u00bb0&Prime;]<\/p>\n<div class=\"et_pb_promo_description\" style=\"text-align: justify;\"><strong>ACCROBRANCHE DE 3 \u00c0 80 ANS !<\/strong><\/div>\n<div>\u00a0<\/div>\n<div class=\"et_pb_promo_description\" style=\"text-align: justify;\">\n<p>Notre parc accrobranche vous accueille d\u00e8s 3 ans sur les 3 parcours mini r\u00e9serv\u00e9s aux plus jeunes et d\u00e8s 7 ans sur les 8 parcours a\u00e9riens.<br \/>Le premier accrobranche de Gen\u00e8ve vous permettra de d\u00e9couvrir ce concept de loisirs en for\u00eat destin\u00e9 \u00e0 tous les aventuriers. En toute s\u00e9curit\u00e9 dans votre baudrier, accroch\u00e9 de mani\u00e8re permanente, vous \u00e9voluez dans les arbres sur les 8 parcours propos\u00e9s. Des sensations intenses, des exploits sportifs et des mont\u00e9es d&rsquo;adr\u00e9naline vous attendent au d\u00e9tour des plates-formes, ponts de singes, tyroliennes g\u00e9antes et autres jeux originaux.<br \/>Au c\u0153ur de la ville, ce Parcours Aventure vous attend ; pratiquez une activit\u00e9 qui pla\u00eet tant aux adultes qu&rsquo;aux enfants dans un espace forestier de charme. N&rsquo;attendez plus, lancez-vous dans une aventure dont vous vous souviendrez pendant longtemps !<\/p>\n<\/div>\n<p>[\/et_pb_text][et_pb_button button_url=\u00a0\u00bbhttps:\/\/www.parcaventuregeneve.com\/\u00a0\u00bb button_text=\u00a0\u00bbSITE INTERNET\u00a0\u00bb _builder_version=\u00a0\u00bb4.8.1&Prime; _module_preset=\u00a0\u00bbdefault\u00a0\u00bb hover_enabled=\u00a0\u00bb0&Prime; sticky_enabled=\u00a0\u00bb0&Prime;][\/et_pb_button][et_pb_text admin_label=\u00a0\u00bbCONTACT\u00a0\u00bb _builder_version=\u00a0\u00bb4.8.1&Prime; hover_enabled=\u00a0\u00bb0&Prime; sticky_enabled=\u00a0\u00bb0&Prime;]<\/p>\n<p>Chemin Fran\u00e7ois-Chavaz 110 &#8211; 1213 Onex<br \/>T\u00e9l. 022 820 10 10 &#8211; <a title=\"office@parcaventuregeneve.com\" href=\"mailto:office@parcaventuregeneve.com\">office@parcaventuregeneve.com<\/a><\/p>\n<p>[\/et_pb_text][\/et_pb_column][\/et_pb_row][\/et_pb_section][et_pb_section fb_built=\u00a0\u00bb1&Prime; disabled_on=\u00a0\u00bboff|off|off\u00a0\u00bb admin_label=\u00a0\u00bbAgenda\u00a0\u00bb _builder_version=\u00a0\u00bb3.22.7&Prime; custom_margin=\u00a0\u00bb||\u00a0\u00bb custom_padding=\u00a0\u00bb0px|||||\u00a0\u00bb][et_pb_row _builder_version=\u00a0\u00bb3.25&Prime;][et_pb_column type=\u00a0\u00bb4_4&Prime; _builder_version=\u00a0\u00bb3.25&Prime; custom_padding=\u00a0\u00bb|||\u00a0\u00bb custom_padding__hover=\u00a0\u00bb|||\u00a0\u00bb][et_pb_divider _builder_version=\u00a0\u00bb4.8.1&Prime; _module_preset=\u00a0\u00bbdefault\u00a0\u00bb][\/et_pb_divider][\/et_pb_column][\/et_pb_row][\/et_pb_section]<\/p>\n","protected":false},"excerpt":{"rendered":"<p>PARC AVENTURE GEN\u00c8VE Une activit\u00e9 d&rsquo;ext\u00e9rieur pour toute la famille ! ACCROBRANCHE DE 3 \u00c0 80 ANS ! \u00a0 Notre parc accrobranche vous accueille d\u00e8s 3 ans sur les 3 parcours mini r\u00e9serv\u00e9s aux plus jeunes et d\u00e8s 7 ans sur les 8 parcours a\u00e9riens.Le premier accrobranche de Gen\u00e8ve vous permettra de d\u00e9couvrir ce concept [&hellip;]<\/p>\n","protected":false},"author":2,"featured_media":0,"parent":7474,"menu_order":0,"comment_status":"closed","ping_status":"closed","template":"","meta":{"_et_pb_use_builder":"on","_et_pb_old_content":"","_et_gb_content_width":"","footnotes":""},"class_list":["post-7606","page","type-page","status-publish","hentry"],"_links":{"self":[{"href":"https:\/\/geneve-et-vous-magazine.ch\/index.php\/wp-json\/wp\/v2\/pages\/7606","targetHints":{"allow":["GET"]}}],"collection":[{"href":"https:\/\/geneve-et-vous-magazine.ch\/index.php\/wp-json\/wp\/v2\/pages"}],"about":[{"href":"https:\/\/geneve-et-vous-magazine.ch\/index.php\/wp-json\/wp\/v2\/types\/page"}],"author":[{"embeddable":true,"href":"https:\/\/geneve-et-vous-magazine.ch\/index.php\/wp-json\/wp\/v2\/users\/2"}],"replies":[{"embeddable":true,"href":"https:\/\/geneve-et-vous-magazine.ch\/index.php\/wp-json\/wp\/v2\/comments?post=7606"}],"version-history":[{"count":4,"href":"https:\/\/geneve-et-vous-magazine.ch\/index.php\/wp-json\/wp\/v2\/pages\/7606\/revisions"}],"predecessor-version":[{"id":7616,"href":"https:\/\/geneve-et-vous-magazine.ch\/index.php\/wp-json\/wp\/v2\/pages\/7606\/revisions\/7616"}],"up":[{"embeddable":true,"href":"https:\/\/geneve-et-vous-magazine.ch\/index.php\/wp-json\/wp\/v2\/pages\/7474"}],"wp:attachment":[{"href":"https:\/\/geneve-et-vous-magazine.ch\/index.php\/wp-json\/wp\/v2\/media?parent=7606"}],"curies":[{"name":"wp","href":"https:\/\/api.w.org\/{rel}","templated":true}]}}