{"id":6457,"date":"2021-04-19T16:44:20","date_gmt":"2021-04-19T14:44:20","guid":{"rendered":"https:\/\/rivegauche-magazine.ch\/?page_id=6457"},"modified":"2021-04-19T16:44:25","modified_gmt":"2021-04-19T14:44:25","slug":"des-traitements-phyto","status":"publish","type":"page","link":"https:\/\/geneve-et-vous-magazine.ch\/index.php\/nature-conseils\/des-traitements-phyto\/","title":{"rendered":"Des traitements phyto"},"content":{"rendered":"<p>[et_pb_section fb_built=\u00a0\u00bb1&Prime; _builder_version=\u00a0\u00bb3.22.7&Prime;][et_pb_row _builder_version=\u00a0\u00bb3.25&Prime;][et_pb_column type=\u00a0\u00bb4_4&Prime; _builder_version=\u00a0\u00bb3.25&Prime; custom_padding=\u00a0\u00bb|||\u00a0\u00bb custom_padding__hover=\u00a0\u00bb|||\u00a0\u00bb][et_pb_text admin_label=\u00a0\u00bbTITRE\u00a0\u00bb _builder_version=\u00a0\u00bb4.8.1&Prime; header_font=\u00a0\u00bb|||||on|||\u00a0\u00bb header_text_align=\u00a0\u00bbleft\u00a0\u00bb header_text_color=\u00a0\u00bb#000000&Prime; header_font_size=\u00a0\u00bb48px\u00a0\u00bb custom_margin=\u00a0\u00bb|||\u00a0\u00bb hover_enabled=\u00a0\u00bb0&Prime; header_font_size_tablet=\u00a0\u00bb36px\u00a0\u00bb header_font_size_phone=\u00a0\u00bb24px\u00a0\u00bb header_font_size_last_edited=\u00a0\u00bbon|tablet\u00a0\u00bb sticky_enabled=\u00a0\u00bb0&Prime;]<\/p>\n<h1 style=\"text-align: center;\"><span style=\"color: #99cc00;\">Des traitements phyto \u00e0 la lutte bio dans nos jardins<\/span><span style=\"color: #f68b48;\"><br \/><\/span><\/h1>\n<p>[\/et_pb_text][et_pb_text admin_label=\u00a0\u00bbINTRO\u00a0\u00bb _builder_version=\u00a0\u00bb4.8.1&Prime; hover_enabled=\u00a0\u00bb0&Prime; sticky_enabled=\u00a0\u00bb0&Prime;]<\/p>\n<h4 style=\"text-align: justify;\"><span style=\"color: #008000;\"><strong>La lutte contre les parasites des plantes dans nos jardins est devenue incontournable. Petit \u00e0 petit les produits respectueux de l\u2019environnement remplacent les produits chimiques, mais ce n\u2019est pas forc\u00e9ment une panac\u00e9e\u00a0; certains produits phytosanitaires m\u00eame biologiques sont destructeurs non seulement du parasite vis\u00e9 mais aussi de la faune environnante dont les insectes \u00ab\u00a0auxiliaires\u00a0\u00bb, profitable au jardin. Nous vous proposons alors la lutte biologique.<\/strong><\/span><\/h4>\n<p>[\/et_pb_text][et_pb_text admin_label=\u00a0\u00bbs\u00e9parateur\u00a0\u00bb _builder_version=\u00a0\u00bb4.8.1&Prime; hover_enabled=\u00a0\u00bb0&Prime; sticky_enabled=\u00a0\u00bb0&Prime;]<\/p>\n<hr \/>\n<p>&nbsp;<\/p>\n<p>[\/et_pb_text][\/et_pb_column][\/et_pb_row][\/et_pb_section][et_pb_section fb_built=\u00a0\u00bb1&Prime; admin_label=\u00a0\u00bbArticles 1 colonne\u00a0\u00bb _builder_version=\u00a0\u00bb3.22.7&Prime; custom_margin=\u00a0\u00bb||\u00a0\u00bb custom_padding=\u00a0\u00bb0px|||||\u00a0\u00bb][et_pb_row column_structure=\u00a0\u00bb1_3,1_3,1_3&Prime; admin_label=\u00a0\u00bbTitre Agenda\u00a0\u00bb _builder_version=\u00a0\u00bb3.25&Prime; custom_margin=\u00a0\u00bb||\u00a0\u00bb custom_padding=\u00a0\u00bb0px||0px|||\u00a0\u00bb][et_pb_column type=\u00a0\u00bb1_3&Prime; _builder_version=\u00a0\u00bb3.25&Prime; custom_padding=\u00a0\u00bb0px|||\u00a0\u00bb custom_padding__hover=\u00a0\u00bb|||\u00a0\u00bb][et_pb_text admin_label=\u00a0\u00bbSOUS-TITRE\u00a0\u00bb _builder_version=\u00a0\u00bb4.8.1&Prime; hover_enabled=\u00a0\u00bb0&Prime; sticky_enabled=\u00a0\u00bb0&Prime;]<\/p>\n<h3 style=\"text-align: justify;\"><span style=\"color: #99cc00;\"><strong><span style=\"color: #008000;\">Le ravageur<\/span><\/strong> <\/span>pas si inutile&#8230;<span style=\"color: #99cc00;\"><br \/><\/span><\/h3>\n<p style=\"text-align: justify;\">Notre jardin est un \u00e9cosyst\u00e8me \u00e0 lui seul et chaque esp\u00e8ce a son utilit\u00e9. Un exemple qui nous parle \u00e0 tous\u00a0; la coccinelle si fr\u00e9quente il y a encore quelques d\u00e9cennies.<br \/>La coccinelle se nourrit de pucerons abhorr\u00e9s. Les pucerons erradiqu\u00e9s par les traitements, les coccinelles disparaissent\u2026 Et ce cas se reproduit pour tous les \u00ab\u00a0ind\u00e9sirables\u00a0\u00bb du jardin. La cons\u00e9quence en est un appauvrissement de notre \u00e9co-syst\u00e8me. Apprenons \u00e0 les tol\u00e9rer.<\/p>\n<p>[\/et_pb_text][et_pb_image src=\u00a0\u00bbhttps:\/\/rivegauche-magazine.ch\/wp-content\/uploads\/2021\/04\/3C_JARDIN.jpg\u00a0\u00bb title_text=\u00a0\u00bb3C_JARDIN\u00a0\u00bb align_tablet=\u00a0\u00bbcenter\u00a0\u00bb align_phone=\u00a0\u00bb\u00a0\u00bb align_last_edited=\u00a0\u00bbon|desktop\u00a0\u00bb _builder_version=\u00a0\u00bb4.8.1&Prime; hover_enabled=\u00a0\u00bb0&Prime; sticky_enabled=\u00a0\u00bb0&Prime;][\/et_pb_image][\/et_pb_column][et_pb_column type=\u00a0\u00bb1_3&Prime; _builder_version=\u00a0\u00bb3.25&Prime; custom_padding=\u00a0\u00bb|||\u00a0\u00bb custom_padding__hover=\u00a0\u00bb|||\u00a0\u00bb][et_pb_text admin_label=\u00a0\u00bbSOUS-TITRE\u00a0\u00bb _builder_version=\u00a0\u00bb4.8.1&Prime; hover_enabled=\u00a0\u00bb0&Prime; sticky_enabled=\u00a0\u00bb0&Prime;]<\/p>\n<h3 style=\"text-align: justify;\"><span style=\"color: #008000;\"><strong>Un jardin<\/strong><\/span> un peu sauvage&#8230;<span style=\"color: #99cc00;\"><br \/><\/span><\/h3>\n<p style=\"text-align: justify;\">Laissons des petits coins sauvages, un pr\u00e9 non fauch\u00e9 dans la pelouse, 2 &#8211; 3 m2 ont d\u00e9j\u00e0 leur utilit\u00e9, un tas de pierres \u00e0 c\u00f4t\u00e9 du potager, un petit tas de bois ou un fagot de d\u00e9chets de taille cach\u00e9 derri\u00e8re un arbuste dense seront autant de refuges hivernaux ou de lieux de ponte pour nos amis auxiliaires.<\/p>\n<p>[\/et_pb_text][et_pb_text admin_label=\u00a0\u00bbSOUS-TITRE\u00a0\u00bb _builder_version=\u00a0\u00bb4.8.1&Prime; hover_enabled=\u00a0\u00bb0&Prime; sticky_enabled=\u00a0\u00bb0&Prime;]<\/p>\n<h3 style=\"text-align: justify;\"><strong><span style=\"color: #008000;\">Nettoyage<\/span><\/strong> de printemps&#8230;<span style=\"color: #99cc00;\"><br \/><\/span><\/h3>\n<p style=\"text-align: justify;\">Afin d\u2019aider la faune de notre jardin, pr\u00e9f\u00e9rons le nettoyage de printemps \u00e0 celui d\u2019automne. Les tas de feuilles serviront de refuge pour les h\u00e9rissons, de nombreuses abeilles et gu\u00eapes sauvages passeront l\u2019hiver dans des tiges creuses d\u2019adventices. Quelques fruits pourrissants abandonn\u00e9s au pied d\u2019une haie feront un garde-manger pour les demoiselles aux yeux d\u2019or (les chrysopes). De m\u00eame un lierre taill\u00e9 au printemps laissera aux butineurs une r\u00e9serve tardive de pollen et un abri pour le troglodyte, la grive ou d\u2019autres petits oiseaux.<\/p>\n<p>[\/et_pb_text][\/et_pb_column][et_pb_column type=\u00a0\u00bb1_3&Prime; _builder_version=\u00a0\u00bb3.25&Prime; custom_padding=\u00a0\u00bb|||\u00a0\u00bb custom_padding__hover=\u00a0\u00bb|||\u00a0\u00bb][et_pb_image src=\u00a0\u00bbhttps:\/\/rivegauche-magazine.ch\/wp-content\/uploads\/2021\/04\/3C2_JARDIN.jpg\u00a0\u00bb align_tablet=\u00a0\u00bbcenter\u00a0\u00bb align_phone=\u00a0\u00bb\u00a0\u00bb align_last_edited=\u00a0\u00bbon|desktop\u00a0\u00bb _builder_version=\u00a0\u00bb4.8.1&Prime; hover_enabled=\u00a0\u00bb0&Prime; title_text=\u00a0\u00bb3C2_JARDIN\u00a0\u00bb sticky_enabled=\u00a0\u00bb0&Prime;][\/et_pb_image][et_pb_text admin_label=\u00a0\u00bbSOUS-TITRE\u00a0\u00bb _builder_version=\u00a0\u00bb4.8.1&Prime; hover_enabled=\u00a0\u00bb0&Prime; sticky_enabled=\u00a0\u00bb0&Prime;]<\/p>\n<h3 style=\"text-align: justify;\"><span style=\"color: #008000;\"><strong>Des plantes<\/strong><\/span> relais&#8230;<span style=\"color: #99cc00;\"><br \/><\/span><\/h3>\n<p style=\"text-align: justify;\">Certaines plantes ont des ravageurs qui leurs sont inf\u00e9od\u00e9s. Elles permettent de conserver une population de d\u00e9pr\u00e9dateurs comme subsistance pour les auxiliaires, sans prendre le risque qu\u2019ils ne se d\u00e9placent vers d\u2019autres plantes. Ils en existe pl\u00e9thore, cantonnons-nous \u00e0 ne citer que le h\u00eatre ou le sureau.<\/p>\n<p>[\/et_pb_text][\/et_pb_column][\/et_pb_row][et_pb_row _builder_version=\u00a0\u00bb3.25&Prime;][et_pb_column type=\u00a0\u00bb4_4&Prime; _builder_version=\u00a0\u00bb3.25&Prime; custom_padding=\u00a0\u00bb|||\u00a0\u00bb custom_padding__hover=\u00a0\u00bb|||\u00a0\u00bb][\/et_pb_column][\/et_pb_row][et_pb_row admin_label=\u00a0\u00bbTitre Agenda\u00a0\u00bb _builder_version=\u00a0\u00bb3.25&Prime; custom_margin=\u00a0\u00bb||\u00a0\u00bb custom_padding=\u00a0\u00bb0px||0px|||\u00a0\u00bb][et_pb_column type=\u00a0\u00bb4_4&Prime; _builder_version=\u00a0\u00bb3.25&Prime; custom_padding=\u00a0\u00bb0px|||\u00a0\u00bb custom_padding__hover=\u00a0\u00bb|||\u00a0\u00bb][et_pb_text admin_label=\u00a0\u00bbSOUS-TITRE\u00a0\u00bb _builder_version=\u00a0\u00bb4.8.1&Prime; hover_enabled=\u00a0\u00bb0&Prime; sticky_enabled=\u00a0\u00bb0&Prime;]<\/p>\n<h3 style=\"text-align: justify;\"><span style=\"color: #99cc00;\"><strong><span style=\"color: #008000;\">Mais<\/span><\/strong> <\/span>encore&#8230;<span style=\"color: #99cc00;\"><br \/><\/span><\/h3>\n<p style=\"text-align: justify;\">Le fait de conserver un maximum de biodiversit\u00e9 v\u00e9g\u00e9tale, limiter le travail du sol au strict minimum ou composter ses d\u00e9chets participent substantiellement \u00e0 la biodiversit\u00e9 faunistique de notre jardin et permet une r\u00e9gulation des ravageurs par leurs pr\u00e9dateurs naturels, sans apport de produits phytosanitaires dans notre petit bout de plan\u00e8te.<\/p>\n<p>[\/et_pb_text][\/et_pb_column][\/et_pb_row][et_pb_row _builder_version=\u00a0\u00bb3.25&Prime;][et_pb_column type=\u00a0\u00bb4_4&Prime; _builder_version=\u00a0\u00bb3.25&Prime; custom_padding=\u00a0\u00bb|||\u00a0\u00bb custom_padding__hover=\u00a0\u00bb|||\u00a0\u00bb][et_pb_divider _builder_version=\u00a0\u00bb3.22.7&Prime;][\/et_pb_divider][\/et_pb_column][\/et_pb_row][\/et_pb_section]<\/p>\n","protected":false},"excerpt":{"rendered":"<p>Des traitements phyto \u00e0 la lutte bio dans nos jardins La lutte contre les parasites des plantes dans nos jardins est devenue incontournable. Petit \u00e0 petit les produits respectueux de l\u2019environnement remplacent les produits chimiques, mais ce n\u2019est pas forc\u00e9ment une panac\u00e9e\u00a0; certains produits phytosanitaires m\u00eame biologiques sont destructeurs non seulement du parasite vis\u00e9 mais [&hellip;]<\/p>\n","protected":false},"author":2,"featured_media":0,"parent":1412,"menu_order":0,"comment_status":"closed","ping_status":"closed","template":"","meta":{"_et_pb_use_builder":"on","_et_pb_old_content":"","_et_gb_content_width":"","footnotes":""},"class_list":["post-6457","page","type-page","status-publish","hentry"],"_links":{"self":[{"href":"https:\/\/geneve-et-vous-magazine.ch\/index.php\/wp-json\/wp\/v2\/pages\/6457","targetHints":{"allow":["GET"]}}],"collection":[{"href":"https:\/\/geneve-et-vous-magazine.ch\/index.php\/wp-json\/wp\/v2\/pages"}],"about":[{"href":"https:\/\/geneve-et-vous-magazine.ch\/index.php\/wp-json\/wp\/v2\/types\/page"}],"author":[{"embeddable":true,"href":"https:\/\/geneve-et-vous-magazine.ch\/index.php\/wp-json\/wp\/v2\/users\/2"}],"replies":[{"embeddable":true,"href":"https:\/\/geneve-et-vous-magazine.ch\/index.php\/wp-json\/wp\/v2\/comments?post=6457"}],"version-history":[{"count":9,"href":"https:\/\/geneve-et-vous-magazine.ch\/index.php\/wp-json\/wp\/v2\/pages\/6457\/revisions"}],"predecessor-version":[{"id":6469,"href":"https:\/\/geneve-et-vous-magazine.ch\/index.php\/wp-json\/wp\/v2\/pages\/6457\/revisions\/6469"}],"up":[{"embeddable":true,"href":"https:\/\/geneve-et-vous-magazine.ch\/index.php\/wp-json\/wp\/v2\/pages\/1412"}],"wp:attachment":[{"href":"https:\/\/geneve-et-vous-magazine.ch\/index.php\/wp-json\/wp\/v2\/media?parent=6457"}],"curies":[{"name":"wp","href":"https:\/\/api.w.org\/{rel}","templated":true}]}}