{"id":6154,"date":"2021-03-18T16:25:55","date_gmt":"2021-03-18T15:25:55","guid":{"rendered":"https:\/\/rivegauche-magazine.ch\/?page_id=6154"},"modified":"2021-06-28T15:26:44","modified_gmt":"2021-06-28T13:26:44","slug":"evenements-gy","status":"publish","type":"page","link":"https:\/\/geneve-et-vous-magazine.ch\/index.php\/anieres\/evenements-gy\/","title":{"rendered":"histoire-GY"},"content":{"rendered":"<p>[et_pb_section fb_built=\u00a0\u00bb1&Prime; _builder_version=\u00a0\u00bb3.22.7&Prime;][et_pb_row _builder_version=\u00a0\u00bb3.25&Prime;][et_pb_column type=\u00a0\u00bb4_4&Prime; _builder_version=\u00a0\u00bb3.25&Prime; custom_padding=\u00a0\u00bb|||\u00a0\u00bb custom_padding__hover=\u00a0\u00bb|||\u00a0\u00bb][et_pb_text _builder_version=\u00a0\u00bb4.8.1&Prime; header_font=\u00a0\u00bbGeorgia||||||||\u00a0\u00bb header_font_size=\u00a0\u00bb52px\u00a0\u00bb header_font_size_tablet=\u00a0\u00bb44px\u00a0\u00bb header_font_size_phone=\u00a0\u00bb36px\u00a0\u00bb header_font_size_last_edited=\u00a0\u00bbon|phone\u00a0\u00bb]<\/p>\n<h1 style=\"text-align: center;\">HISTOIRE DE GY<\/h1>\n<p style=\"text-align: center;\">Plus d&rsquo;informations sur <a href=\"http:\/\/www.mairie-gy.ch\" target=\"_blank\" rel=\"noopener noreferrer\">www.mairie-gy.ch<\/a><\/p>\n<p>[\/et_pb_text][et_pb_image src=\u00a0\u00bbhttps:\/\/rivegauche-magazine.ch\/wp-content\/uploads\/2021\/03\/BANDEAU_GY.jpg\u00a0\u00bb title_text=\u00a0\u00bbBANDEAU_GY\u00a0\u00bb force_fullwidth=\u00a0\u00bbon\u00a0\u00bb align_tablet=\u00a0\u00bbcenter\u00a0\u00bb align_phone=\u00a0\u00bb\u00a0\u00bb align_last_edited=\u00a0\u00bbon|desktop\u00a0\u00bb _builder_version=\u00a0\u00bb4.8.1&Prime;][\/et_pb_image][\/et_pb_column][\/et_pb_row][et_pb_row column_structure=\u00a0\u00bb1_2,1_2&Prime; _builder_version=\u00a0\u00bb3.25&Prime;][et_pb_column type=\u00a0\u00bb1_2&Prime; _builder_version=\u00a0\u00bb3.25&Prime; custom_padding=\u00a0\u00bb|||\u00a0\u00bb custom_padding__hover=\u00a0\u00bb|||\u00a0\u00bb][et_pb_image src=\u00a0\u00bbhttps:\/\/rivegauche-magazine.ch\/wp-content\/uploads\/2021\/03\/2C_GY.jpg\u00a0\u00bb title_text=\u00a0\u00bb2C_GY\u00a0\u00bb force_fullwidth=\u00a0\u00bbon\u00a0\u00bb align_tablet=\u00a0\u00bbcenter\u00a0\u00bb align_phone=\u00a0\u00bb\u00a0\u00bb align_last_edited=\u00a0\u00bbon|desktop\u00a0\u00bb _builder_version=\u00a0\u00bb4.8.1&Prime;][\/et_pb_image][et_pb_text _builder_version=\u00a0\u00bb4.8.1&Prime; header_font=\u00a0\u00bbGeorgia||||||||\u00a0\u00bb header_font_size=\u00a0\u00bb52px\u00a0\u00bb header_font_size_tablet=\u00a0\u00bb44px\u00a0\u00bb header_font_size_phone=\u00a0\u00bb36px\u00a0\u00bb header_font_size_last_edited=\u00a0\u00bbon|phone\u00a0\u00bb]<\/p>\n<p style=\"text-align: justify;\"><span style=\"color: #000000;\">Situ\u00e9 sur un plateau entre les Voirons et le lac, Gy dispose d\u2019une vue exceptionnelle sur tous les monts et sommets qui bordent le canton : coteaux de Douvaine, Pr\u00e9alpes savoyardes, Mont-de-Sion, Jura et coteaux de Vaud.<br \/>Gy, c\u2019est un village ramass\u00e9, li\u00e9 par sa mairie, son temple, son \u00e9cole, son auberge, ses grands b\u00e2timents de ferme pour certains transform\u00e9s en habitation afin d\u2019y accueillir de nouvelles familles.<br \/>Gy c\u2019est \u00e9galement un territoire de 330 hectares, dont plus de 100 hectares de surfaces bois\u00e9es, avec notamment son parcours Vita et la r\u00e9serve des Pr\u00e9s de Villette, r\u00e9serve mar\u00e9cageuse d\u00e9clar\u00e9e d\u2019importance nationale par la Conf\u00e9d\u00e9ration. <br \/><\/span><\/p>\n<p>[\/et_pb_text][\/et_pb_column][et_pb_column type=\u00a0\u00bb1_2&Prime; _builder_version=\u00a0\u00bb3.25&Prime; custom_padding=\u00a0\u00bb|||\u00a0\u00bb custom_padding__hover=\u00a0\u00bb|||\u00a0\u00bb][et_pb_text _builder_version=\u00a0\u00bb4.8.1&Prime; header_font=\u00a0\u00bbGeorgia||||||||\u00a0\u00bb header_font_size=\u00a0\u00bb52px\u00a0\u00bb header_font_size_tablet=\u00a0\u00bb44px\u00a0\u00bb header_font_size_phone=\u00a0\u00bb36px\u00a0\u00bb header_font_size_last_edited=\u00a0\u00bbon|phone\u00a0\u00bb]<\/p>\n<p style=\"text-align: justify;\"><span style=\"color: #000000;\">Une nature pr\u00e9serv\u00e9e faite de grands espaces avec une agriculture omnipr\u00e9sente qui mod\u00e8le des paysages vari\u00e9s. Grandes cultures, viticulture et \u00e9levage sont sources de productions de qualit\u00e9 et de proximit\u00e9.<br \/>Gy, c\u2019est surtout des habitants, les gytanes et les gytans qui sont un subtil m\u00e9lange entre gens de la terre et gens des villes. Une harmonie toute dans le respect et dans la nuance.<br \/><\/span><span style=\"color: #000000;\">L\u2019histoire de Gy est \u00e0 la fois l\u2019histoire de Gen\u00e8ve, de la Savoie, du royaume de Sardaigne et de la R\u00e9forme. Le nom de Gy est mentionn\u00e9 par \u00e9crit pour la premi\u00e8re fois en 1227. On le retrouve ensuite sous diff\u00e9rentes formes. La premi\u00e8re, tr\u00e8s latine, est Gaiacum puis nous d\u00e9couvrons Gyez, Gye et enfin Gy.<\/span><br \/><span style=\"color: #000000;\">A la R\u00e9forme, Gy fut incorpor\u00e9 \u00e0 Gen\u00e8ve. Et les Gytans, juste \u00e0 la limite g\u00e9ographique des confessions eurent l\u2019\u00e2me passablement \u00e9cartel\u00e9e. Pour mieux les amadouer, Gen\u00e8ve fit construire le ravissant petit temple, le premier temple \u00e9difi\u00e9 en campagne. D\u2019architecture tr\u00e8s sobre, le temple est un reflet de l\u2019aust\u00e9rit\u00e9 calviniste. Pour bien marquer son appartenance \u00e0 Gen\u00e8ve, les armes et la devise de la Rome protestante furent appos\u00e9es sur la fa\u00e7ade avec la date du d\u00e9but des travaux, 1609. Par le trait\u00e9 de Turin en 1754, sign\u00e9 entre Gen\u00e8ve et le roi de Sardaigne, Gy fut incorpor\u00e9 au Mandement de Jussy. Mais entre les gens de Jussy et les gens de Gy, l\u2019entente \u00e9tait houleuse. La s\u00e9paration eut lieu le 9 novembre 1850. D\u00e8s cette date, Gy est une commune \u00e0 part enti\u00e8re.<\/span><\/p>\n<p>[\/et_pb_text][\/et_pb_column][\/et_pb_row][et_pb_row _builder_version=\u00a0\u00bb3.25&Prime;][et_pb_column type=\u00a0\u00bb4_4&Prime; _builder_version=\u00a0\u00bb3.25&Prime; custom_padding=\u00a0\u00bb|||\u00a0\u00bb custom_padding__hover=\u00a0\u00bb|||\u00a0\u00bb][et_pb_image src=\u00a0\u00bbhttps:\/\/rivegauche-magazine.ch\/wp-content\/uploads\/2021\/03\/BANDEAU_BLASON_GY.jpg\u00a0\u00bb title_text=\u00a0\u00bbBANDEAU_BLASON_GY\u00a0\u00bb force_fullwidth=\u00a0\u00bbon\u00a0\u00bb align_tablet=\u00a0\u00bbcenter\u00a0\u00bb align_phone=\u00a0\u00bb\u00a0\u00bb align_last_edited=\u00a0\u00bbon|desktop\u00a0\u00bb _builder_version=\u00a0\u00bb4.8.1&Prime;][\/et_pb_image][\/et_pb_column][\/et_pb_row][et_pb_row _builder_version=\u00a0\u00bb3.25&Prime;][et_pb_column type=\u00a0\u00bb4_4&Prime; _builder_version=\u00a0\u00bb3.25&Prime; custom_padding=\u00a0\u00bb|||\u00a0\u00bb custom_padding__hover=\u00a0\u00bb|||\u00a0\u00bb][et_pb_divider _builder_version=\u00a0\u00bb3.22.7&Prime;][\/et_pb_divider][\/et_pb_column][\/et_pb_row][\/et_pb_section]<\/p>\n","protected":false},"excerpt":{"rendered":"<p>HISTOIRE DE GY Plus d&rsquo;informations sur www.mairie-gy.chSitu\u00e9 sur un plateau entre les Voirons et le lac, Gy dispose d\u2019une vue exceptionnelle sur tous les monts et sommets qui bordent le canton : coteaux de Douvaine, Pr\u00e9alpes savoyardes, Mont-de-Sion, Jura et coteaux de Vaud.Gy, c\u2019est un village ramass\u00e9, li\u00e9 par sa mairie, son temple, son \u00e9cole, [&hellip;]<\/p>\n","protected":false},"author":2,"featured_media":0,"parent":460,"menu_order":1,"comment_status":"closed","ping_status":"closed","template":"","meta":{"_et_pb_use_builder":"on","_et_pb_old_content":"","_et_gb_content_width":"","footnotes":""},"class_list":["post-6154","page","type-page","status-publish","hentry"],"_links":{"self":[{"href":"https:\/\/geneve-et-vous-magazine.ch\/index.php\/wp-json\/wp\/v2\/pages\/6154","targetHints":{"allow":["GET"]}}],"collection":[{"href":"https:\/\/geneve-et-vous-magazine.ch\/index.php\/wp-json\/wp\/v2\/pages"}],"about":[{"href":"https:\/\/geneve-et-vous-magazine.ch\/index.php\/wp-json\/wp\/v2\/types\/page"}],"author":[{"embeddable":true,"href":"https:\/\/geneve-et-vous-magazine.ch\/index.php\/wp-json\/wp\/v2\/users\/2"}],"replies":[{"embeddable":true,"href":"https:\/\/geneve-et-vous-magazine.ch\/index.php\/wp-json\/wp\/v2\/comments?post=6154"}],"version-history":[{"count":7,"href":"https:\/\/geneve-et-vous-magazine.ch\/index.php\/wp-json\/wp\/v2\/pages\/6154\/revisions"}],"predecessor-version":[{"id":8137,"href":"https:\/\/geneve-et-vous-magazine.ch\/index.php\/wp-json\/wp\/v2\/pages\/6154\/revisions\/8137"}],"up":[{"embeddable":true,"href":"https:\/\/geneve-et-vous-magazine.ch\/index.php\/wp-json\/wp\/v2\/pages\/460"}],"wp:attachment":[{"href":"https:\/\/geneve-et-vous-magazine.ch\/index.php\/wp-json\/wp\/v2\/media?parent=6154"}],"curies":[{"name":"wp","href":"https:\/\/api.w.org\/{rel}","templated":true}]}}