{"id":6099,"date":"2021-03-08T18:24:07","date_gmt":"2021-03-08T17:24:07","guid":{"rendered":"https:\/\/rivegauche-magazine.ch\/?page_id=6099"},"modified":"2021-03-08T18:24:12","modified_gmt":"2021-03-08T17:24:12","slug":"histoire-de-geneve","status":"publish","type":"page","link":"https:\/\/geneve-et-vous-magazine.ch\/index.php\/geneve\/histoire-de-geneve\/","title":{"rendered":"HISTOIRE DE GENEVE"},"content":{"rendered":"<p>[et_pb_section fb_built=\u00a0\u00bb1&Prime; _builder_version=\u00a0\u00bb3.22.7&Prime;][et_pb_row _builder_version=\u00a0\u00bb3.25&Prime;][et_pb_column type=\u00a0\u00bb4_4&Prime; _builder_version=\u00a0\u00bb3.25&Prime; custom_padding=\u00a0\u00bb|||\u00a0\u00bb custom_padding__hover=\u00a0\u00bb|||\u00a0\u00bb][et_pb_text _builder_version=\u00a0\u00bb4.8.1&Prime; header_font=\u00a0\u00bb|||||on|||\u00a0\u00bb header_text_color=\u00a0\u00bb#000000&Prime; header_font_size=\u00a0\u00bb48px\u00a0\u00bb custom_margin=\u00a0\u00bb50px|||50px\u00a0\u00bb hover_enabled=\u00a0\u00bb0&Prime; header_font_size_tablet=\u00a0\u00bb36px\u00a0\u00bb header_font_size_phone=\u00a0\u00bb24px\u00a0\u00bb header_font_size_last_edited=\u00a0\u00bbon|tablet\u00a0\u00bb sticky_enabled=\u00a0\u00bb0&Prime;]<\/p>\n<h1 style=\"text-align: center;\">HISTOIRE DE GENEVE<\/h1>\n<p style=\"text-align: center;\">Plus d\u2019infos sur : www.geneve.ch<\/p>\n<p>[\/et_pb_text][et_pb_image src=\u00a0\u00bbhttps:\/\/rivegauche-magazine.ch\/wp-content\/uploads\/2021\/03\/BANDEAU_GENEVE.jpg\u00a0\u00bb force_fullwidth=\u00a0\u00bbon\u00a0\u00bb align_tablet=\u00a0\u00bbcenter\u00a0\u00bb align_phone=\u00a0\u00bb\u00a0\u00bb align_last_edited=\u00a0\u00bbon|desktop\u00a0\u00bb _builder_version=\u00a0\u00bb4.8.1&Prime; hover_enabled=\u00a0\u00bb0&Prime; title_text=\u00a0\u00bbBANDEAU_GENEVE\u00a0\u00bb sticky_enabled=\u00a0\u00bb0&Prime;][\/et_pb_image][\/et_pb_column][\/et_pb_row][\/et_pb_section][et_pb_section fb_built=\u00a0\u00bb1&Prime; admin_label=\u00a0\u00bbArticles 1 colonne\u00a0\u00bb _builder_version=\u00a0\u00bb3.22.7&Prime; custom_margin=\u00a0\u00bb||\u00a0\u00bb custom_padding=\u00a0\u00bb0px|||||\u00a0\u00bb][et_pb_row column_structure=\u00a0\u00bb1_2,1_2&Prime; admin_label=\u00a0\u00bbTitre Agenda\u00a0\u00bb _builder_version=\u00a0\u00bb3.25&Prime; custom_margin=\u00a0\u00bb||\u00a0\u00bb custom_padding=\u00a0\u00bb0px||0px|||\u00a0\u00bb][et_pb_column type=\u00a0\u00bb1_2&Prime; _builder_version=\u00a0\u00bb3.25&Prime; custom_padding=\u00a0\u00bb0px|||\u00a0\u00bb custom_padding__hover=\u00a0\u00bb|||\u00a0\u00bb][et_pb_text _builder_version=\u00a0\u00bb4.8.1&Prime; hover_enabled=\u00a0\u00bb0&Prime; sticky_enabled=\u00a0\u00bb0&Prime;]<\/p>\n<p style=\"text-align: justify;\">Depuis le XVIIIe si\u00e8cle \u00e0 Gen\u00e8ve, philanthropie rime avec culture, mais aussi avec bienfaisance, d\u00e9mocratie et modernisation de la Cit\u00e9.<br \/>Gen\u00e8ve peut se vanter d\u2019avoir une longue tradition d\u2019action philanthropique: le Th\u00e9\u00e2tre de Neuve en 1783, le Mus\u00e9e Rath en 1825 ou le Conservatoire de Musique\u00a0 en 1858 sont n\u00e9s de la g\u00e9n\u00e9rosit\u00e9 de citoyens qui ont contribu\u00e9 financi\u00e8rement au d\u00e9veloppement de la cit\u00e9. Ainsi entre la fin du XIXe et le d\u00e9but du XXe si\u00e8cle, alors que la ville se densifie avec les nuisances qui s\u2019ensuivent, plusieurs notables genevois font don de leur propri\u00e9t\u00e9 \u00e0 la municipalit\u00e9. Ces derni\u00e8res contiennent de vastes jardins qui sont devenus depuis des parcs publics, tels que le parc La Grange, le Bois de la B\u00e2tie ou le parc Bertrand.<\/p>\n<p style=\"text-align: justify;\">Cette empreinte humaniste et philanthrope a permis la \u00a0concr\u00e9tisation d\u2019id\u00e9es dont la plus marquante demeure la cr\u00e9ation du Comit\u00e9 International de la Croix-Rouge (CICR) par le Genevois Henri Dunant en 1864. C\u2019est en 1929, que l\u2019essayiste et romancier Robert de Traz propose la formule \u00ab l\u2019Esprit de Gen\u00e8ve \u00bb, pour d\u00e9signer les valeurs humanistes port\u00e9es par le canton et sa tradition.<\/p>\n<p style=\"text-align: justify;\">Au fil des ans, s\u2019inscrivant dans cet esprit, de nombreuses fondations se sont implant\u00e9es en territoire genevois, comme celle d\u2019Hans Wilsdorf en 1945, ou celle d\u2019Ernest Boninchi en 1988. Ces structures participent, par leurs actions au d\u00e9veloppement et \u00e0 la vie de Gen\u00e8ve depuis des d\u00e9cennies. En 2016, Gen\u00e8ve d\u00e9nombrait 1\u2019143 fondations, se pla\u00e7ant \u00e0 la premi\u00e8re place des cantons suisses en termes de progression (+40 nouvelles fondations par rapport \u00e0 2015, croissance de pr\u00e8s de 4%).<\/p>\n<p>[\/et_pb_text][\/et_pb_column][et_pb_column type=\u00a0\u00bb1_2&Prime; _builder_version=\u00a0\u00bb3.25&Prime; custom_padding=\u00a0\u00bb|||\u00a0\u00bb custom_padding__hover=\u00a0\u00bb|||\u00a0\u00bb][et_pb_image src=\u00a0\u00bbhttps:\/\/rivegauche-magazine.ch\/wp-content\/uploads\/2021\/03\/2C_GENEVE.jpg\u00a0\u00bb force_fullwidth=\u00a0\u00bbon\u00a0\u00bb align_tablet=\u00a0\u00bbcenter\u00a0\u00bb align_phone=\u00a0\u00bb\u00a0\u00bb align_last_edited=\u00a0\u00bbon|desktop\u00a0\u00bb _builder_version=\u00a0\u00bb4.8.1&Prime; hover_enabled=\u00a0\u00bb0&Prime; title_text=\u00a0\u00bb2C_GENEVE\u00a0\u00bb sticky_enabled=\u00a0\u00bb0&Prime;][\/et_pb_image][\/et_pb_column][\/et_pb_row][et_pb_row _builder_version=\u00a0\u00bb3.25&Prime;][et_pb_column type=\u00a0\u00bb4_4&Prime; _builder_version=\u00a0\u00bb3.25&Prime; custom_padding=\u00a0\u00bb|||\u00a0\u00bb custom_padding__hover=\u00a0\u00bb|||\u00a0\u00bb][et_pb_image src=\u00a0\u00bbhttps:\/\/rivegauche-magazine.ch\/wp-content\/uploads\/2021\/03\/BANDEAU_BLASON_GENEVE.jpg\u00a0\u00bb force_fullwidth=\u00a0\u00bbon\u00a0\u00bb align_tablet=\u00a0\u00bbcenter\u00a0\u00bb align_phone=\u00a0\u00bb\u00a0\u00bb align_last_edited=\u00a0\u00bbon|desktop\u00a0\u00bb _builder_version=\u00a0\u00bb4.8.1&Prime; hover_enabled=\u00a0\u00bb0&Prime; title_text=\u00a0\u00bbBANDEAU_BLASON_GENEVE\u00a0\u00bb sticky_enabled=\u00a0\u00bb0&Prime;][\/et_pb_image][\/et_pb_column][\/et_pb_row][et_pb_row _builder_version=\u00a0\u00bb3.25&Prime;][et_pb_column type=\u00a0\u00bb4_4&Prime; _builder_version=\u00a0\u00bb3.25&Prime; custom_padding=\u00a0\u00bb|||\u00a0\u00bb custom_padding__hover=\u00a0\u00bb|||\u00a0\u00bb][et_pb_divider _builder_version=\u00a0\u00bb3.22.7&Prime;][\/et_pb_divider][\/et_pb_column][\/et_pb_row][\/et_pb_section]<\/p>\n","protected":false},"excerpt":{"rendered":"<p>HISTOIRE DE GENEVE Plus d\u2019infos sur : www.geneve.ch Depuis le XVIIIe si\u00e8cle \u00e0 Gen\u00e8ve, philanthropie rime avec culture, mais aussi avec bienfaisance, d\u00e9mocratie et modernisation de la Cit\u00e9.Gen\u00e8ve peut se vanter d\u2019avoir une longue tradition d\u2019action philanthropique: le Th\u00e9\u00e2tre de Neuve en 1783, le Mus\u00e9e Rath en 1825 ou le Conservatoire de Musique\u00a0 en 1858 [&hellip;]<\/p>\n","protected":false},"author":2,"featured_media":0,"parent":493,"menu_order":0,"comment_status":"closed","ping_status":"closed","template":"","meta":{"_et_pb_use_builder":"on","_et_pb_old_content":"","_et_gb_content_width":"","footnotes":""},"class_list":["post-6099","page","type-page","status-publish","hentry"],"_links":{"self":[{"href":"https:\/\/geneve-et-vous-magazine.ch\/index.php\/wp-json\/wp\/v2\/pages\/6099","targetHints":{"allow":["GET"]}}],"collection":[{"href":"https:\/\/geneve-et-vous-magazine.ch\/index.php\/wp-json\/wp\/v2\/pages"}],"about":[{"href":"https:\/\/geneve-et-vous-magazine.ch\/index.php\/wp-json\/wp\/v2\/types\/page"}],"author":[{"embeddable":true,"href":"https:\/\/geneve-et-vous-magazine.ch\/index.php\/wp-json\/wp\/v2\/users\/2"}],"replies":[{"embeddable":true,"href":"https:\/\/geneve-et-vous-magazine.ch\/index.php\/wp-json\/wp\/v2\/comments?post=6099"}],"version-history":[{"count":5,"href":"https:\/\/geneve-et-vous-magazine.ch\/index.php\/wp-json\/wp\/v2\/pages\/6099\/revisions"}],"predecessor-version":[{"id":6108,"href":"https:\/\/geneve-et-vous-magazine.ch\/index.php\/wp-json\/wp\/v2\/pages\/6099\/revisions\/6108"}],"up":[{"embeddable":true,"href":"https:\/\/geneve-et-vous-magazine.ch\/index.php\/wp-json\/wp\/v2\/pages\/493"}],"wp:attachment":[{"href":"https:\/\/geneve-et-vous-magazine.ch\/index.php\/wp-json\/wp\/v2\/media?parent=6099"}],"curies":[{"name":"wp","href":"https:\/\/api.w.org\/{rel}","templated":true}]}}