{"id":5944,"date":"2021-01-04T17:43:23","date_gmt":"2021-01-04T16:43:23","guid":{"rendered":"https:\/\/rivegauche-magazine.ch\/?page_id=5944"},"modified":"2021-01-04T17:43:29","modified_gmt":"2021-01-04T16:43:29","slug":"les-decorations-de-noel-fabriquer-soi-meme","status":"publish","type":"page","link":"https:\/\/geneve-et-vous-magazine.ch\/index.php\/life-style-decoration\/les-decorations-de-noel-fabriquer-soi-meme\/","title":{"rendered":"Les d\u00e9corations de No\u00ebl fabriquer soi-m\u00eame"},"content":{"rendered":"<p>[et_pb_section fb_built=\u00a0\u00bb1&Prime; _builder_version=\u00a0\u00bb3.22.7&Prime;][et_pb_row _builder_version=\u00a0\u00bb3.25&Prime;][et_pb_column type=\u00a0\u00bb4_4&Prime; _builder_version=\u00a0\u00bb3.25&Prime; custom_padding=\u00a0\u00bb|||\u00a0\u00bb custom_padding__hover=\u00a0\u00bb|||\u00a0\u00bb][et_pb_text admin_label=\u00a0\u00bbTITRE\u00a0\u00bb _builder_version=\u00a0\u00bb4.6.6&Prime; header_font=\u00a0\u00bb|||||on|||\u00a0\u00bb header_text_align=\u00a0\u00bbleft\u00a0\u00bb header_text_color=\u00a0\u00bb#000000&Prime; header_font_size=\u00a0\u00bb48px\u00a0\u00bb custom_margin=\u00a0\u00bb|||\u00a0\u00bb hover_enabled=\u00a0\u00bb0&Prime; header_font_size_tablet=\u00a0\u00bb36px\u00a0\u00bb header_font_size_phone=\u00a0\u00bb24px\u00a0\u00bb header_font_size_last_edited=\u00a0\u00bbon|tablet\u00a0\u00bb sticky_enabled=\u00a0\u00bb0&Prime;]<\/p>\n<h1 style=\"text-align: center;\"><span style=\"color: #b38742;\">Les d\u00e9corations de No\u00ebl \u00e0 fabriquer soi-m\u00eame<br \/><\/span><\/h1>\n<p>[\/et_pb_text][\/et_pb_column][\/et_pb_row][\/et_pb_section][et_pb_section fb_built=\u00a0\u00bb1&Prime; admin_label=\u00a0\u00bbArticles 1 colonne\u00a0\u00bb _builder_version=\u00a0\u00bb3.22.7&Prime; custom_margin=\u00a0\u00bb||\u00a0\u00bb custom_padding=\u00a0\u00bb0px|||||\u00a0\u00bb][et_pb_row admin_label=\u00a0\u00bbTitre Agenda\u00a0\u00bb _builder_version=\u00a0\u00bb3.25&Prime; custom_margin=\u00a0\u00bb||\u00a0\u00bb custom_padding=\u00a0\u00bb0px||0px|||\u00a0\u00bb column_structure=\u00a0\u00bb1_2,1_2&Prime;][et_pb_column type=\u00a0\u00bb1_2&Prime; _builder_version=\u00a0\u00bb3.25&Prime; custom_padding=\u00a0\u00bb0px|||\u00a0\u00bb custom_padding__hover=\u00a0\u00bb|||\u00a0\u00bb][et_pb_text admin_label=\u00a0\u00bbDESCRIPTION\u00a0\u00bb _builder_version=\u00a0\u00bb4.6.6&Prime; hover_enabled=\u00a0\u00bb0&Prime; sticky_enabled=\u00a0\u00bb0&Prime;]<\/p>\n<h1>La guirlande <span style=\"color: #b38742;\">de p\u00e2tes<br \/><\/span><\/h1>\n<p>[\/et_pb_text][et_pb_text _builder_version=\u00a0\u00bb4.6.6&Prime; hover_enabled=\u00a0\u00bb0&Prime; sticky_enabled=\u00a0\u00bb0&Prime;]<\/p>\n<p style=\"text-align: justify;\"><span style=\"color: #b38742;\"><strong>Mat\u00e9riel<\/strong><\/span><\/p>\n<ul>\n<li style=\"text-align: justify;\">des farfalles<\/li>\n<li style=\"text-align: justify;\">de la peinture dor\u00e9e<\/li>\n<li style=\"text-align: justify;\">des paillettes<\/li>\n<li style=\"text-align: justify;\">un pinceau<\/li>\n<li style=\"text-align: justify;\">de la ficelle<\/li>\n<li style=\"text-align: justify;\">de la colle<\/li>\n<\/ul>\n<p>[\/et_pb_text][et_pb_text _builder_version=\u00a0\u00bb4.6.6&Prime; hover_enabled=\u00a0\u00bb0&Prime; sticky_enabled=\u00a0\u00bb0&Prime;]<\/p>\n<p style=\"text-align: justify;\"><span style=\"color: #b38742;\"><strong>\u00c9tapes de fabrication<br \/><\/strong><\/span><\/p>\n<ol>\n<li><strong>Quelques coups de pinceau<\/strong><br \/>Pour commencer, prenez autant de p\u00e2tes que vous le souhaitez et sortez la peinture et votre pinceau.<br \/>Peignez les p\u00e2tes sur une face dans un premier temps. Une fois cette premi\u00e8re face s\u00e8che, peignez la deuxi\u00e8me.<br \/>G\u00e9n\u00e9ralement, le temps d\u2019attente est tr\u00e8s rapide : maximum 20 minutes.<br \/>N\u2019h\u00e9sitez pas \u00e0 mettre une deuxi\u00e8me couche de peinture si vous jugez cela n\u00e9cessaire. Notre conseil : Petits pois, rayures, bi-colore, vous pouvez tr\u00e8s bien laisser libre court \u00e0 votre imagination au moment de d\u00e9corer vos p\u00e2tes.<\/li>\n<li><strong>Vive les paillettes !<\/strong><br \/>\u00c0 l\u2019aide de votre pinceau, \u00e9talez de la colle sur l\u2019ensemble de la p\u00e2te et saupoudrez de paillettes. <br \/>Notre conseil : pour fixer davantage les paillettes aux p\u00e2tes, pensez \u00e0 la laque pour cheveux.<\/li>\n<li><strong>Construction de la guirlande<\/strong><br \/>Afin de faire de ces p\u00e2tes une v\u00e9ritable guirlande de No\u00ebl, il faut s\u2019emparer de la ficelle. Passez-la autour de la p\u00e2te et faites-y un n\u0153ud pour que \u00e7a tienne. R\u00e9p\u00e9tez l\u2019op\u00e9ration autant de fois qu\u2019il le faudra.<br \/>Et voil\u00e0, vous avez une belle d\u00e9coration \u00e0 mettre autour du sapin, en guise de chemin de table ou encore \u00e0 accrocher \u00e0 votre mur !<\/li>\n<\/ol>\n<p>&nbsp;<\/p>\n<p>[\/et_pb_text][et_pb_image src=\u00a0\u00bbhttps:\/\/rivegauche-magazine.ch\/wp-content\/uploads\/2021\/01\/BRICODECO2C1.jpg\u00a0\u00bb align_tablet=\u00a0\u00bbcenter\u00a0\u00bb align_last_edited=\u00a0\u00bbon|desktop\u00a0\u00bb admin_label=\u00a0\u00bbImage\u00a0\u00bb _builder_version=\u00a0\u00bb4.6.6&Prime; hover_enabled=\u00a0\u00bb0&Prime; title_text=\u00a0\u00bbBRICODECO2C1&Prime; sticky_enabled=\u00a0\u00bb0&Prime;][\/et_pb_image][\/et_pb_column][et_pb_column type=\u00a0\u00bb1_2&Prime; _builder_version=\u00a0\u00bb3.25&Prime; custom_padding=\u00a0\u00bb|||\u00a0\u00bb custom_padding__hover=\u00a0\u00bb|||\u00a0\u00bb][et_pb_text admin_label=\u00a0\u00bbDESCRIPTION\u00a0\u00bb _builder_version=\u00a0\u00bb4.6.6&Prime; hover_enabled=\u00a0\u00bb0&Prime; sticky_enabled=\u00a0\u00bb0&Prime;]<\/p>\n<h1>Le sapin suspendu<br \/><span style=\"color: #b38742;\">avec des branches<br \/><\/span><\/h1>\n<p>[\/et_pb_text][et_pb_image src=\u00a0\u00bbhttps:\/\/rivegauche-magazine.ch\/wp-content\/uploads\/2021\/01\/BRICODECO2C.jpg\u00a0\u00bb align_tablet=\u00a0\u00bbcenter\u00a0\u00bb align_last_edited=\u00a0\u00bbon|desktop\u00a0\u00bb admin_label=\u00a0\u00bbImage\u00a0\u00bb _builder_version=\u00a0\u00bb4.6.6&Prime; hover_enabled=\u00a0\u00bb0&Prime; title_text=\u00a0\u00bbBRICODECO2C\u00a0\u00bb sticky_enabled=\u00a0\u00bb0&Prime;][\/et_pb_image][et_pb_text _builder_version=\u00a0\u00bb4.6.6&Prime; hover_enabled=\u00a0\u00bb0&Prime; sticky_enabled=\u00a0\u00bb0&Prime;]<\/p>\n<p style=\"text-align: justify;\"><span style=\"color: #b38742;\"><strong>Mat\u00e9riel<\/strong><\/span><\/p>\n<ul>\n<li style=\"text-align: justify;\">des branches<\/li>\n<li style=\"text-align: justify;\">un s\u00e9cateur<\/li>\n<li style=\"text-align: justify;\">de la corde<\/li>\n<li style=\"text-align: justify;\">des boules de No\u00ebl<\/li>\n<\/ul>\n<p>[\/et_pb_text][et_pb_text _builder_version=\u00a0\u00bb4.6.6&Prime; hover_enabled=\u00a0\u00bb0&Prime; sticky_enabled=\u00a0\u00bb0&Prime;]<\/p>\n<p style=\"text-align: justify;\"><span style=\"color: #b38742;\"><strong>\u00c9tapes de fabrication<br \/><\/strong><\/span><\/p>\n<ol>\n<li><strong>La cueillette<\/strong><br \/>Lors d\u2019une promenade dans les bois, ramassez quelques branches d\u2019arbres de diff\u00e9rentes couleurs, de diff\u00e9rents arbres et de diff\u00e9rents diam\u00e8tres. Faites s\u00e9cher les branchages au besoin. Ecorcez certaines branches pour cr\u00e9er des contrastes, bois nu et \u00e9corces. <br \/>Notre conseil : Pensez \u00e0 personnaliser votre arbre en peignant par exemple les branches en blanc, dor\u00e9 ou argent\u00e9.<\/li>\n<li><strong>La structure<\/strong><br \/>Afin d\u2019obtenir une forme g\u00e9n\u00e9rale harmonieuse, tracez un triangle sommaire de la taille de votre choix sur une table ou au sol avec une craie pour disposer les branches, les tailler, etc.<br \/>Placez les branches \u00e0 distance \u00e9gale sur ce triangle et \u00e0 l\u2019aide du s\u00e9cateur, coupez-les.<\/li>\n<li><strong>Construction et assemblage<\/strong><br \/>Assemblez les branches avec de la ficelle en chanvre, en commen\u00e7ant par le haut. Retaillez avec le s\u00e9cateur au besoin. <br \/>Suspendre le sapin et le d\u00e9corer avec des boules, une guirlande lumineuse, des d\u00e9corations de No\u00ebl&#8230;<\/li>\n<\/ol>\n<p>&nbsp;<\/p>\n<p>[\/et_pb_text][\/et_pb_column][\/et_pb_row][et_pb_row _builder_version=\u00a0\u00bb3.25&Prime;][et_pb_column type=\u00a0\u00bb4_4&Prime; _builder_version=\u00a0\u00bb3.25&Prime; custom_padding=\u00a0\u00bb|||\u00a0\u00bb custom_padding__hover=\u00a0\u00bb|||\u00a0\u00bb][et_pb_divider _builder_version=\u00a0\u00bb3.22.7&Prime;][\/et_pb_divider][\/et_pb_column][\/et_pb_row][\/et_pb_section]<\/p>\n","protected":false},"excerpt":{"rendered":"<p>Les d\u00e9corations de No\u00ebl \u00e0 fabriquer soi-m\u00eame La guirlande de p\u00e2tes Mat\u00e9riel des farfalles de la peinture dor\u00e9e des paillettes un pinceau de la ficelle de la colle \u00c9tapes de fabrication Quelques coups de pinceauPour commencer, prenez autant de p\u00e2tes que vous le souhaitez et sortez la peinture et votre pinceau.Peignez les p\u00e2tes sur une [&hellip;]<\/p>\n","protected":false},"author":2,"featured_media":0,"parent":1383,"menu_order":0,"comment_status":"closed","ping_status":"closed","template":"","meta":{"_et_pb_use_builder":"on","_et_pb_old_content":"","_et_gb_content_width":"","footnotes":""},"class_list":["post-5944","page","type-page","status-publish","hentry"],"_links":{"self":[{"href":"https:\/\/geneve-et-vous-magazine.ch\/index.php\/wp-json\/wp\/v2\/pages\/5944","targetHints":{"allow":["GET"]}}],"collection":[{"href":"https:\/\/geneve-et-vous-magazine.ch\/index.php\/wp-json\/wp\/v2\/pages"}],"about":[{"href":"https:\/\/geneve-et-vous-magazine.ch\/index.php\/wp-json\/wp\/v2\/types\/page"}],"author":[{"embeddable":true,"href":"https:\/\/geneve-et-vous-magazine.ch\/index.php\/wp-json\/wp\/v2\/users\/2"}],"replies":[{"embeddable":true,"href":"https:\/\/geneve-et-vous-magazine.ch\/index.php\/wp-json\/wp\/v2\/comments?post=5944"}],"version-history":[{"count":4,"href":"https:\/\/geneve-et-vous-magazine.ch\/index.php\/wp-json\/wp\/v2\/pages\/5944\/revisions"}],"predecessor-version":[{"id":5949,"href":"https:\/\/geneve-et-vous-magazine.ch\/index.php\/wp-json\/wp\/v2\/pages\/5944\/revisions\/5949"}],"up":[{"embeddable":true,"href":"https:\/\/geneve-et-vous-magazine.ch\/index.php\/wp-json\/wp\/v2\/pages\/1383"}],"wp:attachment":[{"href":"https:\/\/geneve-et-vous-magazine.ch\/index.php\/wp-json\/wp\/v2\/media?parent=5944"}],"curies":[{"name":"wp","href":"https:\/\/api.w.org\/{rel}","templated":true}]}}