{"id":5895,"date":"2020-12-17T17:39:50","date_gmt":"2020-12-17T16:39:50","guid":{"rendered":"https:\/\/rivegauche-magazine.ch\/?page_id=5895"},"modified":"2020-12-17T17:43:42","modified_gmt":"2020-12-17T16:43:42","slug":"piece-metallisee","status":"publish","type":"page","link":"https:\/\/geneve-et-vous-magazine.ch\/index.php\/mode-astuces\/piece-metallisee\/","title":{"rendered":"PI\u00c8CE METALLIS\u00c9E"},"content":{"rendered":"<p>[et_pb_section fb_built=\u00a0\u00bb1&Prime; _builder_version=\u00a0\u00bb4.6.6&Prime; _module_preset=\u00a0\u00bbdefault\u00a0\u00bb][et_pb_row _builder_version=\u00a0\u00bb3.25&Prime;][et_pb_column type=\u00a0\u00bb4_4&Prime; _builder_version=\u00a0\u00bb3.25&Prime; custom_padding=\u00a0\u00bb|||\u00a0\u00bb custom_padding__hover=\u00a0\u00bb|||\u00a0\u00bb][\/et_pb_column][\/et_pb_row][\/et_pb_section][et_pb_section fb_built=\u00a0\u00bb1&Prime; admin_label=\u00a0\u00bbArticles 1 colonne\u00a0\u00bb _builder_version=\u00a0\u00bb3.22.7&Prime; custom_margin=\u00a0\u00bb||\u00a0\u00bb custom_padding=\u00a0\u00bb0px|||||\u00a0\u00bb][et_pb_row _builder_version=\u00a0\u00bb3.25&Prime;][et_pb_column type=\u00a0\u00bb4_4&Prime; _builder_version=\u00a0\u00bb3.25&Prime; custom_padding=\u00a0\u00bb|||\u00a0\u00bb custom_padding__hover=\u00a0\u00bb|||\u00a0\u00bb][et_pb_text admin_label=\u00a0\u00bbTITRE\u00a0\u00bb _builder_version=\u00a0\u00bb4.6.6&Prime; header_font=\u00a0\u00bb|||||on|||\u00a0\u00bb header_text_align=\u00a0\u00bbleft\u00a0\u00bb header_text_color=\u00a0\u00bb#000000&Prime; header_font_size=\u00a0\u00bb48px\u00a0\u00bb custom_margin=\u00a0\u00bb|||\u00a0\u00bb header_font_size_tablet=\u00a0\u00bb36px\u00a0\u00bb header_font_size_phone=\u00a0\u00bb24px\u00a0\u00bb header_font_size_last_edited=\u00a0\u00bbon|tablet\u00a0\u00bb]<\/p>\n<h1 style=\"text-align: center;\"><span style=\"color: #000000;\"><strong>Nos conseils pour porter une pi\u00e8ce m\u00e9tallis\u00e9e<\/strong><br \/><\/span><\/h1>\n<p>[\/et_pb_text][\/et_pb_column][\/et_pb_row][et_pb_row column_structure=\u00a0\u00bb1_2,1_2&Prime; _builder_version=\u00a0\u00bb3.25&Prime;][et_pb_column type=\u00a0\u00bb1_2&Prime; _builder_version=\u00a0\u00bb3.25&Prime; custom_padding=\u00a0\u00bb|||\u00a0\u00bb custom_padding__hover=\u00a0\u00bb|||\u00a0\u00bb][et_pb_text admin_label=\u00a0\u00bbTexte\u00a0\u00bb _builder_version=\u00a0\u00bb4.6.6&Prime; header_font=\u00a0\u00bb|||||on|||\u00a0\u00bb header_text_align=\u00a0\u00bbleft\u00a0\u00bb header_text_color=\u00a0\u00bb#000000&Prime; header_font_size=\u00a0\u00bb48px\u00a0\u00bb custom_margin=\u00a0\u00bb|||\u00a0\u00bb header_font_size_tablet=\u00a0\u00bb36px\u00a0\u00bb header_font_size_phone=\u00a0\u00bb24px\u00a0\u00bb header_font_size_last_edited=\u00a0\u00bbon|tablet\u00a0\u00bb]<\/p>\n<h3 style=\"text-align: left;\"><span style=\"color: #000000;\"><span style=\"color: #808080;\"><strong>MISEZ SUR LA SOBRI\u00c9T\u00c9<\/strong><\/span><br \/><\/span><\/h3>\n<p style=\"text-align: justify;\">Vous devez savoir que les mati\u00e8res brillantes captent la lumi\u00e8re, ce qui a pour effet de cr\u00e9er un effet de volume. Nous vous conseillons de privil\u00e9gier des pi\u00e8ces qui \u00e9quilibreront votre silhouette. De plus, il est pr\u00e9f\u00e9rable de les agencer avec des v\u00eatements de couleur neutre question de ne pas avoir l\u2019air d\u2019un morceau de papier d\u2019aluminium! Portez par exemple un perfecto argent avec un chandail noir et un skinny noir pour un look glam rock tout en subtilit\u00e9.<\/p>\n<p>[\/et_pb_text][et_pb_image src=\u00a0\u00bbhttps:\/\/rivegauche-magazine.ch\/wp-content\/uploads\/2020\/12\/MODE2C2.jpg\u00a0\u00bb title_text=\u00a0\u00bbMODE2C2&Prime; align_tablet=\u00a0\u00bbcenter\u00a0\u00bb align_phone=\u00a0\u00bb\u00a0\u00bb align_last_edited=\u00a0\u00bbon|desktop\u00a0\u00bb _builder_version=\u00a0\u00bb4.6.6&Prime;][\/et_pb_image][et_pb_text admin_label=\u00a0\u00bbTexte\u00a0\u00bb _builder_version=\u00a0\u00bb4.6.6&Prime; header_font=\u00a0\u00bb|||||on|||\u00a0\u00bb header_text_align=\u00a0\u00bbleft\u00a0\u00bb header_text_color=\u00a0\u00bb#000000&Prime; header_font_size=\u00a0\u00bb48px\u00a0\u00bb custom_margin=\u00a0\u00bb|||\u00a0\u00bb header_font_size_tablet=\u00a0\u00bb36px\u00a0\u00bb header_font_size_phone=\u00a0\u00bb24px\u00a0\u00bb header_font_size_last_edited=\u00a0\u00bbon|tablet\u00a0\u00bb]<\/p>\n<h3 style=\"text-align: justify;\"><span style=\"color: #000000;\"><span style=\"color: #808080;\"><strong>OSEZ LA ROBE M\u00c9TALLIS\u00c9E<\/strong><\/span><br \/><\/span><\/h3>\n<p style=\"text-align: justify;\">Qu\u2019elle soit courte ou longue, la robe m\u00e9tallique est devenue un incontournable de notre garde-robe. Et quelle meilleure p\u00e9riode que les f\u00eates de fin d\u2019ann\u00e9e pour porter cette pi\u00e8ce sans avoir l\u2019impression d\u2019en faire trop\u2009? Comment la porter sans faire boule \u00e0 facettes\u2009? Il vous suffit d\u2019accessoiriser votre tenue avec des chaussures unies, sans fantaisie, et des accessoires sobres. N\u2019en faites pas trop non plus niveau make-up et coiffure. Votre robe suffira \u00e0 attirer l\u2019attention sur vous.<\/p>\n<p>[\/et_pb_text][\/et_pb_column][et_pb_column type=\u00a0\u00bb1_2&Prime; _builder_version=\u00a0\u00bb3.25&Prime; custom_padding=\u00a0\u00bb|||\u00a0\u00bb custom_padding__hover=\u00a0\u00bb|||\u00a0\u00bb][et_pb_image src=\u00a0\u00bbhttps:\/\/rivegauche-magazine.ch\/wp-content\/uploads\/2020\/12\/MODE2C.jpg\u00a0\u00bb title_text=\u00a0\u00bbMODE2C\u00a0\u00bb align_tablet=\u00a0\u00bbcenter\u00a0\u00bb align_phone=\u00a0\u00bb\u00a0\u00bb align_last_edited=\u00a0\u00bbon|desktop\u00a0\u00bb admin_label=\u00a0\u00bbImage\u00a0\u00bb _builder_version=\u00a0\u00bb4.6.6&Prime;][\/et_pb_image][et_pb_text admin_label=\u00a0\u00bbTexte\u00a0\u00bb _builder_version=\u00a0\u00bb4.6.6&Prime; header_font=\u00a0\u00bb|||||on|||\u00a0\u00bb header_text_align=\u00a0\u00bbleft\u00a0\u00bb header_text_color=\u00a0\u00bb#000000&Prime; header_font_size=\u00a0\u00bb48px\u00a0\u00bb custom_margin=\u00a0\u00bb|||\u00a0\u00bb header_font_size_tablet=\u00a0\u00bb36px\u00a0\u00bb header_font_size_phone=\u00a0\u00bb24px\u00a0\u00bb header_font_size_last_edited=\u00a0\u00bbon|tablet\u00a0\u00bb]<\/p>\n<h3 style=\"text-align: justify;\"><span style=\"color: #000000;\"><span style=\"color: #808080;\"><strong>PENSEZ AUX ACCESSOIRES<\/strong><\/span><\/span><\/h3>\n<p style=\"text-align: justify;\"><span style=\"color: #000000;\">Pensez chaussures et sacs \u00e0 main! Des essentiels tellement polyvalents et accessibles. Vous pouvez vraiment agencer vos souliers, bottes ou espadrilles argent\u00e9s avec n\u2019importe quelle pi\u00e8ce de votre garde-robe. Quels que soient vos go\u00fbts en mati\u00e8re de chaussures, vous trouverez assur\u00e9ment la paire de vos r\u00eaves. Si vous optez pour le sac m\u00e9tallique, version pochette ou gros sac, misez sur une tenue sobre et peu color\u00e9e. \u00e0 moins que vous vouliez jouer le c\u00f4t\u00e9 r\u00e9tro \u00e0 fond.<\/span><\/p>\n<p>[\/et_pb_text][et_pb_text admin_label=\u00a0\u00bbTexte\u00a0\u00bb _builder_version=\u00a0\u00bb4.6.6&Prime; header_font=\u00a0\u00bb|||||on|||\u00a0\u00bb header_text_align=\u00a0\u00bbleft\u00a0\u00bb header_text_color=\u00a0\u00bb#000000&Prime; header_font_size=\u00a0\u00bb48px\u00a0\u00bb custom_margin=\u00a0\u00bb|||\u00a0\u00bb header_font_size_tablet=\u00a0\u00bb36px\u00a0\u00bb header_font_size_phone=\u00a0\u00bb24px\u00a0\u00bb header_font_size_last_edited=\u00a0\u00bbon|tablet\u00a0\u00bb]<\/p>\n<blockquote>\n<p style=\"text-align: justify;\"><strong><span style=\"color: #999999;\">Ce que j\u2019aime le plus avec les pi\u00e8ces m\u00e9talliques, c\u2019est qu\u2019elles apportent une dimension glamour \u00e0 toutes vos tenues.<\/span><\/strong><\/p>\n<p style=\"text-align: justify;\"><strong><span style=\"color: #999999;\">En journ\u00e9e, contentez-vous de les marier \u00e0 des classiques pour \u00e9quilibrer votre allure, et n\u2019en faites pas trop c\u00f4t\u00e9 bijoux.<\/span><\/strong><\/p>\n<p style=\"text-align: justify;\"><span style=\"color: #999999;\"><em>Chiara Totire<\/em><\/span><strong><span style=\"color: #999999;\"><br \/><\/span><\/strong><\/p>\n<\/blockquote>\n<p>[\/et_pb_text][\/et_pb_column][\/et_pb_row][et_pb_row _builder_version=\u00a0\u00bb3.25&Prime;][et_pb_column type=\u00a0\u00bb4_4&Prime; _builder_version=\u00a0\u00bb3.25&Prime; custom_padding=\u00a0\u00bb|||\u00a0\u00bb custom_padding__hover=\u00a0\u00bb|||\u00a0\u00bb][et_pb_divider _builder_version=\u00a0\u00bb3.22.7&Prime;][\/et_pb_divider][\/et_pb_column][\/et_pb_row][\/et_pb_section]<\/p>\n","protected":false},"excerpt":{"rendered":"<p>Nos conseils pour porter une pi\u00e8ce m\u00e9tallis\u00e9eMISEZ SUR LA SOBRI\u00c9T\u00c9 Vous devez savoir que les mati\u00e8res brillantes captent la lumi\u00e8re, ce qui a pour effet de cr\u00e9er un effet de volume. Nous vous conseillons de privil\u00e9gier des pi\u00e8ces qui \u00e9quilibreront votre silhouette. De plus, il est pr\u00e9f\u00e9rable de les agencer avec des v\u00eatements de couleur [&hellip;]<\/p>\n","protected":false},"author":2,"featured_media":0,"parent":1243,"menu_order":0,"comment_status":"closed","ping_status":"closed","template":"","meta":{"_et_pb_use_builder":"on","_et_pb_old_content":"","_et_gb_content_width":"","footnotes":""},"class_list":["post-5895","page","type-page","status-publish","hentry"],"_links":{"self":[{"href":"https:\/\/geneve-et-vous-magazine.ch\/index.php\/wp-json\/wp\/v2\/pages\/5895","targetHints":{"allow":["GET"]}}],"collection":[{"href":"https:\/\/geneve-et-vous-magazine.ch\/index.php\/wp-json\/wp\/v2\/pages"}],"about":[{"href":"https:\/\/geneve-et-vous-magazine.ch\/index.php\/wp-json\/wp\/v2\/types\/page"}],"author":[{"embeddable":true,"href":"https:\/\/geneve-et-vous-magazine.ch\/index.php\/wp-json\/wp\/v2\/users\/2"}],"replies":[{"embeddable":true,"href":"https:\/\/geneve-et-vous-magazine.ch\/index.php\/wp-json\/wp\/v2\/comments?post=5895"}],"version-history":[{"count":6,"href":"https:\/\/geneve-et-vous-magazine.ch\/index.php\/wp-json\/wp\/v2\/pages\/5895\/revisions"}],"predecessor-version":[{"id":5904,"href":"https:\/\/geneve-et-vous-magazine.ch\/index.php\/wp-json\/wp\/v2\/pages\/5895\/revisions\/5904"}],"up":[{"embeddable":true,"href":"https:\/\/geneve-et-vous-magazine.ch\/index.php\/wp-json\/wp\/v2\/pages\/1243"}],"wp:attachment":[{"href":"https:\/\/geneve-et-vous-magazine.ch\/index.php\/wp-json\/wp\/v2\/media?parent=5895"}],"curies":[{"name":"wp","href":"https:\/\/api.w.org\/{rel}","templated":true}]}}