{"id":5720,"date":"2020-12-17T13:21:03","date_gmt":"2020-12-17T12:21:03","guid":{"rendered":"https:\/\/rivegauche-magazine.ch\/?page_id=5720"},"modified":"2020-12-17T13:22:37","modified_gmt":"2020-12-17T12:22:37","slug":"shampooing-animaux","status":"publish","type":"page","link":"https:\/\/geneve-et-vous-magazine.ch\/index.php\/divers-animaux\/shampooing-animaux\/","title":{"rendered":"shampooing animaux"},"content":{"rendered":"<p>[et_pb_section fb_built=\u00a0\u00bb1&Prime; _builder_version=\u00a0\u00bb3.22.7&Prime;][et_pb_row _builder_version=\u00a0\u00bb3.25&Prime;][et_pb_column type=\u00a0\u00bb4_4&Prime; _builder_version=\u00a0\u00bb3.25&Prime; custom_padding=\u00a0\u00bb|||\u00a0\u00bb custom_padding__hover=\u00a0\u00bb|||\u00a0\u00bb][\/et_pb_column][\/et_pb_row][et_pb_row _builder_version=\u00a0\u00bb3.25&Prime;][et_pb_column type=\u00a0\u00bb4_4&Prime; _builder_version=\u00a0\u00bb3.25&Prime; custom_padding=\u00a0\u00bb|||\u00a0\u00bb custom_padding__hover=\u00a0\u00bb|||\u00a0\u00bb][et_pb_text _builder_version=\u00a0\u00bb4.6.6&Prime; _module_preset=\u00a0\u00bbdefault\u00a0\u00bb]<\/p>\n<h1 style=\"text-align: center;\"><strong><span style=\"color: #ff99cc;\">Les shampooings pour animaux<\/span><\/strong><\/h1>\n<p style=\"text-align: center;\"><strong><span style=\"color: #ff99cc;\">Les chiens et les chats ont besoin d\u2019un shampoing adapt\u00e9 \u00e0 leur situation, pour pr\u00e9server la sant\u00e9 de leur peau et \u00e9viter les probl\u00e8mes dermatologiques. Alors comment choisir un bon shampoing ?<\/span><\/strong><\/p>\n<p>[\/et_pb_text][et_pb_image src=\u00a0\u00bbhttps:\/\/rivegauche-magazine.ch\/wp-content\/uploads\/2020\/12\/bandeau.png\u00a0\u00bb title_text=\u00a0\u00bbbandeau\u00a0\u00bb force_fullwidth=\u00a0\u00bbon\u00a0\u00bb _builder_version=\u00a0\u00bb4.6.6&Prime; _module_preset=\u00a0\u00bbdefault\u00a0\u00bb][\/et_pb_image][\/et_pb_column][\/et_pb_row][\/et_pb_section][et_pb_section fb_built=\u00a0\u00bb1&Prime; admin_label=\u00a0\u00bbArticles 1 colonne\u00a0\u00bb _builder_version=\u00a0\u00bb3.22.7&Prime; custom_margin=\u00a0\u00bb||\u00a0\u00bb custom_padding=\u00a0\u00bb0px|||||\u00a0\u00bb][et_pb_row column_structure=\u00a0\u00bb1_3,1_3,1_3&Prime; admin_label=\u00a0\u00bbTitre Agenda\u00a0\u00bb _builder_version=\u00a0\u00bb3.25&Prime; custom_margin=\u00a0\u00bb||\u00a0\u00bb custom_padding=\u00a0\u00bb0px||0px|||\u00a0\u00bb][et_pb_column type=\u00a0\u00bb1_3&Prime; _builder_version=\u00a0\u00bb3.25&Prime; custom_padding=\u00a0\u00bb0px|||\u00a0\u00bb custom_padding__hover=\u00a0\u00bb|||\u00a0\u00bb][et_pb_text admin_label=\u00a0\u00bbNOM CLIENT\u00a0\u00bb _builder_version=\u00a0\u00bb4.6.6&Prime; header_font=\u00a0\u00bb|||||on|||\u00a0\u00bb header_text_align=\u00a0\u00bbleft\u00a0\u00bb header_text_color=\u00a0\u00bb#000000&Prime; header_font_size=\u00a0\u00bb48px\u00a0\u00bb custom_margin=\u00a0\u00bb|||\u00a0\u00bb header_font_size_tablet=\u00a0\u00bb36px\u00a0\u00bb header_font_size_phone=\u00a0\u00bb24px\u00a0\u00bb header_font_size_last_edited=\u00a0\u00bbon|tablet\u00a0\u00bb]<\/p>\n<h2 style=\"text-align: left;\"><strong><span style=\"color: #ff99cc;\">Le type de poil<\/span><\/strong><span style=\"color: #2f4ba0;\"><br \/><\/span><\/h2>\n<p>[\/et_pb_text][et_pb_text admin_label=\u00a0\u00bbDESCRIPTION\u00a0\u00bb _builder_version=\u00a0\u00bb4.6.6&Prime;]<\/p>\n<p style=\"text-align: justify;\">Toutes les races de chiens et de chats ont leur propre type de pelage. L\u2019un de nos conseils consiste donc \u00e0 trouver la nature du pelage de votre boule de poil pour d\u00e9terminer quel est le shampoing le plus adapt\u00e9. En effet, chaque produit d\u2019entretien est sp\u00e9cialement con\u00e7u pour un type de poil particulier. Pour les chiens et chats \u00e0 poil long, il serait m\u00eame n\u00e9cessaire d\u2019investir \u00e9galement dans un apr\u00e8s shampoing pour un r\u00e9sultat optimal<\/p>\n<p>[\/et_pb_text][\/et_pb_column][et_pb_column type=\u00a0\u00bb1_3&Prime; _builder_version=\u00a0\u00bb3.25&Prime; custom_padding=\u00a0\u00bb|||\u00a0\u00bb custom_padding__hover=\u00a0\u00bb|||\u00a0\u00bb][et_pb_text admin_label=\u00a0\u00bbNOM CLIENT\u00a0\u00bb _builder_version=\u00a0\u00bb4.6.6&Prime; header_font=\u00a0\u00bb|||||on|||\u00a0\u00bb header_text_align=\u00a0\u00bbleft\u00a0\u00bb header_text_color=\u00a0\u00bb#000000&Prime; header_font_size=\u00a0\u00bb48px\u00a0\u00bb custom_margin=\u00a0\u00bb|||\u00a0\u00bb header_font_size_tablet=\u00a0\u00bb36px\u00a0\u00bb header_font_size_phone=\u00a0\u00bb24px\u00a0\u00bb header_font_size_last_edited=\u00a0\u00bbon|tablet\u00a0\u00bb]<\/p>\n<h2 style=\"text-align: left;\"><strong><span style=\"color: #ff99cc;\">Le Ph du shampooing<\/span><\/strong><span style=\"color: #2f4ba0;\"><br \/><\/span><\/h2>\n<p>[\/et_pb_text][et_pb_text admin_label=\u00a0\u00bbDESCRIPTION\u00a0\u00bb _builder_version=\u00a0\u00bb4.6.6&Prime;]<\/p>\n<p style=\"text-align: justify;\">Il est tr\u00e8s important de porter attention \u00e0 ce point car il se peut que le bain devienne un enfer pour la peau et la fourrure de votre animal. Il ne faut d\u2019ailleurs jamais utiliser votre propre shampoing pour l\u2019entretien de vos animaux. Veillez toujours \u00e0 ce que le shampoing ait une balance pH adapt\u00e9e. Rappelez-vous qu\u2019elle est diff\u00e9rente en fonction de la race de votre animal, mais \u00e9galement du climat dans lequel vous vivez.<\/p>\n<p>[\/et_pb_text][\/et_pb_column][et_pb_column type=\u00a0\u00bb1_3&Prime; _builder_version=\u00a0\u00bb3.25&Prime; custom_padding=\u00a0\u00bb|||\u00a0\u00bb custom_padding__hover=\u00a0\u00bb|||\u00a0\u00bb][et_pb_text admin_label=\u00a0\u00bbNOM CLIENT\u00a0\u00bb _builder_version=\u00a0\u00bb4.6.6&Prime; header_font=\u00a0\u00bb|||||on|||\u00a0\u00bb header_text_align=\u00a0\u00bbleft\u00a0\u00bb header_text_color=\u00a0\u00bb#000000&Prime; header_font_size=\u00a0\u00bb48px\u00a0\u00bb custom_margin=\u00a0\u00bb|||\u00a0\u00bb header_font_size_tablet=\u00a0\u00bb36px\u00a0\u00bb header_font_size_phone=\u00a0\u00bb24px\u00a0\u00bb header_font_size_last_edited=\u00a0\u00bbon|tablet\u00a0\u00bb]<\/p>\n<h2 style=\"text-align: left;\"><span style=\"color: #ff99cc;\"><strong>Le type de shampooing<br \/><\/strong><\/span><\/h2>\n<p>[\/et_pb_text][et_pb_text admin_label=\u00a0\u00bbDESCRIPTION\u00a0\u00bb _builder_version=\u00a0\u00bb4.6.6&Prime;]<\/p>\n<p style=\"text-align: justify;\">Il faut maintenant choisir parmi les nombreux types disponibles sur le march\u00e9&#8230; Inu Neko utilise la gamme de produits Special One, sans OGM et non test\u00e9e sur les animaux. R\u00e9alis\u00e9s \u00e0 base de composants naturels, les produits Special One sont biod\u00e9gradables \u00e0 plus de 90%. Ils conviennent \u00e0 toutes les races de chiens et de chats. Avec Special One, vous avez la certitude de trouver des produits qui correspondent vraiment \u00e0 votre animal en s\u2019adaptant \u00e0 sa peau et \u00e0 son type de poil.<\/p>\n<p>[\/et_pb_text][\/et_pb_column][\/et_pb_row][\/et_pb_section][et_pb_section fb_built=\u00a0\u00bb1&Prime; disabled_on=\u00a0\u00bboff|off|off\u00a0\u00bb admin_label=\u00a0\u00bbAgenda\u00a0\u00bb _builder_version=\u00a0\u00bb3.22.7&Prime; custom_margin=\u00a0\u00bb||\u00a0\u00bb custom_padding=\u00a0\u00bb0px|||||\u00a0\u00bb][et_pb_row _builder_version=\u00a0\u00bb3.25&Prime;][et_pb_column type=\u00a0\u00bb4_4&Prime; _builder_version=\u00a0\u00bb3.25&Prime; custom_padding=\u00a0\u00bb|||\u00a0\u00bb custom_padding__hover=\u00a0\u00bb|||\u00a0\u00bb][et_pb_divider divider_weight=\u00a0\u00bb13px\u00a0\u00bb _builder_version=\u00a0\u00bb3.22.7&Prime; width=\u00a0\u00bb180px\u00a0\u00bb custom_padding=\u00a0\u00bb|||50px\u00a0\u00bb][\/et_pb_divider][et_pb_divider _builder_version=\u00a0\u00bb3.22.7&Prime; custom_margin=\u00a0\u00bb-57px||\u00a0\u00bb custom_margin_tablet=\u00a0\u00bb-44px||\u00a0\u00bb custom_margin_phone=\u00a0\u00bb\u00a0\u00bb custom_margin_last_edited=\u00a0\u00bbon|phone\u00a0\u00bb custom_padding=\u00a0\u00bb0px||\u00a0\u00bb][\/et_pb_divider][\/et_pb_column][\/et_pb_row][et_pb_row column_structure=\u00a0\u00bb1_2,1_2&Prime; admin_label=\u00a0\u00bbTitre Agenda\u00a0\u00bb _builder_version=\u00a0\u00bb3.25&Prime; custom_margin=\u00a0\u00bb||\u00a0\u00bb custom_padding=\u00a0\u00bb0px||0px|||\u00a0\u00bb][et_pb_column type=\u00a0\u00bb1_2&Prime; _builder_version=\u00a0\u00bb3.25&Prime; custom_padding=\u00a0\u00bb0px|||\u00a0\u00bb custom_padding__hover=\u00a0\u00bb|||\u00a0\u00bb][et_pb_text _builder_version=\u00a0\u00bb3.27.4&Prime; header_font=\u00a0\u00bbGeorgia||||||||\u00a0\u00bb header_text_color=\u00a0\u00bb#000000&Prime; header_font_size=\u00a0\u00bb48px\u00a0\u00bb custom_margin=\u00a0\u00bb-25px|||50px\u00a0\u00bb header_font_size_tablet=\u00a0\u00bb36px\u00a0\u00bb header_font_size_phone=\u00a0\u00bb24px\u00a0\u00bb header_font_size_last_edited=\u00a0\u00bbon|tablet\u00a0\u00bb]<\/p>\n<h1>BOUTIQUES<\/h1>\n<p>[\/et_pb_text][\/et_pb_column][et_pb_column type=\u00a0\u00bb1_2&Prime; _builder_version=\u00a0\u00bb3.25&Prime; custom_padding=\u00a0\u00bb|||\u00a0\u00bb custom_padding__hover=\u00a0\u00bb|||\u00a0\u00bb][et_pb_text _builder_version=\u00a0\u00bb3.27.4&Prime; text_font=\u00a0\u00bb||||||||\u00a0\u00bb header_font=\u00a0\u00bb||||||||\u00a0\u00bb header_2_font=\u00a0\u00bbTimes New Roman||||||||\u00a0\u00bb][\/et_pb_text][\/et_pb_column][\/et_pb_row][et_pb_row column_structure=\u00a0\u00bb1_3,1_3,1_3&Prime; _builder_version=\u00a0\u00bb3.25&Prime;][et_pb_column type=\u00a0\u00bb1_3&Prime; _builder_version=\u00a0\u00bb3.25&Prime; custom_padding=\u00a0\u00bb|||\u00a0\u00bb custom_padding__hover=\u00a0\u00bb|||\u00a0\u00bb][et_pb_image src=\u00a0\u00bbhttps:\/\/rivegauche-magazine.ch\/wp-content\/uploads\/2020\/12\/INU_3C.jpg\u00a0\u00bb title_text=\u00a0\u00bbINU_3C\u00a0\u00bb url=\u00a0\u00bbhttps:\/\/rivegauche-magazine.ch\/index.php\/divers-animaux\/inu-neko\/\u00a0\u00bb align_tablet=\u00a0\u00bbcenter\u00a0\u00bb align_phone=\u00a0\u00bb\u00a0\u00bb align_last_edited=\u00a0\u00bbon|desktop\u00a0\u00bb _builder_version=\u00a0\u00bb4.6.6&Prime;][\/et_pb_image][et_pb_text admin_label=\u00a0\u00bbrecette\u00a0\u00bb _builder_version=\u00a0\u00bb4.6.6&Prime; custom_margin=\u00a0\u00bb-25px||\u00a0\u00bb link_option_url=\u00a0\u00bbhttps:\/\/rivegauche-magazine.ch\/index.php\/divers-animaux\/inu-neko\/\u00a0\u00bb]<\/p>\n<h1 style=\"text-align: right;\">INU NEKO<\/h1>\n<h4 style=\"text-align: right;\">Toilettage Chiens et Chats<\/h4>\n<p>[\/et_pb_text][\/et_pb_column][et_pb_column type=\u00a0\u00bb1_3&Prime; _builder_version=\u00a0\u00bb3.25&Prime; custom_padding=\u00a0\u00bb|||\u00a0\u00bb custom_padding__hover=\u00a0\u00bb|||\u00a0\u00bb][et_pb_image src=\u00a0\u00bbhttps:\/\/rivegauche-magazine.ch\/wp-content\/uploads\/2020\/03\/pretty-pet.jpg\u00a0\u00bb url=\u00a0\u00bbhttps:\/\/rivegauche-magazine.ch\/index.php\/divers-animaux\/pretty-pet\/\u00a0\u00bb align_tablet=\u00a0\u00bbcenter\u00a0\u00bb align_phone=\u00a0\u00bb\u00a0\u00bb align_last_edited=\u00a0\u00bbon|desktop\u00a0\u00bb _builder_version=\u00a0\u00bb3.23&Prime;][\/et_pb_image][et_pb_text admin_label=\u00a0\u00bbrecette\u00a0\u00bb _builder_version=\u00a0\u00bb3.27.4&Prime; custom_margin=\u00a0\u00bb-25px||\u00a0\u00bb link_option_url=\u00a0\u00bbhttps:\/\/rivegauche-magazine.ch\/index.php\/divers-animaux\/pretty-pet\/\u00a0\u00bb]<\/p>\n<h1 style=\"text-align: right;\">PRETTY PET<\/h1>\n<h4 style=\"text-align: right;\"><span style=\"font-size: 16px;\">Accessoires<\/span><\/h4>\n<p>[\/et_pb_text][\/et_pb_column][et_pb_column type=\u00a0\u00bb1_3&Prime; _builder_version=\u00a0\u00bb3.25&Prime; custom_padding=\u00a0\u00bb|||\u00a0\u00bb custom_padding__hover=\u00a0\u00bb|||\u00a0\u00bb][\/et_pb_column][\/et_pb_row][\/et_pb_section]<\/p>\n","protected":false},"excerpt":{"rendered":"<p>Les shampooings pour animaux Les chiens et les chats ont besoin d\u2019un shampoing adapt\u00e9 \u00e0 leur situation, pour pr\u00e9server la sant\u00e9 de leur peau et \u00e9viter les probl\u00e8mes dermatologiques. Alors comment choisir un bon shampoing ?Le type de poilToutes les races de chiens et de chats ont leur propre type de pelage. L\u2019un de nos [&hellip;]<\/p>\n","protected":false},"author":2,"featured_media":0,"parent":1515,"menu_order":0,"comment_status":"closed","ping_status":"closed","template":"","meta":{"_et_pb_use_builder":"on","_et_pb_old_content":"","_et_gb_content_width":"","footnotes":""},"class_list":["post-5720","page","type-page","status-publish","hentry"],"_links":{"self":[{"href":"https:\/\/geneve-et-vous-magazine.ch\/index.php\/wp-json\/wp\/v2\/pages\/5720","targetHints":{"allow":["GET"]}}],"collection":[{"href":"https:\/\/geneve-et-vous-magazine.ch\/index.php\/wp-json\/wp\/v2\/pages"}],"about":[{"href":"https:\/\/geneve-et-vous-magazine.ch\/index.php\/wp-json\/wp\/v2\/types\/page"}],"author":[{"embeddable":true,"href":"https:\/\/geneve-et-vous-magazine.ch\/index.php\/wp-json\/wp\/v2\/users\/2"}],"replies":[{"embeddable":true,"href":"https:\/\/geneve-et-vous-magazine.ch\/index.php\/wp-json\/wp\/v2\/comments?post=5720"}],"version-history":[{"count":6,"href":"https:\/\/geneve-et-vous-magazine.ch\/index.php\/wp-json\/wp\/v2\/pages\/5720\/revisions"}],"predecessor-version":[{"id":5739,"href":"https:\/\/geneve-et-vous-magazine.ch\/index.php\/wp-json\/wp\/v2\/pages\/5720\/revisions\/5739"}],"up":[{"embeddable":true,"href":"https:\/\/geneve-et-vous-magazine.ch\/index.php\/wp-json\/wp\/v2\/pages\/1515"}],"wp:attachment":[{"href":"https:\/\/geneve-et-vous-magazine.ch\/index.php\/wp-json\/wp\/v2\/media?parent=5720"}],"curies":[{"name":"wp","href":"https:\/\/api.w.org\/{rel}","templated":true}]}}