{"id":5708,"date":"2020-12-17T13:05:13","date_gmt":"2020-12-17T12:05:13","guid":{"rendered":"https:\/\/rivegauche-magazine.ch\/?page_id=5708"},"modified":"2020-12-17T13:05:35","modified_gmt":"2020-12-17T12:05:35","slug":"reussir-son-maquillage-de-fetes","status":"publish","type":"page","link":"https:\/\/geneve-et-vous-magazine.ch\/index.php\/medical-2\/reussir-son-maquillage-de-fetes\/","title":{"rendered":"REUSSIR SON MAQUILLAGE DE FETES"},"content":{"rendered":"<p>[et_pb_section fb_built=\u00a0\u00bb1&Prime; _builder_version=\u00a0\u00bb3.22.7&Prime;][et_pb_row _builder_version=\u00a0\u00bb3.25&Prime;][et_pb_column type=\u00a0\u00bb4_4&Prime; _builder_version=\u00a0\u00bb3.25&Prime; custom_padding=\u00a0\u00bb|||\u00a0\u00bb custom_padding__hover=\u00a0\u00bb|||\u00a0\u00bb][\/et_pb_column][\/et_pb_row][et_pb_row _builder_version=\u00a0\u00bb3.25&Prime;][et_pb_column type=\u00a0\u00bb4_4&Prime; _builder_version=\u00a0\u00bb3.25&Prime; custom_padding=\u00a0\u00bb|||\u00a0\u00bb custom_padding__hover=\u00a0\u00bb|||\u00a0\u00bb][et_pb_text _builder_version=\u00a0\u00bb4.6.6&Prime; _module_preset=\u00a0\u00bbdefault\u00a0\u00bb]<\/p>\n<h1 style=\"text-align: center;\">R\u00e9ussir son maquillage de f\u00eates<\/h1>\n<p>[\/et_pb_text][et_pb_text admin_label=\u00a0\u00bbtexte\u00a0\u00bb _builder_version=\u00a0\u00bb4.6.6&Prime; header_font=\u00a0\u00bb|||||on|||\u00a0\u00bb header_text_align=\u00a0\u00bbleft\u00a0\u00bb header_text_color=\u00a0\u00bb#000000&Prime; header_font_size=\u00a0\u00bb48px\u00a0\u00bb custom_margin=\u00a0\u00bb|||\u00a0\u00bb hover_enabled=\u00a0\u00bb0&Prime; header_font_size_tablet=\u00a0\u00bb36px\u00a0\u00bb header_font_size_phone=\u00a0\u00bb24px\u00a0\u00bb header_font_size_last_edited=\u00a0\u00bbon|tablet\u00a0\u00bb sticky_enabled=\u00a0\u00bb0&Prime;]<\/p>\n<h4 style=\"text-align: center;\"><span style=\"color: #cc99ff;\"><strong>Ah les f\u00eates de fin d\u2019ann\u00e9e, No\u00ebl, le Nouvel An, les soir\u00e9es entre amis&#8230; et le maquillage paillet\u00e9\u2009! Comment r\u00e9ussir votre make-up pour une f\u00eate sans en faire trop, sans ressembler \u00e0 un sapin de No\u00ebl trop d\u00e9cor\u00e9 ou une boule \u00e0 facettes ? Voici nos astuces pour un maquillage de f\u00eates r\u00e9ussi.<\/strong><\/span><\/h4>\n<p>[\/et_pb_text][\/et_pb_column][\/et_pb_row][et_pb_row column_structure=\u00a0\u00bb1_2,1_2&Prime; _builder_version=\u00a0\u00bb3.25&Prime;][et_pb_column type=\u00a0\u00bb1_2&Prime; _builder_version=\u00a0\u00bb3.25&Prime; custom_padding=\u00a0\u00bb|||\u00a0\u00bb custom_padding__hover=\u00a0\u00bb|||\u00a0\u00bb][et_pb_text admin_label=\u00a0\u00bbtexte\u00a0\u00bb _builder_version=\u00a0\u00bb4.6.6&Prime; header_font=\u00a0\u00bb|||||on|||\u00a0\u00bb header_text_align=\u00a0\u00bbleft\u00a0\u00bb header_text_color=\u00a0\u00bb#000000&Prime; header_font_size=\u00a0\u00bb48px\u00a0\u00bb custom_margin=\u00a0\u00bb|||\u00a0\u00bb header_font_size_tablet=\u00a0\u00bb36px\u00a0\u00bb header_font_size_phone=\u00a0\u00bb24px\u00a0\u00bb header_font_size_last_edited=\u00a0\u00bbon|tablet\u00a0\u00bb]<\/p>\n<p style=\"text-align: justify;\"><span style=\"color: #33afab;\"><strong><span style=\"color: #cc99ff;\">ON PR\u00c9PARE SA PEAU<\/span><br \/><\/strong><\/span>Se maquiller pour une f\u00eate, et r\u00e9aliser un maquillage des yeux charg\u00e9 c&rsquo;est bien beau, mais le faire sur une base parfaite, c&rsquo;est la cl\u00e9 du succ\u00e8s. Au quotidien, on nettoie et on hydrate sa peau (m\u00eame si elle est grasse), et on pense aux outils tels que la brosse nettoyante pour s&rsquo;offrir un visage radieux et des pores peu dilat\u00e9s.<\/p>\n<p>[\/et_pb_text][et_pb_image src=\u00a0\u00bbhttps:\/\/rivegauche-magazine.ch\/wp-content\/uploads\/2020\/12\/MAQUILLAGE2C.jpg\u00a0\u00bb title_text=\u00a0\u00bbMAQUILLAGE2C\u00a0\u00bb align_tablet=\u00a0\u00bbcenter\u00a0\u00bb align_phone=\u00a0\u00bb\u00a0\u00bb align_last_edited=\u00a0\u00bbon|desktop\u00a0\u00bb _builder_version=\u00a0\u00bb4.6.6&Prime;][\/et_pb_image][et_pb_text admin_label=\u00a0\u00bbtexte\u00a0\u00bb _builder_version=\u00a0\u00bb4.6.6&Prime; header_font=\u00a0\u00bb|||||on|||\u00a0\u00bb header_text_align=\u00a0\u00bbleft\u00a0\u00bb header_text_color=\u00a0\u00bb#000000&Prime; header_font_size=\u00a0\u00bb48px\u00a0\u00bb custom_margin=\u00a0\u00bb|||\u00a0\u00bb header_font_size_tablet=\u00a0\u00bb36px\u00a0\u00bb header_font_size_phone=\u00a0\u00bb24px\u00a0\u00bb header_font_size_last_edited=\u00a0\u00bbon|tablet\u00a0\u00bb]<\/p>\n<p style=\"text-align: justify;\"><strong><span style=\"color: #cc99ff;\">ON SE FAIT UN TEINT PARFAIT<\/span><\/strong><br \/>Un maquillage de f\u00eates est un maquillage qui reste charg\u00e9. Le secret est donc de miser sur un teint ultra naturel en veillant bien \u00e0 camoufler les d\u00e9fauts. Apr\u00e8s avoir cach\u00e9 cernes et petites imperfections \u00e0 l&rsquo;aide d&rsquo;un correcteur, on s&rsquo;attaque au fond de teint. Pour avoir un effet couvrant mais l\u00e9ger, on choisit un fond de teint plut\u00f4t fluide qui correspond \u00e0 notre carnation. On l&rsquo;applique \u00e0 l&rsquo;\u00e9ponge ou au pinceau sur l&rsquo;ensemble du visage, toujours du centre vers l&rsquo;ext\u00e9rieur en \u00e9tirant bien les traits. Pour \u00e9viter l&rsquo;aspect brillant, on applique une poudre libre mat et neutre.<\/p>\n<p style=\"text-align: justify;\"><strong><span style=\"color: #cc99ff;\">ON DONNE DE LA PROFONDEUR AU REGARD<\/span><br \/><\/strong>Tout commence par le sourcil. \u00c9toffez-le et disciplinez-le en deux temps trois mouvements. Commencez par le brosser vers le bas \u00e0 l\u2019aide d\u2019un pinceau goupillon. Avec un crayon, tracez des hachures pour combler les zones clairsem\u00e9es en imitant l\u2019implantation des poils.<\/p>\n<p>[\/et_pb_text][\/et_pb_column][et_pb_column type=\u00a0\u00bb1_2&Prime; _builder_version=\u00a0\u00bb3.25&Prime; custom_padding=\u00a0\u00bb|||\u00a0\u00bb custom_padding__hover=\u00a0\u00bb|||\u00a0\u00bb][et_pb_text admin_label=\u00a0\u00bbtexte\u00a0\u00bb _builder_version=\u00a0\u00bb4.6.6&Prime; header_font=\u00a0\u00bb|||||on|||\u00a0\u00bb header_text_align=\u00a0\u00bbleft\u00a0\u00bb header_text_color=\u00a0\u00bb#000000&Prime; header_font_size=\u00a0\u00bb48px\u00a0\u00bb custom_margin=\u00a0\u00bb|||\u00a0\u00bb header_font_size_tablet=\u00a0\u00bb36px\u00a0\u00bb header_font_size_phone=\u00a0\u00bb24px\u00a0\u00bb header_font_size_last_edited=\u00a0\u00bbon|tablet\u00a0\u00bb]<\/p>\n<p style=\"text-align: justify;\">Appliquez ensuite un fard dor\u00e9 sur toute la paupi\u00e8re mobile. Pour illuminer votre regard, utilisez un fard blanc iris\u00e9 sur la racine des sourcils et dans le coin de l&rsquo;\u0153il. Pour agrandir votre regard, utilisez un fard marron, tracez une ligne sous l&rsquo;\u0153il et floutez \u00e0 l&rsquo;aide d&rsquo;un gros pinceau<br \/>Terminez avec un mascara noir, plut\u00f4t allongeant. Insistez sur les cils du coin externe afin d\u2019ouvrir le regard au maximum.<\/p>\n<p style=\"text-align: justify;\"><span style=\"color: #33afab;\"><strong><span style=\"color: #cc99ff;\">ON SE FAIT UNE BOUCHE GLAMOUR<\/span><br \/><\/strong><\/span>On oublie les gloss, on voit rouge. Le bon ton de lipstick pour rehausser l\u2019\u00e9clat du teint ? Un rouge coquelicot, une valeur s\u00fbre pour les audacieuses, ou un discret bois de rose pour un effet moins appuy\u00e9. Choisissez une formule soin hydratante et satin\u00e9e. Si elle est enrichie en collag\u00e8ne et en peptides, c\u2019est encore mieux pour repulper la bouche, qui s\u2019affine au fil des ans.<br \/>Commencez par appliquer votre rouge \u00e0 l\u00e8vres directement au raisin. Puis, avec un crayon ton sur ton, redessinez le contour de l\u2019ext\u00e9rieur vers l\u2019int\u00e9rieur, pour \u00e9viter \u00e0 la couleur de filer. Finissez d&rsquo;appliquer le rouge \u00e0 l\u00e8vre sur l&rsquo;ensemble des l\u00e8vres.<\/p>\n<p><strong><span style=\"color: #cc99ff;\">ON FIXE LE TOUT<\/span><\/strong><br \/>Pour finir ce maquillage en beaut\u00e9, on termine par une derni\u00e8re touche qui n&rsquo;est pas des moindres : le fixateur. Vaporisez un fixateur de maquillage sur l&rsquo;ensemble du visage. Si vous n&rsquo;en avez pas sous la main, pas de panique, un pschitt d&rsquo;eau thermale peut faire l&rsquo;affaire.<\/p>\n<p>[\/et_pb_text][et_pb_image src=\u00a0\u00bbhttps:\/\/rivegauche-magazine.ch\/wp-content\/uploads\/2020\/12\/MAQUILLAGE2C2.jpg\u00a0\u00bb title_text=\u00a0\u00bbMAQUILLAGE2C2&Prime; align_tablet=\u00a0\u00bbcenter\u00a0\u00bb align_phone=\u00a0\u00bb\u00a0\u00bb align_last_edited=\u00a0\u00bbon|desktop\u00a0\u00bb _builder_version=\u00a0\u00bb4.6.6&Prime;][\/et_pb_image][\/et_pb_column][\/et_pb_row][\/et_pb_section][et_pb_section fb_built=\u00a0\u00bb1&Prime; disabled_on=\u00a0\u00bboff|off|off\u00a0\u00bb admin_label=\u00a0\u00bbAgenda\u00a0\u00bb _builder_version=\u00a0\u00bb3.22.7&Prime; custom_margin=\u00a0\u00bb||\u00a0\u00bb custom_padding=\u00a0\u00bb0px|||||\u00a0\u00bb][et_pb_row _builder_version=\u00a0\u00bb3.25&Prime;][et_pb_column type=\u00a0\u00bb4_4&Prime; _builder_version=\u00a0\u00bb3.25&Prime; custom_padding=\u00a0\u00bb|||\u00a0\u00bb custom_padding__hover=\u00a0\u00bb|||\u00a0\u00bb][et_pb_divider divider_weight=\u00a0\u00bb13px\u00a0\u00bb _builder_version=\u00a0\u00bb3.22.7&Prime; width=\u00a0\u00bb180px\u00a0\u00bb custom_padding=\u00a0\u00bb|||50px\u00a0\u00bb][\/et_pb_divider][et_pb_divider _builder_version=\u00a0\u00bb3.22.7&Prime; custom_margin=\u00a0\u00bb-57px||\u00a0\u00bb custom_margin_tablet=\u00a0\u00bb-44px||\u00a0\u00bb custom_margin_phone=\u00a0\u00bb\u00a0\u00bb custom_margin_last_edited=\u00a0\u00bbon|phone\u00a0\u00bb custom_padding=\u00a0\u00bb0px||\u00a0\u00bb][\/et_pb_divider][\/et_pb_column][\/et_pb_row][et_pb_row column_structure=\u00a0\u00bb1_2,1_2&Prime; admin_label=\u00a0\u00bbTitre Agenda\u00a0\u00bb _builder_version=\u00a0\u00bb3.25&Prime; custom_margin=\u00a0\u00bb||\u00a0\u00bb custom_padding=\u00a0\u00bb0px||0px|||\u00a0\u00bb][et_pb_column type=\u00a0\u00bb1_2&Prime; _builder_version=\u00a0\u00bb3.25&Prime; custom_padding=\u00a0\u00bb0px|||\u00a0\u00bb custom_padding__hover=\u00a0\u00bb|||\u00a0\u00bb][et_pb_text _builder_version=\u00a0\u00bb3.27.4&Prime; header_font=\u00a0\u00bbGeorgia||||||||\u00a0\u00bb header_text_color=\u00a0\u00bb#000000&Prime; header_font_size=\u00a0\u00bb48px\u00a0\u00bb custom_margin=\u00a0\u00bb-25px|||50px\u00a0\u00bb header_font_size_tablet=\u00a0\u00bb36px\u00a0\u00bb header_font_size_phone=\u00a0\u00bb24px\u00a0\u00bb header_font_size_last_edited=\u00a0\u00bbon|tablet\u00a0\u00bb]<\/p>\n<h1>ARTICLES<\/h1>\n<p>[\/et_pb_text][\/et_pb_column][et_pb_column type=\u00a0\u00bb1_2&Prime; _builder_version=\u00a0\u00bb3.25&Prime; custom_padding=\u00a0\u00bb|||\u00a0\u00bb custom_padding__hover=\u00a0\u00bb|||\u00a0\u00bb][et_pb_text _builder_version=\u00a0\u00bb3.27.4&Prime; text_font=\u00a0\u00bb||||||||\u00a0\u00bb header_font=\u00a0\u00bb||||||||\u00a0\u00bb header_2_font=\u00a0\u00bbTimes New Roman||||||||\u00a0\u00bb][\/et_pb_text][\/et_pb_column][\/et_pb_row][et_pb_row column_structure=\u00a0\u00bb1_3,1_3,1_3&Prime; _builder_version=\u00a0\u00bb3.25&Prime;][et_pb_column type=\u00a0\u00bb1_3&Prime; _builder_version=\u00a0\u00bb3.25&Prime; custom_padding=\u00a0\u00bb|||\u00a0\u00bb custom_padding__hover=\u00a0\u00bb|||\u00a0\u00bb][et_pb_image src=\u00a0\u00bbhttps:\/\/rivegauche-magazine.ch\/wp-content\/uploads\/2020\/12\/FLORILEGE3C.jpg\u00a0\u00bb title_text=\u00a0\u00bbFLORILEGE3C\u00a0\u00bb url=\u00a0\u00bbhttps:\/\/rivegauche-magazine.ch\/index.php\/artisans-commercants\/florilege\/\u00a0\u00bb align_tablet=\u00a0\u00bbcenter\u00a0\u00bb align_phone=\u00a0\u00bb\u00a0\u00bb align_last_edited=\u00a0\u00bbon|desktop\u00a0\u00bb _builder_version=\u00a0\u00bb4.6.6&Prime;][\/et_pb_image][et_pb_text admin_label=\u00a0\u00bbevasion bien-etre\u00a0\u00bb _builder_version=\u00a0\u00bb4.6.6&Prime; custom_margin=\u00a0\u00bb-25px||\u00a0\u00bb link_option_url=\u00a0\u00bbhttps:\/\/rivegauche-magazine.ch\/index.php\/artisans-commercants\/florilege\/\u00a0\u00bb]<\/p>\n<h1 style=\"text-align: right;\">FLORIL\u00c8GE<\/h1>\n<h4 style=\"text-align: right;\">Institut de beaut\u00e9 &amp; Esth\u00e9ticienne CFC<\/h4>\n<p>[\/et_pb_text][\/et_pb_column][et_pb_column type=\u00a0\u00bb1_3&Prime; _builder_version=\u00a0\u00bb3.25&Prime; custom_padding=\u00a0\u00bb|||\u00a0\u00bb custom_padding__hover=\u00a0\u00bb|||\u00a0\u00bb][\/et_pb_column][et_pb_column type=\u00a0\u00bb1_3&Prime; _builder_version=\u00a0\u00bb3.25&Prime; custom_padding=\u00a0\u00bb|||\u00a0\u00bb custom_padding__hover=\u00a0\u00bb|||\u00a0\u00bb][\/et_pb_column][\/et_pb_row][\/et_pb_section]<\/p>\n","protected":false},"excerpt":{"rendered":"<p>R\u00e9ussir son maquillage de f\u00eatesAh les f\u00eates de fin d\u2019ann\u00e9e, No\u00ebl, le Nouvel An, les soir\u00e9es entre amis&#8230; et le maquillage paillet\u00e9\u2009! Comment r\u00e9ussir votre make-up pour une f\u00eate sans en faire trop, sans ressembler \u00e0 un sapin de No\u00ebl trop d\u00e9cor\u00e9 ou une boule \u00e0 facettes ? Voici nos astuces pour un maquillage de [&hellip;]<\/p>\n","protected":false},"author":2,"featured_media":0,"parent":1368,"menu_order":0,"comment_status":"closed","ping_status":"closed","template":"","meta":{"_et_pb_use_builder":"on","_et_pb_old_content":"","_et_gb_content_width":"","footnotes":""},"class_list":["post-5708","page","type-page","status-publish","hentry"],"_links":{"self":[{"href":"https:\/\/geneve-et-vous-magazine.ch\/index.php\/wp-json\/wp\/v2\/pages\/5708","targetHints":{"allow":["GET"]}}],"collection":[{"href":"https:\/\/geneve-et-vous-magazine.ch\/index.php\/wp-json\/wp\/v2\/pages"}],"about":[{"href":"https:\/\/geneve-et-vous-magazine.ch\/index.php\/wp-json\/wp\/v2\/types\/page"}],"author":[{"embeddable":true,"href":"https:\/\/geneve-et-vous-magazine.ch\/index.php\/wp-json\/wp\/v2\/users\/2"}],"replies":[{"embeddable":true,"href":"https:\/\/geneve-et-vous-magazine.ch\/index.php\/wp-json\/wp\/v2\/comments?post=5708"}],"version-history":[{"count":5,"href":"https:\/\/geneve-et-vous-magazine.ch\/index.php\/wp-json\/wp\/v2\/pages\/5708\/revisions"}],"predecessor-version":[{"id":5717,"href":"https:\/\/geneve-et-vous-magazine.ch\/index.php\/wp-json\/wp\/v2\/pages\/5708\/revisions\/5717"}],"up":[{"embeddable":true,"href":"https:\/\/geneve-et-vous-magazine.ch\/index.php\/wp-json\/wp\/v2\/pages\/1368"}],"wp:attachment":[{"href":"https:\/\/geneve-et-vous-magazine.ch\/index.php\/wp-json\/wp\/v2\/media?parent=5708"}],"curies":[{"name":"wp","href":"https:\/\/api.w.org\/{rel}","templated":true}]}}