{"id":4336,"date":"2020-07-24T11:22:08","date_gmt":"2020-07-24T09:22:08","guid":{"rendered":"https:\/\/rivegauche-magazine.ch\/?page_id=4336"},"modified":"2021-12-14T12:43:31","modified_gmt":"2021-12-14T11:43:31","slug":"belle-ile-en-mer","status":"publish","type":"page","link":"https:\/\/geneve-et-vous-magazine.ch\/index.php\/destinations\/belle-ile-en-mer\/","title":{"rendered":"Belle-Ile-en-Mer"},"content":{"rendered":"<p>[et_pb_section fb_built=\u00a0\u00bb1&Prime; _builder_version=\u00a0\u00bb3.22.7&Prime; global_colors_info=\u00a0\u00bb{}\u00a0\u00bb][et_pb_row _builder_version=\u00a0\u00bb3.25&Prime; global_colors_info=\u00a0\u00bb{}\u00a0\u00bb][et_pb_column type=\u00a0\u00bb4_4&Prime; _builder_version=\u00a0\u00bb3.25&Prime; custom_padding=\u00a0\u00bb|||\u00a0\u00bb global_colors_info=\u00a0\u00bb{}\u00a0\u00bb custom_padding__hover=\u00a0\u00bb|||\u00a0\u00bb][et_pb_divider _builder_version=\u00a0\u00bb3.22.7&Prime; global_colors_info=\u00a0\u00bb{}\u00a0\u00bb][\/et_pb_divider][\/et_pb_column][\/et_pb_row][et_pb_row _builder_version=\u00a0\u00bb3.25&Prime; global_colors_info=\u00a0\u00bb{}\u00a0\u00bb][et_pb_column type=\u00a0\u00bb4_4&Prime; _builder_version=\u00a0\u00bb3.25&Prime; custom_padding=\u00a0\u00bb|||\u00a0\u00bb global_colors_info=\u00a0\u00bb{}\u00a0\u00bb custom_padding__hover=\u00a0\u00bb|||\u00a0\u00bb][et_pb_text _builder_version=\u00a0\u00bb3.27.4&Prime; border_color_bottom=\u00a0\u00bb#f9a461&Prime; border_width_left=\u00a0\u00bb9px\u00a0\u00bb border_color_left=\u00a0\u00bb#4bc1bb\u00a0\u00bb global_colors_info=\u00a0\u00bb{}\u00a0\u00bb]<\/p>\n<h1 style=\"padding-left: 30px;\"><span style=\"color: #33cccc;\">Belle-\u00cele-en-Mer,<\/span> un lieu d&rsquo;exception !<\/h1>\n<p>[\/et_pb_text][\/et_pb_column][\/et_pb_row][et_pb_row _builder_version=\u00a0\u00bb3.25&Prime; global_colors_info=\u00a0\u00bb{}\u00a0\u00bb][et_pb_column type=\u00a0\u00bb4_4&Prime; _builder_version=\u00a0\u00bb3.25&Prime; custom_padding=\u00a0\u00bb|||\u00a0\u00bb global_colors_info=\u00a0\u00bb{}\u00a0\u00bb custom_padding__hover=\u00a0\u00bb|||\u00a0\u00bb][et_pb_text _builder_version=\u00a0\u00bb3.27.4&Prime; global_colors_info=\u00a0\u00bb{}\u00a0\u00bb]<\/p>\n<p style=\"text-align: justify;\"><span style=\"color: #33cccc;\"><strong>Belle-\u00cele-en-Mer fait partie de ces lieux magiques, aujourd\u2019hui rares, qui ont su pr\u00e9server leur patrimoine autant humain que naturel. Comme toute \u00eele, Belle-\u00cele poss\u00e8de son rythme propre et ses paysages \u00e0 nul autre pareil. Mais outre cette nature pr\u00e9serv\u00e9e, Belle-\u00cele, c\u2019est aussi une animation culturelle tr\u00e8s vivante et un plein d\u2019activit\u00e9s d\u00e9di\u00e9es aussi bien \u00e0 la d\u00e9couverte qu\u2019\u00e0 la d\u00e9tente.<\/strong><\/span><\/p>\n<p>[\/et_pb_text][\/et_pb_column][\/et_pb_row][et_pb_row _builder_version=\u00a0\u00bb3.25&Prime; global_colors_info=\u00a0\u00bb{}\u00a0\u00bb][et_pb_column type=\u00a0\u00bb4_4&Prime; _builder_version=\u00a0\u00bb3.25&Prime; custom_padding=\u00a0\u00bb|||\u00a0\u00bb global_colors_info=\u00a0\u00bb{}\u00a0\u00bb custom_padding__hover=\u00a0\u00bb|||\u00a0\u00bb][et_pb_divider _builder_version=\u00a0\u00bb3.22.7&Prime; custom_margin=\u00a0\u00bb-22px||-28px\u00a0\u00bb global_colors_info=\u00a0\u00bb{}\u00a0\u00bb][\/et_pb_divider][\/et_pb_column][\/et_pb_row][\/et_pb_section][et_pb_section fb_built=\u00a0\u00bb1&Prime; admin_label=\u00a0\u00bbArticles 1 colonne\u00a0\u00bb _builder_version=\u00a0\u00bb3.22.7&Prime; custom_margin=\u00a0\u00bb||\u00a0\u00bb custom_padding=\u00a0\u00bb0px|||||\u00a0\u00bb global_colors_info=\u00a0\u00bb{}\u00a0\u00bb][et_pb_row admin_label=\u00a0\u00bbTitre Agenda\u00a0\u00bb _builder_version=\u00a0\u00bb3.25&Prime; custom_margin=\u00a0\u00bb||\u00a0\u00bb custom_padding=\u00a0\u00bb0px||0px|||\u00a0\u00bb global_colors_info=\u00a0\u00bb{}\u00a0\u00bb column_structure=\u00a0\u00bb3_5,2_5&Prime;][et_pb_column type=\u00a0\u00bb3_5&Prime; _builder_version=\u00a0\u00bb3.25&Prime; custom_padding=\u00a0\u00bb0px|||\u00a0\u00bb global_colors_info=\u00a0\u00bb{}\u00a0\u00bb custom_padding__hover=\u00a0\u00bb|||\u00a0\u00bb][et_pb_image src=\u00a0\u00bbhttps:\/\/rivegauche-magazine.ch\/wp-content\/uploads\/2020\/07\/2-COLONNES2-1.jpg\u00a0\u00bb align_tablet=\u00a0\u00bbcenter\u00a0\u00bb align_last_edited=\u00a0\u00bbon|desktop\u00a0\u00bb _builder_version=\u00a0\u00bb3.23&Prime; global_colors_info=\u00a0\u00bb{}\u00a0\u00bb align_phone=\u00a0\u00bbcenter\u00a0\u00bb][\/et_pb_image][et_pb_image src=\u00a0\u00bbhttps:\/\/rivegauche-magazine.ch\/wp-content\/uploads\/2020\/07\/BEL-2-COLONNES-copie.jpg\u00a0\u00bb align_tablet=\u00a0\u00bbcenter\u00a0\u00bb align_last_edited=\u00a0\u00bbon|desktop\u00a0\u00bb _builder_version=\u00a0\u00bb3.23&Prime; global_colors_info=\u00a0\u00bb{}\u00a0\u00bb align_phone=\u00a0\u00bbcenter\u00a0\u00bb][\/et_pb_image][\/et_pb_column][et_pb_column type=\u00a0\u00bb2_5&Prime; _builder_version=\u00a0\u00bb3.25&Prime; custom_padding=\u00a0\u00bb|||\u00a0\u00bb global_colors_info=\u00a0\u00bb{}\u00a0\u00bb custom_padding__hover=\u00a0\u00bb|||\u00a0\u00bb][et_pb_text admin_label=\u00a0\u00bbNOM CLIENT\u00a0\u00bb _builder_version=\u00a0\u00bb3.27.4&Prime; header_font=\u00a0\u00bb|||||on|||\u00a0\u00bb header_text_align=\u00a0\u00bbleft\u00a0\u00bb header_text_color=\u00a0\u00bb#000000&Prime; header_font_size=\u00a0\u00bb48px\u00a0\u00bb custom_margin=\u00a0\u00bb|||\u00a0\u00bb header_font_size_tablet=\u00a0\u00bb36px\u00a0\u00bb header_font_size_phone=\u00a0\u00bb24px\u00a0\u00bb header_font_size_last_edited=\u00a0\u00bbon|tablet\u00a0\u00bb global_colors_info=\u00a0\u00bb{}\u00a0\u00bb]<\/p>\n<h3 style=\"text-align: left;\"><span style=\"color: #33cccc;\">Du soleil<\/span> dans le c\u0153ur&#8230;<\/h3>\n<p style=\"text-align: justify;\">Vous pourrez profiter du soleil, car l\u2019\u00eele jouit d\u2019un microclimat tout \u00e0 fait avantageux. Vous y trouverez parfois de la v\u00e9g\u00e9tation m\u00e9diterran\u00e9enne, comme des palmiers, de la vigne ou des figuiers.<br \/>L\u2019\u00eele, la plus grande de Bretagne, s\u2019inscrit dans une forme de 17\u00a0km sur 9 km et culmine \u00e0 70 m\u00e8tres. Elle est entaill\u00e9e de nombreux petits vallons charmants \u00e0 parcourir. Vous y d\u00e9couvrirez quatre communes (Bangor, Sauzon, Le Palais et Locmaria), mais aussi plus d\u2019une centaine de petits hameaux. N\u2019h\u00e9sitez pas \u00e0 tenter la baignade sur les plages de sables fins, dont la plus pittoresque est sans doute celle de Port Donnant, un peu au nord du Castel Clara. Criques rocheuses, plages secr\u00e8tes, coteaux fleuris, villages color\u00e9s, citadelles, vous d\u00e9couvrirez \u00e0 Belle-\u00cele une lumi\u00e8re caract\u00e9ristique et une d\u00e9licieuse sensation de bout du monde, un v\u00e9ritable paradis.<\/p>\n<p>[\/et_pb_text][et_pb_text admin_label=\u00a0\u00bbNOM CLIENT\u00a0\u00bb _builder_version=\u00a0\u00bb3.27.4&Prime; header_font=\u00a0\u00bb|||||on|||\u00a0\u00bb header_text_align=\u00a0\u00bbleft\u00a0\u00bb header_text_color=\u00a0\u00bb#000000&Prime; header_font_size=\u00a0\u00bb48px\u00a0\u00bb custom_margin=\u00a0\u00bb|||\u00a0\u00bb header_font_size_tablet=\u00a0\u00bb36px\u00a0\u00bb header_font_size_phone=\u00a0\u00bb24px\u00a0\u00bb header_font_size_last_edited=\u00a0\u00bbon|tablet\u00a0\u00bb global_colors_info=\u00a0\u00bb{}\u00a0\u00bb]<\/p>\n<h3 style=\"text-align: justify;\">Les aiguilles de Port Coton :<span style=\"color: #33cccc;\"><br \/>la c\u00f4te sauvage des impressionnistes<br \/><\/span><\/h3>\n<p style=\"text-align: justify;\">La visite de cette pointe avanc\u00e9e permet de d\u00e9couvrir la sinuosit\u00e9 de la c\u00f4te, \u00eelots et rochers de toutes formes dont les aiguilles de Port Coton. Leur appellation vient de l\u2019\u00e9cume fouett\u00e9e qui, par gros temps, forme de gros flocons mousseux semblables \u00e0 du coton. Le peintre Claude Monet, qui habitait \u00e0 Kervilahouen, \u00e0 deux pas de l\u00e0, a r\u00e9v\u00e9l\u00e9 en quelques toiles c\u00e9l\u00e8bres la beaut\u00e9 de ces roches dentel\u00e9es.<\/p>\n<p>[\/et_pb_text][et_pb_text admin_label=\u00a0\u00bbNOM CLIENT\u00a0\u00bb _builder_version=\u00a0\u00bb3.27.4&Prime; header_font=\u00a0\u00bb|||||on|||\u00a0\u00bb header_text_align=\u00a0\u00bbleft\u00a0\u00bb header_text_color=\u00a0\u00bb#000000&Prime; header_font_size=\u00a0\u00bb48px\u00a0\u00bb custom_margin=\u00a0\u00bb|||\u00a0\u00bb header_font_size_tablet=\u00a0\u00bb36px\u00a0\u00bb header_font_size_phone=\u00a0\u00bb24px\u00a0\u00bb header_font_size_last_edited=\u00a0\u00bbon|tablet\u00a0\u00bb global_colors_info=\u00a0\u00bb{}\u00a0\u00bb]<\/p>\n<h3 style=\"text-align: left;\"><span style=\"color: #33cccc;\">Le grand phare<\/span><\/h3>\n<p class=\"_2cuy _3dgx _2vxa\" style=\"text-align: justify;\">Sur la commune de Bangor, \u00e9difi\u00e9 selon les plans de l\u2019ing\u00e9nieur Fresnel, le Grand Phare, situ\u00e9 \u00e0 Kervilahouen, est entr\u00e9 en service en 1836. Haut de 52 m\u00e8tres, on y d\u00e9couvre par temps clair de tr\u00e8s beaux points de vue panoramiques sur toute l\u2019\u00eele. Le rez-de-chauss\u00e9e regroupe une exposition permanente de l\u2019univers des phares et de la nature.<\/p>\n<p>[\/et_pb_text][et_pb_text admin_label=\u00a0\u00bbNOM CLIENT\u00a0\u00bb _builder_version=\u00a0\u00bb3.27.4&Prime; header_font=\u00a0\u00bb|||||on|||\u00a0\u00bb header_text_align=\u00a0\u00bbleft\u00a0\u00bb header_text_color=\u00a0\u00bb#000000&Prime; header_font_size=\u00a0\u00bb48px\u00a0\u00bb custom_margin=\u00a0\u00bb|||\u00a0\u00bb header_font_size_tablet=\u00a0\u00bb36px\u00a0\u00bb header_font_size_phone=\u00a0\u00bb24px\u00a0\u00bb header_font_size_last_edited=\u00a0\u00bbon|tablet\u00a0\u00bb global_colors_info=\u00a0\u00bb{}\u00a0\u00bb]<\/p>\n<h3 style=\"text-align: left;\">L&rsquo;\u00c9glise<span style=\"color: #33cccc;\"> de Locmaria<br \/><\/span><\/h3>\n<p class=\"_2cuy _3dgx _2vxa\" style=\"text-align: justify;\">La premi\u00e8re \u00e9glise de Locmaria aurait \u00e9t\u00e9 consacr\u00e9e en 1070. Elle serait donc la plus ancienne de l\u2019\u00eele, et se caract\u00e9rise par grand corps d\u2019\u00e9difice avec le grand autel au pignon du levant, par deux bras orn\u00e9s de chapelles, par un clocher en aiguille, par son toit en lambris des charpentes sous la couverture en ardoises.<\/p>\n<p>[\/et_pb_text][\/et_pb_column][\/et_pb_row][et_pb_row _builder_version=\u00a0\u00bb3.25&Prime; global_colors_info=\u00a0\u00bb{}\u00a0\u00bb][et_pb_column type=\u00a0\u00bb4_4&Prime; _builder_version=\u00a0\u00bb3.25&Prime; custom_padding=\u00a0\u00bb|||\u00a0\u00bb global_colors_info=\u00a0\u00bb{}\u00a0\u00bb custom_padding__hover=\u00a0\u00bb|||\u00a0\u00bb][et_pb_divider _builder_version=\u00a0\u00bb3.22.7&Prime; custom_margin=\u00a0\u00bb-22px||-28px\u00a0\u00bb global_colors_info=\u00a0\u00bb{}\u00a0\u00bb][\/et_pb_divider][\/et_pb_column][\/et_pb_row][et_pb_row _builder_version=\u00a0\u00bb3.25&Prime; global_colors_info=\u00a0\u00bb{}\u00a0\u00bb column_structure=\u00a0\u00bb1_3,1_3,1_3&Prime;][et_pb_column type=\u00a0\u00bb1_3&Prime; _builder_version=\u00a0\u00bb3.25&Prime; custom_padding=\u00a0\u00bb|||\u00a0\u00bb global_colors_info=\u00a0\u00bb{}\u00a0\u00bb custom_padding__hover=\u00a0\u00bb|||\u00a0\u00bb][et_pb_text _builder_version=\u00a0\u00bb3.27.4&Prime; global_colors_info=\u00a0\u00bb{}\u00a0\u00bb]<\/p>\n<h3><span style=\"color: #33cccc;\">La Belle Fontaine<\/span><\/h3>\n<p style=\"text-align: justify;\">L\u2019aiguage Vauban, situ\u00e9 \u00e0 Le Palais, est une citerne, h\u00e9ritage incontestable du XVIIIe si\u00e8cle appel\u00e9 commun\u00e9ment par les Bellilois \u00ab\u00a0Belle Fontaine\u00a0\u00bb. Elle repr\u00e9sente l\u2019un des vestiges militaires les plus importants de l\u2019\u00eele. <br \/>Construit sous Vauban, son initiateur autour de 1703, cet \u00e9difice permettait aux navires d\u2019\u00c9tat et de commerce de venir s\u2019approvisionner en eau douce sur la c\u00f4te. Plus qu\u2019un simple r\u00e9servoir, la Belle Fontaine est un monument surprenant. \u00c0 la fois par sa complexit\u00e9 mais aussi par le site naturel dans lequel il fut b\u00e2ti, en fond de l\u2019anse de Port Larron, le monument attise les curiosit\u00e9s des historiens ou des visiteurs qui se rendent sur l\u2019\u00eele.<\/p>\n<p>[\/et_pb_text][\/et_pb_column][et_pb_column type=\u00a0\u00bb1_3&Prime; _builder_version=\u00a0\u00bb3.25&Prime; custom_padding=\u00a0\u00bb|||\u00a0\u00bb global_colors_info=\u00a0\u00bb{}\u00a0\u00bb custom_padding__hover=\u00a0\u00bb|||\u00a0\u00bb][et_pb_image src=\u00a0\u00bbhttps:\/\/rivegauche-magazine.ch\/wp-content\/uploads\/2020\/07\/3-COLONNESok.jpg\u00a0\u00bb align_tablet=\u00a0\u00bbcenter\u00a0\u00bb align_last_edited=\u00a0\u00bbon|desktop\u00a0\u00bb _builder_version=\u00a0\u00bb3.23&Prime; global_colors_info=\u00a0\u00bb{}\u00a0\u00bb align_phone=\u00a0\u00bbcenter\u00a0\u00bb][\/et_pb_image][\/et_pb_column][et_pb_column type=\u00a0\u00bb1_3&Prime; _builder_version=\u00a0\u00bb3.25&Prime; custom_padding=\u00a0\u00bb|||\u00a0\u00bb global_colors_info=\u00a0\u00bb{}\u00a0\u00bb custom_padding__hover=\u00a0\u00bb|||\u00a0\u00bb][et_pb_text _builder_version=\u00a0\u00bb3.27.4&Prime; global_colors_info=\u00a0\u00bb{}\u00a0\u00bb]<\/p>\n<h3><span style=\"color: #33cccc;\">Le pointe des Poulains<br \/><\/span>et Sarah Bernhardt<span style=\"color: #33cccc;\"><br \/><\/span><\/h3>\n<p style=\"text-align: justify;\">Cap vers le nord-ouest, lov\u00e9 dans un site incomparable \u00e0 l\u2019entr\u00e9e d\u2019un aber profond, Sauzon est devenu un agr\u00e9able port de plaisance. Un phare domine, \u00abBer er Pollen\u00bb (\u00abpointe des rochers isol\u00e9s\u00bb en breton). C\u2019est l\u2019un de plus beaux sites de l\u2019\u00eele. Tomb\u00e9e sous le charme des lieux, Sarah Bernhardt y acquiert en 1894 le fort et y s\u00e9journera pendant pr\u00e8s de trente ann\u00e9es.<br \/>L\u2019\u00eele des Poulains, class\u00e9e \u00ab site naturel prot\u00e9g\u00e9 \u00bb, et la mus\u00e9ographie de la trag\u00e9dienne sont accessibles au public. \u00c0 ne rater sous aucun pr\u00e9texte !<\/p>\n<p>[\/et_pb_text][\/et_pb_column][\/et_pb_row][et_pb_row _builder_version=\u00a0\u00bb3.25&Prime; custom_margin=\u00a0\u00bb||-14px\u00a0\u00bb global_colors_info=\u00a0\u00bb{}\u00a0\u00bb][et_pb_column type=\u00a0\u00bb4_4&Prime; _builder_version=\u00a0\u00bb3.25&Prime; custom_padding=\u00a0\u00bb|||\u00a0\u00bb global_colors_info=\u00a0\u00bb{}\u00a0\u00bb custom_padding__hover=\u00a0\u00bb|||\u00a0\u00bb][et_pb_divider _builder_version=\u00a0\u00bb3.22.7&Prime; custom_margin=\u00a0\u00bb||-7px\u00a0\u00bb global_colors_info=\u00a0\u00bb{}\u00a0\u00bb][\/et_pb_divider][\/et_pb_column][\/et_pb_row][\/et_pb_section]<\/p>\n","protected":false},"excerpt":{"rendered":"<p>Belle-\u00cele-en-Mer, un lieu d&rsquo;exception !Belle-\u00cele-en-Mer fait partie de ces lieux magiques, aujourd\u2019hui rares, qui ont su pr\u00e9server leur patrimoine autant humain que naturel. Comme toute \u00eele, Belle-\u00cele poss\u00e8de son rythme propre et ses paysages \u00e0 nul autre pareil. Mais outre cette nature pr\u00e9serv\u00e9e, Belle-\u00cele, c\u2019est aussi une animation culturelle tr\u00e8s vivante et un plein d\u2019activit\u00e9s [&hellip;]<\/p>\n","protected":false},"author":2,"featured_media":0,"parent":1463,"menu_order":0,"comment_status":"closed","ping_status":"closed","template":"","meta":{"_et_pb_use_builder":"on","_et_pb_old_content":"","_et_gb_content_width":"","footnotes":""},"class_list":["post-4336","page","type-page","status-publish","hentry"],"_links":{"self":[{"href":"https:\/\/geneve-et-vous-magazine.ch\/index.php\/wp-json\/wp\/v2\/pages\/4336","targetHints":{"allow":["GET"]}}],"collection":[{"href":"https:\/\/geneve-et-vous-magazine.ch\/index.php\/wp-json\/wp\/v2\/pages"}],"about":[{"href":"https:\/\/geneve-et-vous-magazine.ch\/index.php\/wp-json\/wp\/v2\/types\/page"}],"author":[{"embeddable":true,"href":"https:\/\/geneve-et-vous-magazine.ch\/index.php\/wp-json\/wp\/v2\/users\/2"}],"replies":[{"embeddable":true,"href":"https:\/\/geneve-et-vous-magazine.ch\/index.php\/wp-json\/wp\/v2\/comments?post=4336"}],"version-history":[{"count":12,"href":"https:\/\/geneve-et-vous-magazine.ch\/index.php\/wp-json\/wp\/v2\/pages\/4336\/revisions"}],"predecessor-version":[{"id":8804,"href":"https:\/\/geneve-et-vous-magazine.ch\/index.php\/wp-json\/wp\/v2\/pages\/4336\/revisions\/8804"}],"up":[{"embeddable":true,"href":"https:\/\/geneve-et-vous-magazine.ch\/index.php\/wp-json\/wp\/v2\/pages\/1463"}],"wp:attachment":[{"href":"https:\/\/geneve-et-vous-magazine.ch\/index.php\/wp-json\/wp\/v2\/media?parent=4336"}],"curies":[{"name":"wp","href":"https:\/\/api.w.org\/{rel}","templated":true}]}}