{"id":4303,"date":"2020-07-23T11:51:41","date_gmt":"2020-07-23T09:51:41","guid":{"rendered":"https:\/\/rivegauche-magazine.ch\/?page_id=4303"},"modified":"2020-07-23T11:51:44","modified_gmt":"2020-07-23T09:51:44","slug":"amenager-sa-terrasse-veritable-piece-supplementaire","status":"publish","type":"page","link":"https:\/\/geneve-et-vous-magazine.ch\/index.php\/life-style-decoration\/amenager-sa-terrasse-veritable-piece-supplementaire\/","title":{"rendered":"Am\u00e9nager sa terrasse, v\u00e9ritable pi\u00e8ce suppl\u00e9mentaire"},"content":{"rendered":"<p>[et_pb_section fb_built=\u00a0\u00bb1&Prime; _builder_version=\u00a0\u00bb3.22.7&Prime;][et_pb_row _builder_version=\u00a0\u00bb3.22.7&Prime;][et_pb_column type=\u00a0\u00bb4_4&Prime; _builder_version=\u00a0\u00bb3.22.7&Prime;][et_pb_divider _builder_version=\u00a0\u00bb3.22.7&Prime;][\/et_pb_divider][et_pb_text admin_label=\u00a0\u00bbTITRE\u00a0\u00bb _builder_version=\u00a0\u00bb3.22.7&Prime; header_font=\u00a0\u00bb|||||on|||\u00a0\u00bb header_text_align=\u00a0\u00bbleft\u00a0\u00bb header_text_color=\u00a0\u00bb#000000&Prime; header_font_size=\u00a0\u00bb48px\u00a0\u00bb header_font_size_tablet=\u00a0\u00bb36px\u00a0\u00bb header_font_size_phone=\u00a0\u00bb24px\u00a0\u00bb header_font_size_last_edited=\u00a0\u00bbon|tablet\u00a0\u00bb custom_margin=\u00a0\u00bb|||\u00a0\u00bb]<\/p>\n<h1 style=\"text-align: left;\"><span style=\"color: #b38742;\">Am\u00e9nager sa terrasse, v\u00e9ritable pi\u00e8ce suppl\u00e9mentaire<\/span><\/h1>\n<p>[\/et_pb_text][\/et_pb_column][\/et_pb_row][\/et_pb_section][et_pb_section fb_built=\u00a0\u00bb1&Prime; admin_label=\u00a0\u00bbArticles 1 colonne\u00a0\u00bb _builder_version=\u00a0\u00bb3.22.7&Prime; custom_margin=\u00a0\u00bb||\u00a0\u00bb custom_padding=\u00a0\u00bb0px|||||\u00a0\u00bb][et_pb_row custom_padding=\u00a0\u00bb0px||0px|||\u00a0\u00bb custom_margin=\u00a0\u00bb||\u00a0\u00bb padding_top_1=\u00a0\u00bb0px\u00a0\u00bb admin_label=\u00a0\u00bbTitre Agenda\u00a0\u00bb _builder_version=\u00a0\u00bb3.22.7&Prime;][et_pb_column type=\u00a0\u00bb1_2&Prime; _builder_version=\u00a0\u00bb3.22.7&Prime;][et_pb_text admin_label=\u00a0\u00bbDESCRIPTION\u00a0\u00bb _builder_version=\u00a0\u00bb3.22.7&Prime;]<\/p>\n<h1>Le textile <span style=\"color: #b38742;\">pour plus de cosy<br \/><\/span><\/h1>\n<p>[\/et_pb_text][et_pb_text _builder_version=\u00a0\u00bb3.22.7&Prime;]<\/p>\n<p style=\"text-align: justify;\">Dans un joli cama\u00efeu de couleurs, le textile adoucit l\u2019ambiance pour une terrasse douillette en toute saison. Multipliez les textiles. Coussins d\u2019ext\u00e9rieur \u00e0 gogo, 1, 2 ou 3 tapis, plaid pour les fra\u00eeches soir\u00e9es&#8230;<\/p>\n<p style=\"text-align: justify;\"><span style=\"color: #b38742;\"><strong>Un tapis,<\/strong><\/span> avec de nouvelles mati\u00e8res synth\u00e9tiques trouve aussi une place \u00e0 l\u2019ext\u00e9rieur. Imprim\u00e9 ou uni, il donne tout de suite une touche douillette \u00e0 une terrasse carrel\u00e9e ou en pav\u00e9s de ciment. Il dessine un espace d\u00e9tente et permet aussi d\u2019avoir une surface plus agr\u00e9able lorsque la saison permet de rester pieds nus \u00e0 l\u2019ext\u00e9rieur.<\/p>\n<p style=\"text-align: justify;\"><strong><span style=\"color: #b38742;\">Des coussins \u00e0 gogo<\/span><\/strong> aux impressions ethniques sont un bon moyen de cr\u00e9er une vraie personnalit\u00e9 \u00e0 votre terrasse. Au sol, des coussins g\u00e9n\u00e9reux deviennent des assises tout en apportant un esprit chaleureux. Avec un tapis coordonn\u00e9, c\u2019est un ensemble convivial pour imaginer un coin d\u00e9tente sur la terrasse, par exemple.<\/p>\n<p>[\/et_pb_text][et_pb_image src=\u00a0\u00bbhttps:\/\/rivegauche-magazine.ch\/wp-content\/uploads\/2020\/07\/DECO-2C2.jpg\u00a0\u00bb _builder_version=\u00a0\u00bb3.22.7&Prime; admin_label=\u00a0\u00bbImage\u00a0\u00bb][\/et_pb_image][et_pb_text admin_label=\u00a0\u00bbDESCRIPTION\u00a0\u00bb _builder_version=\u00a0\u00bb3.22.7&Prime;]<\/p>\n<h1>Jouez <span style=\"color: #b38742;\">avec la lumi\u00e8re<br \/><\/span><\/h1>\n<p>[\/et_pb_text][et_pb_text _builder_version=\u00a0\u00bb3.22.7&Prime;]<\/p>\n<p style=\"text-align: justify;\">L\u2019\u00e9clairage de la terrasse est sans doute indispensable pour de belles soir\u00e9es estivales. D\u00e9clin\u00e9s dans diff\u00e9rents styles, les luminaires outdoor sont essentiels pour cr\u00e9er une belle terrasse. Ils participent \u00e0 sa d\u00e9coration mais sont aussi importants pour dessiner une atmosph\u00e8re agr\u00e9able, le soir venu.<br \/>Une guirlande lumineuse pour donner un esprit guinguette, des suspensions en bambou apportant un caract\u00e8re boh\u00e8me, les boules lumineuses de plusieurs formes \u00e0 disposer \u00e0 plusieurs endroits de votre terrasse ou encore des lanternes d\u00e9clin\u00e9es dans des mati\u00e8res naturelles pour un style boh\u00e8me.<\/p>\n<p>[\/et_pb_text][\/et_pb_column][et_pb_column type=\u00a0\u00bb1_2&Prime; _builder_version=\u00a0\u00bb3.22.7&Prime;][et_pb_image src=\u00a0\u00bbhttps:\/\/rivegauche-magazine.ch\/wp-content\/uploads\/2020\/07\/DECO-2C.jpg\u00a0\u00bb _builder_version=\u00a0\u00bb3.22.7&Prime;][\/et_pb_image][et_pb_text admin_label=\u00a0\u00bbDESCRIPTION\u00a0\u00bb _builder_version=\u00a0\u00bb3.22.7&Prime;]<\/p>\n<h1><span style=\"color: #b38742;\">Les accessoires<\/span><\/h1>\n<p>[\/et_pb_text][et_pb_text _builder_version=\u00a0\u00bb3.22.7&Prime;]<\/p>\n<p style=\"text-align: justify;\">Au jardin, il y a ceux qui pr\u00e9f\u00e8rent revenir \u00e0 la vie sauvage version into the wild et puis ceux qui aiment\u00a0accessoiriser leur espace outdoor avec la m\u00eame rigueur que leur salon. Il y a plusieurs fa\u00e7ons pour meubler et d\u00e9corer sa terrasse \u00e0 son go\u00fbt. Vous pouvez opter par exemple pour un si\u00e8ge hamac en rotin, un luminaire en bambou,\u00a0 un canap\u00e9 douillet et des poufs moelleux : tout pour faire de votre terrasse un r\u00e9el coin repos et d\u00e9tente !<\/p>\n<p style=\"text-align: justify;\"><span style=\"color: #b38742;\"><strong>Un hamac<\/strong><\/span> apporte un esprit zen \u00e0 la terrasse. Ind\u00e9modable, il s\u2019accroche entre deux arbres ou deux poteaux sur une terrasse zen. Il s\u2019accorde avec l\u2019esprit du lieu, color\u00e9 ou contemporain, avec une pr\u00e9f\u00e9rence pour un mod\u00e8le avec des tissages en macram\u00e9 pour un hamac dans l\u2019air du temps. <\/p>\n<p style=\"text-align: justify;\"><span style=\"color: #b38742;\"><strong>Les poufs<\/strong><\/span> donnent un esprit lounge sur la terrasse, toujours avec un caract\u00e8re nomade, ils se d\u00e9placent \u00e0 volont\u00e9 sur une terrasse \u00e0 vivre contemporaine. Les poufs peuvent se d\u00e9cliner en diff\u00e9rentes teintes pour tisser une ambiance douce, pimpante ou d\u00e9cal\u00e9e.<\/p>\n<p style=\"text-align: justify;\"><strong><span style=\"color: #b38742;\">Les paniers<\/span> <\/strong>en s\u00e9rie devant la maison. Tendance, le panier se retrouve partout, m\u00eame \u00e0 l\u2019ext\u00e9rieur ! Il se d\u00e9cline en diff\u00e9rents formats et couleurs pour un esprit boh\u00e8me. On glisse \u00e0 l\u2019int\u00e9rieur des plantes ou autres selon vos envies.<\/p>\n<p style=\"text-align: justify;\"><span style=\"color: #b38742;\"><strong>Les pots de fleurs.<\/strong><\/span> Grands pots de fleurs, jardini\u00e8res sur pieds, pots de fleurs en terre cuite, jardini\u00e8res de balcon design : il y en aura pour tous les go\u00fbts, toutes les tailles et surtout toutes les plantes&#8230;Palmiers, succulentes, cactus s\u2019imposent dans des contenants irr\u00e9sistibles pour \u00e9gayer une terrasse comme un balcon au m\u00eame titre que les traditionnels salons de jardin et autres meubles.<\/p>\n<p>[\/et_pb_text][\/et_pb_column][\/et_pb_row][et_pb_row _builder_version=\u00a0\u00bb3.22.7&Prime;][et_pb_column type=\u00a0\u00bb4_4&Prime; _builder_version=\u00a0\u00bb3.22.7&Prime;][et_pb_divider _builder_version=\u00a0\u00bb3.22.7&Prime;][\/et_pb_divider][\/et_pb_column][\/et_pb_row][\/et_pb_section]<\/p>\n","protected":false},"excerpt":{"rendered":"<p>Am\u00e9nager sa terrasse, v\u00e9ritable pi\u00e8ce suppl\u00e9mentaire Le textile pour plus de cosy Dans un joli cama\u00efeu de couleurs, le textile adoucit l\u2019ambiance pour une terrasse douillette en toute saison. Multipliez les textiles. Coussins d\u2019ext\u00e9rieur \u00e0 gogo, 1, 2 ou 3 tapis, plaid pour les fra\u00eeches soir\u00e9es&#8230; Un tapis, avec de nouvelles mati\u00e8res synth\u00e9tiques trouve aussi [&hellip;]<\/p>\n","protected":false},"author":2,"featured_media":0,"parent":1383,"menu_order":0,"comment_status":"closed","ping_status":"closed","template":"","meta":{"_et_pb_use_builder":"on","_et_pb_old_content":"","_et_gb_content_width":"","footnotes":""},"class_list":["post-4303","page","type-page","status-publish","hentry"],"_links":{"self":[{"href":"https:\/\/geneve-et-vous-magazine.ch\/index.php\/wp-json\/wp\/v2\/pages\/4303","targetHints":{"allow":["GET"]}}],"collection":[{"href":"https:\/\/geneve-et-vous-magazine.ch\/index.php\/wp-json\/wp\/v2\/pages"}],"about":[{"href":"https:\/\/geneve-et-vous-magazine.ch\/index.php\/wp-json\/wp\/v2\/types\/page"}],"author":[{"embeddable":true,"href":"https:\/\/geneve-et-vous-magazine.ch\/index.php\/wp-json\/wp\/v2\/users\/2"}],"replies":[{"embeddable":true,"href":"https:\/\/geneve-et-vous-magazine.ch\/index.php\/wp-json\/wp\/v2\/comments?post=4303"}],"version-history":[{"count":5,"href":"https:\/\/geneve-et-vous-magazine.ch\/index.php\/wp-json\/wp\/v2\/pages\/4303\/revisions"}],"predecessor-version":[{"id":4311,"href":"https:\/\/geneve-et-vous-magazine.ch\/index.php\/wp-json\/wp\/v2\/pages\/4303\/revisions\/4311"}],"up":[{"embeddable":true,"href":"https:\/\/geneve-et-vous-magazine.ch\/index.php\/wp-json\/wp\/v2\/pages\/1383"}],"wp:attachment":[{"href":"https:\/\/geneve-et-vous-magazine.ch\/index.php\/wp-json\/wp\/v2\/media?parent=4303"}],"curies":[{"name":"wp","href":"https:\/\/api.w.org\/{rel}","templated":true}]}}