{"id":4293,"date":"2020-07-23T11:41:33","date_gmt":"2020-07-23T09:41:33","guid":{"rendered":"https:\/\/rivegauche-magazine.ch\/?page_id=4293"},"modified":"2020-07-23T11:41:36","modified_gmt":"2020-07-23T09:41:36","slug":"terrazzo","status":"publish","type":"page","link":"https:\/\/geneve-et-vous-magazine.ch\/index.php\/life-style-decoration\/terrazzo\/","title":{"rendered":"Terrazzo"},"content":{"rendered":"<p>[et_pb_section fb_built=\u00a0\u00bb1&Prime; _builder_version=\u00a0\u00bb3.22.7&Prime;][et_pb_row _builder_version=\u00a0\u00bb3.22.7&Prime;][et_pb_column type=\u00a0\u00bb4_4&Prime; _builder_version=\u00a0\u00bb3.22.7&Prime;][et_pb_divider _builder_version=\u00a0\u00bb3.22.7&Prime;][\/et_pb_divider][\/et_pb_column][\/et_pb_row][\/et_pb_section][et_pb_section fb_built=\u00a0\u00bb1&Prime; admin_label=\u00a0\u00bbArticles 1 colonne\u00a0\u00bb _builder_version=\u00a0\u00bb3.22.7&Prime; custom_margin=\u00a0\u00bb||\u00a0\u00bb custom_padding=\u00a0\u00bb0px|||||\u00a0\u00bb][et_pb_row custom_padding=\u00a0\u00bb0px||0px|||\u00a0\u00bb custom_margin=\u00a0\u00bb||\u00a0\u00bb padding_top_1=\u00a0\u00bb0px\u00a0\u00bb admin_label=\u00a0\u00bbTitre Agenda\u00a0\u00bb _builder_version=\u00a0\u00bb3.22.7&Prime;][et_pb_column type=\u00a0\u00bb1_2&Prime; _builder_version=\u00a0\u00bb3.22.7&Prime;][et_pb_image src=\u00a0\u00bbhttps:\/\/rivegauche-magazine.ch\/wp-content\/uploads\/2020\/07\/terrazzo-2c.jpg\u00a0\u00bb _builder_version=\u00a0\u00bb3.22.7&Prime;][\/et_pb_image][\/et_pb_column][et_pb_column type=\u00a0\u00bb1_2&Prime; _builder_version=\u00a0\u00bb3.22.7&Prime;][et_pb_text admin_label=\u00a0\u00bbTITRE\u00a0\u00bb _builder_version=\u00a0\u00bb3.22.7&Prime; header_font=\u00a0\u00bb|||||on|||\u00a0\u00bb header_text_align=\u00a0\u00bbleft\u00a0\u00bb header_text_color=\u00a0\u00bb#000000&Prime; header_font_size=\u00a0\u00bb48px\u00a0\u00bb header_font_size_tablet=\u00a0\u00bb36px\u00a0\u00bb header_font_size_phone=\u00a0\u00bb24px\u00a0\u00bb header_font_size_last_edited=\u00a0\u00bbon|tablet\u00a0\u00bb custom_margin=\u00a0\u00bb|||\u00a0\u00bb]<\/p>\n<h1 style=\"text-align: left;\"><span style=\"color: #ff99cc;\">Le carrelage terrazzo<br \/><\/span>nous invite au voyage<\/h1>\n<p>[\/et_pb_text][et_pb_text admin_label=\u00a0\u00bbDESCRIPTION\u00a0\u00bb _builder_version=\u00a0\u00bb3.22.7&Prime;]<\/p>\n<h1><span style=\"color: #ff99cc;\">\u00c9l\u00e9gant<\/span> &amp; raffin\u00e9<\/h1>\n<p>[\/et_pb_text][et_pb_text _builder_version=\u00a0\u00bb3.22.7&Prime;]<\/p>\n<p style=\"text-align: justify;\">Direction l\u2019Italie, d\u2019o\u00f9 nous vient le \u00ab terrazzo alla Veneziana \u00bb, de son vrai nom, qui signifie \u00ab pavement \u00e0 la v\u00e9nitienne \u00bb. Le carrelage d\u2019aujourd\u2019hui s\u2019inspire de ce rev\u00eatement d\u2019autrefois pour nous retranscrire l\u2019histoire et l\u2019esth\u00e9tique mouchet\u00e9e si particuli\u00e8re du terrazzo.<br \/>L\u2019\u00e9l\u00e9gance tr\u00e8s raffin\u00e9e de ce mat\u00e9riau ancestral fait un retour tr\u00e8s remarqu\u00e9 chez les fabricants de carrelage. Ils allient \u00e0 merveille les performances du carrelage \u00e0 la beaut\u00e9 color\u00e9e et granit\u00e9e du terrazzo pour restituer un aspect palais v\u00e9nitien tellement chic !<br \/>Son charme pointilliste ainsi que son aspect min\u00e9ral et naturel sont ses nombreux atouts esth\u00e9tiques. Il s\u2019inscrit d\u2019ailleurs tout \u00e0 fait dans la tendance actuelle o\u00f9 l\u2019on recherche l\u2019authenticit\u00e9 avant tout.<br \/>L\u2019effet mosa\u00efque rappelle une composition \u00e0 la fois al\u00e9atoire et g\u00e9om\u00e9trique de chutes de carrelage. L\u2019assemblage cr\u00e9e un tableau color\u00e9 et tachet\u00e9 qui fera sensation.<br \/>Gr\u00e2ce \u00e0 toutes ses qualit\u00e9s, comme la r\u00e9sistance, la facilit\u00e9 de pose ou encore d\u2019entretien, le carrelage terrazzo s\u2019invite partout avec d\u00e9lice. Il s\u2019adapte en effet \u00e0 de nombreuses pi\u00e8ces de la maison. Dans les salles de bain, par exemple, mais aussi dans la cuisine ou m\u00eame dans le salon. Il embellira d\u2019ailleurs les sols comme les murs,\u00a0mais aussi les escaliers.<\/p>\n<p>[\/et_pb_text][\/et_pb_column][\/et_pb_row][et_pb_row _builder_version=\u00a0\u00bb3.22.7&Prime;][et_pb_column type=\u00a0\u00bb4_4&Prime; _builder_version=\u00a0\u00bb3.22.7&Prime;][et_pb_divider _builder_version=\u00a0\u00bb3.22.7&Prime;][\/et_pb_divider][\/et_pb_column][\/et_pb_row][\/et_pb_section]<\/p>\n","protected":false},"excerpt":{"rendered":"<p>Le carrelage terrazzonous invite au voyage \u00c9l\u00e9gant &amp; raffin\u00e9 Direction l\u2019Italie, d\u2019o\u00f9 nous vient le \u00ab terrazzo alla Veneziana \u00bb, de son vrai nom, qui signifie \u00ab pavement \u00e0 la v\u00e9nitienne \u00bb. Le carrelage d\u2019aujourd\u2019hui s\u2019inspire de ce rev\u00eatement d\u2019autrefois pour nous retranscrire l\u2019histoire et l\u2019esth\u00e9tique mouchet\u00e9e si particuli\u00e8re du terrazzo.L\u2019\u00e9l\u00e9gance tr\u00e8s raffin\u00e9e de ce [&hellip;]<\/p>\n","protected":false},"author":2,"featured_media":0,"parent":1383,"menu_order":0,"comment_status":"closed","ping_status":"closed","template":"","meta":{"_et_pb_use_builder":"on","_et_pb_old_content":"","_et_gb_content_width":"","footnotes":""},"class_list":["post-4293","page","type-page","status-publish","hentry"],"_links":{"self":[{"href":"https:\/\/geneve-et-vous-magazine.ch\/index.php\/wp-json\/wp\/v2\/pages\/4293","targetHints":{"allow":["GET"]}}],"collection":[{"href":"https:\/\/geneve-et-vous-magazine.ch\/index.php\/wp-json\/wp\/v2\/pages"}],"about":[{"href":"https:\/\/geneve-et-vous-magazine.ch\/index.php\/wp-json\/wp\/v2\/types\/page"}],"author":[{"embeddable":true,"href":"https:\/\/geneve-et-vous-magazine.ch\/index.php\/wp-json\/wp\/v2\/users\/2"}],"replies":[{"embeddable":true,"href":"https:\/\/geneve-et-vous-magazine.ch\/index.php\/wp-json\/wp\/v2\/comments?post=4293"}],"version-history":[{"count":6,"href":"https:\/\/geneve-et-vous-magazine.ch\/index.php\/wp-json\/wp\/v2\/pages\/4293\/revisions"}],"predecessor-version":[{"id":4301,"href":"https:\/\/geneve-et-vous-magazine.ch\/index.php\/wp-json\/wp\/v2\/pages\/4293\/revisions\/4301"}],"up":[{"embeddable":true,"href":"https:\/\/geneve-et-vous-magazine.ch\/index.php\/wp-json\/wp\/v2\/pages\/1383"}],"wp:attachment":[{"href":"https:\/\/geneve-et-vous-magazine.ch\/index.php\/wp-json\/wp\/v2\/media?parent=4293"}],"curies":[{"name":"wp","href":"https:\/\/api.w.org\/{rel}","templated":true}]}}