{"id":4126,"date":"2020-07-20T10:54:02","date_gmt":"2020-07-20T08:54:02","guid":{"rendered":"https:\/\/rivegauche-magazine.ch\/?page_id=4126"},"modified":"2020-07-20T10:54:05","modified_gmt":"2020-07-20T08:54:05","slug":"tarte-au-crabe","status":"publish","type":"page","link":"https:\/\/geneve-et-vous-magazine.ch\/index.php\/gastronomie-recettes\/tarte-au-crabe\/","title":{"rendered":"TARTE AU CRABE"},"content":{"rendered":"<p>[et_pb_section fb_built=\u00a0\u00bb1&Prime; _builder_version=\u00a0\u00bb3.22.7&Prime;][et_pb_row _builder_version=\u00a0\u00bb3.22.7&Prime;][et_pb_column type=\u00a0\u00bb4_4&Prime; _builder_version=\u00a0\u00bb3.22.7&Prime;][\/et_pb_column][\/et_pb_row][\/et_pb_section][et_pb_section fb_built=\u00a0\u00bb1&Prime; admin_label=\u00a0\u00bbArticles 1 colonne\u00a0\u00bb _builder_version=\u00a0\u00bb3.22.7&Prime; custom_margin=\u00a0\u00bb||\u00a0\u00bb custom_padding=\u00a0\u00bb0px|||||\u00a0\u00bb][et_pb_row admin_label=\u00a0\u00bbrecette\u00a0\u00bb _builder_version=\u00a0\u00bb3.22.7&Prime;][et_pb_column type=\u00a0\u00bb2_5&Prime; _builder_version=\u00a0\u00bb3.22.7&Prime;][et_pb_image src=\u00a0\u00bbhttps:\/\/rivegauche-magazine.ch\/wp-content\/uploads\/2020\/07\/TARTE-CRABE-2C.jpg\u00a0\u00bb align=\u00a0\u00bbright\u00a0\u00bb _builder_version=\u00a0\u00bb3.22.7&Prime;][\/et_pb_image][\/et_pb_column][et_pb_column type=\u00a0\u00bb3_5&Prime; _builder_version=\u00a0\u00bb3.22.7&Prime;][et_pb_text admin_label=\u00a0\u00bbtitre\u00a0\u00bb _builder_version=\u00a0\u00bb3.22.7&Prime; header_font=\u00a0\u00bb|||||on|||\u00a0\u00bb header_text_color=\u00a0\u00bb#000000&Prime; header_font_size=\u00a0\u00bb48px\u00a0\u00bb header_font_size_tablet=\u00a0\u00bb36px\u00a0\u00bb header_font_size_phone=\u00a0\u00bb24px\u00a0\u00bb header_font_size_last_edited=\u00a0\u00bbon|tablet\u00a0\u00bb custom_margin=\u00a0\u00bb|||\u00a0\u00bb]<\/p>\n<h1>Tarte au crabe<\/h1>\n<p>[\/et_pb_text][et_pb_text admin_label=\u00a0\u00bbIngr\u00e9dients\u00a0\u00bb _builder_version=\u00a0\u00bb3.22.7&Prime; text_font=\u00a0\u00bb||||||||\u00a0\u00bb header_font=\u00a0\u00bb||||||||\u00a0\u00bb text_orientation=\u00a0\u00bbjustified\u00a0\u00bb]<\/p>\n<h4>\u00a0<\/h4>\n<h4>INGR\u00c9DIENTS<\/h4>\n<ul>\n<li>2 bo\u00eetes de crabe<\/li>\n<li>1 petite bo\u00eete de concentr\u00e9 de tomates<\/li>\n<li>2 \u0153ufs<\/li>\n<li>100 g de gruy\u00e8re r\u00e2p\u00e9<\/li>\n<li>15 cl de cr\u00e8me liquide<\/li>\n<li>1 cuill\u00e8re \u00e0 caf\u00e9 d\u2019herbes pour pizzas<\/li>\n<li>1 p\u00e2te bris\u00e9e toute faite ou pr\u00e9par\u00e9e par vos soins<\/li>\n<\/ul>\n<p>&nbsp;<\/p>\n<p>[\/et_pb_text][et_pb_text admin_label=\u00a0\u00bbPr\u00e9paration\u00a0\u00bb _builder_version=\u00a0\u00bb3.22.7&Prime;]<\/p>\n<h3>PR\u00c9PARATION<\/h3>\n<ol>\n<li style=\"text-align: justify;\">Faites \u00e9goutter la chair de crabe soigneusement, puis m\u00e9langez-la avec le reste des ingr\u00e9dients.<\/li>\n<li style=\"text-align: justify;\">Il ne reste qu\u2019\u00e0 d\u00e9poser cette pr\u00e9paration sur la p\u00e2te bris\u00e9e qui aura \u00e9t\u00e9 d\u00e9roul\u00e9e sur un moule.<\/li>\n<li style=\"text-align: justify;\">Mettez dans le four, pr\u00e9chauff\u00e9 \u00e0 200\u00b0C et laissez cuire 30 min.<\/li>\n<li style=\"text-align: justify;\">D\u00e9gustez comme entr\u00e9e, ou en repas, avec de la salade.<\/li>\n<\/ol>\n<p>[\/et_pb_text][\/et_pb_column][\/et_pb_row][\/et_pb_section]<\/p>\n","protected":false},"excerpt":{"rendered":"<p>Tarte au crabe \u00a0 INGR\u00c9DIENTS 2 bo\u00eetes de crabe 1 petite bo\u00eete de concentr\u00e9 de tomates 2 \u0153ufs 100 g de gruy\u00e8re r\u00e2p\u00e9 15 cl de cr\u00e8me liquide 1 cuill\u00e8re \u00e0 caf\u00e9 d\u2019herbes pour pizzas 1 p\u00e2te bris\u00e9e toute faite ou pr\u00e9par\u00e9e par vos soins &nbsp; PR\u00c9PARATION Faites \u00e9goutter la chair de crabe soigneusement, puis [&hellip;]<\/p>\n","protected":false},"author":2,"featured_media":0,"parent":1141,"menu_order":0,"comment_status":"closed","ping_status":"closed","template":"","meta":{"_et_pb_use_builder":"on","_et_pb_old_content":"","_et_gb_content_width":"","footnotes":""},"class_list":["post-4126","page","type-page","status-publish","hentry"],"_links":{"self":[{"href":"https:\/\/geneve-et-vous-magazine.ch\/index.php\/wp-json\/wp\/v2\/pages\/4126","targetHints":{"allow":["GET"]}}],"collection":[{"href":"https:\/\/geneve-et-vous-magazine.ch\/index.php\/wp-json\/wp\/v2\/pages"}],"about":[{"href":"https:\/\/geneve-et-vous-magazine.ch\/index.php\/wp-json\/wp\/v2\/types\/page"}],"author":[{"embeddable":true,"href":"https:\/\/geneve-et-vous-magazine.ch\/index.php\/wp-json\/wp\/v2\/users\/2"}],"replies":[{"embeddable":true,"href":"https:\/\/geneve-et-vous-magazine.ch\/index.php\/wp-json\/wp\/v2\/comments?post=4126"}],"version-history":[{"count":4,"href":"https:\/\/geneve-et-vous-magazine.ch\/index.php\/wp-json\/wp\/v2\/pages\/4126\/revisions"}],"predecessor-version":[{"id":4131,"href":"https:\/\/geneve-et-vous-magazine.ch\/index.php\/wp-json\/wp\/v2\/pages\/4126\/revisions\/4131"}],"up":[{"embeddable":true,"href":"https:\/\/geneve-et-vous-magazine.ch\/index.php\/wp-json\/wp\/v2\/pages\/1141"}],"wp:attachment":[{"href":"https:\/\/geneve-et-vous-magazine.ch\/index.php\/wp-json\/wp\/v2\/media?parent=4126"}],"curies":[{"name":"wp","href":"https:\/\/api.w.org\/{rel}","templated":true}]}}