{"id":3434,"date":"2020-03-29T16:26:44","date_gmt":"2020-03-29T14:26:44","guid":{"rendered":"https:\/\/rivegauche-magazine.ch\/?page_id=3434"},"modified":"2020-03-29T16:41:01","modified_gmt":"2020-03-29T14:41:01","slug":"tendances-deco","status":"publish","type":"page","link":"https:\/\/geneve-et-vous-magazine.ch\/index.php\/life-style-decoration\/tendances-deco\/","title":{"rendered":"Tendances d\u00e9co"},"content":{"rendered":"<p>[et_pb_section fb_built=\u00a0\u00bb1&Prime; _builder_version=\u00a0\u00bb3.22.7&Prime;][et_pb_row _builder_version=\u00a0\u00bb3.22.7&Prime;][et_pb_column type=\u00a0\u00bb4_4&Prime; _builder_version=\u00a0\u00bb3.22.7&Prime;][et_pb_divider _builder_version=\u00a0\u00bb3.22.7&Prime;][\/et_pb_divider][et_pb_text admin_label=\u00a0\u00bbTITRE\u00a0\u00bb _builder_version=\u00a0\u00bb3.22.7&Prime; header_font=\u00a0\u00bb|||||on|||\u00a0\u00bb header_text_align=\u00a0\u00bbleft\u00a0\u00bb header_text_color=\u00a0\u00bb#000000&Prime; header_font_size=\u00a0\u00bb48px\u00a0\u00bb header_font_size_tablet=\u00a0\u00bb36px\u00a0\u00bb header_font_size_phone=\u00a0\u00bb24px\u00a0\u00bb header_font_size_last_edited=\u00a0\u00bbon|tablet\u00a0\u00bb custom_margin=\u00a0\u00bb|||\u00a0\u00bb]<\/p>\n<h1 style=\"text-align: left;\"><span style=\"color: #f68b48;\">Les tendances d\u00e9co printemps 2020<\/span><\/h1>\n<p>[\/et_pb_text][\/et_pb_column][\/et_pb_row][\/et_pb_section][et_pb_section fb_built=\u00a0\u00bb1&Prime; admin_label=\u00a0\u00bbArticles 1 colonne\u00a0\u00bb _builder_version=\u00a0\u00bb3.22.7&Prime; custom_margin=\u00a0\u00bb||\u00a0\u00bb custom_padding=\u00a0\u00bb0px|||||\u00a0\u00bb][et_pb_row custom_padding=\u00a0\u00bb0px||0px|||\u00a0\u00bb custom_margin=\u00a0\u00bb||\u00a0\u00bb padding_top_1=\u00a0\u00bb0px\u00a0\u00bb admin_label=\u00a0\u00bbTitre Agenda\u00a0\u00bb _builder_version=\u00a0\u00bb3.22.7&Prime;][et_pb_column type=\u00a0\u00bb1_2&Prime; _builder_version=\u00a0\u00bb3.22.7&Prime;][et_pb_image src=\u00a0\u00bbhttps:\/\/rivegauche-magazine.ch\/wp-content\/uploads\/2020\/03\/de\u0301co1.jpg\u00a0\u00bb _builder_version=\u00a0\u00bb3.22.7&Prime;][\/et_pb_image][et_pb_text admin_label=\u00a0\u00bbDESCRIPTION\u00a0\u00bb _builder_version=\u00a0\u00bb3.22.7&Prime;]<\/p>\n<h1>L&rsquo;herbe <span style=\"color: #F68B48;\">de la Pampa<\/span><\/h1>\n<p>[\/et_pb_text][et_pb_text _builder_version=\u00a0\u00bb3.22.7&Prime;]<\/p>\n<p style=\"text-align: justify;\">L\u2019herbe de la pampa, c\u2019est LE v\u00e9g\u00e9tal s\u00e9ch\u00e9 du moment ! Cette gramin\u00e9e originaire d\u2019Am\u00e9rique du Sud fait une entr\u00e9e fracassante dans nos int\u00e9rieurs et d\u00e9tr\u00f4ne le d\u00e9sormais c\u00e9l\u00e8bre eucalyptus. Po\u00e9tique et boh\u00e8me \u00e0 souhait, l\u2019herbe de la pampa insuffle un peu de magie et d\u2019exotisme dans la maison !<\/p>\n<p style=\"text-align: justify;\">Ses teintes d\u00e9licates, allant du beige \u00e0 l\u2019iris\u00e9 en passant par le rose, et ses tiges pouvant atteindre jusqu\u2019\u00e0 trois m\u00e8tres de hauteur en font l\u2019accessoire id\u00e9al pour cr\u00e9er des d\u00e9cors magesteux et oniriques. Bref, que ce soit pour habiller un mur, orner une table ou encore donner vie \u00e0 un vase, cette herbac\u00e9e fait fureur aupr\u00e8s de tous les mordus de d\u00e9co v\u00e9g\u00e9tale.<\/p>\n<p>[\/et_pb_text][\/et_pb_column][et_pb_column type=\u00a0\u00bb1_2&Prime; _builder_version=\u00a0\u00bb3.22.7&Prime;][et_pb_image src=\u00a0\u00bbhttps:\/\/rivegauche-magazine.ch\/wp-content\/uploads\/2020\/03\/de\u0301co2.jpg\u00a0\u00bb _builder_version=\u00a0\u00bb3.22.7&Prime;][\/et_pb_image][et_pb_text admin_label=\u00a0\u00bbDESCRIPTION\u00a0\u00bb _builder_version=\u00a0\u00bb3.22.7&Prime;]<\/p>\n<h1>Les couleurs <span style=\"color: #F68B48;\">douces<\/span><\/h1>\n<p>[\/et_pb_text][et_pb_text _builder_version=\u00a0\u00bb3.22.7&Prime;]<\/p>\n<p style=\"text-align: justify;\">La d\u00e9co ne se lasse pas des couleurs douces, vieux rose, cr\u00e8me, caramel et gris en t\u00eate de tendance.<\/p>\n<p style=\"text-align: justify;\">Bonne nouvelle, en 2020, on craquera aussi pour du parme pass\u00e9, pour un vert d\u00e9lav\u00e9, pour un bleu gris\u00e9 ou pour toute une gamme de beiges \u00e0 l\u2019ancienne. Ces couleurs tendances se m\u00e9langent et s\u2019associent pour cr\u00e9er des espaces cosy et cocooning.<\/p>\n<p>[\/et_pb_text][\/et_pb_column][\/et_pb_row][et_pb_row _builder_version=\u00a0\u00bb3.22.7&Prime;][et_pb_column type=\u00a0\u00bb4_4&Prime; _builder_version=\u00a0\u00bb3.22.7&Prime;][et_pb_divider _builder_version=\u00a0\u00bb3.22.7&Prime;][\/et_pb_divider][\/et_pb_column][\/et_pb_row][\/et_pb_section]<\/p>\n","protected":false},"excerpt":{"rendered":"<p>Les tendances d\u00e9co printemps 2020 L&rsquo;herbe de la PampaL\u2019herbe de la pampa, c\u2019est LE v\u00e9g\u00e9tal s\u00e9ch\u00e9 du moment ! Cette gramin\u00e9e originaire d\u2019Am\u00e9rique du Sud fait une entr\u00e9e fracassante dans nos int\u00e9rieurs et d\u00e9tr\u00f4ne le d\u00e9sormais c\u00e9l\u00e8bre eucalyptus. Po\u00e9tique et boh\u00e8me \u00e0 souhait, l\u2019herbe de la pampa insuffle un peu de magie et d\u2019exotisme dans [&hellip;]<\/p>\n","protected":false},"author":3,"featured_media":0,"parent":1383,"menu_order":0,"comment_status":"closed","ping_status":"closed","template":"","meta":{"_et_pb_use_builder":"on","_et_pb_old_content":"","_et_gb_content_width":"","footnotes":""},"class_list":["post-3434","page","type-page","status-publish","hentry"],"_links":{"self":[{"href":"https:\/\/geneve-et-vous-magazine.ch\/index.php\/wp-json\/wp\/v2\/pages\/3434","targetHints":{"allow":["GET"]}}],"collection":[{"href":"https:\/\/geneve-et-vous-magazine.ch\/index.php\/wp-json\/wp\/v2\/pages"}],"about":[{"href":"https:\/\/geneve-et-vous-magazine.ch\/index.php\/wp-json\/wp\/v2\/types\/page"}],"author":[{"embeddable":true,"href":"https:\/\/geneve-et-vous-magazine.ch\/index.php\/wp-json\/wp\/v2\/users\/3"}],"replies":[{"embeddable":true,"href":"https:\/\/geneve-et-vous-magazine.ch\/index.php\/wp-json\/wp\/v2\/comments?post=3434"}],"version-history":[{"count":3,"href":"https:\/\/geneve-et-vous-magazine.ch\/index.php\/wp-json\/wp\/v2\/pages\/3434\/revisions"}],"predecessor-version":[{"id":3440,"href":"https:\/\/geneve-et-vous-magazine.ch\/index.php\/wp-json\/wp\/v2\/pages\/3434\/revisions\/3440"}],"up":[{"embeddable":true,"href":"https:\/\/geneve-et-vous-magazine.ch\/index.php\/wp-json\/wp\/v2\/pages\/1383"}],"wp:attachment":[{"href":"https:\/\/geneve-et-vous-magazine.ch\/index.php\/wp-json\/wp\/v2\/media?parent=3434"}],"curies":[{"name":"wp","href":"https:\/\/api.w.org\/{rel}","templated":true}]}}