{"id":3401,"date":"2020-03-29T15:14:06","date_gmt":"2020-03-29T13:14:06","guid":{"rendered":"https:\/\/rivegauche-magazine.ch\/?page_id=3401"},"modified":"2020-03-29T15:31:13","modified_gmt":"2020-03-29T13:31:13","slug":"guadeloupe","status":"publish","type":"page","link":"https:\/\/geneve-et-vous-magazine.ch\/index.php\/destinations\/guadeloupe\/","title":{"rendered":"Guadeloupe"},"content":{"rendered":"<p>[et_pb_section fb_built=\u00a0\u00bb1&Prime; _builder_version=\u00a0\u00bb3.22.7&Prime;][et_pb_row _builder_version=\u00a0\u00bb3.22.7&Prime;][et_pb_column type=\u00a0\u00bb4_4&Prime; _builder_version=\u00a0\u00bb3.22.7&Prime;][et_pb_divider _builder_version=\u00a0\u00bb3.22.7&Prime;][\/et_pb_divider][\/et_pb_column][\/et_pb_row][et_pb_row _builder_version=\u00a0\u00bb3.22.7&Prime;][et_pb_column type=\u00a0\u00bb4_4&Prime; _builder_version=\u00a0\u00bb3.22.7&Prime;][et_pb_text _builder_version=\u00a0\u00bb3.22.7&Prime; border_color_bottom=\u00a0\u00bb#f9a461&Prime; border_width_left=\u00a0\u00bb9px\u00a0\u00bb border_color_all=\u00a0\u00bb#008b93&Prime;]<\/p>\n<h1 style=\"padding-left: 30px;\">Guadeloupe : Deshaies, un village paradisiaque<\/h1>\n<p>[\/et_pb_text][\/et_pb_column][\/et_pb_row][et_pb_row _builder_version=\u00a0\u00bb3.22.7&Prime;][et_pb_column type=\u00a0\u00bb4_4&Prime; _builder_version=\u00a0\u00bb3.22.7&Prime;][et_pb_divider _builder_version=\u00a0\u00bb3.22.7&Prime; custom_margin=\u00a0\u00bb-22px||-28px\u00a0\u00bb][\/et_pb_divider][\/et_pb_column][\/et_pb_row][\/et_pb_section][et_pb_section fb_built=\u00a0\u00bb1&Prime; admin_label=\u00a0\u00bbArticles 1 colonne\u00a0\u00bb _builder_version=\u00a0\u00bb3.22.7&Prime; custom_margin=\u00a0\u00bb||\u00a0\u00bb custom_padding=\u00a0\u00bb0px|||||\u00a0\u00bb][et_pb_row custom_padding=\u00a0\u00bb0px||0px|||\u00a0\u00bb custom_margin=\u00a0\u00bb||\u00a0\u00bb padding_top_1=\u00a0\u00bb0px\u00a0\u00bb admin_label=\u00a0\u00bbTitre Agenda\u00a0\u00bb _builder_version=\u00a0\u00bb3.22.7&Prime;][et_pb_column type=\u00a0\u00bb1_2&Prime; _builder_version=\u00a0\u00bb3.22.7&Prime;][et_pb_text admin_label=\u00a0\u00bbNOM CLIENT\u00a0\u00bb _builder_version=\u00a0\u00bb3.22.7&Prime; header_font=\u00a0\u00bb|||||on|||\u00a0\u00bb header_text_align=\u00a0\u00bbleft\u00a0\u00bb header_text_color=\u00a0\u00bb#000000&Prime; header_font_size=\u00a0\u00bb48px\u00a0\u00bb header_font_size_tablet=\u00a0\u00bb36px\u00a0\u00bb header_font_size_phone=\u00a0\u00bb24px\u00a0\u00bb header_font_size_last_edited=\u00a0\u00bbon|tablet\u00a0\u00bb custom_margin=\u00a0\u00bb|||\u00a0\u00bb]<\/p>\n<h3 style=\"text-align: left;\"><span style=\"color: #008b93;\">Basse Terre, <\/span>le paradis antillais<\/h3>\n<p>[\/et_pb_text][et_pb_text admin_label=\u00a0\u00bbDESCRIPTION\u00a0\u00bb _builder_version=\u00a0\u00bb3.22.7&Prime;]<\/p>\n<p class=\"_2cuy _3dgx _2vxa\">La Basse Terre, nom que porte aussi la pr\u00e9fecture du d\u00e9partement Guadeloupe, cumule tous les attraits : fra\u00eecheur d\u2019une montagne tropicale \u00e0 la v\u00e9g\u00e9tation luxuriante, des sites de plong\u00e9e r\u00e9put\u00e9s pour leurs fonds exceptionnels et un littoral bord\u00e9 de plages blondes, brunes le long de la c\u00f4te sous le vent, en mer des Cara\u00efbes.<\/p>\n<p class=\"_2cuy _3dgx _2vxa\">Une halte dans un petit coin de paradis ou le temps semble s\u2019\u00eatre arr\u00eat\u00e9, Deshaies !<br \/> C\u2019est un petit village de p\u00eacheurs par excellence, il tient son nom de l\u2019Anse des Yayes, l\u2019appellation d\u2019une rivi\u00e8re et d\u2019une anse ainsi baptis\u00e9es.<\/p>\n<p class=\"_2cuy _3dgx _2vxa\">Deshaies est rest\u00e9 authentique et la population est accueillante.<\/p>\n<p>[\/et_pb_text][\/et_pb_column][et_pb_column type=\u00a0\u00bb1_2&Prime; _builder_version=\u00a0\u00bb3.22.7&Prime;][et_pb_image src=\u00a0\u00bbhttps:\/\/rivegauche-magazine.ch\/wp-content\/uploads\/2020\/03\/guadeloupe1.jpg\u00a0\u00bb _builder_version=\u00a0\u00bb3.22.7&Prime;][\/et_pb_image][\/et_pb_column][\/et_pb_row][et_pb_row _builder_version=\u00a0\u00bb3.22.7&Prime;][et_pb_column type=\u00a0\u00bb4_4&Prime; _builder_version=\u00a0\u00bb3.22.7&Prime;][et_pb_divider _builder_version=\u00a0\u00bb3.22.7&Prime; custom_margin=\u00a0\u00bb||-7px\u00a0\u00bb][\/et_pb_divider][\/et_pb_column][\/et_pb_row][et_pb_row custom_padding=\u00a0\u00bb0px||0px|||\u00a0\u00bb custom_margin=\u00a0\u00bb||\u00a0\u00bb padding_top_1=\u00a0\u00bb0px\u00a0\u00bb admin_label=\u00a0\u00bbTitre Agenda\u00a0\u00bb _builder_version=\u00a0\u00bb3.22.7&Prime;][et_pb_column type=\u00a0\u00bb2_5&Prime; _builder_version=\u00a0\u00bb3.22.7&Prime;][et_pb_image src=\u00a0\u00bbhttps:\/\/rivegauche-magazine.ch\/wp-content\/uploads\/2020\/03\/guadeloupe3.jpg\u00a0\u00bb _builder_version=\u00a0\u00bb3.22.7&Prime;][\/et_pb_image][\/et_pb_column][et_pb_column type=\u00a0\u00bb3_5&Prime; _builder_version=\u00a0\u00bb3.22.7&Prime;][et_pb_text admin_label=\u00a0\u00bbNOM CLIENT\u00a0\u00bb _builder_version=\u00a0\u00bb3.22.7&Prime; header_font=\u00a0\u00bb|||||on|||\u00a0\u00bb header_text_align=\u00a0\u00bbleft\u00a0\u00bb header_text_color=\u00a0\u00bb#000000&Prime; header_font_size=\u00a0\u00bb48px\u00a0\u00bb header_font_size_tablet=\u00a0\u00bb36px\u00a0\u00bb header_font_size_phone=\u00a0\u00bb24px\u00a0\u00bb header_font_size_last_edited=\u00a0\u00bbon|tablet\u00a0\u00bb custom_margin=\u00a0\u00bb|||\u00a0\u00bb]<\/p>\n<h3 style=\"text-align: left;\"><span style=\"color: #008b93;\">Le jardin botanique, <\/span>un parc spectaculaire<\/h3>\n<p>[\/et_pb_text][et_pb_text admin_label=\u00a0\u00bbDESCRIPTION\u00a0\u00bb _builder_version=\u00a0\u00bb3.22.7&Prime;]<\/p>\n<p class=\"_2cuy _3dgx _2vxa\">Vous serez aussi \u00e0 5 min d\u2019une visite incontournable : le jardin botanique de Deshaies. Ce jardin ne demande qu\u2019\u00e0 \u00eatre admir\u00e9. Une visite que nous vous recommandons vivement. Vous serez surpris par une multitude de fleurs, de plantes d\u2019ornement, de palmiers et une grande vari\u00e9t\u00e9 d\u2019orchid\u00e9es. Vous y trouverez\u00a0 des perroquets aras, des loriquets en semi-libert\u00e9 qui viendront se poser sur vos \u00e9paules, sans oublier les flamants roses. N\u2019oubliez pas votre appareil photos\u00a0!<\/p>\n<p>[\/et_pb_text][\/et_pb_column][\/et_pb_row][et_pb_row custom_margin=\u00a0\u00bb||-14px\u00a0\u00bb _builder_version=\u00a0\u00bb3.22.7&Prime;][et_pb_column type=\u00a0\u00bb4_4&Prime; _builder_version=\u00a0\u00bb3.22.7&Prime;][et_pb_divider _builder_version=\u00a0\u00bb3.22.7&Prime; custom_margin=\u00a0\u00bb||-7px\u00a0\u00bb][\/et_pb_divider][\/et_pb_column][\/et_pb_row][et_pb_row custom_padding=\u00a0\u00bb0px||0px|||\u00a0\u00bb custom_margin=\u00a0\u00bb||\u00a0\u00bb padding_top_1=\u00a0\u00bb0px\u00a0\u00bb admin_label=\u00a0\u00bbTitre Agenda\u00a0\u00bb _builder_version=\u00a0\u00bb3.22.7&Prime;][et_pb_column type=\u00a0\u00bb2_5&Prime; _builder_version=\u00a0\u00bb3.22.7&Prime;][et_pb_image src=\u00a0\u00bbhttps:\/\/rivegauche-magazine.ch\/wp-content\/uploads\/2020\/03\/guadeloupe2.jpg\u00a0\u00bb _builder_version=\u00a0\u00bb3.22.7&Prime;][\/et_pb_image][\/et_pb_column][et_pb_column type=\u00a0\u00bb3_5&Prime; _builder_version=\u00a0\u00bb3.22.7&Prime;][et_pb_text admin_label=\u00a0\u00bbNOM CLIENT\u00a0\u00bb _builder_version=\u00a0\u00bb3.22.7&Prime; header_font=\u00a0\u00bb|||||on|||\u00a0\u00bb header_text_align=\u00a0\u00bbleft\u00a0\u00bb header_text_color=\u00a0\u00bb#000000&Prime; header_font_size=\u00a0\u00bb48px\u00a0\u00bb header_font_size_tablet=\u00a0\u00bb36px\u00a0\u00bb header_font_size_phone=\u00a0\u00bb24px\u00a0\u00bb header_font_size_last_edited=\u00a0\u00bbon|tablet\u00a0\u00bb custom_margin=\u00a0\u00bb|||\u00a0\u00bb]<\/p>\n<h3 style=\"text-align: left;\"><span style=\"color: #008b93;\">Fleur des Iles,<\/span> pour des vacances d&rsquo;exception<\/h3>\n<p>[\/et_pb_text][et_pb_text admin_label=\u00a0\u00bbDESCRIPTION\u00a0\u00bb _builder_version=\u00a0\u00bb3.22.7&Prime;]<\/p>\n<p class=\"_2cuy _3dgx _2vxa\">Une petite route peu fr\u00e9quent\u00e9e monte de la plage de Tiuccia, et, \u00e0 gauche, m\u00e8ne \u00e0 la maison familiale que Pascale Meudec a transform\u00e9e en auberge. On y trouve un beau jardin arbor\u00e9 et fleuri, une grande terrasse accueillante et les bonnes recettes de cette nouvelle cuisini\u00e8re qui met en valeur le \u00ab fait maison \u00bb\u00a0 : seiches \u00e0 l\u2019ajaccienne, saut\u00e9 de veau aux olives et aux c\u00e8pes, tripettes\u00a0maison, souris d\u2019agneau confites aux \u00e9pices, storzapretti \u00e0 la bastiaise\u00a0; fiadone, profiteroles, panna cota et son coulis de fraise.<\/p>\n<p class=\"_2cuy _3dgx _2vxa\"><span style=\"color: #008b93;\">Fleurs des Iles :<\/span><br \/> <span style=\"color: #008b93;\">Grande-Anse, Deshaies 97126, Guadeloupe<\/span><\/p>\n<p class=\"_2cuy _3dgx _2vxa\"><span style=\"color: #008b93;\">T\u00e9l\u00e9phone : +33 5 90 28 54 44<\/span><\/p>\n<p>[\/et_pb_text][\/et_pb_column][\/et_pb_row][et_pb_row _builder_version=\u00a0\u00bb3.22.7&Prime;][et_pb_column type=\u00a0\u00bb4_4&Prime; _builder_version=\u00a0\u00bb3.22.7&Prime;][et_pb_divider _builder_version=\u00a0\u00bb3.22.7&Prime;][\/et_pb_divider][\/et_pb_column][\/et_pb_row][\/et_pb_section]<\/p>\n","protected":false},"excerpt":{"rendered":"<p>Guadeloupe : Deshaies, un village paradisiaque Basse Terre, le paradis antillais La Basse Terre, nom que porte aussi la pr\u00e9fecture du d\u00e9partement Guadeloupe, cumule tous les attraits : fra\u00eecheur d\u2019une montagne tropicale \u00e0 la v\u00e9g\u00e9tation luxuriante, des sites de plong\u00e9e r\u00e9put\u00e9s pour leurs fonds exceptionnels et un littoral bord\u00e9 de plages blondes, brunes le long [&hellip;]<\/p>\n","protected":false},"author":3,"featured_media":0,"parent":1463,"menu_order":0,"comment_status":"closed","ping_status":"closed","template":"","meta":{"_et_pb_use_builder":"on","_et_pb_old_content":"","_et_gb_content_width":"","footnotes":""},"class_list":["post-3401","page","type-page","status-publish","hentry"],"_links":{"self":[{"href":"https:\/\/geneve-et-vous-magazine.ch\/index.php\/wp-json\/wp\/v2\/pages\/3401","targetHints":{"allow":["GET"]}}],"collection":[{"href":"https:\/\/geneve-et-vous-magazine.ch\/index.php\/wp-json\/wp\/v2\/pages"}],"about":[{"href":"https:\/\/geneve-et-vous-magazine.ch\/index.php\/wp-json\/wp\/v2\/types\/page"}],"author":[{"embeddable":true,"href":"https:\/\/geneve-et-vous-magazine.ch\/index.php\/wp-json\/wp\/v2\/users\/3"}],"replies":[{"embeddable":true,"href":"https:\/\/geneve-et-vous-magazine.ch\/index.php\/wp-json\/wp\/v2\/comments?post=3401"}],"version-history":[{"count":3,"href":"https:\/\/geneve-et-vous-magazine.ch\/index.php\/wp-json\/wp\/v2\/pages\/3401\/revisions"}],"predecessor-version":[{"id":3408,"href":"https:\/\/geneve-et-vous-magazine.ch\/index.php\/wp-json\/wp\/v2\/pages\/3401\/revisions\/3408"}],"up":[{"embeddable":true,"href":"https:\/\/geneve-et-vous-magazine.ch\/index.php\/wp-json\/wp\/v2\/pages\/1463"}],"wp:attachment":[{"href":"https:\/\/geneve-et-vous-magazine.ch\/index.php\/wp-json\/wp\/v2\/media?parent=3401"}],"curies":[{"name":"wp","href":"https:\/\/api.w.org\/{rel}","templated":true}]}}