{"id":3227,"date":"2020-03-28T14:31:23","date_gmt":"2020-03-28T13:31:23","guid":{"rendered":"https:\/\/rivegauche-magazine.ch\/?page_id=3227"},"modified":"2020-03-28T14:52:45","modified_gmt":"2020-03-28T13:52:45","slug":"struct-water","status":"publish","type":"page","link":"https:\/\/geneve-et-vous-magazine.ch\/index.php\/beaute-sante-conseils\/struct-water\/","title":{"rendered":"Struct Water"},"content":{"rendered":"<p>[et_pb_section fb_built=\u00a0\u00bb1&Prime; _builder_version=\u00a0\u00bb3.22.7&Prime;][et_pb_row _builder_version=\u00a0\u00bb3.22.7&Prime;][et_pb_column type=\u00a0\u00bb4_4&Prime; _builder_version=\u00a0\u00bb3.22.7&Prime;][et_pb_divider _builder_version=\u00a0\u00bb3.22.7&Prime;][\/et_pb_divider][\/et_pb_column][\/et_pb_row][\/et_pb_section][et_pb_section fb_built=\u00a0\u00bb1&Prime; admin_label=\u00a0\u00bbArticles 1 colonne\u00a0\u00bb _builder_version=\u00a0\u00bb3.22.7&Prime; custom_margin=\u00a0\u00bb||\u00a0\u00bb custom_padding=\u00a0\u00bb0px|||||\u00a0\u00bb][et_pb_row custom_padding=\u00a0\u00bb0px||0px|||\u00a0\u00bb custom_margin=\u00a0\u00bb||\u00a0\u00bb padding_top_1=\u00a0\u00bb0px\u00a0\u00bb admin_label=\u00a0\u00bbTitre Agenda\u00a0\u00bb _builder_version=\u00a0\u00bb3.22.7&Prime;][et_pb_column type=\u00a0\u00bb2_5&Prime; _builder_version=\u00a0\u00bb3.22.7&Prime;][et_pb_image src=\u00a0\u00bbhttps:\/\/rivegauche-magazine.ch\/wp-content\/uploads\/2020\/03\/eau-vert.jpg\u00a0\u00bb _builder_version=\u00a0\u00bb3.22.7&Prime;][\/et_pb_image][\/et_pb_column][et_pb_column type=\u00a0\u00bb3_5&Prime; _builder_version=\u00a0\u00bb3.22.7&Prime;][et_pb_text admin_label=\u00a0\u00bbTITRE\u00a0\u00bb _builder_version=\u00a0\u00bb3.22.7&Prime; header_font=\u00a0\u00bb|||||on|||\u00a0\u00bb header_text_align=\u00a0\u00bbleft\u00a0\u00bb header_text_color=\u00a0\u00bb#000000&Prime; header_font_size=\u00a0\u00bb48px\u00a0\u00bb header_font_size_tablet=\u00a0\u00bb36px\u00a0\u00bb header_font_size_phone=\u00a0\u00bb24px\u00a0\u00bb header_font_size_last_edited=\u00a0\u00bbon|tablet\u00a0\u00bb custom_margin=\u00a0\u00bb|||\u00a0\u00bb]<\/p>\n<h1 style=\"text-align: left;\">Struct\u2019Water<\/h1>\n<h4 style=\"text-align: left;\">Donnez \u00e0 votre corps une eau meilleure, une eau vivante et vivifiante.<\/h4>\n<p>[\/et_pb_text][et_pb_text _builder_version=\u00a0\u00bb3.22.7&Prime;]<\/p>\n<h3><strong><span style=\"color: #ffcc00;\">Struct&rsquo;Water<\/span><\/strong><\/h3>\n<h4><strong>pour magn\u00e9tiser, dynamiser, informer et harmoniser&#8230;<\/strong><\/h4>\n<p>Je dynamise l\u2019eau en combinant les propri\u00e9t\u00e9s merveilleuses des \u00e9missions de forme avec la g\u00e9niale d\u00e9couverte de Wilhelm Reich (m\u00e9decin psychiatre allemand), personnage fascinant austro-hongrois et \u00e9l\u00e8ve de Freud qui \u00e9tait \u00e0 la fois mat\u00e9rialiste et spiritualiste, puisque mon socle est un g\u00e9n\u00e9rateur d\u2019orgone positive. Je magn\u00e9tise l\u2019eau en utilisant huit aimants n\u00e9odymes de fabrication allemande se trouvant dans l\u2019axe des lignes de force de polarit\u00e9 invers\u00e9e de mani\u00e8re \u00e0 vous fournir une eau mixte, puisqu\u2019un liquide soumis \u00e0 un champ magn\u00e9tique ne peut pas \u00eatre exclusivement \u00ab nord \u00bb ou \u00ab sud \u00bb.<\/p>\n<p>J\u2019harmonise l\u2019eau en utilisant l\u2019onde de forme de la g\u00e9om\u00e9trie de la Fleur de Vie ; symbole le plus complet dans sa diversit\u00e9 d\u2019action, elle est consid\u00e9r\u00e9e comme sacr\u00e9e \u00e0 travers de nombreuses traditions de par le monde, ceci \u00e0 toutes les \u00e9poques et dans toutes les cultures qui, selon les arch\u00e9ologues, n\u2019avaient aucun contact direct, tels que les anciens \u00c9gyptiens et les Celtes m\u00e9di\u00e9vaux. La Fleur de Vie est pr\u00e9sente sur terre depuis des temps imm\u00e9moriaux, \u00ab merci fleur de vie pour ta subtilit\u00e9 d\u2019action vibratoire \u00bb.<\/p>\n<p>&nbsp;<\/p>\n<p>[\/et_pb_text][\/et_pb_column][\/et_pb_row][et_pb_row _builder_version=\u00a0\u00bb3.22.7&Prime;][et_pb_column type=\u00a0\u00bb4_4&Prime; _builder_version=\u00a0\u00bb3.22.7&Prime;][et_pb_text _builder_version=\u00a0\u00bb3.22.7&Prime;]<\/p>\n<p>J\u2019informe l\u2019eau par le mot \u00ab amour \u00bb en 114 langues. D\u2019ailleurs, il a \u00e9t\u00e9 montr\u00e9 que l\u2019hom\u00e9opathie repose sur ce principe \u00ab d\u2019information \u00bb. C\u2019est donc que le fonctionnement de l\u2019hom\u00e9opathie ne repose pas sur une r\u00e9action chimique mais bien sur un transfert d\u2019informations.<\/p>\n<p>Un homme nous en a d\u00e9livr\u00e9 la preuve incontestable et pourtant, bien peu de gens ont entendu parler des extraordinaires travaux du Dr. Masaru Emoto (voir travaux du Dr Masaru Emoto). C\u2019est au fil de ses travaux sur les fluctuations ondulatoires de l\u2019eau que le Dr Masaru Emoto a d\u00e9couvert \u00ab la richesse avec laquelle l\u2019eau peut s\u2019exprimer \u00bb.<\/p>\n<p>[\/et_pb_text][\/et_pb_column][\/et_pb_row][et_pb_row _builder_version=\u00a0\u00bb3.22.7&Prime;][et_pb_column type=\u00a0\u00bb1_5&Prime; _builder_version=\u00a0\u00bb3.22.7&Prime;][et_pb_image src=\u00a0\u00bbhttps:\/\/rivegauche-magazine.ch\/wp-content\/uploads\/2020\/03\/STRUCTWATER-MAGENTA.jpg\u00a0\u00bb url=\u00a0\u00bbhttps:\/\/www.structwater.com\/boutique-struct-water\/\u00a0\u00bb _builder_version=\u00a0\u00bb3.22.7&Prime;][\/et_pb_image][\/et_pb_column][et_pb_column type=\u00a0\u00bb1_5&Prime; _builder_version=\u00a0\u00bb3.22.7&Prime;][et_pb_image src=\u00a0\u00bbhttps:\/\/rivegauche-magazine.ch\/wp-content\/uploads\/2020\/03\/STRUCTWATER-RHEA-1.jpg\u00a0\u00bb url=\u00a0\u00bbhttps:\/\/www.structwater.com\/boutique-struct-water\/\u00a0\u00bb _builder_version=\u00a0\u00bb3.22.7&Prime;][\/et_pb_image][\/et_pb_column][et_pb_column type=\u00a0\u00bb1_5&Prime; _builder_version=\u00a0\u00bb3.22.7&Prime;][et_pb_image src=\u00a0\u00bbhttps:\/\/rivegauche-magazine.ch\/wp-content\/uploads\/2020\/03\/violet-sans-bouteille.jpg\u00a0\u00bb url=\u00a0\u00bbhttps:\/\/www.structwater.com\/boutique-struct-water\/\u00a0\u00bb _builder_version=\u00a0\u00bb3.22.7&Prime;][\/et_pb_image][\/et_pb_column][et_pb_column type=\u00a0\u00bb1_5&Prime; _builder_version=\u00a0\u00bb3.22.7&Prime;][et_pb_image src=\u00a0\u00bbhttps:\/\/rivegauche-magazine.ch\/wp-content\/uploads\/2020\/03\/STRUCTWATER-HERA.jpg\u00a0\u00bb url=\u00a0\u00bbhttps:\/\/www.structwater.com\/boutique-struct-water\/\u00a0\u00bb _builder_version=\u00a0\u00bb3.22.7&Prime;][\/et_pb_image][\/et_pb_column][et_pb_column type=\u00a0\u00bb1_5&Prime; _builder_version=\u00a0\u00bb3.22.7&Prime;][et_pb_image src=\u00a0\u00bbhttps:\/\/rivegauche-magazine.ch\/wp-content\/uploads\/2020\/03\/DEMETHER-SANS-BOUTEILLE.jpg\u00a0\u00bb url=\u00a0\u00bbhttps:\/\/www.structwater.com\/boutique-struct-water\/\u00a0\u00bb _builder_version=\u00a0\u00bb3.22.7&Prime;][\/et_pb_image][\/et_pb_column][\/et_pb_row][et_pb_row _builder_version=\u00a0\u00bb3.22.7&Prime;][et_pb_column type=\u00a0\u00bb1_2&Prime; _builder_version=\u00a0\u00bb3.22.7&Prime;][et_pb_text _builder_version=\u00a0\u00bb3.22.7&Prime;]<\/p>\n<h3><strong><span style=\"color: #ffcc00;\">Les propri\u00e9t\u00e9s de l&rsquo;eau structur\u00e9e<\/span><\/strong><\/h3>\n<p>Son fort pouvoir mouillant lui conf\u00e8re des propri\u00e9t\u00e9s th\u00e9rapeutiques \u00e0 tous niveaux.<\/p>\n<p><strong>La fatigue et le manque d\u2019\u00e9nergie<\/strong><\/p>\n<p>L\u2019eau structur\u00e9e aide l\u2019organisme \u00e0 \u00e9liminer les d\u00e9chets accumul\u00e9s, g\u00e9n\u00e8re un niveau \u00e9nerg\u00e9tique plus \u00e9lev\u00e9.<\/p>\n<p><strong>La constipation<\/strong><\/p>\n<p>Elle am\u00e9liore l\u2019hydratation, ce qui peut r\u00e9soudre les probl\u00e8mes li\u00e9s au transit.<\/p>\n<p>[\/et_pb_text][\/et_pb_column][et_pb_column type=\u00a0\u00bb1_2&Prime; _builder_version=\u00a0\u00bb3.22.7&Prime;][et_pb_text _builder_version=\u00a0\u00bb3.22.7&Prime;]<\/p>\n<p><strong>L\u2019auto-intoxication<\/strong><\/p>\n<p>Notre organisme produit de nombreux d\u00e9chets et r\u00e9sidus m\u00e9taboliques, notre corps doit chaque jour les \u00e9liminer pour \u00e9viter l\u2019auto-intoxication. \u00c9tant plus sensible, elle va aider l\u2019\u00e9limination via l\u2019urine, la sueur et les selles. Lorsque l\u2019on consomme une telle eau, nous pouvons stabiliser et \u00e9quilibrer notre besoin en \u00e9nergie. Elle agit sur notre corps si elle est consomm\u00e9e r\u00e9guli\u00e8rement.<\/p>\n<p><strong>Augmente la solubilit\u00e9 des min\u00e9raux<\/strong><\/p>\n<p>Am\u00e9liore le transfert des nutriments \u00e0 toutes les parties du corps, ce qui am\u00e8ne l\u2019organisme \u00e0 travailler plus efficacement.<\/p>\n<p>[\/et_pb_text][\/et_pb_column][\/et_pb_row][\/et_pb_section][et_pb_section fb_built=\u00a0\u00bb1&Prime; disabled_on=\u00a0\u00bboff|off|off\u00a0\u00bb admin_label=\u00a0\u00bbAgenda\u00a0\u00bb _builder_version=\u00a0\u00bb3.22.7&Prime; custom_margin=\u00a0\u00bb||\u00a0\u00bb custom_padding=\u00a0\u00bb0px|||||\u00a0\u00bb][et_pb_row _builder_version=\u00a0\u00bb3.22.7&Prime;][et_pb_column type=\u00a0\u00bb4_4&Prime; _builder_version=\u00a0\u00bb3.22.7&Prime;][et_pb_divider color=\u00a0\u00bb#000000&Prime; divider_weight=\u00a0\u00bb13px\u00a0\u00bb _builder_version=\u00a0\u00bb3.22.7&Prime; width=\u00a0\u00bb180px\u00a0\u00bb custom_padding=\u00a0\u00bb|||50px\u00a0\u00bb][\/et_pb_divider][et_pb_divider color=\u00a0\u00bb#000000&Prime; _builder_version=\u00a0\u00bb3.22.7&Prime; custom_margin=\u00a0\u00bb-57px||\u00a0\u00bb custom_margin_tablet=\u00a0\u00bb-44px||\u00a0\u00bb custom_margin_last_edited=\u00a0\u00bbon|phone\u00a0\u00bb custom_padding=\u00a0\u00bb0px||\u00a0\u00bb][\/et_pb_divider][\/et_pb_column][\/et_pb_row][et_pb_row custom_padding=\u00a0\u00bb0px||0px|||\u00a0\u00bb custom_margin=\u00a0\u00bb||\u00a0\u00bb padding_top_1=\u00a0\u00bb0px\u00a0\u00bb admin_label=\u00a0\u00bbTitre Agenda\u00a0\u00bb _builder_version=\u00a0\u00bb3.22.7&Prime;][et_pb_column type=\u00a0\u00bb1_2&Prime; _builder_version=\u00a0\u00bb3.22.7&Prime;][et_pb_text _builder_version=\u00a0\u00bb3.22.7&Prime; header_font=\u00a0\u00bbGeorgia||||||||\u00a0\u00bb header_text_color=\u00a0\u00bb#000000&Prime; header_font_size=\u00a0\u00bb48px\u00a0\u00bb header_font_size_tablet=\u00a0\u00bb36px\u00a0\u00bb header_font_size_phone=\u00a0\u00bb24px\u00a0\u00bb header_font_size_last_edited=\u00a0\u00bbon|tablet\u00a0\u00bb custom_margin=\u00a0\u00bb-25px|||50px\u00a0\u00bb]<\/p>\n<h1>SHOP<\/h1>\n<p>[\/et_pb_text][\/et_pb_column][et_pb_column type=\u00a0\u00bb1_2&Prime; _builder_version=\u00a0\u00bb3.22.7&Prime;][et_pb_text _builder_version=\u00a0\u00bb3.22.7&Prime; text_font=\u00a0\u00bb||||||||\u00a0\u00bb header_font=\u00a0\u00bb||||||||\u00a0\u00bb header_2_font=\u00a0\u00bbTimes New Roman||||||||\u00a0\u00bb][\/et_pb_text][\/et_pb_column][\/et_pb_row][et_pb_row _builder_version=\u00a0\u00bb3.22.7&Prime;][et_pb_column type=\u00a0\u00bb1_3&Prime; _builder_version=\u00a0\u00bb3.22.7&Prime;][et_pb_image src=\u00a0\u00bbhttps:\/\/rivegauche-magazine.ch\/wp-content\/uploads\/2020\/03\/LA-VIE-CLAIRE-e1584870530111.jpg\u00a0\u00bb url=\u00a0\u00bbhttps:\/\/rivegauche-magazine.ch\/index.php\/gastronomie-shop\/la-vie-claire\/\u00a0\u00bb _builder_version=\u00a0\u00bb3.22.7&Prime;][\/et_pb_image][et_pb_text admin_label=\u00a0\u00bbrecette\u00a0\u00bb _builder_version=\u00a0\u00bb3.22.7&Prime; custom_margin=\u00a0\u00bb-25px||\u00a0\u00bb link_option_url=\u00a0\u00bbhttps:\/\/rivegauche-magazine.ch\/index.php\/gastronomie-shop\/la-vie-claire\/\u00a0\u00bb]<\/p>\n<h1 style=\"text-align: right;\">La Vie Claire<\/h1>\n<p>[\/et_pb_text][\/et_pb_column][et_pb_column type=\u00a0\u00bb1_3&Prime; _builder_version=\u00a0\u00bb3.22.7&Prime;][\/et_pb_column][et_pb_column type=\u00a0\u00bb1_3&Prime; _builder_version=\u00a0\u00bb3.22.7&Prime;][\/et_pb_column][\/et_pb_row][\/et_pb_section]<\/p>\n","protected":false},"excerpt":{"rendered":"<p>Struct\u2019Water Donnez \u00e0 votre corps une eau meilleure, une eau vivante et vivifiante.Struct&rsquo;Water pour magn\u00e9tiser, dynamiser, informer et harmoniser&#8230; Je dynamise l\u2019eau en combinant les propri\u00e9t\u00e9s merveilleuses des \u00e9missions de forme avec la g\u00e9niale d\u00e9couverte de Wilhelm Reich (m\u00e9decin psychiatre allemand), personnage fascinant austro-hongrois et \u00e9l\u00e8ve de Freud qui \u00e9tait \u00e0 la fois mat\u00e9rialiste et [&hellip;]<\/p>\n","protected":false},"author":3,"featured_media":0,"parent":1296,"menu_order":0,"comment_status":"closed","ping_status":"closed","template":"","meta":{"_et_pb_use_builder":"on","_et_pb_old_content":"","_et_gb_content_width":"","footnotes":""},"class_list":["post-3227","page","type-page","status-publish","hentry"],"_links":{"self":[{"href":"https:\/\/geneve-et-vous-magazine.ch\/index.php\/wp-json\/wp\/v2\/pages\/3227","targetHints":{"allow":["GET"]}}],"collection":[{"href":"https:\/\/geneve-et-vous-magazine.ch\/index.php\/wp-json\/wp\/v2\/pages"}],"about":[{"href":"https:\/\/geneve-et-vous-magazine.ch\/index.php\/wp-json\/wp\/v2\/types\/page"}],"author":[{"embeddable":true,"href":"https:\/\/geneve-et-vous-magazine.ch\/index.php\/wp-json\/wp\/v2\/users\/3"}],"replies":[{"embeddable":true,"href":"https:\/\/geneve-et-vous-magazine.ch\/index.php\/wp-json\/wp\/v2\/comments?post=3227"}],"version-history":[{"count":5,"href":"https:\/\/geneve-et-vous-magazine.ch\/index.php\/wp-json\/wp\/v2\/pages\/3227\/revisions"}],"predecessor-version":[{"id":3246,"href":"https:\/\/geneve-et-vous-magazine.ch\/index.php\/wp-json\/wp\/v2\/pages\/3227\/revisions\/3246"}],"up":[{"embeddable":true,"href":"https:\/\/geneve-et-vous-magazine.ch\/index.php\/wp-json\/wp\/v2\/pages\/1296"}],"wp:attachment":[{"href":"https:\/\/geneve-et-vous-magazine.ch\/index.php\/wp-json\/wp\/v2\/media?parent=3227"}],"curies":[{"name":"wp","href":"https:\/\/api.w.org\/{rel}","templated":true}]}}