{"id":3110,"date":"2020-03-28T09:45:07","date_gmt":"2020-03-28T08:45:07","guid":{"rendered":"https:\/\/rivegauche-magazine.ch\/?page_id=3110"},"modified":"2020-11-16T15:00:56","modified_gmt":"2020-11-16T14:00:56","slug":"cote-cadeaux","status":"publish","type":"page","link":"https:\/\/geneve-et-vous-magazine.ch\/index.php\/artisans-commercants\/cote-cadeaux\/","title":{"rendered":"C\u00f4t\u00e9 cadeaux"},"content":{"rendered":"<p>[et_pb_section fb_built=\u00a0\u00bb1&Prime; _builder_version=\u00a0\u00bb3.22.7&Prime;][et_pb_row _builder_version=\u00a0\u00bb3.25&Prime;][et_pb_column type=\u00a0\u00bb4_4&Prime; _builder_version=\u00a0\u00bb3.25&Prime; custom_padding=\u00a0\u00bb|||\u00a0\u00bb custom_padding__hover=\u00a0\u00bb|||\u00a0\u00bb][et_pb_divider _builder_version=\u00a0\u00bb3.22.7&Prime;][\/et_pb_divider][\/et_pb_column][\/et_pb_row][\/et_pb_section][et_pb_section fb_built=\u00a0\u00bb1&Prime; admin_label=\u00a0\u00bbArticles 1 colonne\u00a0\u00bb _builder_version=\u00a0\u00bb3.22.7&Prime; custom_margin=\u00a0\u00bb||\u00a0\u00bb custom_padding=\u00a0\u00bb0px|||||\u00a0\u00bb][et_pb_row column_structure=\u00a0\u00bb1_2,1_2&Prime; admin_label=\u00a0\u00bbTitre Agenda\u00a0\u00bb _builder_version=\u00a0\u00bb3.25&Prime; custom_margin=\u00a0\u00bb||\u00a0\u00bb custom_padding=\u00a0\u00bb0px||0px|||\u00a0\u00bb][et_pb_column type=\u00a0\u00bb1_2&Prime; _builder_version=\u00a0\u00bb3.25&Prime; custom_padding=\u00a0\u00bb0px|||\u00a0\u00bb custom_padding__hover=\u00a0\u00bb|||\u00a0\u00bb][et_pb_image src=\u00a0\u00bbhttps:\/\/rivegauche-magazine.ch\/wp-content\/uploads\/2020\/11\/COTEKDO_2C.jpg\u00a0\u00bb title_text=\u00a0\u00bbCOTEKDO_2C\u00a0\u00bb align_tablet=\u00a0\u00bbcenter\u00a0\u00bb align_phone=\u00a0\u00bb\u00a0\u00bb align_last_edited=\u00a0\u00bbon|desktop\u00a0\u00bb _builder_version=\u00a0\u00bb4.6.6&Prime; hover_enabled=\u00a0\u00bb0&Prime; sticky_enabled=\u00a0\u00bb0&Prime;][\/et_pb_image][\/et_pb_column][et_pb_column type=\u00a0\u00bb1_2&Prime; _builder_version=\u00a0\u00bb3.25&Prime; custom_padding=\u00a0\u00bb|||\u00a0\u00bb custom_padding__hover=\u00a0\u00bb|||\u00a0\u00bb][et_pb_text admin_label=\u00a0\u00bbNOM CLIENT\u00a0\u00bb _builder_version=\u00a0\u00bb3.27.4&Prime; header_font=\u00a0\u00bb|||||on|||\u00a0\u00bb header_text_align=\u00a0\u00bbleft\u00a0\u00bb header_text_color=\u00a0\u00bb#000000&Prime; header_font_size=\u00a0\u00bb48px\u00a0\u00bb custom_margin=\u00a0\u00bb|||\u00a0\u00bb header_font_size_tablet=\u00a0\u00bb36px\u00a0\u00bb header_font_size_phone=\u00a0\u00bb24px\u00a0\u00bb header_font_size_last_edited=\u00a0\u00bbon|tablet\u00a0\u00bb]<\/p>\n<h1 style=\"text-align: left;\">C\u00d4T\u00c9 CADEAUX<\/h1>\n<p>[\/et_pb_text][et_pb_text admin_label=\u00a0\u00bbDESCRIPTION\u00a0\u00bb _builder_version=\u00a0\u00bb4.6.6&Prime; hover_enabled=\u00a0\u00bb0&Prime; sticky_enabled=\u00a0\u00bb0&Prime;]<\/p>\n<p style=\"text-align: justify;\">Votre boutique de cadeaux on-line \u00e0 Gen\u00e8ve.<br \/>Cadeaux personnalis\u00e9s sur commande.<\/p>\n<p><strong>RESTEZ CHEZ VOUS ET SHOPPEZ ON-LINE !<\/strong><\/p>\n<ul>\n<li>BIJOUX FANTAISIE (colliers, bracelets, boucles d&rsquo;oreilles&#8230;)<\/li>\n<li>CADEAUX PERSONNALIS\u00c9S (naissance, anniversaire, mariage, entreprise&#8230;)<\/li>\n<li>PORCELAINES D&rsquo;HIVER, PEINTES \u00c0 LA MAIN<\/li>\n<li>CR\u00c9ATIONS SP\u00c9CIALES POUR NO\u00cbL<\/li>\n<li>POCHETTES &amp; SACS<\/li>\n<\/ul>\n<p>Toutes les id\u00e9es cadeaux sont disponibles sur le site mais aussi \u00e0 Gy sur rendez-vous. Les id\u00e9es ne manquent pas et changent au gr\u00e9 des saisons et des inspirations. C\u00f4t\u00e9 Cadeaux attend les v\u00f4tres, toutes bienvenues, pour r\u00e9aliser des cadeaux personnalis\u00e9s, toujours touchants et re\u00e7us avec grand plaisir ! Les cr\u00e9ations r\u00e9alis\u00e9es, peintes ou d\u00e9cor\u00e9es \u00e0 la main sont propos\u00e9es en quantit\u00e9 limit\u00e9e, cliquez sans tarder !<\/p>\n<p>[\/et_pb_text][et_pb_button button_url=\u00a0\u00bbhttp:\/\/www.cotecadeaux.com\/\u00a0\u00bb url_new_window=\u00a0\u00bbon\u00a0\u00bb button_text=\u00a0\u00bbSITE INTERNET\u00a0\u00bb admin_label=\u00a0\u00bbBOUTON SITE WEB\u00a0\u00bb _builder_version=\u00a0\u00bb3.22.7&Prime;][\/et_pb_button][et_pb_text admin_label=\u00a0\u00bbCONTACT\u00a0\u00bb _builder_version=\u00a0\u00bb4.6.6&Prime; hover_enabled=\u00a0\u00bb0&Prime; sticky_enabled=\u00a0\u00bb0&Prime;]<\/p>\n<p class=\"oceanwp-info-wrap\"><span class=\"oceanwp-contact-text\">T\u00e9l. 076 384 32 17<br \/><\/span><a href=\"mailto:cotecadeaux@bluewin.ch\">cotecadeaux@bluewin.ch<\/a><\/p>\n<p>[\/et_pb_text][\/et_pb_column][\/et_pb_row][et_pb_row _builder_version=\u00a0\u00bb3.25&Prime;][et_pb_column type=\u00a0\u00bb4_4&Prime; _builder_version=\u00a0\u00bb3.25&Prime; custom_padding=\u00a0\u00bb|||\u00a0\u00bb custom_padding__hover=\u00a0\u00bb|||\u00a0\u00bb][et_pb_divider _builder_version=\u00a0\u00bb3.22.7&Prime;][\/et_pb_divider][\/et_pb_column][\/et_pb_row][\/et_pb_section]<\/p>\n","protected":false},"excerpt":{"rendered":"<p>C\u00d4T\u00c9 CADEAUXVotre boutique de cadeaux on-line \u00e0 Gen\u00e8ve.Cadeaux personnalis\u00e9s sur commande. RESTEZ CHEZ VOUS ET SHOPPEZ ON-LINE ! BIJOUX FANTAISIE (colliers, bracelets, boucles d&rsquo;oreilles&#8230;) CADEAUX PERSONNALIS\u00c9S (naissance, anniversaire, mariage, entreprise&#8230;) PORCELAINES D&rsquo;HIVER, PEINTES \u00c0 LA MAIN CR\u00c9ATIONS SP\u00c9CIALES POUR NO\u00cbL POCHETTES &amp; SACS Toutes les id\u00e9es cadeaux sont disponibles sur le site mais aussi \u00e0 [&hellip;]<\/p>\n","protected":false},"author":3,"featured_media":0,"parent":1482,"menu_order":0,"comment_status":"closed","ping_status":"closed","template":"","meta":{"_et_pb_use_builder":"on","_et_pb_old_content":"","_et_gb_content_width":"","footnotes":""},"class_list":["post-3110","page","type-page","status-publish","hentry"],"_links":{"self":[{"href":"https:\/\/geneve-et-vous-magazine.ch\/index.php\/wp-json\/wp\/v2\/pages\/3110","targetHints":{"allow":["GET"]}}],"collection":[{"href":"https:\/\/geneve-et-vous-magazine.ch\/index.php\/wp-json\/wp\/v2\/pages"}],"about":[{"href":"https:\/\/geneve-et-vous-magazine.ch\/index.php\/wp-json\/wp\/v2\/types\/page"}],"author":[{"embeddable":true,"href":"https:\/\/geneve-et-vous-magazine.ch\/index.php\/wp-json\/wp\/v2\/users\/3"}],"replies":[{"embeddable":true,"href":"https:\/\/geneve-et-vous-magazine.ch\/index.php\/wp-json\/wp\/v2\/comments?post=3110"}],"version-history":[{"count":6,"href":"https:\/\/geneve-et-vous-magazine.ch\/index.php\/wp-json\/wp\/v2\/pages\/3110\/revisions"}],"predecessor-version":[{"id":5068,"href":"https:\/\/geneve-et-vous-magazine.ch\/index.php\/wp-json\/wp\/v2\/pages\/3110\/revisions\/5068"}],"up":[{"embeddable":true,"href":"https:\/\/geneve-et-vous-magazine.ch\/index.php\/wp-json\/wp\/v2\/pages\/1482"}],"wp:attachment":[{"href":"https:\/\/geneve-et-vous-magazine.ch\/index.php\/wp-json\/wp\/v2\/media?parent=3110"}],"curies":[{"name":"wp","href":"https:\/\/api.w.org\/{rel}","templated":true}]}}