{"id":2594,"date":"2020-03-24T21:22:58","date_gmt":"2020-03-24T20:22:58","guid":{"rendered":"https:\/\/rivegauche-magazine.ch\/?page_id=2594"},"modified":"2022-07-18T17:00:07","modified_gmt":"2022-07-18T15:00:07","slug":"grange","status":"publish","type":"page","link":"https:\/\/geneve-et-vous-magazine.ch\/index.php\/life-style-immobilier\/grange\/","title":{"rendered":"Grange"},"content":{"rendered":"<p>[et_pb_section fb_built=\u00a0\u00bb1&Prime; _builder_version=\u00a0\u00bb4.16&Prime; global_colors_info=\u00a0\u00bb{}\u00a0\u00bb][et_pb_row _builder_version=\u00a0\u00bb4.16&Prime; global_colors_info=\u00a0\u00bb{}\u00a0\u00bb][et_pb_column type=\u00a0\u00bb4_4&Prime; _builder_version=\u00a0\u00bb4.16&Prime; custom_padding=\u00a0\u00bb|||\u00a0\u00bb global_colors_info=\u00a0\u00bb{}\u00a0\u00bb custom_padding__hover=\u00a0\u00bb|||\u00a0\u00bb][\/et_pb_column][\/et_pb_row][\/et_pb_section][et_pb_section fb_built=\u00a0\u00bb1&Prime; admin_label=\u00a0\u00bbArticles 1 colonne\u00a0\u00bb _builder_version=\u00a0\u00bb4.16&Prime; custom_margin=\u00a0\u00bb||\u00a0\u00bb custom_padding=\u00a0\u00bb0px|||||\u00a0\u00bb global_colors_info=\u00a0\u00bb{}\u00a0\u00bb][et_pb_row column_structure=\u00a0\u00bb1_2,1_2&Prime; admin_label=\u00a0\u00bbTitre Agenda\u00a0\u00bb _builder_version=\u00a0\u00bb4.16&Prime; custom_margin=\u00a0\u00bb||\u00a0\u00bb custom_padding=\u00a0\u00bb0px||0px|||\u00a0\u00bb global_colors_info=\u00a0\u00bb{}\u00a0\u00bb][et_pb_column type=\u00a0\u00bb1_2&Prime; _builder_version=\u00a0\u00bb4.16&Prime; custom_padding=\u00a0\u00bb0px|||\u00a0\u00bb global_colors_info=\u00a0\u00bb{}\u00a0\u00bb custom_padding__hover=\u00a0\u00bb|||\u00a0\u00bb][et_pb_image src=\u00a0\u00bbhttps:\/\/rivegauche-magazine.ch\/wp-content\/uploads\/2022\/07\/GRANGE-copie.png\u00a0\u00bb title_text=\u00a0\u00bbGRANGE copie\u00a0\u00bb align_tablet=\u00a0\u00bbcenter\u00a0\u00bb align_phone=\u00a0\u00bb\u00a0\u00bb align_last_edited=\u00a0\u00bbon|desktop\u00a0\u00bb _builder_version=\u00a0\u00bb4.17.6&Prime; hover_enabled=\u00a0\u00bb0&Prime; global_colors_info=\u00a0\u00bb{}\u00a0\u00bb sticky_enabled=\u00a0\u00bb0&Prime;][\/et_pb_image][\/et_pb_column][et_pb_column type=\u00a0\u00bb1_2&Prime; _builder_version=\u00a0\u00bb4.16&Prime; custom_padding=\u00a0\u00bb|||\u00a0\u00bb global_colors_info=\u00a0\u00bb{}\u00a0\u00bb custom_padding__hover=\u00a0\u00bb|||\u00a0\u00bb][et_pb_text admin_label=\u00a0\u00bbNOM CLIENT\u00a0\u00bb _builder_version=\u00a0\u00bb4.16&Prime; header_font=\u00a0\u00bb|||||on|||\u00a0\u00bb header_text_align=\u00a0\u00bbleft\u00a0\u00bb header_text_color=\u00a0\u00bb#000000&Prime; header_font_size=\u00a0\u00bb48px\u00a0\u00bb custom_margin=\u00a0\u00bb|||\u00a0\u00bb header_font_size_tablet=\u00a0\u00bb36px\u00a0\u00bb header_font_size_phone=\u00a0\u00bb24px\u00a0\u00bb header_font_size_last_edited=\u00a0\u00bbon|tablet\u00a0\u00bb global_colors_info=\u00a0\u00bb{}\u00a0\u00bb]<\/p>\n<h1 style=\"text-align: left;\">GRANGE &amp; CIE<\/h1>\n<h1 style=\"text-align: left;\"><span style=\"font-size: 22px;\">L&rsquo;IMMOBILIER DE DEMAIN<\/span><\/h1>\n<p>[\/et_pb_text][et_pb_text _builder_version=\u00a0\u00bb4.16&Prime; global_colors_info=\u00a0\u00bb{}\u00a0\u00bb]<\/p>\n<div class=\"margin-eight clearfix no-margin-lr\">\n<div class=\"col-xs-11\">\n<p><strong>DISPONIBILIT\u00c9<\/strong><\/p>\n<p>\u00catre toujours disponible est le point de d\u00e9part pour forger un lien de confiance. C\u2019est une r\u00e8gle d\u2019or \u00e0 la r\u00e9gie Grange, instaur\u00e9e par nos a\u00efeuls et maintenue de g\u00e9n\u00e9ration en g\u00e9n\u00e9ration depuis maintenant 150 ans.<\/p>\n<p><strong>R\u00c9ACTIVIT\u00c9<\/strong><\/p>\n<p>Notre connaissance approfondie du march\u00e9 et l\u2019ensemble des comp\u00e9tences en interne touchant \u00e0 tous les domaines de l\u2019immobilier nous permettent de toujours vous r\u00e9pondre et vous conseiller avec rapidit\u00e9 et pr\u00e9cision.<\/p>\n<p><strong>\u00c9COUTE<\/strong><\/p>\n<p>Notre entreprise s\u2019est construite avec un esprit de famille qui nous unit en interne et inspire notre approche aupr\u00e8s de nos clients. Notre m\u00e9tier touche \u00e0 votre intimit\u00e9: votre foyer, votre patrimoine. Nous restons \u00e0 l\u2019\u00e9coute, sensibles \u00e0 votre situation et fid\u00e8les \u00e0 vos attentes.<\/p>\n<p><strong>COMP\u00c9TENCES<\/strong><\/p>\n<p>Notre m\u00e9tier est une v\u00e9ritable vocation qui nous stimule et nous motive au quotidien. Notre famille vit et respire cet univers depuis des g\u00e9n\u00e9rations et il est naturel pour nous de rester toujours au fait du contexte actuel du march\u00e9, tout en anticipant les \u00e9volutions \u00e0 venir.<\/p>\n<\/div>\n<\/div>\n<p>[\/et_pb_text][et_pb_button button_url=\u00a0\u00bbhttp:\/\/www.grange.ch\/\u00a0\u00bb url_new_window=\u00a0\u00bbon\u00a0\u00bb button_text=\u00a0\u00bbSITE INTERNET\u00a0\u00bb admin_label=\u00a0\u00bbBOUTON SITE WEB\u00a0\u00bb _builder_version=\u00a0\u00bb4.16&Prime; global_colors_info=\u00a0\u00bb{}\u00a0\u00bb][\/et_pb_button][et_pb_text admin_label=\u00a0\u00bbCONTACT\u00a0\u00bb _builder_version=\u00a0\u00bb4.16&Prime; global_colors_info=\u00a0\u00bb{}\u00a0\u00bb]<\/p>\n<div class=\" col-xs-12 col-sm-4\">\n<div class=\"eachItem\">\n<p><strong>GEN\u00c8VE<\/strong><\/p>\n<p>21-23, chemin de Grange-Canal &#8211; 1208 Gen\u00e8ve<br \/>T + 41 22 707 10 10 &#8211; <a class=\"link--red\" href=\"mailto:contact@grange.ch\">contact@grange.ch<\/a><\/p>\n<\/div>\n<\/div>\n<p>[\/et_pb_text][\/et_pb_column][\/et_pb_row][et_pb_row _builder_version=\u00a0\u00bb4.16&Prime; global_colors_info=\u00a0\u00bb{}\u00a0\u00bb][et_pb_column type=\u00a0\u00bb4_4&Prime; _builder_version=\u00a0\u00bb4.16&Prime; custom_padding=\u00a0\u00bb|||\u00a0\u00bb global_colors_info=\u00a0\u00bb{}\u00a0\u00bb custom_padding__hover=\u00a0\u00bb|||\u00a0\u00bb][et_pb_divider _builder_version=\u00a0\u00bb4.16&Prime; global_colors_info=\u00a0\u00bb{}\u00a0\u00bb][\/et_pb_divider][\/et_pb_column][\/et_pb_row][\/et_pb_section]<\/p>\n","protected":false},"excerpt":{"rendered":"<p>GRANGE &amp; CIE L&rsquo;IMMOBILIER DE DEMAIN DISPONIBILIT\u00c9 \u00catre toujours disponible est le point de d\u00e9part pour forger un lien de confiance. C\u2019est une r\u00e8gle d\u2019or \u00e0 la r\u00e9gie Grange, instaur\u00e9e par nos a\u00efeuls et maintenue de g\u00e9n\u00e9ration en g\u00e9n\u00e9ration depuis maintenant 150 ans. R\u00c9ACTIVIT\u00c9 Notre connaissance approfondie du march\u00e9 et l\u2019ensemble des comp\u00e9tences en interne [&hellip;]<\/p>\n","protected":false},"author":3,"featured_media":0,"parent":1399,"menu_order":0,"comment_status":"closed","ping_status":"closed","template":"","meta":{"_et_pb_use_builder":"on","_et_pb_old_content":"","_et_gb_content_width":"","footnotes":""},"class_list":["post-2594","page","type-page","status-publish","hentry"],"_links":{"self":[{"href":"https:\/\/geneve-et-vous-magazine.ch\/index.php\/wp-json\/wp\/v2\/pages\/2594","targetHints":{"allow":["GET"]}}],"collection":[{"href":"https:\/\/geneve-et-vous-magazine.ch\/index.php\/wp-json\/wp\/v2\/pages"}],"about":[{"href":"https:\/\/geneve-et-vous-magazine.ch\/index.php\/wp-json\/wp\/v2\/types\/page"}],"author":[{"embeddable":true,"href":"https:\/\/geneve-et-vous-magazine.ch\/index.php\/wp-json\/wp\/v2\/users\/3"}],"replies":[{"embeddable":true,"href":"https:\/\/geneve-et-vous-magazine.ch\/index.php\/wp-json\/wp\/v2\/comments?post=2594"}],"version-history":[{"count":11,"href":"https:\/\/geneve-et-vous-magazine.ch\/index.php\/wp-json\/wp\/v2\/pages\/2594\/revisions"}],"predecessor-version":[{"id":12277,"href":"https:\/\/geneve-et-vous-magazine.ch\/index.php\/wp-json\/wp\/v2\/pages\/2594\/revisions\/12277"}],"up":[{"embeddable":true,"href":"https:\/\/geneve-et-vous-magazine.ch\/index.php\/wp-json\/wp\/v2\/pages\/1399"}],"wp:attachment":[{"href":"https:\/\/geneve-et-vous-magazine.ch\/index.php\/wp-json\/wp\/v2\/media?parent=2594"}],"curies":[{"name":"wp","href":"https:\/\/api.w.org\/{rel}","templated":true}]}}