{"id":2341,"date":"2020-03-22T13:58:55","date_gmt":"2020-03-22T12:58:55","guid":{"rendered":"https:\/\/rivegauche-magazine.ch\/?page_id=2341"},"modified":"2020-03-22T14:03:19","modified_gmt":"2020-03-22T13:03:19","slug":"audition-vitalite","status":"publish","type":"page","link":"https:\/\/geneve-et-vous-magazine.ch\/index.php\/medical-2\/audition-vitalite\/","title":{"rendered":"Audition Vitalit\u00e9"},"content":{"rendered":"<p>[et_pb_section fb_built=\u00a0\u00bb1&Prime; _builder_version=\u00a0\u00bb3.22.7&Prime;][et_pb_row _builder_version=\u00a0\u00bb3.22.7&Prime;][et_pb_column type=\u00a0\u00bb4_4&Prime; _builder_version=\u00a0\u00bb3.22.7&Prime;][et_pb_divider _builder_version=\u00a0\u00bb3.22.7&Prime;][\/et_pb_divider][\/et_pb_column][\/et_pb_row][\/et_pb_section][et_pb_section fb_built=\u00a0\u00bb1&Prime; admin_label=\u00a0\u00bbArticles 1 colonne\u00a0\u00bb _builder_version=\u00a0\u00bb3.22.7&Prime; custom_margin=\u00a0\u00bb||\u00a0\u00bb custom_padding=\u00a0\u00bb0px|||||\u00a0\u00bb][et_pb_row custom_padding=\u00a0\u00bb0px||0px|||\u00a0\u00bb custom_margin=\u00a0\u00bb||\u00a0\u00bb padding_top_1=\u00a0\u00bb0px\u00a0\u00bb admin_label=\u00a0\u00bbTitre Agenda\u00a0\u00bb _builder_version=\u00a0\u00bb3.22.7&Prime;][et_pb_column type=\u00a0\u00bb1_2&Prime; _builder_version=\u00a0\u00bb3.22.7&Prime;][et_pb_image src=\u00a0\u00bbhttps:\/\/rivegauche-magazine.ch\/wp-content\/uploads\/2020\/03\/audition-vitalite\u0301.jpg\u00a0\u00bb _builder_version=\u00a0\u00bb3.22.7&Prime;][\/et_pb_image][\/et_pb_column][et_pb_column type=\u00a0\u00bb1_2&Prime; _builder_version=\u00a0\u00bb3.22.7&Prime;][et_pb_text admin_label=\u00a0\u00bbNOM CLIENT\u00a0\u00bb _builder_version=\u00a0\u00bb3.22.7&Prime; header_font=\u00a0\u00bb|||||on|||\u00a0\u00bb header_text_align=\u00a0\u00bbleft\u00a0\u00bb header_text_color=\u00a0\u00bb#000000&Prime; header_font_size=\u00a0\u00bb48px\u00a0\u00bb header_font_size_tablet=\u00a0\u00bb36px\u00a0\u00bb header_font_size_phone=\u00a0\u00bb24px\u00a0\u00bb header_font_size_last_edited=\u00a0\u00bbon|tablet\u00a0\u00bb custom_margin=\u00a0\u00bb|||\u00a0\u00bb]<\/p>\n<h1 style=\"text-align: left;\">AUDITION VITALIT\u00c9<\/h1>\n<h1 style=\"text-align: left;\"><span style=\"font-size: 22px;\">LA CLEF D&rsquo;UNE BONNE \u00c9COUTE<\/span><\/h1>\n<p>[\/et_pb_text][et_pb_button button_url=\u00a0\u00bbhttp:\/\/www.auditionvitalite.com\/site\/fr\/\u00a0\u00bb button_text=\u00a0\u00bbSITE INTERNET\u00a0\u00bb admin_label=\u00a0\u00bbBOUTON SITE WEB\u00a0\u00bb _builder_version=\u00a0\u00bb3.22.7&Prime;][\/et_pb_button][et_pb_text admin_label=\u00a0\u00bbCONTACT\u00a0\u00bb _builder_version=\u00a0\u00bb3.22.7&Prime;]<\/p>\n<p>Marie Grosdemouge<\/p>\n<p>Route de Thonon 42 &#8211; 1222 V\u00e9senaz<\/p>\n<p>T\u00e9l. : 022 732 12 22<\/p>\n<p>[\/et_pb_text][et_pb_text admin_label=\u00a0\u00bbDESCRIPTION\u00a0\u00bb _builder_version=\u00a0\u00bb3.22.7&Prime;]<\/p>\n<p>Marie Grosdemouge vous re\u00e7oit pour des tests, des \u00e9quipements auditifs et le r\u00e9glage de vos anciennes aides auditives. Elle propose aussi des solutions pour toute personne souffrant d\u2019acouph\u00e8nes, ce qui est fr\u00e9quent car pr\u00e8s de 15% de la population est affect\u00e9e par ce ph\u00e9nom\u00e8ne parfois tr\u00e8s p\u00e9nible.<\/p>\n<p>Audioproth\u00e9siste dipl\u00f4m\u00e9e,\u00a0 Marie Grosdemouge exerce \u00e0 Gen\u00e8ve depuis 10 ans et s&rsquo;est install\u00e9e en tant qu\u2019ind\u00e9pendante en 2014 \u00e0 V\u00e9senaz. Elle a compl\u00e9t\u00e9 sa formation en obtenant en 2016 le Dipl\u00f4me Universitaire \u00ab audiophonologie de l\u2019enfant \u00bb de la facult\u00e9 de Paris Descartes. Passionn\u00e9e par son m\u00e9tier et forte de son exp\u00e9rience, elle vous propose ses services pour r\u00e9pondre \u00e0 vos interrogations et vous aider \u00e0 retrouver un meilleur confort d\u2019\u00e9coute.<\/p>\n<p>[\/et_pb_text][\/et_pb_column][\/et_pb_row][et_pb_row _builder_version=\u00a0\u00bb3.22.7&Prime;][et_pb_column type=\u00a0\u00bb4_4&Prime; _builder_version=\u00a0\u00bb3.22.7&Prime;][et_pb_divider _builder_version=\u00a0\u00bb3.22.7&Prime;][\/et_pb_divider][\/et_pb_column][\/et_pb_row][\/et_pb_section]<\/p>\n","protected":false},"excerpt":{"rendered":"<p>AUDITION VITALIT\u00c9 LA CLEF D&rsquo;UNE BONNE \u00c9COUTEMarie Grosdemouge Route de Thonon 42 &#8211; 1222 V\u00e9senaz T\u00e9l. : 022 732 12 22Marie Grosdemouge vous re\u00e7oit pour des tests, des \u00e9quipements auditifs et le r\u00e9glage de vos anciennes aides auditives. Elle propose aussi des solutions pour toute personne souffrant d\u2019acouph\u00e8nes, ce qui est fr\u00e9quent car pr\u00e8s de [&hellip;]<\/p>\n","protected":false},"author":3,"featured_media":0,"parent":1368,"menu_order":0,"comment_status":"closed","ping_status":"closed","template":"","meta":{"_et_pb_use_builder":"on","_et_pb_old_content":"","_et_gb_content_width":"","footnotes":""},"class_list":["post-2341","page","type-page","status-publish","hentry"],"_links":{"self":[{"href":"https:\/\/geneve-et-vous-magazine.ch\/index.php\/wp-json\/wp\/v2\/pages\/2341","targetHints":{"allow":["GET"]}}],"collection":[{"href":"https:\/\/geneve-et-vous-magazine.ch\/index.php\/wp-json\/wp\/v2\/pages"}],"about":[{"href":"https:\/\/geneve-et-vous-magazine.ch\/index.php\/wp-json\/wp\/v2\/types\/page"}],"author":[{"embeddable":true,"href":"https:\/\/geneve-et-vous-magazine.ch\/index.php\/wp-json\/wp\/v2\/users\/3"}],"replies":[{"embeddable":true,"href":"https:\/\/geneve-et-vous-magazine.ch\/index.php\/wp-json\/wp\/v2\/comments?post=2341"}],"version-history":[{"count":5,"href":"https:\/\/geneve-et-vous-magazine.ch\/index.php\/wp-json\/wp\/v2\/pages\/2341\/revisions"}],"predecessor-version":[{"id":2349,"href":"https:\/\/geneve-et-vous-magazine.ch\/index.php\/wp-json\/wp\/v2\/pages\/2341\/revisions\/2349"}],"up":[{"embeddable":true,"href":"https:\/\/geneve-et-vous-magazine.ch\/index.php\/wp-json\/wp\/v2\/pages\/1368"}],"wp:attachment":[{"href":"https:\/\/geneve-et-vous-magazine.ch\/index.php\/wp-json\/wp\/v2\/media?parent=2341"}],"curies":[{"name":"wp","href":"https:\/\/api.w.org\/{rel}","templated":true}]}}