{"id":17254,"date":"2025-12-05T11:22:02","date_gmt":"2025-12-05T10:22:02","guid":{"rendered":"https:\/\/rivegauche-magazine.ch\/?page_id=17254"},"modified":"2025-12-05T11:34:58","modified_gmt":"2025-12-05T10:34:58","slug":"collet-homes","status":"publish","type":"page","link":"https:\/\/geneve-et-vous-magazine.ch\/index.php\/collet-homes\/","title":{"rendered":"Collet Homes"},"content":{"rendered":"<p>[et_pb_section fb_built=\u00a0\u00bb1&Prime; _builder_version=\u00a0\u00bb4.16&Prime; global_colors_info=\u00a0\u00bb{}\u00a0\u00bb][et_pb_row _builder_version=\u00a0\u00bb4.16&Prime; global_colors_info=\u00a0\u00bb{}\u00a0\u00bb][et_pb_column type=\u00a0\u00bb4_4&Prime; _builder_version=\u00a0\u00bb4.16&Prime; custom_padding=\u00a0\u00bb|||\u00a0\u00bb global_colors_info=\u00a0\u00bb{}\u00a0\u00bb custom_padding__hover=\u00a0\u00bb|||\u00a0\u00bb][\/et_pb_column][\/et_pb_row][\/et_pb_section][et_pb_section fb_built=\u00a0\u00bb1&Prime; admin_label=\u00a0\u00bbArticles 1 colonne\u00a0\u00bb _builder_version=\u00a0\u00bb4.16&Prime; custom_margin=\u00a0\u00bb||\u00a0\u00bb custom_padding=\u00a0\u00bb0px|||||\u00a0\u00bb global_colors_info=\u00a0\u00bb{}\u00a0\u00bb][et_pb_row column_structure=\u00a0\u00bb1_2,1_2&Prime; admin_label=\u00a0\u00bbTitre Agenda\u00a0\u00bb _builder_version=\u00a0\u00bb4.16&Prime; custom_margin=\u00a0\u00bb||\u00a0\u00bb custom_padding=\u00a0\u00bb0px||0px|||\u00a0\u00bb global_colors_info=\u00a0\u00bb{}\u00a0\u00bb][et_pb_column type=\u00a0\u00bb1_2&Prime; _builder_version=\u00a0\u00bb4.16&Prime; custom_padding=\u00a0\u00bb0px|||\u00a0\u00bb global_colors_info=\u00a0\u00bb{}\u00a0\u00bb custom_padding__hover=\u00a0\u00bb|||\u00a0\u00bb][et_pb_image src=\u00a0\u00bbhttps:\/\/rivegauche-magazine.ch\/wp-content\/uploads\/2025\/12\/collet_homes_N48._1.jpg\u00a0\u00bb title_text=\u00a0\u00bbcollet_homes_N48._1&Prime; align_tablet=\u00a0\u00bbcenter\u00a0\u00bb align_phone=\u00a0\u00bb\u00a0\u00bb align_last_edited=\u00a0\u00bbon|desktop\u00a0\u00bb _builder_version=\u00a0\u00bb4.17.6&Prime; hover_enabled=\u00a0\u00bb0&Prime; global_colors_info=\u00a0\u00bb{}\u00a0\u00bb sticky_enabled=\u00a0\u00bb0&Prime;][\/et_pb_image][et_pb_image src=\u00a0\u00bbhttps:\/\/rivegauche-magazine.ch\/wp-content\/uploads\/2025\/12\/collet_homes_N48._2.jpg\u00a0\u00bb title_text=\u00a0\u00bbcollet_homes_N48._2&Prime; align_tablet=\u00a0\u00bbcenter\u00a0\u00bb align_phone=\u00a0\u00bb\u00a0\u00bb align_last_edited=\u00a0\u00bbon|desktop\u00a0\u00bb _builder_version=\u00a0\u00bb4.17.6&Prime; hover_enabled=\u00a0\u00bb0&Prime; global_colors_info=\u00a0\u00bb{}\u00a0\u00bb sticky_enabled=\u00a0\u00bb0&Prime;][\/et_pb_image][\/et_pb_column][et_pb_column type=\u00a0\u00bb1_2&Prime; _builder_version=\u00a0\u00bb4.16&Prime; custom_padding=\u00a0\u00bb|||\u00a0\u00bb global_colors_info=\u00a0\u00bb{}\u00a0\u00bb custom_padding__hover=\u00a0\u00bb|||\u00a0\u00bb][et_pb_text admin_label=\u00a0\u00bbNOM CLIENT\u00a0\u00bb _builder_version=\u00a0\u00bb4.17.6&Prime; header_font=\u00a0\u00bb|||||on|||\u00a0\u00bb header_text_align=\u00a0\u00bbleft\u00a0\u00bb header_text_color=\u00a0\u00bb#000000&Prime; header_font_size=\u00a0\u00bb48px\u00a0\u00bb custom_margin=\u00a0\u00bb|||\u00a0\u00bb hover_enabled=\u00a0\u00bb0&Prime; header_font_size_tablet=\u00a0\u00bb36px\u00a0\u00bb header_font_size_phone=\u00a0\u00bb24px\u00a0\u00bb header_font_size_last_edited=\u00a0\u00bbon|tablet\u00a0\u00bb global_colors_info=\u00a0\u00bb{}\u00a0\u00bb sticky_enabled=\u00a0\u00bb0&Prime;]<\/p>\n<h1 style=\"text-align: left;\"><span class=\"ILfuVd\" lang=\"fr\"><span class=\"hgKElc\">COLLET HOMES<\/span><\/span><\/h1>\n<p>[\/et_pb_text][et_pb_text admin_label=\u00a0\u00bbDESCRIPTION\u00a0\u00bb _builder_version=\u00a0\u00bb4.17.6&Prime; hover_enabled=\u00a0\u00bb0&Prime; global_colors_info=\u00a0\u00bb{}\u00a0\u00bb sticky_enabled=\u00a0\u00bb0&Prime;]<\/p>\n<h3 style=\"text-align: justify;\"><strong>Collet Homes<\/strong><\/h3>\n<div id=\"comp-itmumu82\" class=\"KcpHeO tz5f0K comp-itmumu82 wixui-rich-text\" data-testid=\"richTextElement\">Transformer une propri\u00e9t\u00e9 est un voyage souvent sem\u00e9 d\u2019emb\u00fbches. Face aux d\u00e9fis de coordination, aux budgets impr\u00e9visibles et au stress d\u2019une communication d\u00e9faillante, Collet Homes a b\u00e2ti sa raison d\u2019\u00eatre : faire de la r\u00e9novation une exp\u00e9rience guid\u00e9e et sereine. Cette entreprise genevoise incarne une synth\u00e8se rare, alliant la rigueur helv\u00e9tique \u00e0 une approche humaine et transparente.<\/div>\n<div class=\"KcpHeO tz5f0K comp-itmumu82 wixui-rich-text\" data-testid=\"richTextElement\">\n<h3 style=\"text-align: justify;\"><strong><\/strong><\/h3>\n<h3 style=\"text-align: justify;\"><strong><\/strong><\/h3>\n<h3 style=\"text-align: justify;\"><strong>Une fondation solide, <\/strong><br \/><strong>symbolis\u00e9e par une table<\/strong><\/h3>\n<div id=\"comp-itmumu82\" class=\"KcpHeO tz5f0K comp-itmumu82 wixui-rich-text\" data-testid=\"richTextElement\">Leur bureau des Eaux-Vives, ouvert sur le parc La Grange, refl\u00e8te leur philosophie. Il est ancr\u00e9 par une table unique, fa\u00e7onn\u00e9e dans un ch\u00eane genevois bicentenaire. Ce mobilier, symbole de renouveau et de fondations solides, incarne l\u2019atmosph\u00e8re qu\u2019Ashleigh et Yoann Collet souhaitent insuffler \u00e0 chaque projet : un espace o\u00f9 la clart\u00e9 et une planification structur\u00e9e donnent aux clients la confiance n\u00e9cessaire pour concr\u00e9tiser leurs aspirations. Sp\u00e9cialiste de la r\u00e9novation compl\u00e8te, ou projets sp\u00e9cifiques comme cuisine et salle de bains sur mesure, Collet Homes intervient en accompagnement global, directement aupr\u00e8s des propri\u00e9taires ou en collaboration avec leurs partenaires en architecture.<\/div>\n<div class=\"KcpHeO tz5f0K comp-itmumu82 wixui-rich-text\" data-testid=\"richTextElement\">\n<h3 style=\"text-align: justify;\"><strong><\/strong><\/h3>\n<h3 style=\"text-align: justify;\"><strong><\/strong><\/h3>\n<h3 style=\"text-align: justify;\"><strong>Une vision n\u00e9e <\/strong><br \/><strong>de deux cultures<\/strong><\/h3>\n<div id=\"comp-itmumu82\" class=\"KcpHeO tz5f0K comp-itmumu82 wixui-rich-text\" data-testid=\"richTextElement\">L\u2019histoire de Collet Homes est celle d\u2019un duo binational. Yoann, parti faire ses \u00e9tudes au Canada rencontre Ashleigh, et partagent une m\u00eame passion : voir le potentiel l\u00e0 o\u00f9 d\u2019autres ne per\u00e7oivent que des contraintes. Leur parfait bilinguisme est un atout pr\u00e9cieux dans le bassin genevois, facilitant le dialogue entre propri\u00e9taires internationaux et artisans locaux.<br \/>Leur approche unit la pr\u00e9cision suisse et la chaleur canadienne, port\u00e9e par le suivi du design et la direction de travaux o\u00f9 chaque d\u00e9tail compte et chaque client se sent accompagn\u00e9.<\/div>\n<div class=\"KcpHeO tz5f0K comp-itmumu82 wixui-rich-text\" data-testid=\"richTextElement\"><\/div>\n<div class=\"KcpHeO tz5f0K comp-itmumu82 wixui-rich-text\" data-testid=\"richTextElement\">\n<h3 style=\"text-align: left;\"><strong><\/strong><\/h3>\n<h3 style=\"text-align: left;\"><strong><\/strong><\/h3>\n<h3 style=\"text-align: left;\"><strong>La confiance comme pilier, renforc\u00e9e par la technologie<\/strong><\/h3>\n<div id=\"comp-itmumu82\" class=\"KcpHeO tz5f0K comp-itmumu82 wixui-rich-text\" data-testid=\"richTextElement\">\u00ab Le manque ne se situait pas dans la vision du design, mais dans le leadership sur le terrain : aligner l\u2019intention cr\u00e9ative avec la r\u00e9alit\u00e9 de l\u2019ex\u00e9cution \u00bb, explique Ashleigh. Collet Homes endosse ce r\u00f4le de guide responsable. Ils traduisent la vision en actions, g\u00e8rent la complexit\u00e9 et assument la pleine responsabilit\u00e9 de l\u2019ex\u00e9cution.<br \/>Pour garantir une transparence totale, l\u2019entreprise s\u2019appuie sur une plateforme de gestion centralis\u00e9e. Clients, architectes et artisans peuvent y suivre l\u2019avancement en temps r\u00e9el. \u00ab C\u2019est une fen\u00eatre ouverte sur le chantier \u00bb, commente Yoann. \u00ab Un moyen d\u2019apporter encore plus de clart\u00e9 et de confiance. \u00bb<\/div>\n<div class=\"KcpHeO tz5f0K comp-itmumu82 wixui-rich-text\" data-testid=\"richTextElement\">\n<h3 style=\"text-align: left;\"><strong><\/strong><\/h3>\n<h3 style=\"text-align: left;\"><strong><\/strong><\/h3>\n<h3 style=\"text-align: left;\"><strong>Au-del\u00e0 du m\u00e9tier, un engagement humain<\/strong><\/h3>\n<div id=\"comp-itmumu82\" class=\"KcpHeO tz5f0K comp-itmumu82 wixui-rich-text\" data-testid=\"richTextElement\">Cet engagement se vit aussi en dehors des chantiers. La famille Collet s\u2019est int\u00e9gr\u00e9e \u00e0 la communaut\u00e9 locale par les sports de glace, une passion h\u00e9rit\u00e9e du Canada. Pour eux, le hockey est une m\u00e9taphore du travail d\u2019\u00e9quipe : la confiance et la clart\u00e9 des r\u00f4les sont les cl\u00e9s du succ\u00e8s, que ce soit sur la glace ou sur un chantier.<br \/>Au final, la mission de Collet Homes d\u00e9passe la r\u00e9novation d\u2019espaces. Il s\u2019agit de cr\u00e9er des exp\u00e9riences durables, marqu\u00e9es par la confiance et la qualit\u00e9. \u00ab Nous ne prenons jamais pour acquis la confiance que nos clients nous accordent \u00bb, souligne Ashleigh. \u00ab Chaque r\u00e9novation est un investissement de vie.\u00bb Collet Homes ne construit pas simplement des int\u00e9rieurs ; elle restaure la s\u00e9r\u00e9nit\u00e9 dans le processus de transformation, en guidant ses clients avec expertise et un engagement sans faille, de la premi\u00e8re conversation et bien au-del\u00e0 de la livraison.<\/div>\n<\/div>\n<\/div>\n<\/div>\n<\/div>\n<p>[\/et_pb_text][et_pb_text admin_label=\u00a0\u00bbCONTACT\u00a0\u00bb _builder_version=\u00a0\u00bb4.17.6&Prime; hover_enabled=\u00a0\u00bb0&Prime; global_colors_info=\u00a0\u00bb{}\u00a0\u00bb sticky_enabled=\u00a0\u00bb0&Prime;]<\/p>\n<p>COLLET HOMES<br \/>RUE DU CLOS 5 &#8211; 1207 GENEVE<br \/>Sur RDV<br \/>079 542 90 95<br \/>Services available in English<\/p>\n<p>[\/et_pb_text][et_pb_button button_url=\u00a0\u00bbhttps:\/\/collethomes.ch\/\u00a0\u00bb url_new_window=\u00a0\u00bbon\u00a0\u00bb button_text=\u00a0\u00bbSITE INTERNET\u00a0\u00bb admin_label=\u00a0\u00bbBOUTON SITE WEB\u00a0\u00bb _builder_version=\u00a0\u00bb4.17.6&Prime; hover_enabled=\u00a0\u00bb0&Prime; global_colors_info=\u00a0\u00bb{}\u00a0\u00bb sticky_enabled=\u00a0\u00bb0&Prime;][\/et_pb_button][\/et_pb_column][\/et_pb_row][et_pb_row _builder_version=\u00a0\u00bb4.16&Prime; _module_preset=\u00a0\u00bbdefault\u00a0\u00bb global_colors_info=\u00a0\u00bb{}\u00a0\u00bb][et_pb_column type=\u00a0\u00bb4_4&Prime; _builder_version=\u00a0\u00bb4.16&Prime; _module_preset=\u00a0\u00bbdefault\u00a0\u00bb global_colors_info=\u00a0\u00bb{}\u00a0\u00bb][et_pb_divider _builder_version=\u00a0\u00bb4.16&Prime; _module_preset=\u00a0\u00bbdefault\u00a0\u00bb global_colors_info=\u00a0\u00bb{}\u00a0\u00bb][\/et_pb_divider][\/et_pb_column][\/et_pb_row][\/et_pb_section]<\/p>\n","protected":false},"excerpt":{"rendered":"<p>COLLET HOMESCollet Homes Transformer une propri\u00e9t\u00e9 est un voyage souvent sem\u00e9 d\u2019emb\u00fbches. Face aux d\u00e9fis de coordination, aux budgets impr\u00e9visibles et au stress d\u2019une communication d\u00e9faillante, Collet Homes a b\u00e2ti sa raison d\u2019\u00eatre : faire de la r\u00e9novation une exp\u00e9rience guid\u00e9e et sereine. Cette entreprise genevoise incarne une synth\u00e8se rare, alliant la rigueur helv\u00e9tique \u00e0 [&hellip;]<\/p>\n","protected":false},"author":2,"featured_media":0,"parent":0,"menu_order":0,"comment_status":"closed","ping_status":"closed","template":"","meta":{"_et_pb_use_builder":"on","_et_pb_old_content":"","_et_gb_content_width":"","footnotes":""},"class_list":["post-17254","page","type-page","status-publish","hentry"],"_links":{"self":[{"href":"https:\/\/geneve-et-vous-magazine.ch\/index.php\/wp-json\/wp\/v2\/pages\/17254","targetHints":{"allow":["GET"]}}],"collection":[{"href":"https:\/\/geneve-et-vous-magazine.ch\/index.php\/wp-json\/wp\/v2\/pages"}],"about":[{"href":"https:\/\/geneve-et-vous-magazine.ch\/index.php\/wp-json\/wp\/v2\/types\/page"}],"author":[{"embeddable":true,"href":"https:\/\/geneve-et-vous-magazine.ch\/index.php\/wp-json\/wp\/v2\/users\/2"}],"replies":[{"embeddable":true,"href":"https:\/\/geneve-et-vous-magazine.ch\/index.php\/wp-json\/wp\/v2\/comments?post=17254"}],"version-history":[{"count":2,"href":"https:\/\/geneve-et-vous-magazine.ch\/index.php\/wp-json\/wp\/v2\/pages\/17254\/revisions"}],"predecessor-version":[{"id":17261,"href":"https:\/\/geneve-et-vous-magazine.ch\/index.php\/wp-json\/wp\/v2\/pages\/17254\/revisions\/17261"}],"wp:attachment":[{"href":"https:\/\/geneve-et-vous-magazine.ch\/index.php\/wp-json\/wp\/v2\/media?parent=17254"}],"curies":[{"name":"wp","href":"https:\/\/api.w.org\/{rel}","templated":true}]}}