{"id":16927,"date":"2025-07-08T15:06:09","date_gmt":"2025-07-08T13:06:09","guid":{"rendered":"https:\/\/rivegauche-magazine.ch\/?page_id=16927"},"modified":"2025-07-08T15:27:56","modified_gmt":"2025-07-08T13:27:56","slug":"lac-bleu-arolla","status":"publish","type":"page","link":"https:\/\/geneve-et-vous-magazine.ch\/index.php\/lac-bleu-arolla\/","title":{"rendered":"lac-bleu-arolla"},"content":{"rendered":"<p>[et_pb_section fb_built=\u00a0\u00bb1&Prime; _builder_version=\u00a0\u00bb4.17.6&Prime; _module_preset=\u00a0\u00bbdefault\u00a0\u00bb global_colors_info=\u00a0\u00bb{}\u00a0\u00bb][\/et_pb_section][et_pb_section fb_built=\u00a0\u00bb1&Prime; admin_label=\u00a0\u00bbArticles 1 colonne\u00a0\u00bb _builder_version=\u00a0\u00bb4.16&Prime; custom_margin=\u00a0\u00bb||\u00a0\u00bb custom_padding=\u00a0\u00bb0px|||||\u00a0\u00bb global_colors_info=\u00a0\u00bb{}\u00a0\u00bb][et_pb_row _builder_version=\u00a0\u00bb4.16&Prime; global_colors_info=\u00a0\u00bb{}\u00a0\u00bb][et_pb_column type=\u00a0\u00bb4_4&Prime; _builder_version=\u00a0\u00bb4.16&Prime; custom_padding=\u00a0\u00bb|||\u00a0\u00bb global_colors_info=\u00a0\u00bb{}\u00a0\u00bb custom_padding__hover=\u00a0\u00bb|||\u00a0\u00bb][et_pb_text admin_label=\u00a0\u00bbTITRE\u00a0\u00bb _builder_version=\u00a0\u00bb4.17.6&Prime; header_font=\u00a0\u00bb|||||on|||\u00a0\u00bb header_text_align=\u00a0\u00bbleft\u00a0\u00bb header_text_color=\u00a0\u00bb#000000&Prime; header_font_size=\u00a0\u00bb48px\u00a0\u00bb custom_margin=\u00a0\u00bb|||\u00a0\u00bb header_font_size_tablet=\u00a0\u00bb36px\u00a0\u00bb header_font_size_phone=\u00a0\u00bb24px\u00a0\u00bb header_font_size_last_edited=\u00a0\u00bbon|tablet\u00a0\u00bb global_colors_info=\u00a0\u00bb{}\u00a0\u00bb]<\/p>\n<h1 style=\"text-align: center;\"><span style=\"color: #000000;\">Le Lac Bleu d\u2019Arolla :<br \/>Une \u00c9chapp\u00e9e Amoureuse<br \/>au C\u0153ur des Alpes<\/span><\/h1>\n<p>[\/et_pb_text][\/et_pb_column][\/et_pb_row][et_pb_row _builder_version=\u00a0\u00bb4.17.6&Prime; _module_preset=\u00a0\u00bbdefault\u00a0\u00bb global_colors_info=\u00a0\u00bb{}\u00a0\u00bb][et_pb_column type=\u00a0\u00bb4_4&Prime; _builder_version=\u00a0\u00bb4.17.6&Prime; _module_preset=\u00a0\u00bbdefault\u00a0\u00bb global_colors_info=\u00a0\u00bb{}\u00a0\u00bb][et_pb_text _builder_version=\u00a0\u00bb4.17.6&Prime; _module_preset=\u00a0\u00bbdefault\u00a0\u00bb global_colors_info=\u00a0\u00bb{}\u00a0\u00bb]<\/p>\n<h4 style=\"text-align: justify;\"><span style=\"color: #0C71C3;\">Perch\u00e9 \u00e0\u00a02000 m\u00e8tres d\u2019altitude, comme un joyau oubli\u00e9 par les cieux, le\u00a0Lac Bleu d\u2019Arolla\u00a0est une invitation au r\u00eave. Ses eaux, d\u2019un\u00a0azur profond et hypnotique, \u00e9pousent les montagnes en un tableau o\u00f9 la nature se fait po\u00e9sie. Ici, le temps semble suspendu, et chaque pas est une promesse d\u2019\u00e9merveillement.<\/span><\/h4>\n<p>[\/et_pb_text][\/et_pb_column][\/et_pb_row][et_pb_row column_structure=\u00a0\u00bb3_5,2_5&Prime; _builder_version=\u00a0\u00bb4.16&Prime; global_colors_info=\u00a0\u00bb{}\u00a0\u00bb][et_pb_column type=\u00a0\u00bb3_5&Prime; _builder_version=\u00a0\u00bb4.16&Prime; custom_padding=\u00a0\u00bb|||\u00a0\u00bb global_colors_info=\u00a0\u00bb{}\u00a0\u00bb custom_padding__hover=\u00a0\u00bb|||\u00a0\u00bb][et_pb_image src=\u00a0\u00bbhttps:\/\/rivegauche-magazine.ch\/wp-content\/uploads\/2025\/07\/lac_bleu_1.png\u00a0\u00bb title_text=\u00a0\u00bblac_bleu_1&Prime; force_fullwidth=\u00a0\u00bbon\u00a0\u00bb align_tablet=\u00a0\u00bbcenter\u00a0\u00bb align_phone=\u00a0\u00bb\u00a0\u00bb align_last_edited=\u00a0\u00bbon|desktop\u00a0\u00bb _builder_version=\u00a0\u00bb4.17.6&Prime; custom_padding=\u00a0\u00bb|0px||0px|false|true\u00a0\u00bb global_colors_info=\u00a0\u00bb{}\u00a0\u00bb][\/et_pb_image][et_pb_text _builder_version=\u00a0\u00bb4.17.6&Prime; text_text_color=\u00a0\u00bb#FFFFFF\u00a0\u00bb background_color=\u00a0\u00bb#0C71C3&Prime; width=\u00a0\u00bb50%\u00a0\u00bb width_tablet=\u00a0\u00bb50%\u00a0\u00bb width_phone=\u00a0\u00bb100%\u00a0\u00bb width_last_edited=\u00a0\u00bbon|phone\u00a0\u00bb custom_margin=\u00a0\u00bb-5em|||9em|false|false\u00a0\u00bb custom_margin_tablet=\u00a0\u00bb-3em|||0em|false|false\u00a0\u00bb custom_margin_phone=\u00a0\u00bb0em||||false|false\u00a0\u00bb custom_margin_last_edited=\u00a0\u00bbon|tablet\u00a0\u00bb custom_padding=\u00a0\u00bb1em|1em|1em|1em|true|true\u00a0\u00bb module_alignment_tablet=\u00a0\u00bbcenter\u00a0\u00bb module_alignment_phone=\u00a0\u00bbcenter\u00a0\u00bb module_alignment_last_edited=\u00a0\u00bbon|tablet\u00a0\u00bb global_colors_info=\u00a0\u00bb{}\u00a0\u00bb custom_padding__hover_enabled=\u00a0\u00bbon|desktop\u00a0\u00bb custom_padding__hover=\u00a0\u00bb1em|1em|1em|1em|true|true\u00a0\u00bb]<\/p>\n<p style=\"text-align: justify;\"><strong>Difficult\u00e9 : Facile<\/strong><br \/><strong>Distance : 2,8 km<\/strong><br \/><strong>Dur\u00e9e : 1h30<\/strong><\/p>\n<p>[\/et_pb_text][et_pb_text content_tablet=\u00a0\u00bb<\/p>\n<h2 style=%22text-align: justify;%22><span style=%22color: #00b78c;%22><strong>HOTEL BRIENZERBURLI<\/strong><\/span><br \/><span style=%22color: #00b78c;%22><strong>&#038; SEERESTAURANT L\u00d6WEN<\/strong><\/span><\/h2>\n<p style=%22text-align: justify;%22>L\u2019h\u00f4tel traditionnel et cossu o\u00f9 chaque h\u00f4te venant de loin ou de pr\u00e8s se sent tout de suite chez lui.<br \/>Au c\u0153ur du village des sculptures, Brienz, se trouve dans la partie ancienne du village avec ses chalets pittoresques en bois et sa fameuse rue \u00abBrunngass\u00bb. Juste en contrebas du village passe la promenade directement au bord du lac de Brienz, plan d\u2019eau magnifique o\u00f9 se refl\u00e8tent les montagnes environnantes. Le Brienzerburli est connu non seulement \u00e0 cause de la chanson \u00abBrienzerburli\u00bb vantant un petit paysan malicieux et fantasque, mais aussi gr\u00e2ce \u00e0 son h\u00f4tel restaurant. Nous fabriquons nous-m\u00eames du chocolat, des tourtes et d\u2019autres sp\u00e9cialit\u00e9s.<br \/><strong><\/strong><\/p>\n<p style=%22text-align: justify;%22><span style=%22color: #666666;%22><strong>Hauptstrasse 11 &#8211; 3855 Brienz<\/strong><\/span><br \/><span style=%22color: #666666;%22><strong>T\u00e9l. +41 33 951 12 41 | www.brienzerburli.ch<\/strong><\/span><\/p>\n<p>\u00a0\u00bb content_phone=\u00a0\u00bb<\/p>\n<h2 style=%22text-align: justify;%22><span style=%22color: #00b78c;%22><strong>HOTEL BRIENZERBURLI <\/strong><\/span><span style=%22color: #00b78c;%22><strong>&#038;<br \/>SEERESTAURANT L\u00d6WEN<\/strong><\/span><\/h2>\n<p style=%22text-align: justify;%22>L\u2019h\u00f4tel traditionnel et cossu o\u00f9 chaque h\u00f4te venant de loin ou de pr\u00e8s se sent tout de suite chez lui.<br \/>Au c\u0153ur du village des sculptures, Brienz, se trouve dans la partie ancienne du village avec ses chalets pittoresques en bois et sa fameuse rue \u00abBrunngass\u00bb. Juste en contrebas du village passe la promenade directement au bord du lac de Brienz, plan d\u2019eau magnifique o\u00f9 se refl\u00e8tent les montagnes environnantes. Le Brienzerburli est connu non seulement \u00e0 cause de la chanson \u00abBrienzerburli\u00bb vantant un petit paysan malicieux et fantasque, mais aussi gr\u00e2ce \u00e0 son h\u00f4tel restaurant. Nous fabriquons nous-m\u00eames du chocolat, des tourtes et d\u2019autres sp\u00e9cialit\u00e9s.<br \/><strong><\/strong><\/p>\n<p style=%22text-align: left;%22><span style=%22color: #666666;%22><strong>Hauptstrasse 11 &#8211; 3855 Brienz<\/strong><\/span><br \/><span style=%22color: #666666;%22><strong>T\u00e9l. +41 33 951 12 41 | www.brienzerburli.ch<\/strong><\/span><\/p>\n<p>\u00a0\u00bb content_last_edited=\u00a0\u00bbon|phone\u00a0\u00bb _builder_version=\u00a0\u00bb4.17.6&Prime; global_colors_info=\u00a0\u00bb{}\u00a0\u00bb]<\/p>\n<h2 style=\"text-align: justify;\"><span style=\"color: #0c71c3;\"><strong>Un Rendez-vous<\/strong><\/span><br \/><span style=\"color: #0c71c3;\"><strong>avec l\u2019\u00c9ternit\u00e9<\/strong><\/span><\/h2>\n<p>Son miroir bleu turquoise, o\u00f9 se refl\u00e8tent les sommets enneig\u00e9s, est une caresse pour les yeux. Une\u00a0petite cascade\u00a0murmure des secrets \u00e0 qui sait l\u2019\u00e9couter.<br \/>L\u2019automne\u00a0transforme la vall\u00e9e<br \/>en une palette de feu : les m\u00e9l\u00e8zes dor\u00e9s, les arolles<br \/>centenaires et les rhododen-drons rougissants composent une symphonie de couleurs.<br \/>La vie sauvage\u00a0s\u2019y d\u00e9voile avec pudeur : un chamois furtif, le sifflement d\u2019une marmotte, ou le pas lent des\u00a0vaches d\u2019H\u00e9rens, gardiennes de ces lieux.<\/p>\n<p>&nbsp;<\/p>\n<p>[\/et_pb_text][et_pb_text content_tablet=\u00a0\u00bb<\/p>\n<h2 style=%22text-align: justify;%22><span style=%22color: #00b78c;%22><strong>HOTEL BRIENZERBURLI<\/strong><\/span><br \/><span style=%22color: #00b78c;%22><strong>&#038; SEERESTAURANT L\u00d6WEN<\/strong><\/span><\/h2>\n<p style=%22text-align: justify;%22>L\u2019h\u00f4tel traditionnel et cossu o\u00f9 chaque h\u00f4te venant de loin ou de pr\u00e8s se sent tout de suite chez lui.<br \/>Au c\u0153ur du village des sculptures, Brienz, se trouve dans la partie ancienne du village avec ses chalets pittoresques en bois et sa fameuse rue \u00abBrunngass\u00bb. Juste en contrebas du village passe la promenade directement au bord du lac de Brienz, plan d\u2019eau magnifique o\u00f9 se refl\u00e8tent les montagnes environnantes. Le Brienzerburli est connu non seulement \u00e0 cause de la chanson \u00abBrienzerburli\u00bb vantant un petit paysan malicieux et fantasque, mais aussi gr\u00e2ce \u00e0 son h\u00f4tel restaurant. Nous fabriquons nous-m\u00eames du chocolat, des tourtes et d\u2019autres sp\u00e9cialit\u00e9s.<br \/><strong><\/strong><\/p>\n<p style=%22text-align: justify;%22><span style=%22color: #666666;%22><strong>Hauptstrasse 11 &#8211; 3855 Brienz<\/strong><\/span><br \/><span style=%22color: #666666;%22><strong>T\u00e9l. +41 33 951 12 41 | www.brienzerburli.ch<\/strong><\/span><\/p>\n<p>\u00a0\u00bb content_phone=\u00a0\u00bb<\/p>\n<h2 style=%22text-align: justify;%22><span style=%22color: #00b78c;%22><strong>HOTEL BRIENZERBURLI <\/strong><\/span><span style=%22color: #00b78c;%22><strong>&#038;<br \/>SEERESTAURANT L\u00d6WEN<\/strong><\/span><\/h2>\n<p style=%22text-align: justify;%22>L\u2019h\u00f4tel traditionnel et cossu o\u00f9 chaque h\u00f4te venant de loin ou de pr\u00e8s se sent tout de suite chez lui.<br \/>Au c\u0153ur du village des sculptures, Brienz, se trouve dans la partie ancienne du village avec ses chalets pittoresques en bois et sa fameuse rue \u00abBrunngass\u00bb. Juste en contrebas du village passe la promenade directement au bord du lac de Brienz, plan d\u2019eau magnifique o\u00f9 se refl\u00e8tent les montagnes environnantes. Le Brienzerburli est connu non seulement \u00e0 cause de la chanson \u00abBrienzerburli\u00bb vantant un petit paysan malicieux et fantasque, mais aussi gr\u00e2ce \u00e0 son h\u00f4tel restaurant. Nous fabriquons nous-m\u00eames du chocolat, des tourtes et d\u2019autres sp\u00e9cialit\u00e9s.<br \/><strong><\/strong><\/p>\n<p style=%22text-align: left;%22><span style=%22color: #666666;%22><strong>Hauptstrasse 11 &#8211; 3855 Brienz<\/strong><\/span><br \/><span style=%22color: #666666;%22><strong>T\u00e9l. +41 33 951 12 41 | www.brienzerburli.ch<\/strong><\/span><\/p>\n<p>\u00a0\u00bb content_last_edited=\u00a0\u00bbon|phone\u00a0\u00bb _builder_version=\u00a0\u00bb4.17.6&Prime; global_colors_info=\u00a0\u00bb{}\u00a0\u00bb]<\/p>\n<h2 style=\"text-align: justify;\"><span style=\"color: #0c71c3;\"><strong>Cheminer,<\/strong><\/span><br \/><span style=\"color: #0c71c3;\"><strong>main dans la main<\/strong><\/span><\/h2>\n<p>Le sentier, doux et accueillant, serpente entre\u00a0prairies alpines et for\u00eats enchant\u00e9es. Sous les m\u00e9l\u00e8zes aux branches tortueuses, la lumi\u00e8re joue \u00e0 cache-cache, et l\u2019air embaume la r\u00e9sine et la terre humide.<br \/>Arriv\u00e9s au lac, le spectacle est \u00e0 couper le souffle. Les\u00a0chalets d\u2019ardoise, comme pos\u00e9s l\u00e0 par un peintre, ajoutent une touche de nostalgie. C\u2019est l\u2019endroit parfait pour\u00a0un pique-nique romantique, envelopp\u00e9s par le silence, berc\u00e9s seulement par le vent et le clapotis de l\u2019eau.<\/p>\n<p>&nbsp;<\/p>\n<p>[\/et_pb_text][et_pb_text content_tablet=\u00a0\u00bb<\/p>\n<h2 style=%22text-align: justify;%22><span style=%22color: #00b78c;%22><strong>HOTEL BRIENZERBURLI<\/strong><\/span><br \/><span style=%22color: #00b78c;%22><strong>&#038; SEERESTAURANT L\u00d6WEN<\/strong><\/span><\/h2>\n<p style=%22text-align: justify;%22>L\u2019h\u00f4tel traditionnel et cossu o\u00f9 chaque h\u00f4te venant de loin ou de pr\u00e8s se sent tout de suite chez lui.<br \/>Au c\u0153ur du village des sculptures, Brienz, se trouve dans la partie ancienne du village avec ses chalets pittoresques en bois et sa fameuse rue \u00abBrunngass\u00bb. Juste en contrebas du village passe la promenade directement au bord du lac de Brienz, plan d\u2019eau magnifique o\u00f9 se refl\u00e8tent les montagnes environnantes. Le Brienzerburli est connu non seulement \u00e0 cause de la chanson \u00abBrienzerburli\u00bb vantant un petit paysan malicieux et fantasque, mais aussi gr\u00e2ce \u00e0 son h\u00f4tel restaurant. Nous fabriquons nous-m\u00eames du chocolat, des tourtes et d\u2019autres sp\u00e9cialit\u00e9s.<br \/><strong><\/strong><\/p>\n<p style=%22text-align: justify;%22><span style=%22color: #666666;%22><strong>Hauptstrasse 11 &#8211; 3855 Brienz<\/strong><\/span><br \/><span style=%22color: #666666;%22><strong>T\u00e9l. +41 33 951 12 41 | www.brienzerburli.ch<\/strong><\/span><\/p>\n<p>\u00a0\u00bb content_phone=\u00a0\u00bb<\/p>\n<h2 style=%22text-align: justify;%22><span style=%22color: #00b78c;%22><strong>HOTEL BRIENZERBURLI <\/strong><\/span><span style=%22color: #00b78c;%22><strong>&#038;<br \/>SEERESTAURANT L\u00d6WEN<\/strong><\/span><\/h2>\n<p style=%22text-align: justify;%22>L\u2019h\u00f4tel traditionnel et cossu o\u00f9 chaque h\u00f4te venant de loin ou de pr\u00e8s se sent tout de suite chez lui.<br \/>Au c\u0153ur du village des sculptures, Brienz, se trouve dans la partie ancienne du village avec ses chalets pittoresques en bois et sa fameuse rue \u00abBrunngass\u00bb. Juste en contrebas du village passe la promenade directement au bord du lac de Brienz, plan d\u2019eau magnifique o\u00f9 se refl\u00e8tent les montagnes environnantes. Le Brienzerburli est connu non seulement \u00e0 cause de la chanson \u00abBrienzerburli\u00bb vantant un petit paysan malicieux et fantasque, mais aussi gr\u00e2ce \u00e0 son h\u00f4tel restaurant. Nous fabriquons nous-m\u00eames du chocolat, des tourtes et d\u2019autres sp\u00e9cialit\u00e9s.<br \/><strong><\/strong><\/p>\n<p style=%22text-align: left;%22><span style=%22color: #666666;%22><strong>Hauptstrasse 11 &#8211; 3855 Brienz<\/strong><\/span><br \/><span style=%22color: #666666;%22><strong>T\u00e9l. +41 33 951 12 41 | www.brienzerburli.ch<\/strong><\/span><\/p>\n<p>\u00a0\u00bb content_last_edited=\u00a0\u00bbon|phone\u00a0\u00bb _builder_version=\u00a0\u00bb4.17.6&Prime; global_colors_info=\u00a0\u00bb{}\u00a0\u00bb]<\/p>\n<h2 style=\"text-align: left;\"><span style=\"color: #0c71c3;\"><strong>O\u00f9 s&rsquo;arr\u00eater pour un moment doux<\/strong><\/span><\/h2>\n<p>La Gouille\u00a0ou la\u00a0Pension du Lac Bleu : Un caf\u00e9 chaud, une tarte aux myrtilles, et le bonheur simple d\u2019\u00eatre ensemble.<br \/>Chez L\u00e9on\u00a0: Une halte charmante, o\u00f9 d\u00e9guster une soupe maison en admirant la vue.<br \/>Sur les rives du lac\u00a0: juste vous, un morceau de fromage valaisan, et ce sentiment d\u2019\u00eatre seuls au monde.<\/p>\n<p>&nbsp;<\/p>\n<p>[\/et_pb_text][\/et_pb_column][et_pb_column type=\u00a0\u00bb2_5&Prime; _builder_version=\u00a0\u00bb4.17.4&Prime; _module_preset=\u00a0\u00bbdefault\u00a0\u00bb global_colors_info=\u00a0\u00bb{}\u00a0\u00bb][et_pb_image src=\u00a0\u00bbhttps:\/\/rivegauche-magazine.ch\/wp-content\/uploads\/2025\/07\/lac_bleu_3.png\u00a0\u00bb title_text=\u00a0\u00bblac_bleu_3&Prime; force_fullwidth=\u00a0\u00bbon\u00a0\u00bb align_tablet=\u00a0\u00bbcenter\u00a0\u00bb align_phone=\u00a0\u00bb\u00a0\u00bb align_last_edited=\u00a0\u00bbon|desktop\u00a0\u00bb _builder_version=\u00a0\u00bb4.17.6&Prime; custom_padding=\u00a0\u00bb|0px||0px|false|true\u00a0\u00bb hover_enabled=\u00a0\u00bb0&Prime; global_colors_info=\u00a0\u00bb{}\u00a0\u00bb sticky_enabled=\u00a0\u00bb0&Prime;][\/et_pb_image][et_pb_text content_tablet=\u00a0\u00bb<\/p>\n<h2 style=%22text-align: justify;%22><span style=%22color: #00b78c;%22><strong>HOTEL BRIENZERBURLI<\/strong><\/span><br \/><span style=%22color: #00b78c;%22><strong>&#038; SEERESTAURANT L\u00d6WEN<\/strong><\/span><\/h2>\n<p style=%22text-align: justify;%22>L\u2019h\u00f4tel traditionnel et cossu o\u00f9 chaque h\u00f4te venant de loin ou de pr\u00e8s se sent tout de suite chez lui.<br \/>Au c\u0153ur du village des sculptures, Brienz, se trouve dans la partie ancienne du village avec ses chalets pittoresques en bois et sa fameuse rue \u00abBrunngass\u00bb. Juste en contrebas du village passe la promenade directement au bord du lac de Brienz, plan d\u2019eau magnifique o\u00f9 se refl\u00e8tent les montagnes environnantes. Le Brienzerburli est connu non seulement \u00e0 cause de la chanson \u00abBrienzerburli\u00bb vantant un petit paysan malicieux et fantasque, mais aussi gr\u00e2ce \u00e0 son h\u00f4tel restaurant. Nous fabriquons nous-m\u00eames du chocolat, des tourtes et d\u2019autres sp\u00e9cialit\u00e9s.<br \/><strong><\/strong><\/p>\n<p style=%22text-align: justify;%22><span style=%22color: #666666;%22><strong>Hauptstrasse 11 &#8211; 3855 Brienz<\/strong><\/span><br \/><span style=%22color: #666666;%22><strong>T\u00e9l. +41 33 951 12 41 | www.brienzerburli.ch<\/strong><\/span><\/p>\n<p>\u00a0\u00bb content_phone=\u00a0\u00bb<\/p>\n<h2 style=%22text-align: justify;%22><span style=%22color: #00b78c;%22><strong>HOTEL BRIENZERBURLI <\/strong><\/span><span style=%22color: #00b78c;%22><strong>&#038;<br \/>SEERESTAURANT L\u00d6WEN<\/strong><\/span><\/h2>\n<p style=%22text-align: justify;%22>L\u2019h\u00f4tel traditionnel et cossu o\u00f9 chaque h\u00f4te venant de loin ou de pr\u00e8s se sent tout de suite chez lui.<br \/>Au c\u0153ur du village des sculptures, Brienz, se trouve dans la partie ancienne du village avec ses chalets pittoresques en bois et sa fameuse rue \u00abBrunngass\u00bb. Juste en contrebas du village passe la promenade directement au bord du lac de Brienz, plan d\u2019eau magnifique o\u00f9 se refl\u00e8tent les montagnes environnantes. Le Brienzerburli est connu non seulement \u00e0 cause de la chanson \u00abBrienzerburli\u00bb vantant un petit paysan malicieux et fantasque, mais aussi gr\u00e2ce \u00e0 son h\u00f4tel restaurant. Nous fabriquons nous-m\u00eames du chocolat, des tourtes et d\u2019autres sp\u00e9cialit\u00e9s.<br \/><strong><\/strong><\/p>\n<p style=%22text-align: left;%22><span style=%22color: #666666;%22><strong>Hauptstrasse 11 &#8211; 3855 Brienz<\/strong><\/span><br \/><span style=%22color: #666666;%22><strong>T\u00e9l. +41 33 951 12 41 | www.brienzerburli.ch<\/strong><\/span><\/p>\n<p>\u00a0\u00bb content_last_edited=\u00a0\u00bbon|phone\u00a0\u00bb _builder_version=\u00a0\u00bb4.17.6&Prime; global_colors_info=\u00a0\u00bb{}\u00a0\u00bb]<\/p>\n<h2 style=\"text-align: left;\"><span style=\"color: #0c71c3;\"><strong>QUAND S\u2019Y RENDRE\u00a0<\/strong><\/span><\/h2>\n<p>L\u2019\u00e9t\u00e9, pour des\u00a0ciels d\u2019un bleu infini\u00a0et des journ\u00e9es baign\u00e9es de lumi\u00e8re.<br \/>L\u2019automne, quand la montagne flamboie et que l\u2019air est frais comme un premier baiser.<\/p>\n<p>&nbsp;<\/p>\n<p><strong>Distance : 2,8 km<\/strong><br \/><strong>Temps AR : 1h30<\/strong><br \/><strong>D\u00e9part : Hameau de la Gouille<\/strong><br \/><strong>Niveau : randonn\u00e9e facile<\/strong><\/p>\n<p>&nbsp;<\/p>\n<p>[\/et_pb_text][et_pb_image src=\u00a0\u00bbhttps:\/\/rivegauche-magazine.ch\/wp-content\/uploads\/2025\/07\/lac_bleu_2.png\u00a0\u00bb title_text=\u00a0\u00bblac_bleu_2&Prime; force_fullwidth=\u00a0\u00bbon\u00a0\u00bb align_tablet=\u00a0\u00bbcenter\u00a0\u00bb align_phone=\u00a0\u00bb\u00a0\u00bb align_last_edited=\u00a0\u00bbon|desktop\u00a0\u00bb _builder_version=\u00a0\u00bb4.17.6&Prime; custom_padding=\u00a0\u00bb|0px||0px|false|true\u00a0\u00bb hover_enabled=\u00a0\u00bb0&Prime; global_colors_info=\u00a0\u00bb{}\u00a0\u00bb sticky_enabled=\u00a0\u00bb0&Prime;][\/et_pb_image][\/et_pb_column][\/et_pb_row][et_pb_row _builder_version=\u00a0\u00bb4.16&Prime; global_colors_info=\u00a0\u00bb{}\u00a0\u00bb][et_pb_column type=\u00a0\u00bb4_4&Prime; _builder_version=\u00a0\u00bb4.16&Prime; custom_padding=\u00a0\u00bb|||\u00a0\u00bb global_colors_info=\u00a0\u00bb{}\u00a0\u00bb custom_padding__hover=\u00a0\u00bb|||\u00a0\u00bb][et_pb_divider _builder_version=\u00a0\u00bb4.16&Prime; global_colors_info=\u00a0\u00bb{}\u00a0\u00bb][\/et_pb_divider][\/et_pb_column][\/et_pb_row][\/et_pb_section]<\/p>\n","protected":false},"excerpt":{"rendered":"<p>Le Lac Bleu d\u2019Arolla :Une \u00c9chapp\u00e9e Amoureuseau C\u0153ur des AlpesPerch\u00e9 \u00e0\u00a02000 m\u00e8tres d\u2019altitude, comme un joyau oubli\u00e9 par les cieux, le\u00a0Lac Bleu d\u2019Arolla\u00a0est une invitation au r\u00eave. Ses eaux, d\u2019un\u00a0azur profond et hypnotique, \u00e9pousent les montagnes en un tableau o\u00f9 la nature se fait po\u00e9sie. Ici, le temps semble suspendu, et chaque pas est une [&hellip;]<\/p>\n","protected":false},"author":2,"featured_media":0,"parent":0,"menu_order":0,"comment_status":"closed","ping_status":"closed","template":"","meta":{"_et_pb_use_builder":"on","_et_pb_old_content":"","_et_gb_content_width":"","footnotes":""},"class_list":["post-16927","page","type-page","status-publish","hentry"],"_links":{"self":[{"href":"https:\/\/geneve-et-vous-magazine.ch\/index.php\/wp-json\/wp\/v2\/pages\/16927","targetHints":{"allow":["GET"]}}],"collection":[{"href":"https:\/\/geneve-et-vous-magazine.ch\/index.php\/wp-json\/wp\/v2\/pages"}],"about":[{"href":"https:\/\/geneve-et-vous-magazine.ch\/index.php\/wp-json\/wp\/v2\/types\/page"}],"author":[{"embeddable":true,"href":"https:\/\/geneve-et-vous-magazine.ch\/index.php\/wp-json\/wp\/v2\/users\/2"}],"replies":[{"embeddable":true,"href":"https:\/\/geneve-et-vous-magazine.ch\/index.php\/wp-json\/wp\/v2\/comments?post=16927"}],"version-history":[{"count":4,"href":"https:\/\/geneve-et-vous-magazine.ch\/index.php\/wp-json\/wp\/v2\/pages\/16927\/revisions"}],"predecessor-version":[{"id":16938,"href":"https:\/\/geneve-et-vous-magazine.ch\/index.php\/wp-json\/wp\/v2\/pages\/16927\/revisions\/16938"}],"wp:attachment":[{"href":"https:\/\/geneve-et-vous-magazine.ch\/index.php\/wp-json\/wp\/v2\/media?parent=16927"}],"curies":[{"name":"wp","href":"https:\/\/api.w.org\/{rel}","templated":true}]}}