{"id":15672,"date":"2024-12-02T11:19:38","date_gmt":"2024-12-02T10:19:38","guid":{"rendered":"https:\/\/rivegauche-magazine.ch\/?page_id=15672"},"modified":"2024-12-02T11:53:48","modified_gmt":"2024-12-02T10:53:48","slug":"theatre-marionnettes","status":"publish","type":"page","link":"https:\/\/geneve-et-vous-magazine.ch\/index.php\/theatre-marionnettes\/","title":{"rendered":"theatre-marionnettes"},"content":{"rendered":"<p>[et_pb_section fb_built=\u00a0\u00bb1&Prime; _builder_version=\u00a0\u00bb4.16&Prime; global_colors_info=\u00a0\u00bb{}\u00a0\u00bb][et_pb_row _builder_version=\u00a0\u00bb4.16&Prime; global_colors_info=\u00a0\u00bb{}\u00a0\u00bb][et_pb_column type=\u00a0\u00bb4_4&Prime; _builder_version=\u00a0\u00bb4.16&Prime; custom_padding=\u00a0\u00bb|||\u00a0\u00bb global_colors_info=\u00a0\u00bb{}\u00a0\u00bb custom_padding__hover=\u00a0\u00bb|||\u00a0\u00bb][\/et_pb_column][\/et_pb_row][\/et_pb_section][et_pb_section fb_built=\u00a0\u00bb1&Prime; admin_label=\u00a0\u00bbArticles 1 colonne\u00a0\u00bb _builder_version=\u00a0\u00bb4.16&Prime; custom_margin=\u00a0\u00bb||\u00a0\u00bb custom_padding=\u00a0\u00bb0px|||||\u00a0\u00bb global_colors_info=\u00a0\u00bb{}\u00a0\u00bb][et_pb_row column_structure=\u00a0\u00bb1_2,1_2&Prime; admin_label=\u00a0\u00bbTitre Agenda\u00a0\u00bb _builder_version=\u00a0\u00bb4.16&Prime; custom_margin=\u00a0\u00bb||\u00a0\u00bb custom_padding=\u00a0\u00bb0px||0px|||\u00a0\u00bb global_colors_info=\u00a0\u00bb{}\u00a0\u00bb][et_pb_column type=\u00a0\u00bb1_2&Prime; _builder_version=\u00a0\u00bb4.16&Prime; custom_padding=\u00a0\u00bb0px|||\u00a0\u00bb global_colors_info=\u00a0\u00bb{}\u00a0\u00bb custom_padding__hover=\u00a0\u00bb|||\u00a0\u00bb][et_pb_image src=\u00a0\u00bbhttps:\/\/rivegauche-magazine.ch\/wp-content\/uploads\/2024\/12\/teatre_marionnettes_N45.jpg\u00a0\u00bb title_text=\u00a0\u00bbteatre_marionnettes_N45&Prime; align_tablet=\u00a0\u00bbcenter\u00a0\u00bb align_phone=\u00a0\u00bb\u00a0\u00bb align_last_edited=\u00a0\u00bbon|desktop\u00a0\u00bb _builder_version=\u00a0\u00bb4.17.6&Prime; hover_enabled=\u00a0\u00bb0&Prime; global_colors_info=\u00a0\u00bb{}\u00a0\u00bb sticky_enabled=\u00a0\u00bb0&Prime;][\/et_pb_image][\/et_pb_column][et_pb_column type=\u00a0\u00bb1_2&Prime; _builder_version=\u00a0\u00bb4.16&Prime; custom_padding=\u00a0\u00bb|||\u00a0\u00bb global_colors_info=\u00a0\u00bb{}\u00a0\u00bb custom_padding__hover=\u00a0\u00bb|||\u00a0\u00bb][et_pb_text admin_label=\u00a0\u00bbNOM CLIENT\u00a0\u00bb _builder_version=\u00a0\u00bb4.17.6&Prime; header_font=\u00a0\u00bb|||||on|||\u00a0\u00bb header_text_align=\u00a0\u00bbleft\u00a0\u00bb header_text_color=\u00a0\u00bb#000000&Prime; header_font_size=\u00a0\u00bb48px\u00a0\u00bb custom_margin=\u00a0\u00bb|||\u00a0\u00bb hover_enabled=\u00a0\u00bb0&Prime; header_font_size_tablet=\u00a0\u00bb36px\u00a0\u00bb header_font_size_phone=\u00a0\u00bb24px\u00a0\u00bb header_font_size_last_edited=\u00a0\u00bbon|tablet\u00a0\u00bb global_colors_info=\u00a0\u00bb{}\u00a0\u00bb sticky_enabled=\u00a0\u00bb0&Prime;]<\/p>\n<h1 style=\"text-align: left;\"><span class=\"ILfuVd\" lang=\"fr\"><span class=\"hgKElc\">Th\u00e9\u00e2tre des Marionnettes de Gen\u00e8ve<br \/><\/span><\/span><\/h1>\n<p>[\/et_pb_text][et_pb_text admin_label=\u00a0\u00bbDESCRIPTION\u00a0\u00bb _builder_version=\u00a0\u00bb4.17.6&Prime; hover_enabled=\u00a0\u00bb0&Prime; global_colors_info=\u00a0\u00bb{}\u00a0\u00bb sticky_enabled=\u00a0\u00bb0&Prime;]<\/p>\n<div id=\"comp-itmumu82\" class=\"KcpHeO tz5f0K comp-itmumu82 wixui-rich-text\" data-testid=\"richTextElement\">\n<div class=\"page\" title=\"Page 1\">\n<div class=\"section\" style=\"background-color: rgb(93.500800%, 95.800000%, 85.741000%);\">\n<div class=\"layoutArea\">\n<div class=\"column\">\n<p><span style=\"font-size: 12.000000pt; font-family: 'BourtonText'; font-weight: bold;\">DU 2 AU 17 NOVEMBRE 2024 <\/span><span style=\"font-size: 20.000000pt; font-family: 'BourtonText'; font-weight: bold;\">SUR LES DENTS <\/span><span style=\"font-size: 12.000000pt; font-family: 'BourtonText'; font-weight: bold; color: rgb(100.000000%, 0.000000%, 90.000000%);\">CRE\u0301ATION TMG 2023<br \/><\/span><span style=\"font-size: 9.000000pt; font-family: 'BourtonText'; font-weight: 600; color: rgb(100.000000%, 0.000000%, 90.000000%);\">De\u0300s 5 ans <\/span><\/p>\n<p><span style=\"font-size: 12.000000pt; font-family: 'BourtonText'; font-weight: bold;\">DU 10 AU 26 JANVIER 2025<br \/><\/span><span style=\"font-size: 20.000000pt; font-family: 'BourtonText'; font-weight: bold;\">LE TRUC SUR LE FEU <\/span><span style=\"font-size: 12.000000pt; font-family: 'BourtonText'; font-weight: bold; color: rgb(100.000000%, 0.000000%, 90.000000%);\">NOUVELLE CRE\u0301ATION TMG<br \/><\/span><span style=\"font-size: 9.000000pt; font-family: 'BourtonText'; font-weight: 600; color: rgb(100.000000%, 0.000000%, 90.000000%);\">Adultes, ados, de\u0300s 10 ans <\/span><\/p>\n<p><span style=\"font-size: 12.000000pt; font-family: 'BourtonText'; font-weight: bold;\">DU 14 AU 20 FE\u0301VRIER 2025 <\/span><span style=\"font-size: 20.000000pt; font-family: 'BourtonText'; font-weight: bold;\">SUEN\u0303O<br \/><\/span><span style=\"font-size: 12.000000pt; font-family: 'BourtonText'; font-weight: bold; color: rgb(100.000000%, 0.000000%, 90.000000%);\">COMPAGNIE SINGE DIESEL <\/span><span style=\"font-size: 9.000000pt; font-family: 'BourtonText'; font-weight: 600; color: rgb(100.000000%, 0.000000%, 90.000000%);\">Adultes, ados, de\u0300s 10 ans <\/span><\/p>\n<div class=\"page\" title=\"Page 1\">\n<div class=\"section\" style=\"background-color: rgb(93.500800%, 95.800000%, 85.741000%);\">\n<div class=\"layoutArea\">\n<div class=\"column\">\n<p><span style=\"font-size: 12.000000pt; font-family: 'BourtonText'; font-weight: bold;\">DU 4 AU 22 DE\u0301CEMBRE 2024<br \/><\/span><span style=\"font-size: 20.000000pt; font-family: 'BourtonText'; font-weight: bold;\">LES FABLES DU BAOBAB <\/span><span style=\"font-size: 12.000000pt; font-family: 'BourtonText'; font-weight: bold; color: rgb(100.000000%, 0.000000%, 90.000000%);\">PAR LA CIE PATACLOWNS<br \/><\/span><span style=\"font-size: 9.000000pt; font-family: 'BourtonText'; font-weight: 600; color: rgb(100.000000%, 0.000000%, 90.000000%);\">De\u0300s 4 ans <\/span><\/p>\n<p><span style=\"font-size: 12.000000pt; font-family: 'BourtonText'; font-weight: bold;\">DU 1<\/span><span style=\"font-size: 7.000000pt; font-family: 'BourtonText'; font-weight: bold; vertical-align: 4.000000pt;\">ER <\/span><span style=\"font-size: 12.000000pt; font-family: 'BourtonText'; font-weight: bold;\">AU 12 FE\u0301VRIER 2025<br \/><\/span><span style=\"font-size: 20.000000pt; font-family: 'BourtonText'; font-weight: bold;\">LE CHEMIN DES ME\u0301TAPHORES <\/span><span style=\"font-size: 12.000000pt; font-family: 'BourtonText'; font-weight: bold; color: rgb(100.000000%, 0.000000%, 90.000000%);\">PAR LA CIE SINGE DIESEL<br \/><\/span><span style=\"font-size: 9.000000pt; font-family: 'BourtonText'; font-weight: 600; color: rgb(100.000000%, 0.000000%, 90.000000%);\">De\u0300s 5 ans <\/span><\/p>\n<p><span style=\"font-size: 12.000000pt; font-family: 'BourtonText'; font-weight: bold;\">DU 25 FE\u0301VRIER AU 9 MARS 2025<br \/><\/span><span style=\"font-size: 20.000000pt; font-family: 'BourtonText'; font-weight: bold;\">LA PETITE VARIATION 3 <\/span><span style=\"font-size: 12.000000pt; font-family: 'BourtonText'; font-weight: bold; color: rgb(100.000000%, 0.000000%, 90.000000%);\">PAR LE THE\u0301A\u0302TRE L\u2019ARTICULE<br \/><\/span><span style=\"font-size: 9.000000pt; font-family: 'BourtonText'; font-weight: 600; color: rgb(100.000000%, 0.000000%, 90.000000%);\">De\u0300s 3 ans <\/span><\/p>\n<\/div>\n<\/div>\n<\/div>\n<\/div>\n<\/div>\n<\/div>\n<\/div>\n<\/div>\n<\/div>\n<p>[\/et_pb_text][et_pb_text admin_label=\u00a0\u00bbCONTACT\u00a0\u00bb _builder_version=\u00a0\u00bb4.17.6&Prime; hover_enabled=\u00a0\u00bb0&Prime; global_colors_info=\u00a0\u00bb{}\u00a0\u00bb sticky_enabled=\u00a0\u00bb0&Prime;]<\/p>\n<p><span class=\"LrzXr\">Rue Rodo 3, 1205 Gen\u00e8ve<\/span><br \/>T\u00e9l. <span><span class=\"LrzXr zdqRlf kno-fv\"><a data-dtype=\"d3ph\" data-local-attribute=\"d3ph\" jscontroller=\"LWZElb\" href=\"https:\/\/www.google.com\/search?client=firefox-b-d&amp;q=theatre+des+marionnettes#\" jsdata=\"QKGTRc;_;CXK1r8\" jsaction=\"rcuQ6b:npT2md;F75qrd\" data-ved=\"2ahUKEwj96KTM9YiKAxVxnf0HHS-7EQUQkAgoAHoECEkQAw\"><span aria-label=\"Appeler le 022 807 31 00\">022 807 31 00<\/span><\/a><\/span><\/span> |\u00a0 <a href=\"mailto:ghimmobilier@hotmail.com\"><\/a><a href=\"mailto:reservation@marionnettes.ch\" class=\"spamspan\">reservation@marionnettes.ch<\/a><a href=\"mailto:ghimmobilier@hotmail.com\"><\/a><\/p>\n<p>[\/et_pb_text][et_pb_button button_url=\u00a0\u00bbhttps:\/\/www.marionnettes.ch\/\u00a0\u00bb url_new_window=\u00a0\u00bbon\u00a0\u00bb button_text=\u00a0\u00bbSITE INTERNET\u00a0\u00bb admin_label=\u00a0\u00bbBOUTON SITE WEB\u00a0\u00bb _builder_version=\u00a0\u00bb4.17.6&Prime; hover_enabled=\u00a0\u00bb0&Prime; global_colors_info=\u00a0\u00bb{}\u00a0\u00bb sticky_enabled=\u00a0\u00bb0&Prime;][\/et_pb_button][\/et_pb_column][\/et_pb_row][et_pb_row _builder_version=\u00a0\u00bb4.16&Prime; _module_preset=\u00a0\u00bbdefault\u00a0\u00bb global_colors_info=\u00a0\u00bb{}\u00a0\u00bb][et_pb_column type=\u00a0\u00bb4_4&Prime; _builder_version=\u00a0\u00bb4.16&Prime; _module_preset=\u00a0\u00bbdefault\u00a0\u00bb global_colors_info=\u00a0\u00bb{}\u00a0\u00bb][et_pb_divider _builder_version=\u00a0\u00bb4.16&Prime; _module_preset=\u00a0\u00bbdefault\u00a0\u00bb global_colors_info=\u00a0\u00bb{}\u00a0\u00bb][\/et_pb_divider][\/et_pb_column][\/et_pb_row][\/et_pb_section]<\/p>\n","protected":false},"excerpt":{"rendered":"<p>Th\u00e9\u00e2tre des Marionnettes de Gen\u00e8ve DU 2 AU 17 NOVEMBRE 2024 SUR LES DENTS CRE\u0301ATION TMG 2023De\u0300s 5 ans DU 10 AU 26 JANVIER 2025LE TRUC SUR LE FEU NOUVELLE CRE\u0301ATION TMGAdultes, ados, de\u0300s 10 ans DU 14 AU 20 FE\u0301VRIER 2025 SUEN\u0303OCOMPAGNIE SINGE DIESEL Adultes, ados, de\u0300s 10 ans DU 4 AU 22 DE\u0301CEMBRE [&hellip;]<\/p>\n","protected":false},"author":2,"featured_media":0,"parent":0,"menu_order":0,"comment_status":"closed","ping_status":"closed","template":"","meta":{"_et_pb_use_builder":"on","_et_pb_old_content":"","_et_gb_content_width":"","footnotes":""},"class_list":["post-15672","page","type-page","status-publish","hentry"],"_links":{"self":[{"href":"https:\/\/geneve-et-vous-magazine.ch\/index.php\/wp-json\/wp\/v2\/pages\/15672","targetHints":{"allow":["GET"]}}],"collection":[{"href":"https:\/\/geneve-et-vous-magazine.ch\/index.php\/wp-json\/wp\/v2\/pages"}],"about":[{"href":"https:\/\/geneve-et-vous-magazine.ch\/index.php\/wp-json\/wp\/v2\/types\/page"}],"author":[{"embeddable":true,"href":"https:\/\/geneve-et-vous-magazine.ch\/index.php\/wp-json\/wp\/v2\/users\/2"}],"replies":[{"embeddable":true,"href":"https:\/\/geneve-et-vous-magazine.ch\/index.php\/wp-json\/wp\/v2\/comments?post=15672"}],"version-history":[{"count":3,"href":"https:\/\/geneve-et-vous-magazine.ch\/index.php\/wp-json\/wp\/v2\/pages\/15672\/revisions"}],"predecessor-version":[{"id":15677,"href":"https:\/\/geneve-et-vous-magazine.ch\/index.php\/wp-json\/wp\/v2\/pages\/15672\/revisions\/15677"}],"wp:attachment":[{"href":"https:\/\/geneve-et-vous-magazine.ch\/index.php\/wp-json\/wp\/v2\/media?parent=15672"}],"curies":[{"name":"wp","href":"https:\/\/api.w.org\/{rel}","templated":true}]}}