{"id":14787,"date":"2024-04-26T17:09:33","date_gmt":"2024-04-26T15:09:33","guid":{"rendered":"https:\/\/rivegauche-magazine.ch\/?page_id=14787"},"modified":"2024-04-26T17:20:18","modified_gmt":"2024-04-26T15:20:18","slug":"histoire-carouge","status":"publish","type":"page","link":"https:\/\/geneve-et-vous-magazine.ch\/index.php\/histoire-carouge\/","title":{"rendered":"Histoire de carouge"},"content":{"rendered":"<p>[et_pb_section fb_built=\u00a0\u00bb1&Prime; _builder_version=\u00a0\u00bb4.16&Prime; global_colors_info=\u00a0\u00bb{}\u00a0\u00bb][et_pb_row _builder_version=\u00a0\u00bb4.16&Prime; global_colors_info=\u00a0\u00bb{}\u00a0\u00bb][et_pb_column type=\u00a0\u00bb4_4&Prime; _builder_version=\u00a0\u00bb4.16&Prime; custom_padding=\u00a0\u00bb|||\u00a0\u00bb global_colors_info=\u00a0\u00bb{}\u00a0\u00bb custom_padding__hover=\u00a0\u00bb|||\u00a0\u00bb][et_pb_text _builder_version=\u00a0\u00bb4.17.6&Prime; header_font=\u00a0\u00bbGeorgia||||||||\u00a0\u00bb header_font_size=\u00a0\u00bb52px\u00a0\u00bb hover_enabled=\u00a0\u00bb0&Prime; header_font_size_tablet=\u00a0\u00bb44px\u00a0\u00bb header_font_size_phone=\u00a0\u00bb36px\u00a0\u00bb header_font_size_last_edited=\u00a0\u00bbon|phone\u00a0\u00bb global_colors_info=\u00a0\u00bb{}\u00a0\u00bb sticky_enabled=\u00a0\u00bb0&Prime;]<\/p>\n<h1 style=\"text-align: center;\">HISTOIRE DE CAROUGE<\/h1>\n<p style=\"text-align: center;\">Plus d&rsquo;informations sur <a href=\"http:\/\/www.anieres.ch\" target=\"_blank\" rel=\"noopener noreferrer\">www.carouge.ch<\/a><\/p>\n<p>[\/et_pb_text][et_pb_image src=\u00a0\u00bbhttps:\/\/rivegauche-magazine.ch\/wp-content\/uploads\/2024\/04\/Couage959_tcm334-2873126.jpg\u00a0\u00bb title_text=\u00a0\u00bbCouage959_tcm334-2873126&Prime; force_fullwidth=\u00a0\u00bbon\u00a0\u00bb align_tablet=\u00a0\u00bbcenter\u00a0\u00bb align_phone=\u00a0\u00bb\u00a0\u00bb align_last_edited=\u00a0\u00bbon|desktop\u00a0\u00bb _builder_version=\u00a0\u00bb4.17.6&Prime; hover_enabled=\u00a0\u00bb0&Prime; global_colors_info=\u00a0\u00bb{}\u00a0\u00bb sticky_enabled=\u00a0\u00bb0&Prime;][\/et_pb_image][\/et_pb_column][\/et_pb_row][et_pb_row column_structure=\u00a0\u00bb1_2,1_2&Prime; _builder_version=\u00a0\u00bb4.16&Prime; global_colors_info=\u00a0\u00bb{}\u00a0\u00bb][et_pb_column type=\u00a0\u00bb1_2&Prime; _builder_version=\u00a0\u00bb4.16&Prime; custom_padding=\u00a0\u00bb|||\u00a0\u00bb global_colors_info=\u00a0\u00bb{}\u00a0\u00bb custom_padding__hover=\u00a0\u00bb|||\u00a0\u00bb][et_pb_text _builder_version=\u00a0\u00bb4.17.6&Prime; header_font=\u00a0\u00bbGeorgia||||||||\u00a0\u00bb header_font_size=\u00a0\u00bb52px\u00a0\u00bb hover_enabled=\u00a0\u00bb0&Prime; header_font_size_tablet=\u00a0\u00bb44px\u00a0\u00bb header_font_size_phone=\u00a0\u00bb36px\u00a0\u00bb header_font_size_last_edited=\u00a0\u00bbon|phone\u00a0\u00bb global_colors_info=\u00a0\u00bb{}\u00a0\u00bb sticky_enabled=\u00a0\u00bb0&Prime;]<\/p>\n<p style=\"text-align: justify;\">Au Moyen \u00c2ge, Carouge est un village ind\u00e9pendant situ\u00e9 pr\u00e8s de Gen\u00e8ve, influenc\u00e9 par la pr\u00e9sence de l\u2019\u00e9glise Sainte-Croix. Le fief de Carouge, relevant du comt\u00e9 de Savoie, est marqu\u00e9 par son ch\u00e2teau et ses terres administr\u00e9es par des seigneurs locaux. Le village constitue une \u00e9tape cl\u00e9 dans la d\u00e9fense des terres savoyardes, particuli\u00e8rement expos\u00e9es aux conflits avec Gen\u00e8ve.<\/p>\n<p>[\/et_pb_text][et_pb_image src=\u00a0\u00bbhttps:\/\/rivegauche-magazine.ch\/wp-content\/uploads\/2024\/04\/rues-carouge-bloc-classique-c.jpg\u00a0\u00bb title_text=\u00a0\u00bbrues-carouge-bloc-classique-c\u00a0\u00bb force_fullwidth=\u00a0\u00bbon\u00a0\u00bb align_tablet=\u00a0\u00bbcenter\u00a0\u00bb align_phone=\u00a0\u00bb\u00a0\u00bb align_last_edited=\u00a0\u00bbon|desktop\u00a0\u00bb _builder_version=\u00a0\u00bb4.17.6&Prime; hover_enabled=\u00a0\u00bb0&Prime; global_colors_info=\u00a0\u00bb{}\u00a0\u00bb sticky_enabled=\u00a0\u00bb0&Prime;][\/et_pb_image][\/et_pb_column][et_pb_column type=\u00a0\u00bb1_2&Prime; _builder_version=\u00a0\u00bb4.16&Prime; custom_padding=\u00a0\u00bb|||\u00a0\u00bb global_colors_info=\u00a0\u00bb{}\u00a0\u00bb custom_padding__hover=\u00a0\u00bb|||\u00a0\u00bb][et_pb_image src=\u00a0\u00bbhttps:\/\/rivegauche-magazine.ch\/wp-content\/uploads\/2024\/04\/Carouge_Place_du_Temple1-scaled.jpg\u00a0\u00bb title_text=\u00a0\u00bbCarouge_Place_du_Temple1&Prime; force_fullwidth=\u00a0\u00bbon\u00a0\u00bb align_tablet=\u00a0\u00bbcenter\u00a0\u00bb align_phone=\u00a0\u00bb\u00a0\u00bb align_last_edited=\u00a0\u00bbon|desktop\u00a0\u00bb _builder_version=\u00a0\u00bb4.17.6&Prime; hover_enabled=\u00a0\u00bb0&Prime; global_colors_info=\u00a0\u00bb{}\u00a0\u00bb sticky_enabled=\u00a0\u00bb0&Prime;][\/et_pb_image][et_pb_text _builder_version=\u00a0\u00bb4.17.6&Prime; header_font=\u00a0\u00bbGeorgia||||||||\u00a0\u00bb header_font_size=\u00a0\u00bb52px\u00a0\u00bb hover_enabled=\u00a0\u00bb0&Prime; header_font_size_tablet=\u00a0\u00bb44px\u00a0\u00bb header_font_size_phone=\u00a0\u00bb36px\u00a0\u00bb header_font_size_last_edited=\u00a0\u00bbon|phone\u00a0\u00bb global_colors_info=\u00a0\u00bb{}\u00a0\u00bb sticky_enabled=\u00a0\u00bb0&Prime;]<\/p>\n<p>Pendant la R\u00e9volution fran\u00e7aise, Carouge est rattach\u00e9 \u00e0 la R\u00e9publique fran\u00e7aise en 1792, puis int\u00e9gr\u00e9 au d\u00e9partement du L\u00e9man. Suite \u00e0 la d\u00e9faite de Napol\u00e9on Ier et \u00e0 la red\u00e9finition des fronti\u00e8res lors du congr\u00e8s de Vienne, Carouge est annex\u00e9 au nouveau canton suisse de Gen\u00e8ve par le trait\u00e9 de Turin en 1816, ce qui marque un tournant majeur dans son histoire.<\/p>\n<p>Le 19 mai 1816, Carouge est officiellement reconnu comme commune suisse, et les habitants adoptent le nom de Carougeois. Carouge s\u2019\u00e9tend sur une superficie de 2,74 km\u00b2 selon l\u2019Office f\u00e9d\u00e9ral de la statistique. De cette superficie 84,9 % de cette superficie correspond \u00e0 des surfaces d&rsquo;habitat ou d&rsquo;infrastructure, 4,9 % \u00e0 des surfaces agricoles, 8,7 % \u00e0 des surfaces bois\u00e9es et 1,5 % \u00e0 des surfaces improductives.<\/p>\n<p>[\/et_pb_text][\/et_pb_column][\/et_pb_row][et_pb_row _builder_version=\u00a0\u00bb4.16&Prime; global_colors_info=\u00a0\u00bb{}\u00a0\u00bb][et_pb_column type=\u00a0\u00bb4_4&Prime; _builder_version=\u00a0\u00bb4.16&Prime; custom_padding=\u00a0\u00bb|||\u00a0\u00bb global_colors_info=\u00a0\u00bb{}\u00a0\u00bb custom_padding__hover=\u00a0\u00bb|||\u00a0\u00bb][et_pb_image src=\u00a0\u00bbhttps:\/\/rivegauche-magazine.ch\/wp-content\/uploads\/2024\/04\/carouge-armoiries.jpg\u00a0\u00bb title_text=\u00a0\u00bbcarouge-armoiries\u00a0\u00bb force_fullwidth=\u00a0\u00bbon\u00a0\u00bb align_tablet=\u00a0\u00bbcenter\u00a0\u00bb align_phone=\u00a0\u00bb\u00a0\u00bb align_last_edited=\u00a0\u00bbon|desktop\u00a0\u00bb _builder_version=\u00a0\u00bb4.17.6&Prime; hover_enabled=\u00a0\u00bb0&Prime; global_colors_info=\u00a0\u00bb{}\u00a0\u00bb sticky_enabled=\u00a0\u00bb0&Prime;][\/et_pb_image][\/et_pb_column][\/et_pb_row][et_pb_row _builder_version=\u00a0\u00bb4.16&Prime; global_colors_info=\u00a0\u00bb{}\u00a0\u00bb][et_pb_column type=\u00a0\u00bb4_4&Prime; _builder_version=\u00a0\u00bb4.16&Prime; custom_padding=\u00a0\u00bb|||\u00a0\u00bb global_colors_info=\u00a0\u00bb{}\u00a0\u00bb custom_padding__hover=\u00a0\u00bb|||\u00a0\u00bb][et_pb_divider _builder_version=\u00a0\u00bb4.16&Prime; global_colors_info=\u00a0\u00bb{}\u00a0\u00bb][\/et_pb_divider][\/et_pb_column][\/et_pb_row][\/et_pb_section]<\/p>\n","protected":false},"excerpt":{"rendered":"<p>HISTOIRE DE CAROUGE Plus d&rsquo;informations sur www.carouge.chAu Moyen \u00c2ge, Carouge est un village ind\u00e9pendant situ\u00e9 pr\u00e8s de Gen\u00e8ve, influenc\u00e9 par la pr\u00e9sence de l\u2019\u00e9glise Sainte-Croix. Le fief de Carouge, relevant du comt\u00e9 de Savoie, est marqu\u00e9 par son ch\u00e2teau et ses terres administr\u00e9es par des seigneurs locaux. Le village constitue une \u00e9tape cl\u00e9 dans la [&hellip;]<\/p>\n","protected":false},"author":2,"featured_media":0,"parent":0,"menu_order":0,"comment_status":"closed","ping_status":"closed","template":"","meta":{"_et_pb_use_builder":"on","_et_pb_old_content":"","_et_gb_content_width":"","footnotes":""},"class_list":["post-14787","page","type-page","status-publish","hentry"],"_links":{"self":[{"href":"https:\/\/geneve-et-vous-magazine.ch\/index.php\/wp-json\/wp\/v2\/pages\/14787","targetHints":{"allow":["GET"]}}],"collection":[{"href":"https:\/\/geneve-et-vous-magazine.ch\/index.php\/wp-json\/wp\/v2\/pages"}],"about":[{"href":"https:\/\/geneve-et-vous-magazine.ch\/index.php\/wp-json\/wp\/v2\/types\/page"}],"author":[{"embeddable":true,"href":"https:\/\/geneve-et-vous-magazine.ch\/index.php\/wp-json\/wp\/v2\/users\/2"}],"replies":[{"embeddable":true,"href":"https:\/\/geneve-et-vous-magazine.ch\/index.php\/wp-json\/wp\/v2\/comments?post=14787"}],"version-history":[{"count":5,"href":"https:\/\/geneve-et-vous-magazine.ch\/index.php\/wp-json\/wp\/v2\/pages\/14787\/revisions"}],"predecessor-version":[{"id":14799,"href":"https:\/\/geneve-et-vous-magazine.ch\/index.php\/wp-json\/wp\/v2\/pages\/14787\/revisions\/14799"}],"wp:attachment":[{"href":"https:\/\/geneve-et-vous-magazine.ch\/index.php\/wp-json\/wp\/v2\/media?parent=14787"}],"curies":[{"name":"wp","href":"https:\/\/api.w.org\/{rel}","templated":true}]}}