{"id":14533,"date":"2024-04-23T15:25:19","date_gmt":"2024-04-23T13:25:19","guid":{"rendered":"https:\/\/rivegauche-magazine.ch\/?page_id=14533"},"modified":"2024-04-23T15:39:03","modified_gmt":"2024-04-23T13:39:03","slug":"balade-hermance-jussy","status":"publish","type":"page","link":"https:\/\/geneve-et-vous-magazine.ch\/index.php\/balade-hermance-jussy\/","title":{"rendered":"Balade Hermance Jussy"},"content":{"rendered":"<p>[et_pb_section fb_built=\u00a0\u00bb1&Prime; _builder_version=\u00a0\u00bb4.17.6&Prime; _module_preset=\u00a0\u00bbdefault\u00a0\u00bb global_colors_info=\u00a0\u00bb{}\u00a0\u00bb][\/et_pb_section][et_pb_section fb_built=\u00a0\u00bb1&Prime; admin_label=\u00a0\u00bbArticles 1 colonne\u00a0\u00bb _builder_version=\u00a0\u00bb4.16&Prime; custom_margin=\u00a0\u00bb||\u00a0\u00bb custom_padding=\u00a0\u00bb0px|||||\u00a0\u00bb global_colors_info=\u00a0\u00bb{}\u00a0\u00bb][et_pb_row _builder_version=\u00a0\u00bb4.16&Prime; global_colors_info=\u00a0\u00bb{}\u00a0\u00bb][et_pb_column type=\u00a0\u00bb4_4&Prime; _builder_version=\u00a0\u00bb4.16&Prime; custom_padding=\u00a0\u00bb|||\u00a0\u00bb global_colors_info=\u00a0\u00bb{}\u00a0\u00bb custom_padding__hover=\u00a0\u00bb|||\u00a0\u00bb][et_pb_text admin_label=\u00a0\u00bbTITRE\u00a0\u00bb _builder_version=\u00a0\u00bb4.17.6&Prime; header_font=\u00a0\u00bb|||||on|||\u00a0\u00bb header_text_align=\u00a0\u00bbleft\u00a0\u00bb header_text_color=\u00a0\u00bb#000000&Prime; header_font_size=\u00a0\u00bb48px\u00a0\u00bb custom_margin=\u00a0\u00bb|||\u00a0\u00bb hover_enabled=\u00a0\u00bb0&Prime; header_font_size_tablet=\u00a0\u00bb36px\u00a0\u00bb header_font_size_phone=\u00a0\u00bb24px\u00a0\u00bb header_font_size_last_edited=\u00a0\u00bbon|tablet\u00a0\u00bb global_colors_info=\u00a0\u00bb{}\u00a0\u00bb sticky_enabled=\u00a0\u00bb0&Prime;]<\/p>\n<h1 style=\"text-align: center;\">Balade du samedi \u00e0 v\u00e9lo : entre Gen\u00e8ve, Hermance et Jussy<\/h1>\n<p>[\/et_pb_text][\/et_pb_column][\/et_pb_row][et_pb_row _builder_version=\u00a0\u00bb4.16&Prime; global_colors_info=\u00a0\u00bb{}\u00a0\u00bb][et_pb_column type=\u00a0\u00bb4_4&Prime; _builder_version=\u00a0\u00bb4.16&Prime; custom_padding=\u00a0\u00bb|||\u00a0\u00bb global_colors_info=\u00a0\u00bb{}\u00a0\u00bb custom_padding__hover=\u00a0\u00bb|||\u00a0\u00bb][et_pb_image src=\u00a0\u00bbhttps:\/\/rivegauche-magazine.ch\/wp-content\/uploads\/2024\/04\/balade-jussy-hermance.png\u00a0\u00bb title_text=\u00a0\u00bbbalade-jussy-hermance\u00a0\u00bb align=\u00a0\u00bbcenter\u00a0\u00bb align_tablet=\u00a0\u00bbcenter\u00a0\u00bb align_phone=\u00a0\u00bb\u00a0\u00bb align_last_edited=\u00a0\u00bbon|desktop\u00a0\u00bb _builder_version=\u00a0\u00bb4.17.6&Prime; transform_scale_tablet=\u00a0\u00bb\u00a0\u00bb transform_scale_phone=\u00a0\u00bb\u00a0\u00bb transform_scale_last_edited=\u00a0\u00bbon|desktop\u00a0\u00bb transform_translate_tablet=\u00a0\u00bb\u00a0\u00bb transform_translate_phone=\u00a0\u00bb\u00a0\u00bb transform_translate_last_edited=\u00a0\u00bbon|desktop\u00a0\u00bb transform_rotate=\u00a0\u00bb0deg|0deg|4deg\u00a0\u00bb transform_rotate_tablet=\u00a0\u00bb0deg|0deg|4deg\u00a0\u00bb transform_rotate_phone=\u00a0\u00bb0deg|0deg|4deg\u00a0\u00bb transform_rotate_last_edited=\u00a0\u00bbon|desktop\u00a0\u00bb transform_skew_tablet=\u00a0\u00bb\u00a0\u00bb transform_skew_phone=\u00a0\u00bb\u00a0\u00bb transform_skew_last_edited=\u00a0\u00bbon|desktop\u00a0\u00bb transform_origin_tablet=\u00a0\u00bb\u00a0\u00bb transform_origin_phone=\u00a0\u00bb\u00a0\u00bb transform_origin_last_edited=\u00a0\u00bbon|desktop\u00a0\u00bb transform_styles_last_edited=\u00a0\u00bbon|desktop\u00a0\u00bb module_alignment=\u00a0\u00bbcenter\u00a0\u00bb custom_margin=\u00a0\u00bb||||false|false\u00a0\u00bb custom_margin_tablet=\u00a0\u00bb||||false|false\u00a0\u00bb custom_margin_phone=\u00a0\u00bb||||false|false\u00a0\u00bb custom_margin_last_edited=\u00a0\u00bbon|desktop\u00a0\u00bb custom_padding=\u00a0\u00bb1em|0px||0px|false|true\u00a0\u00bb custom_padding_tablet=\u00a0\u00bb2em||||false|true\u00a0\u00bb custom_padding_phone=\u00a0\u00bb1em||0em||false|true\u00a0\u00bb custom_padding_last_edited=\u00a0\u00bbon|phone\u00a0\u00bb hover_enabled=\u00a0\u00bb0&Prime; transform_styles_tablet=\u00a0\u00bb\u00a0\u00bb transform_styles_phone=\u00a0\u00bb\u00a0\u00bb border_width_all=\u00a0\u00bb1em\u00a0\u00bb border_color_all=\u00a0\u00bb#FFFFFF\u00a0\u00bb box_shadow_style=\u00a0\u00bbpreset1&Prime; global_colors_info=\u00a0\u00bb{}\u00a0\u00bb sticky_enabled=\u00a0\u00bb0&Prime;][\/et_pb_image][\/et_pb_column][\/et_pb_row][et_pb_row column_structure=\u00a0\u00bb1_2,1_2&Prime; _builder_version=\u00a0\u00bb4.17.6&Prime; _module_preset=\u00a0\u00bbdefault\u00a0\u00bb global_colors_info=\u00a0\u00bb{}\u00a0\u00bb][et_pb_column type=\u00a0\u00bb1_2&Prime; _builder_version=\u00a0\u00bb4.17.6&Prime; _module_preset=\u00a0\u00bbdefault\u00a0\u00bb global_colors_info=\u00a0\u00bb{}\u00a0\u00bb][et_pb_text _builder_version=\u00a0\u00bb4.17.6&Prime; _module_preset=\u00a0\u00bbdefault\u00a0\u00bb hover_enabled=\u00a0\u00bb0&Prime; global_colors_info=\u00a0\u00bb{}\u00a0\u00bb sticky_enabled=\u00a0\u00bb0&Prime;]<\/p>\n<h2>Au cours de cette balade, vous d\u00e9jeunerez au bord du lac dans un village m\u00e9di\u00e9val, vous d\u00e9couvrirez<br \/>une toute nouvelle collection d\u2019art et pourrez d\u00e9guster des vins genevois, mais vous profiterez aussi de<br \/>vues fantastiques sur le lac L\u00e9man et traverserez de charmants villages.<\/h2>\n<p>Apr\u00e8s avoir lou\u00e9 vos v\u00e9los, d\u00e9part du<br \/>quartier de l\u2019Universit\u00e9 en direction<br \/>des bords du lac.<\/p>\n<p>Vous passerez devant<br \/>l\u2019horloge fleurie, symbole de la tradition horlog\u00e8re genevoise \u00e0 la lisi\u00e8re du<br \/>Jardin anglais.<\/p>\n<p>Continuez sur les quais<br \/>et arr\u00eatez-vous devant le c\u00e9l\u00e8bre Jet<br \/>d\u2019eau, puis continuez en longeant le<br \/>lac L\u00e9man sur le quai de Cologny.<br \/>Continuez sur la route de Thonon<br \/>jusqu\u2019\u00e0 V\u00e9senaz, puis quittez la route<br \/>de Thonon pour emprunter le Chemin<br \/>de Mancy, puis la Route d\u2019Hermance<br \/>direction Collonge-Bellerive.<\/p>\n<p>A Collonge-Bellerive, vous pourrez<br \/>faire une pause dans la r\u00e9serve naturelle de la Pointe \u00e0 la Bise \u2013 qui abrite<br \/>la derni\u00e8re roseli\u00e8re lacustre d\u2019importance du canton de Gen\u00e8ve \u2013 mais<br \/>aussi profiter de vues spectaculaires<br \/>sur la rade de Gen\u00e8ve et son jet d\u2019eau.<\/p>\n<p>Avant d\u2019arriver \u00e0 Hermance, vous pourrez faire un crochet par le charmant<br \/>port de Corsier et admirer le lac depuis<br \/>la plage des Courbes \u00e0 Ani\u00e8res.<br \/>Une fois \u00e0 Hermance, le Restaurant<br \/>du Quai, l\u2019\u00e9tape gastronomique de<br \/>cette balade, vous accueillera pour<br \/>un d\u00e9jeuner en terrasse, au bord du<br \/>lac L\u00e9man. Apr\u00e8s le repas, un crochet<br \/>dans le Vieux-Bourg et au Port vous<br \/>fera remonter le temps, et vous pourrez<br \/>d\u00e9couvrir la jolie plage d\u2019Hermance,<br \/>nich\u00e9e au bout du village m\u00e9di\u00e9val.<\/p>\n<p>[\/et_pb_text][\/et_pb_column][et_pb_column type=\u00a0\u00bb1_2&Prime; _builder_version=\u00a0\u00bb4.17.6&Prime; _module_preset=\u00a0\u00bbdefault\u00a0\u00bb global_colors_info=\u00a0\u00bb{}\u00a0\u00bb][et_pb_text _builder_version=\u00a0\u00bb4.17.6&Prime; _module_preset=\u00a0\u00bbdefault\u00a0\u00bb hover_enabled=\u00a0\u00bb0&Prime; global_colors_info=\u00a0\u00bb{}\u00a0\u00bb sticky_enabled=\u00a0\u00bb0&Prime;]<\/p>\n<p>Au d\u00e9part d\u2019Hermance, prenez la direction sud vers la Rue Centrale puis<br \/>tournez \u00e0 gauche sur le Chemin de la<br \/>Chapelle. Empruntez ensuite la Route<br \/>de Chevrens et continuez \u00e0 gauche sur<br \/>le Chemin du Pont de Crevy. Continuez<\/p>\n<p>ensuite direction Gy via la route des<br \/>Plantets. Vous traverserez la fronti\u00e8re,<br \/>entrerez dans la commune de VeigyFoncenex, puis rentrerez en Suisse<br \/>direction Gy.<\/p>\n<p>En sortant de Gy, vous<br \/>prendrez le chemin de la Prela, puis<br \/>la direction de Jussy. Vous terminerez<br \/>ce parcours en empruntant la route du<br \/>Ch\u00e2teau-du-Crest, et arriverez \u00e0 la Collection du Crest, notre \u00e9tape culturelle.<br \/>La Collection du Crest retrace l\u2019histoire<br \/>de l\u2019art \u00e0 Gen\u00e8ve du XVIIIe si\u00e8cle au<br \/>milieu du XXe si\u00e8cle et s\u2019articule essentiellement autour du lac et des montagnes environnantes.<\/p>\n<p>Des vues du<br \/>L\u00e9man c\u00f4toient des sc\u00e8nes du Valais.<br \/>Le mus\u00e9e est ouvert les mercredis et<br \/>samedis de 10h \u00e0 17h (sauf jours f\u00e9ri\u00e9s).<br \/>Pour toute information ou r\u00e9servatoin :<br \/>www.collectionducrest.ch<br \/>Ne partez pas sans d\u00e9couvrir les vins<br \/>du Domaine de Crest, le caveau est<br \/>ouvert le samedi de 10h \u00e0 16h pour les<br \/>d\u00e9gustations.<\/p>\n<p>Apr\u00e8s cette \u00e9tape riche en d\u00e9couvertes<br \/>artistiques et gustatives, il sera temps<br \/>de rentrer \u00e0 Gen\u00e8ve.<br \/>En sortant du Ch\u00e2teau de Crest, roulez vers Puplinge sur la route de Jussy,<br \/>et rejoignez la Voie Verte \u00e0 Th\u00f4nex. \u00c0<br \/>la fin de la Voie Verte, empruntez le<br \/>chemin Frank-Thomas puis la route de<br \/>Frontenex et l\u2019avenue Pictet-de-Rochemont et continuez sur la rue Fran\u00e7oisVersonnex jusqu\u2019au quai du G\u00e9n\u00e9ral<br \/>Guisan.<\/p>\n<p>Tournez \u00e0 gauche sur la rue Pierre-Fatio, puis \u00e0 droite sur le rue du Rh\u00f4ne.<br \/>Enfin empruntez la rue Verdaine<br \/>jusqu\u2019au Bourg-de-Four et terminez l\u00e0<br \/>ou rejoignez votre point de d\u00e9part.<\/p>\n<p>[\/et_pb_text][\/et_pb_column][\/et_pb_row][et_pb_row _builder_version=\u00a0\u00bb4.16&Prime; global_colors_info=\u00a0\u00bb{}\u00a0\u00bb][et_pb_column type=\u00a0\u00bb4_4&Prime; _builder_version=\u00a0\u00bb4.16&Prime; custom_padding=\u00a0\u00bb|||\u00a0\u00bb global_colors_info=\u00a0\u00bb{}\u00a0\u00bb custom_padding__hover=\u00a0\u00bb|||\u00a0\u00bb][et_pb_divider _builder_version=\u00a0\u00bb4.16&Prime; global_colors_info=\u00a0\u00bb{}\u00a0\u00bb][\/et_pb_divider][\/et_pb_column][\/et_pb_row][\/et_pb_section]<\/p>\n","protected":false},"excerpt":{"rendered":"<p>Balade du samedi \u00e0 v\u00e9lo : entre Gen\u00e8ve, Hermance et JussyAu cours de cette balade, vous d\u00e9jeunerez au bord du lac dans un village m\u00e9di\u00e9val, vous d\u00e9couvrirezune toute nouvelle collection d\u2019art et pourrez d\u00e9guster des vins genevois, mais vous profiterez aussi devues fantastiques sur le lac L\u00e9man et traverserez de charmants villages. Apr\u00e8s avoir lou\u00e9 [&hellip;]<\/p>\n","protected":false},"author":2,"featured_media":0,"parent":0,"menu_order":0,"comment_status":"closed","ping_status":"closed","template":"","meta":{"_et_pb_use_builder":"on","_et_pb_old_content":"","_et_gb_content_width":"","footnotes":""},"class_list":["post-14533","page","type-page","status-publish","hentry"],"_links":{"self":[{"href":"https:\/\/geneve-et-vous-magazine.ch\/index.php\/wp-json\/wp\/v2\/pages\/14533","targetHints":{"allow":["GET"]}}],"collection":[{"href":"https:\/\/geneve-et-vous-magazine.ch\/index.php\/wp-json\/wp\/v2\/pages"}],"about":[{"href":"https:\/\/geneve-et-vous-magazine.ch\/index.php\/wp-json\/wp\/v2\/types\/page"}],"author":[{"embeddable":true,"href":"https:\/\/geneve-et-vous-magazine.ch\/index.php\/wp-json\/wp\/v2\/users\/2"}],"replies":[{"embeddable":true,"href":"https:\/\/geneve-et-vous-magazine.ch\/index.php\/wp-json\/wp\/v2\/comments?post=14533"}],"version-history":[{"count":5,"href":"https:\/\/geneve-et-vous-magazine.ch\/index.php\/wp-json\/wp\/v2\/pages\/14533\/revisions"}],"predecessor-version":[{"id":14540,"href":"https:\/\/geneve-et-vous-magazine.ch\/index.php\/wp-json\/wp\/v2\/pages\/14533\/revisions\/14540"}],"wp:attachment":[{"href":"https:\/\/geneve-et-vous-magazine.ch\/index.php\/wp-json\/wp\/v2\/media?parent=14533"}],"curies":[{"name":"wp","href":"https:\/\/api.w.org\/{rel}","templated":true}]}}