{"id":14147,"date":"2024-04-04T15:26:03","date_gmt":"2024-04-04T13:26:03","guid":{"rendered":"https:\/\/rivegauche-magazine.ch\/?page_id=14147"},"modified":"2024-04-04T15:30:35","modified_gmt":"2024-04-04T13:30:35","slug":"catherine-lefort","status":"publish","type":"page","link":"https:\/\/geneve-et-vous-magazine.ch\/index.php\/catherine-lefort\/","title":{"rendered":"Catherine Lefort"},"content":{"rendered":"<p>[et_pb_section fb_built=\u00a0\u00bb1&Prime; _builder_version=\u00a0\u00bb4.16&Prime; global_colors_info=\u00a0\u00bb{}\u00a0\u00bb][et_pb_row _builder_version=\u00a0\u00bb4.16&Prime; global_colors_info=\u00a0\u00bb{}\u00a0\u00bb][et_pb_column type=\u00a0\u00bb4_4&Prime; _builder_version=\u00a0\u00bb4.16&Prime; custom_padding=\u00a0\u00bb|||\u00a0\u00bb global_colors_info=\u00a0\u00bb{}\u00a0\u00bb custom_padding__hover=\u00a0\u00bb|||\u00a0\u00bb][\/et_pb_column][\/et_pb_row][\/et_pb_section][et_pb_section fb_built=\u00a0\u00bb1&Prime; admin_label=\u00a0\u00bbArticles 1 colonne\u00a0\u00bb _builder_version=\u00a0\u00bb4.16&Prime; custom_margin=\u00a0\u00bb||\u00a0\u00bb custom_padding=\u00a0\u00bb0px|||||\u00a0\u00bb global_colors_info=\u00a0\u00bb{}\u00a0\u00bb][et_pb_row column_structure=\u00a0\u00bb1_2,1_2&Prime; admin_label=\u00a0\u00bbTitre Agenda\u00a0\u00bb _builder_version=\u00a0\u00bb4.16&Prime; custom_margin=\u00a0\u00bb||\u00a0\u00bb custom_padding=\u00a0\u00bb0px||0px|||\u00a0\u00bb global_colors_info=\u00a0\u00bb{}\u00a0\u00bb][et_pb_column type=\u00a0\u00bb1_2&Prime; _builder_version=\u00a0\u00bb4.16&Prime; custom_padding=\u00a0\u00bb0px|||\u00a0\u00bb global_colors_info=\u00a0\u00bb{}\u00a0\u00bb custom_padding__hover=\u00a0\u00bb|||\u00a0\u00bb][et_pb_image src=\u00a0\u00bbhttps:\/\/rivegauche-magazine.ch\/wp-content\/uploads\/2024\/04\/catherine-lefort-pub.png\u00a0\u00bb title_text=\u00a0\u00bbcatherine-lefort-pub\u00a0\u00bb align_tablet=\u00a0\u00bbcenter\u00a0\u00bb align_phone=\u00a0\u00bb\u00a0\u00bb align_last_edited=\u00a0\u00bbon|desktop\u00a0\u00bb _builder_version=\u00a0\u00bb4.17.6&Prime; hover_enabled=\u00a0\u00bb0&Prime; global_colors_info=\u00a0\u00bb{}\u00a0\u00bb sticky_enabled=\u00a0\u00bb0&Prime;][\/et_pb_image][\/et_pb_column][et_pb_column type=\u00a0\u00bb1_2&Prime; _builder_version=\u00a0\u00bb4.16&Prime; custom_padding=\u00a0\u00bb|||\u00a0\u00bb global_colors_info=\u00a0\u00bb{}\u00a0\u00bb custom_padding__hover=\u00a0\u00bb|||\u00a0\u00bb][et_pb_text admin_label=\u00a0\u00bbNOM CLIENT\u00a0\u00bb _builder_version=\u00a0\u00bb4.17.6&Prime; header_font=\u00a0\u00bb|||||on|||\u00a0\u00bb header_text_align=\u00a0\u00bbleft\u00a0\u00bb header_text_color=\u00a0\u00bb#000000&Prime; header_font_size=\u00a0\u00bb48px\u00a0\u00bb custom_margin=\u00a0\u00bb|||\u00a0\u00bb hover_enabled=\u00a0\u00bb0&Prime; header_font_size_tablet=\u00a0\u00bb36px\u00a0\u00bb header_font_size_phone=\u00a0\u00bb24px\u00a0\u00bb header_font_size_last_edited=\u00a0\u00bbon|tablet\u00a0\u00bb global_colors_info=\u00a0\u00bb{}\u00a0\u00bb sticky_enabled=\u00a0\u00bb0&Prime;]<\/p>\n<h1 style=\"text-align: left;\">Catherine Lefort<\/h1>\n<p>[\/et_pb_text][et_pb_text admin_label=\u00a0\u00bbDESCRIPTION\u00a0\u00bb _builder_version=\u00a0\u00bb4.17.6&Prime; hover_enabled=\u00a0\u00bb0&Prime; global_colors_info=\u00a0\u00bb{}\u00a0\u00bb sticky_enabled=\u00a0\u00bb0&Prime;]<\/p>\n<h3 style=\"text-align: justify;\"><strong>HAIRSTYLIST &amp; MAKE-UP<\/strong><\/h3>\n<h3 style=\"text-align: justify;\"><strong>\u00a0<\/strong><\/h3>\n<div id=\"comp-itmumu82\" class=\"KcpHeO tz5f0K comp-itmumu82 wixui-rich-text\" data-testid=\"richTextElement\">\n<p class=\"font_8 wixui-rich-text__text\" style=\"line-height: 1.5em; text-align: justify; font-size: 14px;\"><span class=\"wixui-rich-text__text\" data-darkreader-inline-color=\"\">Coiffeuse &amp; Maquilleuse priv\u00e9e mais aussi experte de la mise en beaut\u00e9 de la mari\u00e9e, je sublime toutes les femmes.<\/span><\/p>\n<p class=\"font_8 wixui-rich-text__text\" style=\"line-height: 1.5em; text-align: justify; font-size: 14px;\"><span class=\"wixui-rich-text__text\" data-darkreader-inline-color=\"\">Au gr\u00e9 de vos envies, je prendrai soin de votre coupe, de votre balayage, de vos extensions de cheveux, etc&#8230; ainsi que de votre coiffure et maquillage pour votre grand jour. <\/span><\/p>\n<p class=\"font_8 wixui-rich-text__text\" style=\"line-height: 1.5em; text-align: justify; font-size: 14px;\"><span class=\"wixui-rich-text__text\" data-darkreader-inline-color=\"\">Je vous<span>\u00a0<\/span>offre un service d&rsquo;exclusivit\u00e9\u00a0et me d\u00e9place chez\u00a0vous ou sur le lieu de votre choix, rien que pour vous!<\/span><\/p>\n<p class=\"font_8 wixui-rich-text__text\" style=\"line-height: 1.5em; text-align: justify; font-size: 14px;\"><span class=\"wixui-rich-text__text\">NOUVEAU<span>\u00a0<\/span>Possibilit\u00e9 de r\u00e9server certains services en salon priv\u00e9, sur demande.<\/span><\/p>\n<p class=\"font_8 wixui-rich-text__text\" style=\"line-height: 1.5em; text-align: justify; font-size: 14px;\"><span class=\"wixui-rich-text__text\" data-darkreader-inline-color=\"\">N&rsquo;h\u00e9sitez pas \u00e0 me contacter pour de plus amples informations ou pour votre prise de rendez-vous.<\/span><\/p>\n<\/div>\n<p>[\/et_pb_text][et_pb_text admin_label=\u00a0\u00bbCONTACT\u00a0\u00bb _builder_version=\u00a0\u00bb4.17.6&Prime; hover_enabled=\u00a0\u00bb0&Prime; global_colors_info=\u00a0\u00bb{}\u00a0\u00bb sticky_enabled=\u00a0\u00bb0&Prime;]<\/p>\n<p>T\u00e9l. 41 77 460 90 66<br \/>Insta. @cl_geneva<\/p>\n<p>[\/et_pb_text][et_pb_button button_url=\u00a0\u00bbhttps:\/\/www.a-mes100ans.ch\/\u00a0\u00bb url_new_window=\u00a0\u00bbon\u00a0\u00bb button_text=\u00a0\u00bbSITE INTERNET\u00a0\u00bb admin_label=\u00a0\u00bbBOUTON SITE WEB\u00a0\u00bb _builder_version=\u00a0\u00bb4.17.6&Prime; global_colors_info=\u00a0\u00bb{}\u00a0\u00bb][\/et_pb_button][\/et_pb_column][\/et_pb_row][et_pb_row _builder_version=\u00a0\u00bb4.16&Prime; _module_preset=\u00a0\u00bbdefault\u00a0\u00bb global_colors_info=\u00a0\u00bb{}\u00a0\u00bb][et_pb_column type=\u00a0\u00bb4_4&Prime; _builder_version=\u00a0\u00bb4.16&Prime; _module_preset=\u00a0\u00bbdefault\u00a0\u00bb global_colors_info=\u00a0\u00bb{}\u00a0\u00bb][et_pb_divider _builder_version=\u00a0\u00bb4.16&Prime; _module_preset=\u00a0\u00bbdefault\u00a0\u00bb global_colors_info=\u00a0\u00bb{}\u00a0\u00bb][\/et_pb_divider][\/et_pb_column][\/et_pb_row][\/et_pb_section]<\/p>\n","protected":false},"excerpt":{"rendered":"<p>Catherine LefortHAIRSTYLIST &amp; MAKE-UP \u00a0 Coiffeuse &amp; Maquilleuse priv\u00e9e mais aussi experte de la mise en beaut\u00e9 de la mari\u00e9e, je sublime toutes les femmes. Au gr\u00e9 de vos envies, je prendrai soin de votre coupe, de votre balayage, de vos extensions de cheveux, etc&#8230; ainsi que de votre coiffure et maquillage pour votre grand [&hellip;]<\/p>\n","protected":false},"author":2,"featured_media":0,"parent":0,"menu_order":0,"comment_status":"closed","ping_status":"closed","template":"","meta":{"_et_pb_use_builder":"on","_et_pb_old_content":"","_et_gb_content_width":"","footnotes":""},"class_list":["post-14147","page","type-page","status-publish","hentry"],"_links":{"self":[{"href":"https:\/\/geneve-et-vous-magazine.ch\/index.php\/wp-json\/wp\/v2\/pages\/14147","targetHints":{"allow":["GET"]}}],"collection":[{"href":"https:\/\/geneve-et-vous-magazine.ch\/index.php\/wp-json\/wp\/v2\/pages"}],"about":[{"href":"https:\/\/geneve-et-vous-magazine.ch\/index.php\/wp-json\/wp\/v2\/types\/page"}],"author":[{"embeddable":true,"href":"https:\/\/geneve-et-vous-magazine.ch\/index.php\/wp-json\/wp\/v2\/users\/2"}],"replies":[{"embeddable":true,"href":"https:\/\/geneve-et-vous-magazine.ch\/index.php\/wp-json\/wp\/v2\/comments?post=14147"}],"version-history":[{"count":5,"href":"https:\/\/geneve-et-vous-magazine.ch\/index.php\/wp-json\/wp\/v2\/pages\/14147\/revisions"}],"predecessor-version":[{"id":14153,"href":"https:\/\/geneve-et-vous-magazine.ch\/index.php\/wp-json\/wp\/v2\/pages\/14147\/revisions\/14153"}],"wp:attachment":[{"href":"https:\/\/geneve-et-vous-magazine.ch\/index.php\/wp-json\/wp\/v2\/media?parent=14147"}],"curies":[{"name":"wp","href":"https:\/\/api.w.org\/{rel}","templated":true}]}}