{"id":14079,"date":"2024-04-03T16:20:50","date_gmt":"2024-04-03T14:20:50","guid":{"rendered":"https:\/\/rivegauche-magazine.ch\/?page_id=14079"},"modified":"2024-04-03T16:42:35","modified_gmt":"2024-04-03T14:42:35","slug":"mac-donald","status":"publish","type":"page","link":"https:\/\/geneve-et-vous-magazine.ch\/index.php\/mac-donald\/","title":{"rendered":"Mac Donald"},"content":{"rendered":"<p>[et_pb_section fb_built=\u00a0\u00bb1&Prime; _builder_version=\u00a0\u00bb4.16&Prime; global_colors_info=\u00a0\u00bb{}\u00a0\u00bb][et_pb_row _builder_version=\u00a0\u00bb4.16&Prime; global_colors_info=\u00a0\u00bb{}\u00a0\u00bb][et_pb_column type=\u00a0\u00bb4_4&Prime; _builder_version=\u00a0\u00bb4.16&Prime; custom_padding=\u00a0\u00bb|||\u00a0\u00bb global_colors_info=\u00a0\u00bb{}\u00a0\u00bb custom_padding__hover=\u00a0\u00bb|||\u00a0\u00bb][\/et_pb_column][\/et_pb_row][\/et_pb_section][et_pb_section fb_built=\u00a0\u00bb1&Prime; admin_label=\u00a0\u00bbArticles 1 colonne\u00a0\u00bb _builder_version=\u00a0\u00bb4.16&Prime; custom_margin=\u00a0\u00bb||\u00a0\u00bb custom_padding=\u00a0\u00bb0px|||||\u00a0\u00bb global_colors_info=\u00a0\u00bb{}\u00a0\u00bb][et_pb_row column_structure=\u00a0\u00bb1_2,1_2&Prime; admin_label=\u00a0\u00bbTitre Agenda\u00a0\u00bb _builder_version=\u00a0\u00bb4.16&Prime; custom_margin=\u00a0\u00bb||\u00a0\u00bb custom_padding=\u00a0\u00bb0px||0px|||\u00a0\u00bb global_colors_info=\u00a0\u00bb{}\u00a0\u00bb][et_pb_column type=\u00a0\u00bb1_2&Prime; _builder_version=\u00a0\u00bb4.16&Prime; custom_padding=\u00a0\u00bb0px|||\u00a0\u00bb global_colors_info=\u00a0\u00bb{}\u00a0\u00bb custom_padding__hover=\u00a0\u00bb|||\u00a0\u00bb][et_pb_image src=\u00a0\u00bbhttps:\/\/rivegauche-magazine.ch\/wp-content\/uploads\/2024\/04\/mcdo-pub.png\u00a0\u00bb title_text=\u00a0\u00bbmcdo-pub\u00a0\u00bb align_tablet=\u00a0\u00bbcenter\u00a0\u00bb align_phone=\u00a0\u00bb\u00a0\u00bb align_last_edited=\u00a0\u00bbon|desktop\u00a0\u00bb _builder_version=\u00a0\u00bb4.17.6&Prime; hover_enabled=\u00a0\u00bb0&Prime; global_colors_info=\u00a0\u00bb{}\u00a0\u00bb sticky_enabled=\u00a0\u00bb0&Prime;][\/et_pb_image][\/et_pb_column][et_pb_column type=\u00a0\u00bb1_2&Prime; _builder_version=\u00a0\u00bb4.16&Prime; custom_padding=\u00a0\u00bb|||\u00a0\u00bb global_colors_info=\u00a0\u00bb{}\u00a0\u00bb custom_padding__hover=\u00a0\u00bb|||\u00a0\u00bb][et_pb_text admin_label=\u00a0\u00bbNOM CLIENT\u00a0\u00bb _builder_version=\u00a0\u00bb4.17.6&Prime; header_font=\u00a0\u00bb|||||on|||\u00a0\u00bb header_text_align=\u00a0\u00bbleft\u00a0\u00bb header_text_color=\u00a0\u00bb#000000&Prime; header_font_size=\u00a0\u00bb48px\u00a0\u00bb custom_margin=\u00a0\u00bb|||\u00a0\u00bb hover_enabled=\u00a0\u00bb0&Prime; header_font_size_tablet=\u00a0\u00bb36px\u00a0\u00bb header_font_size_phone=\u00a0\u00bb24px\u00a0\u00bb header_font_size_last_edited=\u00a0\u00bbon|tablet\u00a0\u00bb global_colors_info=\u00a0\u00bb{}\u00a0\u00bb sticky_enabled=\u00a0\u00bb0&Prime;]<\/p>\n<h1 style=\"text-align: left;\"><span class=\"ILfuVd\" lang=\"fr\"><span class=\"hgKElc\">McDonald&rsquo;s Collonge Bellerive<\/span><\/span><\/h1>\n<p>[\/et_pb_text][et_pb_text admin_label=\u00a0\u00bbDESCRIPTION\u00a0\u00bb _builder_version=\u00a0\u00bb4.17.6&Prime; hover_enabled=\u00a0\u00bb0&Prime; global_colors_info=\u00a0\u00bb{}\u00a0\u00bb sticky_enabled=\u00a0\u00bb0&Prime;]<\/p>\n<h3 style=\"text-align: justify;\"><strong><span style=\"letter-spacing: 0.05em;\" class=\"wixui-rich-text__text\">20 ans d\u00e9j\u00e0 !!!<\/span><br \/><\/strong><\/h3>\n<div id=\"comp-itmumu82\" class=\"KcpHeO tz5f0K comp-itmumu82 wixui-rich-text\" data-testid=\"richTextElement\">\n<p class=\"font_8 wixui-rich-text__text\" style=\"line-height: 1.5em; text-align: justify; font-size: 14px;\"><span style=\"letter-spacing: 0.05em;\" class=\"wixui-rich-text__text\">20 ans d\u00e9j\u00e0 que McDonald\u2019s est une valeur s\u00fbre \u00e0 Collonge-Bellerive.<\/span><\/p>\n<p class=\"font_8 wixui-rich-text__text\" style=\"line-height: 1.5em; text-align: justify; font-size: 14px;\"><span style=\"letter-spacing: 0.05em;\" class=\"wixui-rich-text__text\"><br \/>Aujourd\u2019hui, le restaurant a \u00e9t\u00e9 r\u00e9nov\u00e9 dans une ambiance styl\u00e9e avec<br \/>une toute nouvelle aire de jeux pour r\u00e9jouir petits et grands ! <\/span><\/p>\n<p class=\"font_8 wixui-rich-text__text\" style=\"line-height: 1.5em; text-align: justify; font-size: 14px;\"><span style=\"letter-spacing: 0.05em;\" class=\"wixui-rich-text__text\">Toute l\u2019\u00e9quipe est heureuse de vous accueillir pour d\u00e9guster \u00e0 nouveau de d\u00e9licieux burgers dans une atmosph\u00e8re chaleureuse et avec un service de haute qualit\u00e9. <\/span><\/p>\n<\/div>\n<p>[\/et_pb_text][et_pb_text admin_label=\u00a0\u00bbCONTACT\u00a0\u00bb _builder_version=\u00a0\u00bb4.17.6&Prime; hover_enabled=\u00a0\u00bb0&Prime; global_colors_info=\u00a0\u00bb{}\u00a0\u00bb sticky_enabled=\u00a0\u00bb0&Prime;]<\/p>\n<p><span class=\"w8qArf\"><span>\u00a0<\/span><\/span><span class=\"LrzXr\">Rte de Thonon 152C &#8211; 1245 Collonge-Bellerive<\/span><br \/>T\u00e9l. <span>41 22 752 66 20<\/span><\/p>\n<p>[\/et_pb_text][et_pb_button button_url=\u00a0\u00bbhttps:\/\/www.mcdonalds.com\/ch\/fr-ch\/location\/collonge-bellerive\/collonge-bellerive\/route-de-thonon-152c\/780143.html\u00a0\u00bb url_new_window=\u00a0\u00bbon\u00a0\u00bb button_text=\u00a0\u00bbSITE INTERNET\u00a0\u00bb admin_label=\u00a0\u00bbBOUTON SITE WEB\u00a0\u00bb _builder_version=\u00a0\u00bb4.17.6&Prime; hover_enabled=\u00a0\u00bb0&Prime; global_colors_info=\u00a0\u00bb{}\u00a0\u00bb sticky_enabled=\u00a0\u00bb0&Prime;][\/et_pb_button][\/et_pb_column][\/et_pb_row][et_pb_row _builder_version=\u00a0\u00bb4.16&Prime; _module_preset=\u00a0\u00bbdefault\u00a0\u00bb global_colors_info=\u00a0\u00bb{}\u00a0\u00bb][et_pb_column type=\u00a0\u00bb4_4&Prime; _builder_version=\u00a0\u00bb4.16&Prime; _module_preset=\u00a0\u00bbdefault\u00a0\u00bb global_colors_info=\u00a0\u00bb{}\u00a0\u00bb][et_pb_divider _builder_version=\u00a0\u00bb4.16&Prime; _module_preset=\u00a0\u00bbdefault\u00a0\u00bb global_colors_info=\u00a0\u00bb{}\u00a0\u00bb][\/et_pb_divider][\/et_pb_column][\/et_pb_row][\/et_pb_section]<\/p>\n","protected":false},"excerpt":{"rendered":"<p>McDonald&rsquo;s Collonge Bellerive20 ans d\u00e9j\u00e0 !!! 20 ans d\u00e9j\u00e0 que McDonald\u2019s est une valeur s\u00fbre \u00e0 Collonge-Bellerive. Aujourd\u2019hui, le restaurant a \u00e9t\u00e9 r\u00e9nov\u00e9 dans une ambiance styl\u00e9e avecune toute nouvelle aire de jeux pour r\u00e9jouir petits et grands ! Toute l\u2019\u00e9quipe est heureuse de vous accueillir pour d\u00e9guster \u00e0 nouveau de d\u00e9licieux burgers dans une [&hellip;]<\/p>\n","protected":false},"author":2,"featured_media":0,"parent":0,"menu_order":0,"comment_status":"closed","ping_status":"closed","template":"","meta":{"_et_pb_use_builder":"on","_et_pb_old_content":"","_et_gb_content_width":"","footnotes":""},"class_list":["post-14079","page","type-page","status-publish","hentry"],"_links":{"self":[{"href":"https:\/\/geneve-et-vous-magazine.ch\/index.php\/wp-json\/wp\/v2\/pages\/14079","targetHints":{"allow":["GET"]}}],"collection":[{"href":"https:\/\/geneve-et-vous-magazine.ch\/index.php\/wp-json\/wp\/v2\/pages"}],"about":[{"href":"https:\/\/geneve-et-vous-magazine.ch\/index.php\/wp-json\/wp\/v2\/types\/page"}],"author":[{"embeddable":true,"href":"https:\/\/geneve-et-vous-magazine.ch\/index.php\/wp-json\/wp\/v2\/users\/2"}],"replies":[{"embeddable":true,"href":"https:\/\/geneve-et-vous-magazine.ch\/index.php\/wp-json\/wp\/v2\/comments?post=14079"}],"version-history":[{"count":4,"href":"https:\/\/geneve-et-vous-magazine.ch\/index.php\/wp-json\/wp\/v2\/pages\/14079\/revisions"}],"predecessor-version":[{"id":14086,"href":"https:\/\/geneve-et-vous-magazine.ch\/index.php\/wp-json\/wp\/v2\/pages\/14079\/revisions\/14086"}],"wp:attachment":[{"href":"https:\/\/geneve-et-vous-magazine.ch\/index.php\/wp-json\/wp\/v2\/media?parent=14079"}],"curies":[{"name":"wp","href":"https:\/\/api.w.org\/{rel}","templated":true}]}}