{"id":13292,"date":"2024-01-23T16:08:06","date_gmt":"2024-01-23T15:08:06","guid":{"rendered":"https:\/\/rivegauche-magazine.ch\/?page_id=13292"},"modified":"2024-01-23T16:13:33","modified_gmt":"2024-01-23T15:13:33","slug":"clara-electrolyse","status":"publish","type":"page","link":"https:\/\/geneve-et-vous-magazine.ch\/index.php\/clara-electrolyse\/","title":{"rendered":"clara-electrolyse"},"content":{"rendered":"<p>[et_pb_section fb_built=\u00a0\u00bb1&Prime; _builder_version=\u00a0\u00bb4.16&Prime; global_colors_info=\u00a0\u00bb{}\u00a0\u00bb][et_pb_row _builder_version=\u00a0\u00bb4.16&Prime; global_colors_info=\u00a0\u00bb{}\u00a0\u00bb][et_pb_column type=\u00a0\u00bb4_4&Prime; _builder_version=\u00a0\u00bb4.16&Prime; custom_padding=\u00a0\u00bb|||\u00a0\u00bb global_colors_info=\u00a0\u00bb{}\u00a0\u00bb custom_padding__hover=\u00a0\u00bb|||\u00a0\u00bb][\/et_pb_column][\/et_pb_row][\/et_pb_section][et_pb_section fb_built=\u00a0\u00bb1&Prime; admin_label=\u00a0\u00bbArticles 1 colonne\u00a0\u00bb _builder_version=\u00a0\u00bb4.16&Prime; custom_margin=\u00a0\u00bb||\u00a0\u00bb custom_padding=\u00a0\u00bb0px|||||\u00a0\u00bb global_colors_info=\u00a0\u00bb{}\u00a0\u00bb][et_pb_row column_structure=\u00a0\u00bb1_2,1_2&Prime; admin_label=\u00a0\u00bbTitre Agenda\u00a0\u00bb _builder_version=\u00a0\u00bb4.17.6&Prime; custom_margin=\u00a0\u00bb||\u00a0\u00bb custom_padding=\u00a0\u00bb0px||0px|||\u00a0\u00bb global_colors_info=\u00a0\u00bb{}\u00a0\u00bb][et_pb_column type=\u00a0\u00bb1_2&Prime; _builder_version=\u00a0\u00bb4.16&Prime; custom_padding=\u00a0\u00bb0px|||\u00a0\u00bb global_colors_info=\u00a0\u00bb{}\u00a0\u00bb custom_padding__hover=\u00a0\u00bb|||\u00a0\u00bb][et_pb_image src=\u00a0\u00bbhttps:\/\/rivegauche-magazine.ch\/wp-content\/uploads\/2024\/01\/clara-electrolyse-RG_mag1_N42-scaled.jpg\u00a0\u00bb title_text=\u00a0\u00bbclara-electrolyse-RG_mag1_N42&Prime; align_tablet=\u00a0\u00bbcenter\u00a0\u00bb align_phone=\u00a0\u00bb\u00a0\u00bb align_last_edited=\u00a0\u00bbon|desktop\u00a0\u00bb _builder_version=\u00a0\u00bb4.17.6&Prime; global_colors_info=\u00a0\u00bb{}\u00a0\u00bb][\/et_pb_image][et_pb_image _builder_version=\u00a0\u00bb4.17.6&Prime; _module_preset=\u00a0\u00bbdefault\u00a0\u00bb title_text=\u00a0\u00bbclara-electrolyse-RG_mag2_N42&Prime; src=\u00a0\u00bbhttps:\/\/rivegauche-magazine.ch\/wp-content\/uploads\/2024\/01\/clara-electrolyse-RG_mag2_N42-scaled.jpg\u00a0\u00bb hover_enabled=\u00a0\u00bb0&Prime; sticky_enabled=\u00a0\u00bb0&Prime;][\/et_pb_image][et_pb_image _builder_version=\u00a0\u00bb4.17.6&Prime; _module_preset=\u00a0\u00bbdefault\u00a0\u00bb title_text=\u00a0\u00bbclara-electrolyse-RG_mag4_N42&Prime; src=\u00a0\u00bbhttps:\/\/rivegauche-magazine.ch\/wp-content\/uploads\/2024\/01\/clara-electrolyse-RG_mag4_N42-scaled.jpg\u00a0\u00bb hover_enabled=\u00a0\u00bb0&Prime; sticky_enabled=\u00a0\u00bb0&Prime;][\/et_pb_image][\/et_pb_column][et_pb_column type=\u00a0\u00bb1_2&Prime; _builder_version=\u00a0\u00bb4.16&Prime; custom_padding=\u00a0\u00bb|||\u00a0\u00bb global_colors_info=\u00a0\u00bb{}\u00a0\u00bb custom_padding__hover=\u00a0\u00bb|||\u00a0\u00bb][et_pb_text admin_label=\u00a0\u00bbNOM CLIENT\u00a0\u00bb _builder_version=\u00a0\u00bb4.17.6&Prime; header_font=\u00a0\u00bb|||||on|||\u00a0\u00bb header_text_align=\u00a0\u00bbleft\u00a0\u00bb header_text_color=\u00a0\u00bb#000000&Prime; header_font_size=\u00a0\u00bb48px\u00a0\u00bb custom_margin=\u00a0\u00bb|||\u00a0\u00bb header_font_size_tablet=\u00a0\u00bb36px\u00a0\u00bb header_font_size_phone=\u00a0\u00bb24px\u00a0\u00bb header_font_size_last_edited=\u00a0\u00bbon|tablet\u00a0\u00bb global_colors_info=\u00a0\u00bb{}\u00a0\u00bb]<\/p>\n<h1 style=\"text-align: left;\"><span class=\"ILfuVd\" lang=\"fr\"><span class=\"hgKElc\"><\/span><\/span>\u00c9pilation d\u00e9finitive<br \/>pour tout le monde<\/h1>\n<p>[\/et_pb_text][et_pb_text admin_label=\u00a0\u00bbDESCRIPTION\u00a0\u00bb _builder_version=\u00a0\u00bb4.17.6&Prime; global_colors_info=\u00a0\u00bb{}\u00a0\u00bb]<\/p>\n<div id=\"comp-itmumu82\" class=\"KcpHeO tz5f0K comp-itmumu82 wixui-rich-text\" data-testid=\"richTextElement\">L\u2019\u00e9pilation par \u00e9lectrolyse, plus connue sous l\u2019appellation <br \/>\u00ab \u00e9pilation \u00e9lectrique \u00bb, est 100% d\u00e9finitive, fonctionne r\u00e9ellement<br \/>pour tout type de peau, tout type de couleur de poil, et est garantie 100%.<br \/>La seule m\u00e9thode reconnue d\u00e9finitive \u00e0 100% par les autorit\u00e9s sanitaires.<br \/>Permet de traiter toutes les zones du corps et toutes les zones hormonales.<\/div>\n<div class=\"KcpHeO tz5f0K comp-itmumu82 wixui-rich-text\" data-testid=\"richTextElement\"><\/div>\n<div class=\"KcpHeO tz5f0K comp-itmumu82 wixui-rich-text\" data-testid=\"richTextElement\">Thermocoagulation<br \/>Ce traitement m\u00e9dical de pr\u00e9cision<br \/>est employ\u00e9 pour coaguler certaines imperfections cutan\u00e9es superficielles afin d\u2019att\u00e9nuer leur apparence.<br \/>\u2022 T\u00e9langiectasies \/ Couperose<br \/>\u2022 Point de rubis ou rubis en relief<br \/>\u2022 Angiome stellaire<br \/>\u2022 Fibrome<br \/>\u2022 Molluscum pendulum<br \/>\u2022 Taches de vieillesse<\/div>\n<div class=\"KcpHeO tz5f0K comp-itmumu82 wixui-rich-text\" data-testid=\"richTextElement\"><\/div>\n<div class=\"KcpHeO tz5f0K comp-itmumu82 wixui-rich-text\" data-testid=\"richTextElement\">\u00c9pilation<br \/>L\u2019\u00e9pilation \u00e9lectrique consiste<br \/>\u00e0 ins\u00e9rer un filament st\u00e9rile<br \/>\u00e0 usage unique dans le follicule pileux, ce qui engendre<br \/>la destruction des cellules<br \/>germinatives du poil.<br \/>Cela ne fait pas mal<br \/>et surtout c\u2019est tr\u00e8s rapide !<\/div>\n<p>[\/et_pb_text][et_pb_text admin_label=\u00a0\u00bbCONTACT\u00a0\u00bb _builder_version=\u00a0\u00bb4.17.6&Prime; global_colors_info=\u00a0\u00bb{}\u00a0\u00bb]<\/p>\n<p>Rte de Jussy 2 &#8211; 1225 Ch\u00eane-Bourg<br \/>\u00c0 30 sec de la gare du Ceva Ch\u00eane-Bourg<br \/>T\u00e9l. +41 78 209 16 79 |\u00a0 <a href=\"mailto:ghimmobilier@hotmail.com\">contact@clara-electrolyse.chcontact@a-mes100ans.ch<\/a><\/p>\n<p>[\/et_pb_text][et_pb_button button_url=\u00a0\u00bbhttps:\/\/clara-electrolyse.ch\/\u00a0\u00bb url_new_window=\u00a0\u00bbon\u00a0\u00bb button_text=\u00a0\u00bbSITE INTERNET\u00a0\u00bb admin_label=\u00a0\u00bbBOUTON SITE WEB\u00a0\u00bb _builder_version=\u00a0\u00bb4.17.6&Prime; global_colors_info=\u00a0\u00bb{}\u00a0\u00bb][\/et_pb_button][\/et_pb_column][\/et_pb_row][et_pb_row _builder_version=\u00a0\u00bb4.16&Prime; _module_preset=\u00a0\u00bbdefault\u00a0\u00bb global_colors_info=\u00a0\u00bb{}\u00a0\u00bb][et_pb_column type=\u00a0\u00bb4_4&Prime; _builder_version=\u00a0\u00bb4.16&Prime; _module_preset=\u00a0\u00bbdefault\u00a0\u00bb global_colors_info=\u00a0\u00bb{}\u00a0\u00bb][et_pb_divider _builder_version=\u00a0\u00bb4.16&Prime; _module_preset=\u00a0\u00bbdefault\u00a0\u00bb global_colors_info=\u00a0\u00bb{}\u00a0\u00bb][\/et_pb_divider][\/et_pb_column][\/et_pb_row][\/et_pb_section]<\/p>\n","protected":false},"excerpt":{"rendered":"<p>\u00c9pilation d\u00e9finitivepour tout le mondeL\u2019\u00e9pilation par \u00e9lectrolyse, plus connue sous l\u2019appellation \u00ab \u00e9pilation \u00e9lectrique \u00bb, est 100% d\u00e9finitive, fonctionne r\u00e9ellementpour tout type de peau, tout type de couleur de poil, et est garantie 100%.La seule m\u00e9thode reconnue d\u00e9finitive \u00e0 100% par les autorit\u00e9s sanitaires.Permet de traiter toutes les zones du corps et toutes les zones [&hellip;]<\/p>\n","protected":false},"author":2,"featured_media":0,"parent":0,"menu_order":0,"comment_status":"closed","ping_status":"closed","template":"","meta":{"_et_pb_use_builder":"on","_et_pb_old_content":"","_et_gb_content_width":"","footnotes":""},"class_list":["post-13292","page","type-page","status-publish","hentry"],"_links":{"self":[{"href":"https:\/\/geneve-et-vous-magazine.ch\/index.php\/wp-json\/wp\/v2\/pages\/13292","targetHints":{"allow":["GET"]}}],"collection":[{"href":"https:\/\/geneve-et-vous-magazine.ch\/index.php\/wp-json\/wp\/v2\/pages"}],"about":[{"href":"https:\/\/geneve-et-vous-magazine.ch\/index.php\/wp-json\/wp\/v2\/types\/page"}],"author":[{"embeddable":true,"href":"https:\/\/geneve-et-vous-magazine.ch\/index.php\/wp-json\/wp\/v2\/users\/2"}],"replies":[{"embeddable":true,"href":"https:\/\/geneve-et-vous-magazine.ch\/index.php\/wp-json\/wp\/v2\/comments?post=13292"}],"version-history":[{"count":5,"href":"https:\/\/geneve-et-vous-magazine.ch\/index.php\/wp-json\/wp\/v2\/pages\/13292\/revisions"}],"predecessor-version":[{"id":13301,"href":"https:\/\/geneve-et-vous-magazine.ch\/index.php\/wp-json\/wp\/v2\/pages\/13292\/revisions\/13301"}],"wp:attachment":[{"href":"https:\/\/geneve-et-vous-magazine.ch\/index.php\/wp-json\/wp\/v2\/media?parent=13292"}],"curies":[{"name":"wp","href":"https:\/\/api.w.org\/{rel}","templated":true}]}}