{"id":12076,"date":"2022-07-15T14:20:54","date_gmt":"2022-07-15T12:20:54","guid":{"rendered":"https:\/\/rivegauche-magazine.ch\/?page_id=12076"},"modified":"2022-07-15T14:43:14","modified_gmt":"2022-07-15T12:43:14","slug":"un-week-end-a-interlaken","status":"publish","type":"page","link":"https:\/\/geneve-et-vous-magazine.ch\/index.php\/destinations\/un-week-end-a-interlaken\/","title":{"rendered":"Un week-end \u00e0 Interlaken"},"content":{"rendered":"<p>[et_pb_section fb_built=\u00a0\u00bb1&Prime; _builder_version=\u00a0\u00bb4.17.6&Prime; _module_preset=\u00a0\u00bbdefault\u00a0\u00bb global_colors_info=\u00a0\u00bb{}\u00a0\u00bb][\/et_pb_section][et_pb_section fb_built=\u00a0\u00bb1&Prime; admin_label=\u00a0\u00bbArticles 1 colonne\u00a0\u00bb _builder_version=\u00a0\u00bb4.16&Prime; custom_margin=\u00a0\u00bb||\u00a0\u00bb custom_padding=\u00a0\u00bb0px|||||\u00a0\u00bb global_colors_info=\u00a0\u00bb{}\u00a0\u00bb][et_pb_row _builder_version=\u00a0\u00bb4.16&Prime; global_colors_info=\u00a0\u00bb{}\u00a0\u00bb][et_pb_column type=\u00a0\u00bb4_4&Prime; _builder_version=\u00a0\u00bb4.16&Prime; custom_padding=\u00a0\u00bb|||\u00a0\u00bb global_colors_info=\u00a0\u00bb{}\u00a0\u00bb custom_padding__hover=\u00a0\u00bb|||\u00a0\u00bb][et_pb_text admin_label=\u00a0\u00bbTITRE\u00a0\u00bb _builder_version=\u00a0\u00bb4.17.6&Prime; header_font=\u00a0\u00bb|||||on|||\u00a0\u00bb header_text_align=\u00a0\u00bbleft\u00a0\u00bb header_text_color=\u00a0\u00bb#000000&Prime; header_font_size=\u00a0\u00bb48px\u00a0\u00bb custom_margin=\u00a0\u00bb|||\u00a0\u00bb header_font_size_tablet=\u00a0\u00bb36px\u00a0\u00bb header_font_size_phone=\u00a0\u00bb24px\u00a0\u00bb header_font_size_last_edited=\u00a0\u00bbon|tablet\u00a0\u00bb global_colors_info=\u00a0\u00bb{}\u00a0\u00bb]<\/p>\n<h1 style=\"text-align: center;\"><span style=\"color: #000000;\">Un week-end \u00e0 Interlaken<br \/><\/span><\/h1>\n<p>[\/et_pb_text][\/et_pb_column][\/et_pb_row][et_pb_row _builder_version=\u00a0\u00bb4.17.6&Prime; _module_preset=\u00a0\u00bbdefault\u00a0\u00bb global_colors_info=\u00a0\u00bb{}\u00a0\u00bb][et_pb_column type=\u00a0\u00bb4_4&Prime; _builder_version=\u00a0\u00bb4.17.6&Prime; _module_preset=\u00a0\u00bbdefault\u00a0\u00bb global_colors_info=\u00a0\u00bb{}\u00a0\u00bb][et_pb_text _builder_version=\u00a0\u00bb4.17.6&Prime; _module_preset=\u00a0\u00bbdefault\u00a0\u00bb global_colors_info=\u00a0\u00bb{}\u00a0\u00bb]<\/p>\n<h4 style=\"text-align: justify;\"><span style=\"color: #00b78c;\"><strong>La randonn\u00e9e commence \u00e0 Brienz et longe le lac jusqu\u2019\u00e0 Interlaken dans une succession de mont\u00e9es et de descentes. Avant d\u2019arriver aux ruines de Schadenburg, le chemin offre des panoramas fabuleux et traverse des villages \u00e0 la situation idyllique.<\/strong><\/span><\/h4>\n<p>[\/et_pb_text][\/et_pb_column][\/et_pb_row][et_pb_row column_structure=\u00a0\u00bb3_5,2_5&Prime; _builder_version=\u00a0\u00bb4.16&Prime; global_colors_info=\u00a0\u00bb{}\u00a0\u00bb][et_pb_column type=\u00a0\u00bb3_5&Prime; _builder_version=\u00a0\u00bb4.16&Prime; custom_padding=\u00a0\u00bb|||\u00a0\u00bb global_colors_info=\u00a0\u00bb{}\u00a0\u00bb custom_padding__hover=\u00a0\u00bb|||\u00a0\u00bb][et_pb_image src=\u00a0\u00bbhttps:\/\/rivegauche-magazine.ch\/wp-content\/uploads\/2022\/07\/32209_32001800-copie.png\u00a0\u00bb title_text=\u00a0\u00bb32209_32001800&#8212;copie\u00a0\u00bb force_fullwidth=\u00a0\u00bbon\u00a0\u00bb align_tablet=\u00a0\u00bbcenter\u00a0\u00bb align_phone=\u00a0\u00bb\u00a0\u00bb align_last_edited=\u00a0\u00bbon|desktop\u00a0\u00bb _builder_version=\u00a0\u00bb4.17.6&Prime; custom_padding=\u00a0\u00bb|0px||0px|false|true\u00a0\u00bb global_colors_info=\u00a0\u00bb{}\u00a0\u00bb][\/et_pb_image][et_pb_text _builder_version=\u00a0\u00bb4.17.6&Prime; text_text_color=\u00a0\u00bb#FFFFFF\u00a0\u00bb background_color=\u00a0\u00bb#00b78c\u00a0\u00bb width=\u00a0\u00bb50%\u00a0\u00bb width_tablet=\u00a0\u00bb50%\u00a0\u00bb width_phone=\u00a0\u00bb100%\u00a0\u00bb width_last_edited=\u00a0\u00bbon|phone\u00a0\u00bb custom_margin=\u00a0\u00bb-5em|||9em|false|false\u00a0\u00bb custom_margin_tablet=\u00a0\u00bb-3em|||0em|false|false\u00a0\u00bb custom_margin_phone=\u00a0\u00bb0em||||false|false\u00a0\u00bb custom_margin_last_edited=\u00a0\u00bbon|tablet\u00a0\u00bb custom_padding=\u00a0\u00bb1em|1em|1em|1em|true|true\u00a0\u00bb module_alignment_tablet=\u00a0\u00bbcenter\u00a0\u00bb module_alignment_phone=\u00a0\u00bbcenter\u00a0\u00bb module_alignment_last_edited=\u00a0\u00bbon|tablet\u00a0\u00bb global_colors_info=\u00a0\u00bb{}\u00a0\u00bb custom_padding__hover_enabled=\u00a0\u00bbon|desktop\u00a0\u00bb custom_padding__hover=\u00a0\u00bb1em|1em|1em|1em|true|true\u00a0\u00bb]<\/p>\n<p style=\"text-align: justify;\"><strong>Difficult\u00e9 : Facile<\/strong><br \/><strong>Distance : 20 km<\/strong><br \/><strong>Dur\u00e9e : 5h40<\/strong><br \/><strong>Altitude : 772 m<\/strong><br \/><strong>Ascension : 693 m<\/strong><\/p>\n<p>[\/et_pb_text][et_pb_text _builder_version=\u00a0\u00bb4.17.6&Prime; global_colors_info=\u00a0\u00bb{}\u00a0\u00bb]<\/p>\n<p style=\"text-align: justify;\">Le bleu, tant\u00f4t turquoise tant\u00f4t gris argent\u00e9, du lac de Brienz est unique en Suisse. Magique! Tout autour du lac se dressent les flancs escarp\u00e9s des montagnes. Et au restaurant B\u00e4ren \u00e0 Oberried, le chef a m\u00eame nomm\u00e9 les cro\u00fbtes au fromage d\u2019apr\u00e8s les sommets alentours.<br \/>La randonn\u00e9e commence \u00e0 la gare de Brienz et passe d\u2019abord le village en longeant le lac. Vous suivez ensuite les panneaux en direction d\u2019Interlaken et rejoignez les ruines de Schadenburg en passant par la for\u00eat et Niederried. Le chemin descend alors vers Ringgenberg et suit enfin le canal de l\u2019Aar jusqu\u2019\u00e0 la gare d\u2019Interlaken Est.<br \/>Il est possible de se restaurer \u00e0 Brienz, Oberried, Ringgenberg et Interlaken. Le circuit peut \u00eatre prolong\u00e9 par un d\u00e9tour en train \u00e0 cr\u00e9maill\u00e8re jusqu\u2019au Rothorn de Brienz ou par une balade en bateau sur le lac de Brienz.<\/p>\n<p>[\/et_pb_text][\/et_pb_column][et_pb_column type=\u00a0\u00bb2_5&Prime; _builder_version=\u00a0\u00bb4.17.4&Prime; _module_preset=\u00a0\u00bbdefault\u00a0\u00bb global_colors_info=\u00a0\u00bb{}\u00a0\u00bb][et_pb_image src=\u00a0\u00bbhttps:\/\/rivegauche-magazine.ch\/wp-content\/uploads\/2022\/07\/80777260.png\u00a0\u00bb title_text=\u00a0\u00bb80777260&Prime; force_fullwidth=\u00a0\u00bbon\u00a0\u00bb align_tablet=\u00a0\u00bbcenter\u00a0\u00bb align_phone=\u00a0\u00bb\u00a0\u00bb align_last_edited=\u00a0\u00bbon|desktop\u00a0\u00bb _builder_version=\u00a0\u00bb4.17.6&Prime; custom_padding=\u00a0\u00bb|0px||0px|false|true\u00a0\u00bb global_colors_info=\u00a0\u00bb{}\u00a0\u00bb][\/et_pb_image][et_pb_text _builder_version=\u00a0\u00bb4.17.6&Prime; hover_enabled=\u00a0\u00bb0&Prime; global_colors_info=\u00a0\u00bb{}\u00a0\u00bb content_last_edited=\u00a0\u00bbon|phone\u00a0\u00bb content_phone=\u00a0\u00bb<\/p>\n<h2 style=%22text-align: justify;%22><span style=%22color: #00b78c;%22><strong>HOTEL BRIENZERBURLI <\/strong><\/span><span style=%22color: #00b78c;%22><strong>&amp;<br \/>SEERESTAURANT L\u00d6WEN<\/strong><\/span><\/h2>\n<p style=%22text-align: justify;%22>L\u2019h\u00f4tel traditionnel et cossu o\u00f9 chaque h\u00f4te venant de loin ou de pr\u00e8s se sent tout de suite chez lui.<br \/>Au c\u0153ur du village des sculptures, Brienz, se trouve dans la partie ancienne du village avec ses chalets pittoresques en bois et sa fameuse rue \u00abBrunngass\u00bb. Juste en contrebas du village passe la promenade directement au bord du lac de Brienz, plan d\u2019eau magnifique o\u00f9 se refl\u00e8tent les montagnes environnantes. Le Brienzerburli est connu non seulement \u00e0 cause de la chanson \u00abBrienzerburli\u00bb vantant un petit paysan malicieux et fantasque, mais aussi gr\u00e2ce \u00e0 son h\u00f4tel restaurant. Nous fabriquons nous-m\u00eames du chocolat, des tourtes et d\u2019autres sp\u00e9cialit\u00e9s.<br \/><strong><\/strong><\/p>\n<p style=%22text-align: left;%22><span style=%22color: #666666;%22><strong>Hauptstrasse 11 &#8211; 3855 Brienz<\/strong><\/span><br \/><span style=%22color: #666666;%22><strong>T\u00e9l. +41 33 951 12 41 | www.brienzerburli.ch<\/strong><\/span><\/p>\n<p>\u00a0\u00bb sticky_enabled=\u00a0\u00bb0&Prime; content_tablet=\u00a0\u00bb<\/p>\n<h2 style=%22text-align: justify;%22><span style=%22color: #00b78c;%22><strong>HOTEL BRIENZERBURLI<\/strong><\/span><br \/><span style=%22color: #00b78c;%22><strong>&amp; SEERESTAURANT L\u00d6WEN<\/strong><\/span><\/h2>\n<p style=%22text-align: justify;%22>L\u2019h\u00f4tel traditionnel et cossu o\u00f9 chaque h\u00f4te venant de loin ou de pr\u00e8s se sent tout de suite chez lui.<br \/>Au c\u0153ur du village des sculptures, Brienz, se trouve dans la partie ancienne du village avec ses chalets pittoresques en bois et sa fameuse rue \u00abBrunngass\u00bb. Juste en contrebas du village passe la promenade directement au bord du lac de Brienz, plan d\u2019eau magnifique o\u00f9 se refl\u00e8tent les montagnes environnantes. Le Brienzerburli est connu non seulement \u00e0 cause de la chanson \u00abBrienzerburli\u00bb vantant un petit paysan malicieux et fantasque, mais aussi gr\u00e2ce \u00e0 son h\u00f4tel restaurant. Nous fabriquons nous-m\u00eames du chocolat, des tourtes et d\u2019autres sp\u00e9cialit\u00e9s.<br \/><strong><\/strong><\/p>\n<p style=%22text-align: justify;%22><span style=%22color: #666666;%22><strong>Hauptstrasse 11 &#8211; 3855 Brienz<\/strong><\/span><br \/><span style=%22color: #666666;%22><strong>T\u00e9l. +41 33 951 12 41 | www.brienzerburli.ch<\/strong><\/span><\/p>\n<p>\u00ab\u00a0]<\/p>\n<h2 style=\"text-align: justify;\"><span style=\"color: #00b78c;\"><strong>HOTEL BRIENZERBURLI<\/strong><\/span><br \/><span style=\"color: #00b78c;\"><strong>&amp; SEERESTAURANT L\u00d6WEN<\/strong><\/span><\/h2>\n<p style=\"text-align: justify;\">L\u2019h\u00f4tel traditionnel et cossu o\u00f9 chaque h\u00f4te venant de loin ou de pr\u00e8s se sent tout de suite chez lui.<br \/>Au c\u0153ur du village des sculptures, Brienz, se trouve dans la partie ancienne du village avec ses chalets pittoresques en bois et sa fameuse rue \u00abBrunngass\u00bb. Juste en contrebas du village passe la promenade directement au bord du lac de Brienz, plan d\u2019eau magnifique o\u00f9 se refl\u00e8tent les montagnes environnantes. Le Brienzerburli est connu non seulement \u00e0 cause de la chanson \u00abBrienzerburli\u00bb vantant un petit paysan malicieux et fantasque, mais aussi gr\u00e2ce \u00e0 son h\u00f4tel restaurant. Nous fabriquons nous-m\u00eames du chocolat, des tourtes et d\u2019autres sp\u00e9cialit\u00e9s.<br \/><strong><\/strong><\/p>\n<p style=\"text-align: justify;\"><span style=\"color: #666666;\"><strong>Hauptstrasse 11 &#8211; 3855 Brienz<\/strong><\/span><br \/><span style=\"color: #666666;\"><strong>T\u00e9l. +41 33 951 12 41 | www.brienzerburli.ch<\/strong><\/span><\/p>\n<p>[\/et_pb_text][\/et_pb_column][\/et_pb_row][et_pb_row _builder_version=\u00a0\u00bb4.16&Prime; global_colors_info=\u00a0\u00bb{}\u00a0\u00bb][et_pb_column type=\u00a0\u00bb4_4&Prime; _builder_version=\u00a0\u00bb4.16&Prime; custom_padding=\u00a0\u00bb|||\u00a0\u00bb global_colors_info=\u00a0\u00bb{}\u00a0\u00bb custom_padding__hover=\u00a0\u00bb|||\u00a0\u00bb][et_pb_divider _builder_version=\u00a0\u00bb4.16&Prime; global_colors_info=\u00a0\u00bb{}\u00a0\u00bb][\/et_pb_divider][\/et_pb_column][\/et_pb_row][\/et_pb_section]<\/p>\n","protected":false},"excerpt":{"rendered":"<p>Un week-end \u00e0 InterlakenLa randonn\u00e9e commence \u00e0 Brienz et longe le lac jusqu\u2019\u00e0 Interlaken dans une succession de mont\u00e9es et de descentes. Avant d\u2019arriver aux ruines de Schadenburg, le chemin offre des panoramas fabuleux et traverse des villages \u00e0 la situation idyllique.Difficult\u00e9 : FacileDistance : 20 kmDur\u00e9e : 5h40Altitude : 772 mAscension : 693 mLe [&hellip;]<\/p>\n","protected":false},"author":2,"featured_media":0,"parent":1463,"menu_order":0,"comment_status":"closed","ping_status":"closed","template":"","meta":{"_et_pb_use_builder":"on","_et_pb_old_content":"","_et_gb_content_width":"","footnotes":""},"class_list":["post-12076","page","type-page","status-publish","hentry"],"_links":{"self":[{"href":"https:\/\/geneve-et-vous-magazine.ch\/index.php\/wp-json\/wp\/v2\/pages\/12076","targetHints":{"allow":["GET"]}}],"collection":[{"href":"https:\/\/geneve-et-vous-magazine.ch\/index.php\/wp-json\/wp\/v2\/pages"}],"about":[{"href":"https:\/\/geneve-et-vous-magazine.ch\/index.php\/wp-json\/wp\/v2\/types\/page"}],"author":[{"embeddable":true,"href":"https:\/\/geneve-et-vous-magazine.ch\/index.php\/wp-json\/wp\/v2\/users\/2"}],"replies":[{"embeddable":true,"href":"https:\/\/geneve-et-vous-magazine.ch\/index.php\/wp-json\/wp\/v2\/comments?post=12076"}],"version-history":[{"count":6,"href":"https:\/\/geneve-et-vous-magazine.ch\/index.php\/wp-json\/wp\/v2\/pages\/12076\/revisions"}],"predecessor-version":[{"id":12088,"href":"https:\/\/geneve-et-vous-magazine.ch\/index.php\/wp-json\/wp\/v2\/pages\/12076\/revisions\/12088"}],"up":[{"embeddable":true,"href":"https:\/\/geneve-et-vous-magazine.ch\/index.php\/wp-json\/wp\/v2\/pages\/1463"}],"wp:attachment":[{"href":"https:\/\/geneve-et-vous-magazine.ch\/index.php\/wp-json\/wp\/v2\/media?parent=12076"}],"curies":[{"name":"wp","href":"https:\/\/api.w.org\/{rel}","templated":true}]}}