{"id":11977,"date":"2022-07-15T09:47:29","date_gmt":"2022-07-15T07:47:29","guid":{"rendered":"https:\/\/rivegauche-magazine.ch\/?page_id=11977"},"modified":"2022-07-15T17:14:53","modified_gmt":"2022-07-15T15:14:53","slug":"creez-votre-cache-pot","status":"publish","type":"page","link":"https:\/\/geneve-et-vous-magazine.ch\/index.php\/life-style-decoration\/creez-votre-cache-pot\/","title":{"rendered":"Cr\u00e9ez votre cache-pot"},"content":{"rendered":"<p>[et_pb_section fb_built=\u00a0\u00bb1&Prime; _builder_version=\u00a0\u00bb4.17.6&Prime; _module_preset=\u00a0\u00bbdefault\u00a0\u00bb global_colors_info=\u00a0\u00bb{}\u00a0\u00bb][\/et_pb_section][et_pb_section fb_built=\u00a0\u00bb1&Prime; admin_label=\u00a0\u00bbArticles 1 colonne\u00a0\u00bb _builder_version=\u00a0\u00bb4.16&Prime; custom_margin=\u00a0\u00bb||\u00a0\u00bb custom_padding=\u00a0\u00bb0px|||||\u00a0\u00bb global_colors_info=\u00a0\u00bb{}\u00a0\u00bb][et_pb_row _builder_version=\u00a0\u00bb4.16&Prime; global_colors_info=\u00a0\u00bb{}\u00a0\u00bb][et_pb_column type=\u00a0\u00bb4_4&Prime; _builder_version=\u00a0\u00bb4.16&Prime; custom_padding=\u00a0\u00bb|||\u00a0\u00bb global_colors_info=\u00a0\u00bb{}\u00a0\u00bb custom_padding__hover=\u00a0\u00bb|||\u00a0\u00bb][et_pb_text admin_label=\u00a0\u00bbTITRE\u00a0\u00bb _builder_version=\u00a0\u00bb4.17.6&Prime; header_font=\u00a0\u00bb|||||on|||\u00a0\u00bb header_text_align=\u00a0\u00bbleft\u00a0\u00bb header_text_color=\u00a0\u00bb#000000&Prime; header_font_size=\u00a0\u00bb48px\u00a0\u00bb custom_margin=\u00a0\u00bb|||\u00a0\u00bb header_font_size_tablet=\u00a0\u00bb36px\u00a0\u00bb header_font_size_phone=\u00a0\u00bb24px\u00a0\u00bb header_font_size_last_edited=\u00a0\u00bbon|tablet\u00a0\u00bb global_colors_info=\u00a0\u00bb{}\u00a0\u00bb]<\/p>\n<h1 style=\"text-align: center;\"><span style=\"color: #000000;\">Cr\u00e9ez votre cache-pot<br \/><\/span><\/h1>\n<p>[\/et_pb_text][\/et_pb_column][\/et_pb_row][et_pb_row _builder_version=\u00a0\u00bb4.16&Prime; global_colors_info=\u00a0\u00bb{}\u00a0\u00bb][et_pb_column type=\u00a0\u00bb4_4&Prime; _builder_version=\u00a0\u00bb4.16&Prime; custom_padding=\u00a0\u00bb|||\u00a0\u00bb global_colors_info=\u00a0\u00bb{}\u00a0\u00bb custom_padding__hover=\u00a0\u00bb|||\u00a0\u00bb][et_pb_text _builder_version=\u00a0\u00bb4.17.6&Prime; hover_enabled=\u00a0\u00bb0&Prime; global_colors_info=\u00a0\u00bb{}\u00a0\u00bb sticky_enabled=\u00a0\u00bb0&Prime;]<\/p>\n<p style=\"text-align: justify;\"><strong>Envie de recycler pour ne plus jeter tout en personnalisant votre d\u00e9co ? Voici un tuto pour transformer une bo\u00eete de conserve en un joli cache-pot. Cette id\u00e9e pourra aussi \u00eatre d\u00e9clin\u00e9e pour des pots de rangement dans toute la maison : pour lingettes d\u00e9maquillantes lavables, crayons\u2026 Une r\u00e9alisation esth\u00e9tique et \u00e9cologique.<\/strong><\/p>\n<p style=\"text-align: justify;\"><strong><em>Source : <\/em><a href=\"https:\/\/www.placeofmytaste.com\" target=\"_blank\" rel=\"noopener\"><em>www.placeofmytaste.com<\/em><\/a><\/strong><\/p>\n<p>[\/et_pb_text][\/et_pb_column][\/et_pb_row][et_pb_row column_structure=\u00a0\u00bb1_2,1_2&Prime; _builder_version=\u00a0\u00bb4.16&Prime; global_colors_info=\u00a0\u00bb{}\u00a0\u00bb][et_pb_column type=\u00a0\u00bb1_2&Prime; _builder_version=\u00a0\u00bb4.16&Prime; custom_padding=\u00a0\u00bb|||\u00a0\u00bb global_colors_info=\u00a0\u00bb{}\u00a0\u00bb custom_padding__hover=\u00a0\u00bb|||\u00a0\u00bb][et_pb_image src=\u00a0\u00bbhttps:\/\/rivegauche-magazine.ch\/wp-content\/uploads\/2022\/07\/pot-conserve-corde.png\u00a0\u00bb title_text=\u00a0\u00bbpot-conserve-corde\u00a0\u00bb align_tablet=\u00a0\u00bbcenter\u00a0\u00bb align_phone=\u00a0\u00bb\u00a0\u00bb align_last_edited=\u00a0\u00bbon|desktop\u00a0\u00bb _builder_version=\u00a0\u00bb4.17.6&Prime; global_colors_info=\u00a0\u00bb{}\u00a0\u00bb][\/et_pb_image][et_pb_text _builder_version=\u00a0\u00bb4.17.6&Prime; _module_preset=\u00a0\u00bbdefault\u00a0\u00bb text_text_color=\u00a0\u00bb#FFFFFF\u00a0\u00bb background_color=\u00a0\u00bb#60a57b\u00a0\u00bb background_layout=\u00a0\u00bbdark\u00a0\u00bb width=\u00a0\u00bb61%\u00a0\u00bb width_tablet=\u00a0\u00bb\u00a0\u00bb width_phone=\u00a0\u00bb\u00a0\u00bb width_last_edited=\u00a0\u00bbon|phone\u00a0\u00bb module_alignment=\u00a0\u00bbcenter\u00a0\u00bb custom_margin=\u00a0\u00bb-4em|||2em|false|false\u00a0\u00bb custom_margin_tablet=\u00a0\u00bb0em||||false|false\u00a0\u00bb custom_margin_phone=\u00a0\u00bb0em||||false|false\u00a0\u00bb custom_margin_last_edited=\u00a0\u00bbon|tablet\u00a0\u00bb custom_padding=\u00a0\u00bb2em|2em|2em|2em|true|true\u00a0\u00bb global_colors_info=\u00a0\u00bb{}\u00a0\u00bb]<\/p>\n<p><strong>Mat\u00e9riel dont vous aurez besoin :<\/strong><br \/>\u2022 Une bo\u00eete de conserve en m\u00e9tal<br \/>\u2022 De la corde naturelle<br \/>\u2022 De la laine de la couleur de votre choix<br \/>\u2022 Une paire de ciseaux<br \/>\u2022 Un pistolet \u00e0 colle<\/p>\n<p>[\/et_pb_text][et_pb_text _builder_version=\u00a0\u00bb4.17.6&Prime; global_colors_info=\u00a0\u00bb{}\u00a0\u00bb]<\/p>\n<h3 style=\"text-align: justify;\"><span style=\"color: #e5c085;\"><strong><\/strong><span style=\"color: #000000;\">\u00c9tapes de <\/span><\/span><span style=\"color: #60a57b;\"><strong>fabrication<\/strong><\/span><\/h3>\n<p style=\"text-align: justify;\"><strong>Rev\u00eatement en corde<\/strong><br \/><strong>1.<\/strong> D\u00e9coupez le couvercle de la bo\u00eete de conserve et nettoyez pour retirer tous les r\u00e9sidus pouvant emp\u00eacher la colle d\u2019adh\u00e9rer, puis s\u00e9chez votre bo\u00eete.<br \/><strong>2.<\/strong> D\u00e9coupez une longueur de corde suffisante pour recouvrir la boite de conserve sans faire de raccord. Faites un essai sans d\u00e9couper de morceau au pr\u00e9alable pour \u00eatre s\u00fbr d\u2019avoir une longueur suffisante.<br \/><strong>3.<\/strong> Faites chauffer votre pistolet \u00e0 colle, puis mettez un peu de colle tout autour de la base de la boite. Placez imm\u00e9diatement votre corde pour faire un premier tour. Continuez ensuite \u00e0 enrouler la corde jusqu\u2019\u00e0 que vous ayez atteint le haut de la boite. <br \/>Pour que le rev\u00eatement du pot soit plus solide et plus esth\u00e9tique, appliquez de la colle sur la corde entre chaque tour, puis continuez \u00e0 enrouler votre corde.<\/p>\n<p>[\/et_pb_text][\/et_pb_column][et_pb_column type=\u00a0\u00bb1_2&Prime; _builder_version=\u00a0\u00bb4.17.6&Prime; _module_preset=\u00a0\u00bbdefault\u00a0\u00bb global_colors_info=\u00a0\u00bb{}\u00a0\u00bb][et_pb_text _builder_version=\u00a0\u00bb4.17.6&Prime; global_colors_info=\u00a0\u00bb{}\u00a0\u00bb]<\/p>\n<p style=\"text-align: justify;\"><strong>Cr\u00e9ation des pompons<\/strong><br \/><span style=\"color: #666666;\"><strong>1.<\/strong> Une fois que votre bo\u00eete de conserve est totalement recouverte, laissez-la s\u00e9cher.<\/span><br \/><span style=\"color: #666666;\"><strong>2.<\/strong> Pendant ce temps, vous allez cr\u00e9er les pompons avec la laine : enroulez la laine autour de vos doigts en faisant environ trente tours, selon le volume des pompons souhait\u00e9.<\/span><br \/><span style=\"color: #666666;\"><strong>3.<\/strong> Passez ensuite un morceau de laine au centre des boucles obtenues afin de les attacher entre elles. Coupez les boucles avec des ciseaux et mettez-les en forme avec vos doigts pour former le pompon.<\/span><br \/><span style=\"color: #666666;\"><strong>4.<\/strong> Pour finir, attachez un morceau de laine en haut du pompon pour former une petite boule. Votre pompon est pr\u00eat!<\/span><br \/><span style=\"color: #666666;\">Selon votre imagination, vous pouvez ajouter des perles, des fils de couleur\u2026 Cr\u00e9ez suffisamment de pompons pour d\u00e9corer tout le tour de votre pot.<\/span><br \/><span style=\"color: #666666;\"><strong>5.<\/strong> Enfin, pour fixer les pompons autour du pot, formez une guirlande en passant l\u2019extr\u00e9mit\u00e9 d\u2019un fil de laine \u00e0 l\u2019int\u00e9rieur <\/span>de chaque petite boule, en haut de vos pompons. Ensuite, attachez cette guirlande en haut de votre pot en faisant un n\u0153ud avec le fil de laine.<br \/>Votre pot est pr\u00eat pour accueillir une plante ou ce qui vous plaira (lingettes d\u00e9maquillantes, stylos, etc\u2026).<\/p>\n<p>[\/et_pb_text][et_pb_image src=\u00a0\u00bbhttps:\/\/rivegauche-magazine.ch\/wp-content\/uploads\/2022\/07\/pot-corde2.png\u00a0\u00bb title_text=\u00a0\u00bbpot-corde2&Prime; _builder_version=\u00a0\u00bb4.17.6&Prime; _module_preset=\u00a0\u00bbdefault\u00a0\u00bb width_tablet=\u00a0\u00bb\u00a0\u00bb width_phone=\u00a0\u00bb\u00a0\u00bb width_last_edited=\u00a0\u00bbon|tablet\u00a0\u00bb min_height_tablet=\u00a0\u00bb\u00a0\u00bb min_height_phone=\u00a0\u00bb\u00a0\u00bb min_height_last_edited=\u00a0\u00bbon|desktop\u00a0\u00bb custom_margin=\u00a0\u00bb0em||||false|false\u00a0\u00bb custom_margin_tablet=\u00a0\u00bb0em||||false|false\u00a0\u00bb custom_margin_phone=\u00a0\u00bb0em||||false|false\u00a0\u00bb custom_margin_last_edited=\u00a0\u00bbon|desktop\u00a0\u00bb custom_padding=\u00a0\u00bb0em||||false|false\u00a0\u00bb global_colors_info=\u00a0\u00bb{}\u00a0\u00bb][\/et_pb_image][\/et_pb_column][\/et_pb_row][et_pb_row _builder_version=\u00a0\u00bb4.16&Prime; global_colors_info=\u00a0\u00bb{}\u00a0\u00bb][et_pb_column type=\u00a0\u00bb4_4&Prime; _builder_version=\u00a0\u00bb4.16&Prime; custom_padding=\u00a0\u00bb|||\u00a0\u00bb global_colors_info=\u00a0\u00bb{}\u00a0\u00bb custom_padding__hover=\u00a0\u00bb|||\u00a0\u00bb][et_pb_divider _builder_version=\u00a0\u00bb4.16&Prime; global_colors_info=\u00a0\u00bb{}\u00a0\u00bb][\/et_pb_divider][\/et_pb_column][\/et_pb_row][\/et_pb_section]<\/p>\n","protected":false},"excerpt":{"rendered":"<p>Cr\u00e9ez votre cache-potEnvie de recycler pour ne plus jeter tout en personnalisant votre d\u00e9co ? Voici un tuto pour transformer une bo\u00eete de conserve en un joli cache-pot. Cette id\u00e9e pourra aussi \u00eatre d\u00e9clin\u00e9e pour des pots de rangement dans toute la maison : pour lingettes d\u00e9maquillantes lavables, crayons\u2026 Une r\u00e9alisation esth\u00e9tique et \u00e9cologique. Source [&hellip;]<\/p>\n","protected":false},"author":2,"featured_media":0,"parent":1383,"menu_order":0,"comment_status":"closed","ping_status":"closed","template":"","meta":{"_et_pb_use_builder":"on","_et_pb_old_content":"","_et_gb_content_width":"","footnotes":""},"class_list":["post-11977","page","type-page","status-publish","hentry"],"_links":{"self":[{"href":"https:\/\/geneve-et-vous-magazine.ch\/index.php\/wp-json\/wp\/v2\/pages\/11977","targetHints":{"allow":["GET"]}}],"collection":[{"href":"https:\/\/geneve-et-vous-magazine.ch\/index.php\/wp-json\/wp\/v2\/pages"}],"about":[{"href":"https:\/\/geneve-et-vous-magazine.ch\/index.php\/wp-json\/wp\/v2\/types\/page"}],"author":[{"embeddable":true,"href":"https:\/\/geneve-et-vous-magazine.ch\/index.php\/wp-json\/wp\/v2\/users\/2"}],"replies":[{"embeddable":true,"href":"https:\/\/geneve-et-vous-magazine.ch\/index.php\/wp-json\/wp\/v2\/comments?post=11977"}],"version-history":[{"count":7,"href":"https:\/\/geneve-et-vous-magazine.ch\/index.php\/wp-json\/wp\/v2\/pages\/11977\/revisions"}],"predecessor-version":[{"id":12149,"href":"https:\/\/geneve-et-vous-magazine.ch\/index.php\/wp-json\/wp\/v2\/pages\/11977\/revisions\/12149"}],"up":[{"embeddable":true,"href":"https:\/\/geneve-et-vous-magazine.ch\/index.php\/wp-json\/wp\/v2\/pages\/1383"}],"wp:attachment":[{"href":"https:\/\/geneve-et-vous-magazine.ch\/index.php\/wp-json\/wp\/v2\/media?parent=11977"}],"curies":[{"name":"wp","href":"https:\/\/api.w.org\/{rel}","templated":true}]}}