{"id":11698,"date":"2022-07-08T15:21:35","date_gmt":"2022-07-08T13:21:35","guid":{"rendered":"https:\/\/rivegauche-magazine.ch\/?page_id=11698"},"modified":"2024-07-17T15:43:46","modified_gmt":"2024-07-17T13:43:46","slug":"agenda-des-manifestations-et-concours-hippiques","status":"publish","type":"page","link":"https:\/\/geneve-et-vous-magazine.ch\/index.php\/agenda-des-manifestations-et-concours-hippiques\/","title":{"rendered":"Agenda des manifestations et concours hippiques"},"content":{"rendered":"<p>[et_pb_section fb_built=\u00a0\u00bb1&Prime; _builder_version=\u00a0\u00bb4.16&Prime; global_colors_info=\u00a0\u00bb{}\u00a0\u00bb][et_pb_row _builder_version=\u00a0\u00bb4.16&Prime; global_colors_info=\u00a0\u00bb{}\u00a0\u00bb][et_pb_column type=\u00a0\u00bb4_4&Prime; _builder_version=\u00a0\u00bb4.16&Prime; custom_padding=\u00a0\u00bb|||\u00a0\u00bb global_colors_info=\u00a0\u00bb{}\u00a0\u00bb custom_padding__hover=\u00a0\u00bb|||\u00a0\u00bb][et_pb_text content_tablet=\u00a0\u00bb<\/p>\n<h1 style=%22text-align: center;%22><strong><span style=%22color: #33cccc;%22><span style=%22color: #000000;%22>Agenda des manifestations<br \/>et concours hippiques<\/span><\/span><br \/><\/strong><\/h1>\n<p>\u00a0\u00bb content_phone=\u00a0\u00bb<\/p>\n<h1 style=%22text-align: center;%22><strong><span style=%22color: #33cccc;%22><span style=%22color: #000000;%22>Agenda des manifestations<br \/>et concours hippiques<\/span><\/span><br \/><\/strong><\/h1>\n<p>\u00a0\u00bb content_last_edited=\u00a0\u00bbon|phone\u00a0\u00bb admin_label=\u00a0\u00bbTITRE\u00a0\u00bb _builder_version=\u00a0\u00bb4.17.4&Prime; header_font=\u00a0\u00bb|||||on|||\u00a0\u00bb header_text_align=\u00a0\u00bbleft\u00a0\u00bb header_text_color=\u00a0\u00bb#000000&Prime; header_font_size=\u00a0\u00bb48px\u00a0\u00bb custom_margin=\u00a0\u00bb|||\u00a0\u00bb header_font_size_tablet=\u00a0\u00bb36px\u00a0\u00bb header_font_size_phone=\u00a0\u00bb24px\u00a0\u00bb header_font_size_last_edited=\u00a0\u00bbon|tablet\u00a0\u00bb global_colors_info=\u00a0\u00bb{}\u00a0\u00bb]<\/p>\n<h1 style=\"text-align: center;\"><strong><span style=\"color: #33cccc;\"><span style=\"color: #000000;\">Agenda des manifestations et concours hippiques<\/span><\/span><br \/><\/strong><\/h1>\n<p>[\/et_pb_text][\/et_pb_column][\/et_pb_row][\/et_pb_section][et_pb_section fb_built=\u00a0\u00bb1&Prime; admin_label=\u00a0\u00bbArticles 1 colonne\u00a0\u00bb _builder_version=\u00a0\u00bb4.16&Prime; custom_margin=\u00a0\u00bb||\u00a0\u00bb custom_padding=\u00a0\u00bb0px|||||\u00a0\u00bb global_colors_info=\u00a0\u00bb{}\u00a0\u00bb][et_pb_row column_structure=\u00a0\u00bb2_5,3_5&Prime; admin_label=\u00a0\u00bbTitre Agenda\u00a0\u00bb _builder_version=\u00a0\u00bb4.16&Prime; custom_margin=\u00a0\u00bb||\u00a0\u00bb custom_padding=\u00a0\u00bb0px||0px|||\u00a0\u00bb global_colors_info=\u00a0\u00bb{}\u00a0\u00bb][et_pb_column type=\u00a0\u00bb2_5&Prime; _builder_version=\u00a0\u00bb4.16&Prime; custom_padding=\u00a0\u00bb0px|||\u00a0\u00bb global_colors_info=\u00a0\u00bb{}\u00a0\u00bb custom_padding__hover=\u00a0\u00bb|||\u00a0\u00bb][et_pb_image src=\u00a0\u00bbhttps:\/\/rivegauche-magazine.ch\/wp-content\/uploads\/2022\/07\/INSTANT_EQUITATION.png\u00a0\u00bb title_text=\u00a0\u00bbINSTANT_EQUITATION\u00a0\u00bb _builder_version=\u00a0\u00bb4.17.4&Prime; _module_preset=\u00a0\u00bbdefault\u00a0\u00bb width=\u00a0\u00bb96%\u00a0\u00bb width_tablet=\u00a0\u00bb96%\u00a0\u00bb width_phone=\u00a0\u00bb96%\u00a0\u00bb width_last_edited=\u00a0\u00bbon|desktop\u00a0\u00bb global_colors_info=\u00a0\u00bb{}\u00a0\u00bb][\/et_pb_image][\/et_pb_column][et_pb_column type=\u00a0\u00bb3_5&Prime; _builder_version=\u00a0\u00bb4.16&Prime; custom_padding=\u00a0\u00bb0px|||\u00a0\u00bb global_colors_info=\u00a0\u00bb{}\u00a0\u00bb custom_padding__hover=\u00a0\u00bb|||\u00a0\u00bb][et_pb_text content_tablet=\u00a0\u00bb<\/p>\n<h2 style=%22text-align: justify;%22><span style=%22color: #000000;%22><strong>Du 01 juillet au 03 juillet<br \/><\/strong><\/span><\/h2>\n<h3><strong>Concours de Saut de La Chaumaz<\/strong><br \/>Lieu : La Chaumaz &#8211; Russin<\/h3>\n<p>\u00a0\u00bb content_phone=\u00a0\u00bb<\/p>\n<h2 style=%22text-align: justify;%22><span style=%22color: #000000;%22><strong>Du 01 juillet<br \/>au 03 juillet<br \/><\/strong><\/span><\/h2>\n<h3><strong>Concours de Saut de La Chaumaz<\/strong><br \/>Lieu : La Chaumaz &#8211; Russin<\/h3>\n<p>\u00a0\u00bb content_last_edited=\u00a0\u00bbon|phone\u00a0\u00bb admin_label=\u00a0\u00bbDESCRIPTION\u00a0\u00bb _builder_version=\u00a0\u00bb4.17.6&Prime; text_text_color=\u00a0\u00bb#FFFFFF\u00a0\u00bb header_3_text_color=\u00a0\u00bb#FFFFFF\u00a0\u00bb background_color=\u00a0\u00bbrgba(122,73,0,0.61)\u00a0\u00bb background_layout=\u00a0\u00bbdark\u00a0\u00bb custom_margin=\u00a0\u00bb0em||1em||false|false\u00a0\u00bb custom_padding=\u00a0\u00bb1em|1em|1em|1em|true|true\u00a0\u00bb hover_enabled=\u00a0\u00bb0&Prime; global_colors_info=\u00a0\u00bb{}\u00a0\u00bb sticky_enabled=\u00a0\u00bb0&Prime;]<\/p>\n<h2 style=\"text-align: justify;\"><span style=\"color: #000000;\"><strong>Du 16 au 18 ao\u00fbt 2024<br \/><\/strong><\/span><\/h2>\n<h3><strong>Saut de la Gambade<\/strong><br \/>Lieu : Laconnex<\/h3>\n<p>[\/et_pb_text][et_pb_text content_tablet=\u00a0\u00bb<\/p>\n<h2 style=%22text-align: justify;%22><span style=%22color: #000000;%22><strong>Du 10 juillet au 14 juillet<br \/><\/strong><\/span><\/h2>\n<h3><span style=%22color: #000000;%22><strong>Concours de Saut de La Gambade<\/strong><br \/>Lieu : La Gambade &#8211; Laconnex<\/span><\/h3>\n<p>\u00a0\u00bb content_phone=\u00a0\u00bb<\/p>\n<h2 style=%22text-align: justify;%22><span style=%22color: #000000;%22><strong>Du 10 juillet<br \/>au 14 juillet<br \/><\/strong><\/span><\/h2>\n<h3><span style=%22color: #000000;%22><strong>Concours de Saut de La Gambade<\/strong><br \/>Lieu : La Gambade &#8211; Laconnex<\/span><\/h3>\n<p>\u00a0\u00bb content_last_edited=\u00a0\u00bbon|phone\u00a0\u00bb admin_label=\u00a0\u00bbDESCRIPTION\u00a0\u00bb _builder_version=\u00a0\u00bb4.17.6&Prime; header_3_text_color=\u00a0\u00bb#FFFFFF\u00a0\u00bb background_color=\u00a0\u00bbrgba(122,73,0,0.2)\u00a0\u00bb custom_margin=\u00a0\u00bb0em||1em||false|false\u00a0\u00bb custom_padding=\u00a0\u00bb1em|1em|1em|1em|true|true\u00a0\u00bb hover_enabled=\u00a0\u00bb0&Prime; global_colors_info=\u00a0\u00bb{}\u00a0\u00bb sticky_enabled=\u00a0\u00bb0&Prime;]<\/p>\n<h2 style=\"text-align: justify;\"><span style=\"color: #000000;\"><strong>Du 31 ao\u00fbt au 1 septembre 2024<br \/><\/strong><\/span><\/h2>\n<h3><span style=\"color: #000000;\"><strong>Dressage \u00e0 Avully<\/strong><br \/>Lieu : Avully<\/span><\/h3>\n<p>[\/et_pb_text][et_pb_text admin_label=\u00a0\u00bbDESCRIPTION\u00a0\u00bb _builder_version=\u00a0\u00bb4.17.6&Prime; text_text_color=\u00a0\u00bb#FFFFFF\u00a0\u00bb header_3_text_color=\u00a0\u00bb#FFFFFF\u00a0\u00bb background_color=\u00a0\u00bbrgba(122,73,0,0.61)\u00a0\u00bb background_layout=\u00a0\u00bbdark\u00a0\u00bb custom_margin=\u00a0\u00bb0em||1em||false|false\u00a0\u00bb custom_padding=\u00a0\u00bb1em|1em|1em|1em|true|true\u00a0\u00bb hover_enabled=\u00a0\u00bb0&Prime; global_colors_info=\u00a0\u00bb{}\u00a0\u00bb sticky_enabled=\u00a0\u00bb0&Prime;]<\/p>\n<h2 style=\"text-align: justify;\"><span style=\"color: #000000;\"><strong>Du 13 au 15 septembre 2024<br \/><\/strong><\/span><\/h2>\n<h3><strong>Saut \u00e0 la Cr\u00eate-Presinge<\/strong><br \/>Lieu : Cr\u00eate<\/h3>\n<p>[\/et_pb_text][et_pb_text content_tablet=\u00a0\u00bb<\/p>\n<h2 style=%22text-align: justify;%22><span style=%22color: #000000;%22><strong>Du 08 au 11 septembre<br \/><\/strong><\/span><\/h2>\n<h3><span style=%22color: #000000;%22><strong>Concours de Dressage d\u2019Onex<\/strong><br \/>Lieu : Onex<br \/><\/span><\/h3>\n<p>\u00a0\u00bb content_phone=\u00a0\u00bb<\/p>\n<h2 style=%22text-align: justify;%22><span style=%22color: #000000;%22><strong>Du 08<br \/>au 11 septembre<br \/><\/strong><\/span><\/h2>\n<h3><span style=%22color: #000000;%22><strong>Concours de Dressage d\u2019Onex<\/strong><br \/>Lieu : Onex<br \/><\/span><\/h3>\n<p>\u00a0\u00bb content_last_edited=\u00a0\u00bbon|phone\u00a0\u00bb admin_label=\u00a0\u00bbDESCRIPTION\u00a0\u00bb _builder_version=\u00a0\u00bb4.17.6&Prime; header_3_text_color=\u00a0\u00bb#FFFFFF\u00a0\u00bb background_color=\u00a0\u00bbrgba(122,73,0,0.2)\u00a0\u00bb custom_margin=\u00a0\u00bb0em||1em||false|false\u00a0\u00bb custom_padding=\u00a0\u00bb1em|1em|1em|1em|true|true\u00a0\u00bb hover_enabled=\u00a0\u00bb0&Prime; global_colors_info=\u00a0\u00bb{}\u00a0\u00bb sticky_enabled=\u00a0\u00bb0&Prime;]<\/p>\n<h2 style=\"text-align: justify;\"><span style=\"color: #000000;\"><strong>Du 20 au 22 septembre 2024<br \/><\/strong><\/span><\/h2>\n<h3><span style=\"color: #000000;\"><strong>Saut \u00e0 Cr\u00eate<\/strong><br \/>Lieu : Cr\u00eate<br \/><\/span><\/h3>\n<p>[\/et_pb_text][et_pb_text content_tablet=\u00a0\u00bb<\/p>\n<h2 style=%22text-align: justify;%22><span style=%22color: #000000;%22><strong>Les 01 et 02 octobre<br \/><\/strong><\/span><\/h2>\n<h3><strong>Finale Championnat Suisse Poney Games<\/strong><br \/>Lieu : Satigny<\/h3>\n<p>\u00a0\u00bb content_phone=\u00a0\u00bb<\/p>\n<h2 style=%22text-align: justify;%22><span style=%22color: #000000;%22><strong>Les 01<br \/>et 02 octobre<br \/><\/strong><\/span><\/h2>\n<h3><strong>Finale Championnat Suisse Poney Games<\/strong><br \/>Lieu : Satigny<\/h3>\n<p>\u00a0\u00bb content_last_edited=\u00a0\u00bbon|desktop\u00a0\u00bb admin_label=\u00a0\u00bbDESCRIPTION\u00a0\u00bb _builder_version=\u00a0\u00bb4.17.6&Prime; text_text_color=\u00a0\u00bb#FFFFFF\u00a0\u00bb header_3_text_color=\u00a0\u00bb#FFFFFF\u00a0\u00bb background_color=\u00a0\u00bbrgba(122,73,0,0.61)\u00a0\u00bb background_layout=\u00a0\u00bbdark\u00a0\u00bb custom_margin=\u00a0\u00bb0em||1em||false|false\u00a0\u00bb custom_padding=\u00a0\u00bb1em|1em|1em|1em|true|true\u00a0\u00bb hover_enabled=\u00a0\u00bb0&Prime; global_colors_info=\u00a0\u00bb{}\u00a0\u00bb sticky_enabled=\u00a0\u00bb0&Prime;]<\/p>\n<h2 style=\"text-align: justify;\"><span style=\"color: #000000;\"><strong>Du 11 au 13 octobre 2024<br \/><\/strong><\/span><\/h2>\n<h3><strong>Saut \u00e0 la Chaumaz &#8211; Finales Genevoises R et Coupe R<\/strong><br \/>Lieu : Russin<\/h3>\n<p>[\/et_pb_text][et_pb_text content_tablet=\u00a0\u00bb<\/p>\n<h2 style=%22text-align: justify;%22><span style=%22color: #000000;%22><strong>Du 08 au 11 d\u00e9cembre<br \/><\/strong><\/span><\/h2>\n<h3><span style=%22color: #000000;%22><strong>CHI de Gen\u00e8ve &#8211; 61e \u00e9dition<\/strong><br \/>Lieu : Palexpo Gen\u00e8ve<br \/><\/span><\/h3>\n<p>\u00a0\u00bb content_phone=\u00a0\u00bb<\/p>\n<h2 style=%22text-align: justify;%22><span style=%22color: #000000;%22><strong>Du 08<br \/>au 11 d\u00e9cembre<br \/><\/strong><\/span><\/h2>\n<h3><span style=%22color: #000000;%22><strong>CHI de Gen\u00e8ve &#8211; 61e \u00e9dition<\/strong><br \/>Lieu : Palexpo Gen\u00e8ve<br \/><\/span><\/h3>\n<p>\u00a0\u00bb content_last_edited=\u00a0\u00bbon|phone\u00a0\u00bb admin_label=\u00a0\u00bbDESCRIPTION\u00a0\u00bb _builder_version=\u00a0\u00bb4.17.6&Prime; header_3_text_color=\u00a0\u00bb#FFFFFF\u00a0\u00bb background_color=\u00a0\u00bbrgba(122,73,0,0.2)\u00a0\u00bb custom_padding=\u00a0\u00bb1em|1em|1em|1em|true|true\u00a0\u00bb hover_enabled=\u00a0\u00bb0&Prime; global_colors_info=\u00a0\u00bb{}\u00a0\u00bb sticky_enabled=\u00a0\u00bb0&Prime;]<\/p>\n<h2 style=\"text-align: justify;\"><span style=\"color: #000000;\"><strong>Du 19 au 20 octobre 2024<br \/><\/strong><\/span><\/h2>\n<h3><span style=\"color: #000000;\"><strong>Saut \u00e0 la Chaumaz<\/strong><br \/>Lieu : Russin<br \/><\/span><\/h3>\n<p>[\/et_pb_text][\/et_pb_column][\/et_pb_row][et_pb_row disabled_on=\u00a0\u00bbon|off|off\u00a0\u00bb _builder_version=\u00a0\u00bb4.16&Prime; _module_preset=\u00a0\u00bbdefault\u00a0\u00bb custom_margin=\u00a0\u00bb2em||||false|false\u00a0\u00bb global_colors_info=\u00a0\u00bb{}\u00a0\u00bb][et_pb_column type=\u00a0\u00bb4_4&Prime; _builder_version=\u00a0\u00bb4.16&Prime; _module_preset=\u00a0\u00bbdefault\u00a0\u00bb global_colors_info=\u00a0\u00bb{}\u00a0\u00bb][et_pb_divider _builder_version=\u00a0\u00bb4.16&Prime; _module_preset=\u00a0\u00bbdefault\u00a0\u00bb global_colors_info=\u00a0\u00bb{}\u00a0\u00bb][\/et_pb_divider][\/et_pb_column][\/et_pb_row][\/et_pb_section]<\/p>\n","protected":false},"excerpt":{"rendered":"<p>Agenda des manifestations et concours hippiquesDu 16 au 18 ao\u00fbt 2024 Saut de la GambadeLieu : LaconnexDu 31 ao\u00fbt au 1 septembre 2024 Dressage \u00e0 AvullyLieu : AvullyDu 13 au 15 septembre 2024 Saut \u00e0 la Cr\u00eate-PresingeLieu : Cr\u00eateDu 20 au 22 septembre 2024 Saut \u00e0 Cr\u00eateLieu : Cr\u00eateDu 11 au 13 octobre 2024 Saut [&hellip;]<\/p>\n","protected":false},"author":2,"featured_media":0,"parent":0,"menu_order":0,"comment_status":"closed","ping_status":"closed","template":"","meta":{"_et_pb_use_builder":"on","_et_pb_old_content":"","_et_gb_content_width":"","footnotes":""},"class_list":["post-11698","page","type-page","status-publish","hentry"],"_links":{"self":[{"href":"https:\/\/geneve-et-vous-magazine.ch\/index.php\/wp-json\/wp\/v2\/pages\/11698","targetHints":{"allow":["GET"]}}],"collection":[{"href":"https:\/\/geneve-et-vous-magazine.ch\/index.php\/wp-json\/wp\/v2\/pages"}],"about":[{"href":"https:\/\/geneve-et-vous-magazine.ch\/index.php\/wp-json\/wp\/v2\/types\/page"}],"author":[{"embeddable":true,"href":"https:\/\/geneve-et-vous-magazine.ch\/index.php\/wp-json\/wp\/v2\/users\/2"}],"replies":[{"embeddable":true,"href":"https:\/\/geneve-et-vous-magazine.ch\/index.php\/wp-json\/wp\/v2\/comments?post=11698"}],"version-history":[{"count":6,"href":"https:\/\/geneve-et-vous-magazine.ch\/index.php\/wp-json\/wp\/v2\/pages\/11698\/revisions"}],"predecessor-version":[{"id":15164,"href":"https:\/\/geneve-et-vous-magazine.ch\/index.php\/wp-json\/wp\/v2\/pages\/11698\/revisions\/15164"}],"wp:attachment":[{"href":"https:\/\/geneve-et-vous-magazine.ch\/index.php\/wp-json\/wp\/v2\/media?parent=11698"}],"curies":[{"name":"wp","href":"https:\/\/api.w.org\/{rel}","templated":true}]}}