{"id":11640,"date":"2022-07-08T13:11:51","date_gmt":"2022-07-08T11:11:51","guid":{"rendered":"https:\/\/rivegauche-magazine.ch\/?page_id=11640"},"modified":"2022-07-08T13:47:42","modified_gmt":"2022-07-08T11:47:42","slug":"tendances-coiffure-printemps-2022","status":"publish","type":"page","link":"https:\/\/geneve-et-vous-magazine.ch\/index.php\/tendances-coiffure-printemps-2022\/","title":{"rendered":"Tendances coiffure printemps 2022"},"content":{"rendered":"<p>[et_pb_section fb_built=\u00a0\u00bb1&Prime; admin_label=\u00a0\u00bbArticles 1 colonne\u00a0\u00bb _builder_version=\u00a0\u00bb4.16&Prime; custom_margin=\u00a0\u00bb||\u00a0\u00bb custom_padding=\u00a0\u00bb0px|||||\u00a0\u00bb global_colors_info=\u00a0\u00bb{}\u00a0\u00bb][et_pb_row _builder_version=\u00a0\u00bb4.16&Prime; global_colors_info=\u00a0\u00bb{}\u00a0\u00bb][et_pb_column type=\u00a0\u00bb4_4&Prime; _builder_version=\u00a0\u00bb4.16&Prime; custom_padding=\u00a0\u00bb|||\u00a0\u00bb global_colors_info=\u00a0\u00bb{}\u00a0\u00bb custom_padding__hover=\u00a0\u00bb|||\u00a0\u00bb][et_pb_text admin_label=\u00a0\u00bbTITRE\u00a0\u00bb _builder_version=\u00a0\u00bb4.17.4&Prime; header_font=\u00a0\u00bb|||||on|||\u00a0\u00bb header_text_align=\u00a0\u00bbleft\u00a0\u00bb header_text_color=\u00a0\u00bb#000000&Prime; header_font_size=\u00a0\u00bb48px\u00a0\u00bb custom_margin=\u00a0\u00bb|||\u00a0\u00bb header_font_size_tablet=\u00a0\u00bb36px\u00a0\u00bb header_font_size_phone=\u00a0\u00bb24px\u00a0\u00bb header_font_size_last_edited=\u00a0\u00bbon|tablet\u00a0\u00bb global_colors_info=\u00a0\u00bb{}\u00a0\u00bb]<\/p>\n<h1 style=\"text-align: center;\"><span style=\"color: #000000;\">Les couleurs tendances pour le printemps 2022<br \/><\/span><\/h1>\n<p>[\/et_pb_text][\/et_pb_column][\/et_pb_row][et_pb_row column_structure=\u00a0\u00bb1_2,1_2&Prime; _builder_version=\u00a0\u00bb4.16&Prime; global_colors_info=\u00a0\u00bb{}\u00a0\u00bb][et_pb_column type=\u00a0\u00bb1_2&Prime; _builder_version=\u00a0\u00bb4.16&Prime; custom_padding=\u00a0\u00bb|||\u00a0\u00bb global_colors_info=\u00a0\u00bb{}\u00a0\u00bb custom_padding__hover=\u00a0\u00bb|||\u00a0\u00bb][et_pb_text _builder_version=\u00a0\u00bb4.17.4&Prime; global_colors_info=\u00a0\u00bb{}\u00a0\u00bb]<\/p>\n<h4 style=\"text-align: justify;\"><span style=\"color: #e8137d;\"><strong>A l\u2019arriv\u00e9e des beaux jours, vous avez envie de rafra\u00eechir votre coupe de cheveux ou carr\u00e9ment de changer de look : mais quel style adopter ? Cet \u00e9t\u00e9, les cheveux courts, sous diff\u00e9rentes formes, sont tendance. Mais si vous n\u2019osez pas perdre votre longueur, pas de panique, vous succomberez aux nouveaux styles faciles \u00e0 vivre pour cheveux longs.<\/strong><\/span><\/h4>\n<p>[\/et_pb_text][et_pb_image src=\u00a0\u00bbhttps:\/\/rivegauche-magazine.ch\/wp-content\/uploads\/2022\/07\/cheveux-blonds.jpg\u00a0\u00bb title_text=\u00a0\u00bbcheveux-blonds\u00a0\u00bb force_fullwidth=\u00a0\u00bbon\u00a0\u00bb align_tablet=\u00a0\u00bbcenter\u00a0\u00bb align_phone=\u00a0\u00bb\u00a0\u00bb align_last_edited=\u00a0\u00bbon|desktop\u00a0\u00bb _builder_version=\u00a0\u00bb4.17.4&Prime; custom_padding=\u00a0\u00bb|0px||0px|false|true\u00a0\u00bb global_colors_info=\u00a0\u00bb{}\u00a0\u00bb][\/et_pb_image][et_pb_text _builder_version=\u00a0\u00bb4.17.4&Prime; background_color=\u00a0\u00bb#FFFFFF\u00a0\u00bb width=\u00a0\u00bb80%\u00a0\u00bb width_tablet=\u00a0\u00bb\u00a0\u00bb width_phone=\u00a0\u00bb\u00a0\u00bb width_last_edited=\u00a0\u00bbon|tablet\u00a0\u00bb module_alignment=\u00a0\u00bbcenter\u00a0\u00bb custom_margin=\u00a0\u00bb-5em||||false|false\u00a0\u00bb custom_margin_tablet=\u00a0\u00bb0em||||false|false\u00a0\u00bb custom_margin_phone=\u00a0\u00bb0em||||false|false\u00a0\u00bb custom_margin_last_edited=\u00a0\u00bbon|phone\u00a0\u00bb custom_padding=\u00a0\u00bb1em|1em|1em|1em|true|true\u00a0\u00bb custom_padding_tablet=\u00a0\u00bb0em|1em|0em|0em|true|false\u00a0\u00bb custom_padding_phone=\u00a0\u00bb0em|0em|0em|0em|true|false\u00a0\u00bb custom_padding_last_edited=\u00a0\u00bbon|desktop\u00a0\u00bb hover_enabled=\u00a0\u00bb0&Prime; global_colors_info=\u00a0\u00bb{}\u00a0\u00bb sticky_enabled=\u00a0\u00bb0&Prime;]<\/p>\n<h3 style=\"text-align: justify;\"><strong>Le blond <span style=\"color: #ff0062;\">miel<\/span><\/strong><span style=\"color: #ff0062;\"><strong><br \/><\/strong><\/span><\/h3>\n<p style=\"text-align: justify;\">En 2022, le blond se porte m\u00e9ch\u00e9 pour donner un maximum de mouvement et de volume \u00e0 la chevelure et cr\u00e9er un r\u00e9sultat tr\u00e8s naturel, lumineux et doux. Il s\u2019adapte \u00e0 toutes les carnations, \u00e0 toutes les chevelures et r\u00e9veille l\u2019\u00e9clat du visage.<br \/>On peut le porter avec des racines plus fonc\u00e9es pour cr\u00e9er un contraste et une impression de volume.<\/p>\n<p>[\/et_pb_text][et_pb_image src=\u00a0\u00bbhttps:\/\/rivegauche-magazine.ch\/wp-content\/uploads\/2022\/07\/cheveux-bruns.jpg\u00a0\u00bb title_text=\u00a0\u00bbcheveux-bruns\u00a0\u00bb force_fullwidth=\u00a0\u00bbon\u00a0\u00bb align_tablet=\u00a0\u00bbcenter\u00a0\u00bb align_phone=\u00a0\u00bb\u00a0\u00bb align_last_edited=\u00a0\u00bbon|desktop\u00a0\u00bb _builder_version=\u00a0\u00bb4.17.4&Prime; custom_padding=\u00a0\u00bb|0px||0px|false|true\u00a0\u00bb global_colors_info=\u00a0\u00bb{}\u00a0\u00bb][\/et_pb_image][et_pb_text _builder_version=\u00a0\u00bb4.17.4&Prime; background_color=\u00a0\u00bb#FFFFFF\u00a0\u00bb width=\u00a0\u00bb80%\u00a0\u00bb width_tablet=\u00a0\u00bb\u00a0\u00bb width_phone=\u00a0\u00bb\u00a0\u00bb width_last_edited=\u00a0\u00bbon|tablet\u00a0\u00bb module_alignment=\u00a0\u00bbcenter\u00a0\u00bb custom_margin=\u00a0\u00bb-5em||||false|false\u00a0\u00bb custom_margin_tablet=\u00a0\u00bb0em||0em||true|false\u00a0\u00bb custom_margin_phone=\u00a0\u00bb0em||0em||true|false\u00a0\u00bb custom_margin_last_edited=\u00a0\u00bbon|desktop\u00a0\u00bb custom_padding=\u00a0\u00bb1em|1em|1em|1em|true|true\u00a0\u00bb custom_padding_tablet=\u00a0\u00bb0em|||0em|false|false\u00a0\u00bb custom_padding_phone=\u00a0\u00bb0em|||0em|false|false\u00a0\u00bb custom_padding_last_edited=\u00a0\u00bbon|desktop\u00a0\u00bb global_colors_info=\u00a0\u00bb{}\u00a0\u00bb]<\/p>\n<h3 style=\"text-align: justify;\"><strong>Le brun <\/strong><span style=\"color: #ff0062;\"><strong><span style=\"color: #e8137d;\">fonc\u00e9<\/span><br \/><\/strong><\/span><\/h3>\n<p style=\"text-align: justify;\">Ce printemps, on adopte une version chocolat, \u00e0 la fois chaleureuse et intense. Agr\u00e9ment\u00e9e d\u2019un fini glossy pour apporter de la lumi\u00e8re et illuminer le visage.<br \/>Cette couleur conviendra autant aux carnations fonc\u00e9es qu\u2019aux peaux plus claires. Effet glamour garanti !<\/p>\n<p>[\/et_pb_text][\/et_pb_column][et_pb_column type=\u00a0\u00bb1_2&Prime; _builder_version=\u00a0\u00bb4.17.4&Prime; _module_preset=\u00a0\u00bbdefault\u00a0\u00bb global_colors_info=\u00a0\u00bb{}\u00a0\u00bb][et_pb_image src=\u00a0\u00bbhttps:\/\/rivegauche-magazine.ch\/wp-content\/uploads\/2022\/07\/cheveux-roses.png\u00a0\u00bb title_text=\u00a0\u00bbcheveux-roses\u00a0\u00bb force_fullwidth=\u00a0\u00bbon\u00a0\u00bb align_tablet=\u00a0\u00bbcenter\u00a0\u00bb align_phone=\u00a0\u00bb\u00a0\u00bb align_last_edited=\u00a0\u00bbon|desktop\u00a0\u00bb _builder_version=\u00a0\u00bb4.17.4&Prime; custom_padding=\u00a0\u00bb|0px||0px|false|true\u00a0\u00bb global_colors_info=\u00a0\u00bb{}\u00a0\u00bb][\/et_pb_image][et_pb_text _builder_version=\u00a0\u00bb4.17.4&Prime; background_color=\u00a0\u00bb#FFFFFF\u00a0\u00bb width=\u00a0\u00bb80%\u00a0\u00bb width_tablet=\u00a0\u00bb\u00a0\u00bb width_phone=\u00a0\u00bb\u00a0\u00bb width_last_edited=\u00a0\u00bbon|phone\u00a0\u00bb module_alignment=\u00a0\u00bbcenter\u00a0\u00bb custom_margin=\u00a0\u00bb-5em||||false|false\u00a0\u00bb custom_margin_tablet=\u00a0\u00bb0em||||false|false\u00a0\u00bb custom_margin_phone=\u00a0\u00bb||||false|false\u00a0\u00bb custom_margin_last_edited=\u00a0\u00bbon|phone\u00a0\u00bb custom_padding=\u00a0\u00bb1em|1em|1em|1em|true|true\u00a0\u00bb custom_padding_tablet=\u00a0\u00bb0em|0em|0em|0em|true|true\u00a0\u00bb custom_padding_phone=\u00a0\u00bb0em|0em|0em|0em|true|true\u00a0\u00bb custom_padding_last_edited=\u00a0\u00bbon|desktop\u00a0\u00bb background_last_edited=\u00a0\u00bbon|desktop\u00a0\u00bb global_colors_info=\u00a0\u00bb{}\u00a0\u00bb]<\/p>\n<h3 style=\"text-align: justify;\"><strong>Les nuances <\/strong><span style=\"color: #e8137d;\"><strong>de rose<br \/><\/strong><\/span><\/h3>\n<p style=\"text-align: justify;\">Toutes les nuances de roses seront tendance ce printemps. Le fuchsia, le mauve, le rose, appliqu\u00e9s sous forme de reflets ou de m\u00e8ches. Quel que soit votre look, succombez au rose et \u00e0 ses d\u00e9clinaisons.<\/p>\n<p>[\/et_pb_text][et_pb_image _builder_version=\u00a0\u00bb4.17.4&Prime; _module_preset=\u00a0\u00bbdefault\u00a0\u00bb global_colors_info=\u00a0\u00bb{}\u00a0\u00bb][\/et_pb_image][et_pb_image src=\u00a0\u00bbhttps:\/\/rivegauche-magazine.ch\/wp-content\/uploads\/2022\/07\/cheveux-balayage.jpg\u00a0\u00bb title_text=\u00a0\u00bbcheveux-balayage\u00a0\u00bb force_fullwidth=\u00a0\u00bbon\u00a0\u00bb align_tablet=\u00a0\u00bbcenter\u00a0\u00bb align_phone=\u00a0\u00bb\u00a0\u00bb align_last_edited=\u00a0\u00bbon|desktop\u00a0\u00bb _builder_version=\u00a0\u00bb4.17.4&Prime; custom_padding=\u00a0\u00bb|0px||0px|false|true\u00a0\u00bb global_colors_info=\u00a0\u00bb{}\u00a0\u00bb][\/et_pb_image][et_pb_text _builder_version=\u00a0\u00bb4.17.4&Prime; background_color=\u00a0\u00bb#FFFFFF\u00a0\u00bb width=\u00a0\u00bb80%\u00a0\u00bb width_tablet=\u00a0\u00bb\u00a0\u00bb width_phone=\u00a0\u00bb\u00a0\u00bb width_last_edited=\u00a0\u00bbon|desktop\u00a0\u00bb module_alignment=\u00a0\u00bbcenter\u00a0\u00bb custom_margin=\u00a0\u00bb-5em||||false|false\u00a0\u00bb custom_margin_tablet=\u00a0\u00bb0em||||false|false\u00a0\u00bb custom_margin_phone=\u00a0\u00bb0em||||false|false\u00a0\u00bb custom_margin_last_edited=\u00a0\u00bbon|tablet\u00a0\u00bb custom_padding=\u00a0\u00bb1em|1em|1em|1em|true|true\u00a0\u00bb custom_padding_tablet=\u00a0\u00bb0em|0em|0em|0em|true|true\u00a0\u00bb custom_padding_phone=\u00a0\u00bb0em|0em|0em|0em|true|true\u00a0\u00bb custom_padding_last_edited=\u00a0\u00bbon|phone\u00a0\u00bb hover_enabled=\u00a0\u00bb0&Prime; global_colors_info=\u00a0\u00bb{}\u00a0\u00bb sticky_enabled=\u00a0\u00bb0&Prime;]<\/p>\n<h3 style=\"text-align: justify;\"><strong>Le balayage <\/strong><span style=\"color: #e8137d;\"><strong>effet naturel<br \/><\/strong><\/span><\/h3>\n<p style=\"text-align: justify;\">A l\u2019occasion du printemps-\u00e9t\u00e9 2022, le balayage revient et se veut toujours aussi subtil.<br \/>On peut l\u2019adopter ton sur ton pour un effet plut\u00f4t naturel. Pour un style \u201cann\u00e9es 90\u201d, on pr\u00e9f\u00e9rera des tons plus contrast\u00e9s.<\/p>\n<p>[\/et_pb_text][\/et_pb_column][\/et_pb_row][et_pb_row _builder_version=\u00a0\u00bb4.16&Prime; global_colors_info=\u00a0\u00bb{}\u00a0\u00bb][et_pb_column type=\u00a0\u00bb4_4&Prime; _builder_version=\u00a0\u00bb4.16&Prime; custom_padding=\u00a0\u00bb|||\u00a0\u00bb global_colors_info=\u00a0\u00bb{}\u00a0\u00bb custom_padding__hover=\u00a0\u00bb|||\u00a0\u00bb][et_pb_divider _builder_version=\u00a0\u00bb4.16&Prime; global_colors_info=\u00a0\u00bb{}\u00a0\u00bb][\/et_pb_divider][\/et_pb_column][\/et_pb_row][\/et_pb_section]<\/p>\n","protected":false},"excerpt":{"rendered":"<p>Les couleurs tendances pour le printemps 2022A l\u2019arriv\u00e9e des beaux jours, vous avez envie de rafra\u00eechir votre coupe de cheveux ou carr\u00e9ment de changer de look : mais quel style adopter ? Cet \u00e9t\u00e9, les cheveux courts, sous diff\u00e9rentes formes, sont tendance. Mais si vous n\u2019osez pas perdre votre longueur, pas de panique, vous succomberez [&hellip;]<\/p>\n","protected":false},"author":2,"featured_media":0,"parent":0,"menu_order":0,"comment_status":"closed","ping_status":"closed","template":"","meta":{"_et_pb_use_builder":"on","_et_pb_old_content":"","_et_gb_content_width":"","footnotes":""},"class_list":["post-11640","page","type-page","status-publish","hentry"],"_links":{"self":[{"href":"https:\/\/geneve-et-vous-magazine.ch\/index.php\/wp-json\/wp\/v2\/pages\/11640","targetHints":{"allow":["GET"]}}],"collection":[{"href":"https:\/\/geneve-et-vous-magazine.ch\/index.php\/wp-json\/wp\/v2\/pages"}],"about":[{"href":"https:\/\/geneve-et-vous-magazine.ch\/index.php\/wp-json\/wp\/v2\/types\/page"}],"author":[{"embeddable":true,"href":"https:\/\/geneve-et-vous-magazine.ch\/index.php\/wp-json\/wp\/v2\/users\/2"}],"replies":[{"embeddable":true,"href":"https:\/\/geneve-et-vous-magazine.ch\/index.php\/wp-json\/wp\/v2\/comments?post=11640"}],"version-history":[{"count":7,"href":"https:\/\/geneve-et-vous-magazine.ch\/index.php\/wp-json\/wp\/v2\/pages\/11640\/revisions"}],"predecessor-version":[{"id":11654,"href":"https:\/\/geneve-et-vous-magazine.ch\/index.php\/wp-json\/wp\/v2\/pages\/11640\/revisions\/11654"}],"wp:attachment":[{"href":"https:\/\/geneve-et-vous-magazine.ch\/index.php\/wp-json\/wp\/v2\/media?parent=11640"}],"curies":[{"name":"wp","href":"https:\/\/api.w.org\/{rel}","templated":true}]}}