{"id":11275,"date":"2022-04-11T15:50:47","date_gmt":"2022-04-11T13:50:47","guid":{"rendered":"https:\/\/rivegauche-magazine.ch\/?page_id=11275"},"modified":"2022-04-11T15:50:53","modified_gmt":"2022-04-11T13:50:53","slug":"instant-mariage","status":"publish","type":"page","link":"https:\/\/geneve-et-vous-magazine.ch\/index.php\/loisirs\/instant-mariage\/","title":{"rendered":"Instant mariage"},"content":{"rendered":"<p>[et_pb_section fb_built=\u00a0\u00bb1&Prime; custom_padding_last_edited=\u00a0\u00bbon|phone\u00a0\u00bb _builder_version=\u00a0\u00bb4.14.1&Prime; custom_margin_tablet=\u00a0\u00bb\u00a0\u00bb custom_margin_phone=\u00a0\u00bb||0em||false|false\u00a0\u00bb custom_margin_last_edited=\u00a0\u00bbon|phone\u00a0\u00bb custom_padding_tablet=\u00a0\u00bb\u00a0\u00bb custom_padding_phone=\u00a0\u00bb||0em||false|false\u00a0\u00bb global_colors_info=\u00a0\u00bb{}\u00a0\u00bb][et_pb_row _builder_version=\u00a0\u00bb3.25&Prime; global_colors_info=\u00a0\u00bb{}\u00a0\u00bb][et_pb_column type=\u00a0\u00bb4_4&Prime; _builder_version=\u00a0\u00bb3.25&Prime; custom_padding=\u00a0\u00bb|||\u00a0\u00bb global_colors_info=\u00a0\u00bb{}\u00a0\u00bb custom_padding__hover=\u00a0\u00bb|||\u00a0\u00bb][et_pb_text admin_label=\u00a0\u00bbTITRE\u00a0\u00bb _builder_version=\u00a0\u00bb4.14.7&Prime; header_font=\u00a0\u00bb|||||on|||\u00a0\u00bb header_text_align=\u00a0\u00bbleft\u00a0\u00bb header_text_color=\u00a0\u00bb#000000&Prime; header_font_size=\u00a0\u00bb48px\u00a0\u00bb custom_margin=\u00a0\u00bb|||\u00a0\u00bb hover_enabled=\u00a0\u00bb0&Prime; header_font_size_tablet=\u00a0\u00bb36px\u00a0\u00bb header_font_size_phone=\u00a0\u00bb24px\u00a0\u00bb header_font_size_last_edited=\u00a0\u00bbon|tablet\u00a0\u00bb global_colors_info=\u00a0\u00bb{}\u00a0\u00bb sticky_enabled=\u00a0\u00bb0&Prime;]<\/p>\n<h1 style=\"text-align: center;\"><strong>Les tendance mariage \u00e0 adopter en 2022<\/strong><\/h1>\n<p>[\/et_pb_text][et_pb_text admin_label=\u00a0\u00bb1&Prime; _builder_version=\u00a0\u00bb4.14.7&Prime; hover_enabled=\u00a0\u00bb0&Prime; global_colors_info=\u00a0\u00bb{}\u00a0\u00bb sticky_enabled=\u00a0\u00bb0&Prime;]<\/p>\n<p style=\"text-align: justify;\"><span style=\"color: #008080;\"><strong>C\u2019est d\u00e9cid\u00e9, \u00e0 votre tour vous sautez le pas avec votre moiti\u00e9 ? Maintenant il faut organiser cette journ\u00e9e si importante ! Quelles sont les tendances dans ce domaine en 2022 ? Cette ann\u00e9e, la tendance est aussi au mariage en ext\u00e9rieur et aux choix plus \u00e9cologiques et responsables. Voici une s\u00e9lection des principales tendances pour vous aider dans vos choix.<\/strong><\/span><\/p>\n<p>[\/et_pb_text][\/et_pb_column][\/et_pb_row][\/et_pb_section][et_pb_section fb_built=\u00a0\u00bb1&Prime; admin_label=\u00a0\u00bbArticles 1 colonne\u00a0\u00bb _builder_version=\u00a0\u00bb3.22.7&Prime; custom_margin=\u00a0\u00bb||\u00a0\u00bb custom_padding=\u00a0\u00bb0px|||||\u00a0\u00bb global_colors_info=\u00a0\u00bb{}\u00a0\u00bb][et_pb_row column_structure=\u00a0\u00bb1_2,1_2&Prime; admin_label=\u00a0\u00bbTitre Agenda\u00a0\u00bb _builder_version=\u00a0\u00bb3.25&Prime; custom_margin=\u00a0\u00bb||\u00a0\u00bb custom_padding=\u00a0\u00bb0px||0px|||\u00a0\u00bb global_colors_info=\u00a0\u00bb{}\u00a0\u00bb][et_pb_column type=\u00a0\u00bb1_2&Prime; _builder_version=\u00a0\u00bb3.25&Prime; custom_padding=\u00a0\u00bb0px|||\u00a0\u00bb global_colors_info=\u00a0\u00bb{}\u00a0\u00bb custom_padding__hover=\u00a0\u00bb|||\u00a0\u00bb][et_pb_image _builder_version=\u00a0\u00bb4.14.7&Prime; _module_preset=\u00a0\u00bbdefault\u00a0\u00bb title_text=\u00a0\u00bbTABLE-MARIAGE-JARDIN\u00a0\u00bb src=\u00a0\u00bbhttps:\/\/rivegauche-magazine.ch\/wp-content\/uploads\/2022\/04\/TABLE-MARIAGE-JARDIN.jpg\u00a0\u00bb hover_enabled=\u00a0\u00bb0&Prime; sticky_enabled=\u00a0\u00bb0&Prime;][\/et_pb_image][et_pb_text admin_label=\u00a0\u00bb1&Prime; _builder_version=\u00a0\u00bb4.14.7&Prime; hover_enabled=\u00a0\u00bb0&Prime; global_colors_info=\u00a0\u00bb{}\u00a0\u00bb sticky_enabled=\u00a0\u00bb0&Prime;]<\/p>\n<h3><span style=\"color: #008080;\"><strong>LES INVITATIONS VIRTUELLES<\/strong><\/span><\/h3>\n<p style=\"text-align: justify;\">Les invitations virtuelles ont la cote : elles permettent de communiquer plus facilement et rapidement \u00e0 un moindre co\u00fbt et sont plus \u00e9cologiques. Bien utile quand les choses sont amen\u00e9es \u00e0 bouger en p\u00e9riode d\u2019incertitude car elles permettent d\u2019obtenir une r\u00e9ponse presque instantan\u00e9ment.<\/p>\n<p>[\/et_pb_text][et_pb_text admin_label=\u00a0\u00bb2&Prime; _builder_version=\u00a0\u00bb4.14.7&Prime; hover_enabled=\u00a0\u00bb0&Prime; global_colors_info=\u00a0\u00bb{}\u00a0\u00bb sticky_enabled=\u00a0\u00bb0&Prime;]<\/p>\n<h3><span style=\"color: #008080;\"><strong>LA LOCATION<br \/><\/strong><\/span><\/h3>\n<p style=\"text-align: justify;\">Autre tendance, les mari\u00e9es optent pour la location de leur robe de mari\u00e9e. Elles peuvent ainsi arborer une robe de cr\u00e9ateur pour le jour J, et se permettre de changer de tenue dans le journ\u00e9e. Ce service de location vaut aussi pour la vaisselle, la location d\u2019un foodtruck ou d\u2019autres \u00e9l\u00e9ments du mariage. Une option plus \u00e9cologique et \u00e9conomique.<\/p>\n<p>[\/et_pb_text][et_pb_text admin_label=\u00a0\u00bb3&Prime; _builder_version=\u00a0\u00bb4.14.7&Prime; hover_enabled=\u00a0\u00bb0&Prime; global_colors_info=\u00a0\u00bb{}\u00a0\u00bb sticky_enabled=\u00a0\u00bb0&Prime;]<\/p>\n<h3><span style=\"color: #008080;\"><strong>LES \u00ab\u00a0GARDEN WEDDINGS\u00a0\u00bb<br \/><\/strong><\/span><\/h3>\n<p style=\"text-align: justify;\">Cette \u00ab r\u00e9ception dans le jardin \u00bb permet \u00e0 chacun d\u2019\u00e9voluer librement entre maison et jardin, avec confort et libert\u00e9. On choisit une maison d\u2019enfance ou un lieu de vacances pour la r\u00e9ception. En plus d\u2019apporter une forte dimension affective, cette option repr\u00e9sente une \u00e9conomie non n\u00e9gli-geable, que l\u2019on r\u00e9investit dans la d\u00e9coration ou le traiteur.<\/p>\n<p>[\/et_pb_text][\/et_pb_column][et_pb_column type=\u00a0\u00bb1_2&Prime; _builder_version=\u00a0\u00bb3.25&Prime; custom_padding=\u00a0\u00bb|||\u00a0\u00bb global_colors_info=\u00a0\u00bb{}\u00a0\u00bb custom_padding__hover=\u00a0\u00bb|||\u00a0\u00bb][et_pb_text admin_label=\u00a0\u00bb4&Prime; _builder_version=\u00a0\u00bb4.14.7&Prime; hover_enabled=\u00a0\u00bb0&Prime; global_colors_info=\u00a0\u00bb{}\u00a0\u00bb sticky_enabled=\u00a0\u00bb0&Prime;]<\/p>\n<h3><span style=\"color: #008080;\"><strong>LE MARIAGE \u00ab\u00a0EXP\u00c9RIENCE\u00a0\u00bb<br \/><\/strong><\/span><\/h3>\n<p style=\"text-align: justify;\">Si vous souhaitez vivre et offrir \u00e0 vos invit\u00e9s une journ\u00e9e hors du commun, tentez le mariage \u00ab exp\u00e9rience \u00bb. Vous pouvez organiser un week-end entier consacr\u00e9 \u00e0 une passion que vous ferez d\u00e9couvrir \u00e0 vos invit\u00e9s. Autre possibilit\u00e9, proposer des activit\u00e9s multi-sensorielles : blind test musical, activit\u00e9s artistiques,\u2026 qui laisseront un souvenir unique et inoubliable \u00e0 vos invit\u00e9s.<\/p>\n<p>[\/et_pb_text][et_pb_text admin_label=\u00a0\u00bb5&Prime; _builder_version=\u00a0\u00bb4.14.7&Prime; hover_enabled=\u00a0\u00bb0&Prime; global_colors_info=\u00a0\u00bb{}\u00a0\u00bb sticky_enabled=\u00a0\u00bb0&Prime;]<\/p>\n<h3><span style=\"color: #008080;\"><strong>L&rsquo;AMBIANCE NATURE<br \/><\/strong><\/span><\/h3>\n<p style=\"text-align: justify;\">On associe des fleurs fra\u00eeches aux p\u00e9tales color\u00e9s \u00e0 du feuillage d\u2019eucalyptus. On peut d\u00e9corer une auto r\u00e9tro avec une guirlande d\u2019eucalyptus et de petites fleurs blanches ou cr\u00e9er un chemin de table v\u00e9g\u00e9tal. La tendance est \u00e9galement aux mati\u00e8res brutes comme le bois, le lin, que l\u2019on pourra d\u00e9cliner \u00e0 travers les objets de d\u00e9coration.<\/p>\n<p>[\/et_pb_text][et_pb_text admin_label=\u00a0\u00bb6&Prime; _builder_version=\u00a0\u00bb4.14.7&Prime; hover_enabled=\u00a0\u00bb0&Prime; global_colors_info=\u00a0\u00bb{}\u00a0\u00bb sticky_enabled=\u00a0\u00bb0&Prime;]<\/p>\n<h3><span style=\"color: #008080;\"><strong>UNE EXPLOSION DE COULEURS<br \/><\/strong><\/span><\/h3>\n<p style=\"text-align: justify;\">Apr\u00e8s cette p\u00e9riode de restrictions, nous avons tous une grande envie d\u2019espace et d\u2019air frais ! La tendance s\u2019\u00e9loigne des blancs et pastels pour aller vers une explosion de couleurs.<br \/>Pour ce printemps, quatre couleurs se distinguent : l\u2019orchid\u00e9e rose violette vibrante, le jaune lumineux, le vert menthe et le bleu atlantique.<\/p>\n<p>[\/et_pb_text][et_pb_image src=\u00a0\u00bbhttps:\/\/rivegauche-magazine.ch\/wp-content\/uploads\/2022\/04\/FLEURS-COULEURS.jpg\u00a0\u00bb title_text=\u00a0\u00bbFLEURS-COULEURS\u00a0\u00bb align_tablet=\u00a0\u00bbcenter\u00a0\u00bb align_phone=\u00a0\u00bb\u00a0\u00bb align_last_edited=\u00a0\u00bbon|desktop\u00a0\u00bb disabled_on=\u00a0\u00bbon|on|off\u00a0\u00bb _builder_version=\u00a0\u00bb4.14.7&Prime; hover_enabled=\u00a0\u00bb0&Prime; global_colors_info=\u00a0\u00bb{}\u00a0\u00bb sticky_enabled=\u00a0\u00bb0&Prime;][\/et_pb_image][et_pb_text admin_label=\u00a0\u00bb7&Prime; _builder_version=\u00a0\u00bb4.14.7&Prime; hover_enabled=\u00a0\u00bb0&Prime; global_colors_info=\u00a0\u00bb{}\u00a0\u00bb sticky_enabled=\u00a0\u00bb0&Prime;]<\/p>\n<h3><span style=\"color: #008080;\"><strong>UN DESSERT SUR MESURE<br \/><\/strong><\/span><\/h3>\n<p style=\"text-align: justify;\">Cette ann\u00e9e, les couples optent pour des saveurs \u00e9vocatrices pour eux, qui leur rappellent leur premier rendez-vous, des souvenirs d\u2019enfance ou une destination favorite. Ils souhaitent partager une part de leur identit\u00e9 avec leurs invit\u00e9s. Saveurs r\u00e9gionales, recettes exotiques revisit\u00e9es, les id\u00e9es ne manquent pas\u2026<\/p>\n<p>[\/et_pb_text][et_pb_text admin_label=\u00a0\u00bb8&Prime; _builder_version=\u00a0\u00bb4.14.7&Prime; hover_enabled=\u00a0\u00bb0&Prime; global_colors_info=\u00a0\u00bb{}\u00a0\u00bb sticky_enabled=\u00a0\u00bb0&Prime;]<\/p>\n<h3><span style=\"color: #008080;\"><strong>LE Z\u00c9RO D\u00c9CHET<br \/><\/strong><\/span><\/h3>\n<p style=\"text-align: justify;\">En 2022, le mariage essaie d\u2019atteindre le \u00ab z\u00e9ro d\u00e9chet \u00bb. On opte pour des fontaines \u00e0 boissons afin d\u2019\u00e9viter les bouteilles plastique, et l\u2019on fait \u00e0 appel un prestataire sensible \u00e0 cet objectif. L\u2019occasion de coupler cette belle journ\u00e9e \u00e0 un joli geste pour la Terre !<\/p>\n<p>[\/et_pb_text][\/et_pb_column][\/et_pb_row][\/et_pb_section][et_pb_section fb_built=\u00a0\u00bb1&Prime; disabled_on=\u00a0\u00bboff|off|off\u00a0\u00bb admin_label=\u00a0\u00bbAgenda\u00a0\u00bb _builder_version=\u00a0\u00bb3.22.7&Prime; custom_margin=\u00a0\u00bb||\u00a0\u00bb custom_padding=\u00a0\u00bb0px|||||\u00a0\u00bb global_colors_info=\u00a0\u00bb{}\u00a0\u00bb theme_builder_area=\u00a0\u00bbpost_content\u00a0\u00bb][et_pb_row _builder_version=\u00a0\u00bb3.25&Prime; global_colors_info=\u00a0\u00bb{}\u00a0\u00bb theme_builder_area=\u00a0\u00bbpost_content\u00a0\u00bb][et_pb_column type=\u00a0\u00bb4_4&Prime; _builder_version=\u00a0\u00bb3.25&Prime; custom_padding=\u00a0\u00bb|||\u00a0\u00bb global_colors_info=\u00a0\u00bb{}\u00a0\u00bb custom_padding__hover=\u00a0\u00bb|||\u00a0\u00bb theme_builder_area=\u00a0\u00bbpost_content\u00a0\u00bb][et_pb_divider divider_weight=\u00a0\u00bb13px\u00a0\u00bb _builder_version=\u00a0\u00bb3.22.7&Prime; width=\u00a0\u00bb180px\u00a0\u00bb custom_padding=\u00a0\u00bb|||50px\u00a0\u00bb global_colors_info=\u00a0\u00bb{}\u00a0\u00bb theme_builder_area=\u00a0\u00bbpost_content\u00a0\u00bb][\/et_pb_divider][et_pb_divider _builder_version=\u00a0\u00bb3.22.7&Prime; custom_margin=\u00a0\u00bb-57px||\u00a0\u00bb custom_margin_tablet=\u00a0\u00bb-44px||\u00a0\u00bb custom_margin_phone=\u00a0\u00bb\u00a0\u00bb custom_margin_last_edited=\u00a0\u00bbon|phone\u00a0\u00bb custom_padding=\u00a0\u00bb0px||\u00a0\u00bb global_colors_info=\u00a0\u00bb{}\u00a0\u00bb theme_builder_area=\u00a0\u00bbpost_content\u00a0\u00bb][\/et_pb_divider][\/et_pb_column][\/et_pb_row][et_pb_row admin_label=\u00a0\u00bbTitre Agenda\u00a0\u00bb _builder_version=\u00a0\u00bb3.25&Prime; custom_margin=\u00a0\u00bb||\u00a0\u00bb custom_padding=\u00a0\u00bb0px||0px|||\u00a0\u00bb global_colors_info=\u00a0\u00bb{}\u00a0\u00bb theme_builder_area=\u00a0\u00bbpost_content\u00a0\u00bb column_structure=\u00a0\u00bb1_2,1_2&Prime;][et_pb_column type=\u00a0\u00bb1_2&Prime; _builder_version=\u00a0\u00bb3.25&Prime; custom_padding=\u00a0\u00bb0px|||\u00a0\u00bb global_colors_info=\u00a0\u00bb{}\u00a0\u00bb custom_padding__hover=\u00a0\u00bb|||\u00a0\u00bb theme_builder_area=\u00a0\u00bbpost_content\u00a0\u00bb][et_pb_text _builder_version=\u00a0\u00bb4.14.7&Prime; header_font=\u00a0\u00bbGeorgia||||||||\u00a0\u00bb header_text_color=\u00a0\u00bb#000000&Prime; header_font_size=\u00a0\u00bb48px\u00a0\u00bb custom_margin=\u00a0\u00bb-25px|||50px\u00a0\u00bb hover_enabled=\u00a0\u00bb0&Prime; header_font_size_tablet=\u00a0\u00bb36px\u00a0\u00bb header_font_size_phone=\u00a0\u00bb24px\u00a0\u00bb header_font_size_last_edited=\u00a0\u00bbon|tablet\u00a0\u00bb global_colors_info=\u00a0\u00bb{}\u00a0\u00bb theme_builder_area=\u00a0\u00bbpost_content\u00a0\u00bb sticky_enabled=\u00a0\u00bb0&Prime;]<\/p>\n<h1>TRAITEUR<\/h1>\n<p>[\/et_pb_text][\/et_pb_column][et_pb_column type=\u00a0\u00bb1_2&Prime; _builder_version=\u00a0\u00bb3.25&Prime; custom_padding=\u00a0\u00bb|||\u00a0\u00bb global_colors_info=\u00a0\u00bb{}\u00a0\u00bb custom_padding__hover=\u00a0\u00bb|||\u00a0\u00bb theme_builder_area=\u00a0\u00bbpost_content\u00a0\u00bb][et_pb_text _builder_version=\u00a0\u00bb3.27.4&Prime; text_font=\u00a0\u00bb||||||||\u00a0\u00bb header_font=\u00a0\u00bb||||||||\u00a0\u00bb header_2_font=\u00a0\u00bbTimes New Roman||||||||\u00a0\u00bb global_colors_info=\u00a0\u00bb{}\u00a0\u00bb theme_builder_area=\u00a0\u00bbpost_content\u00a0\u00bb][\/et_pb_text][\/et_pb_column][\/et_pb_row][et_pb_row _builder_version=\u00a0\u00bb3.25&Prime; global_colors_info=\u00a0\u00bb{}\u00a0\u00bb theme_builder_area=\u00a0\u00bbpost_content\u00a0\u00bb column_structure=\u00a0\u00bb1_3,1_3,1_3&Prime;][et_pb_column type=\u00a0\u00bb1_3&Prime; _builder_version=\u00a0\u00bb3.25&Prime; custom_padding=\u00a0\u00bb|||\u00a0\u00bb global_colors_info=\u00a0\u00bb{}\u00a0\u00bb custom_padding__hover=\u00a0\u00bb|||\u00a0\u00bb theme_builder_area=\u00a0\u00bbpost_content\u00a0\u00bb][et_pb_image src=\u00a0\u00bbhttps:\/\/rivegauche-magazine.ch\/wp-content\/uploads\/2020\/03\/sophie-500.jpg\u00a0\u00bb url=\u00a0\u00bbhttps:\/\/rivegauche-magazine.ch\/index.php\/gastronomie-restaurants-traiteurs\/sophie-traiteur\/\u00a0\u00bb align_tablet=\u00a0\u00bbcenter\u00a0\u00bb align_last_edited=\u00a0\u00bbon|desktop\u00a0\u00bb _builder_version=\u00a0\u00bb4.14.7&Prime; hover_enabled=\u00a0\u00bb0&Prime; global_colors_info=\u00a0\u00bb{}\u00a0\u00bb theme_builder_area=\u00a0\u00bbpost_content\u00a0\u00bb title_text=\u00a0\u00bbsophie 500&Prime; sticky_enabled=\u00a0\u00bb0&Prime; align_phone=\u00a0\u00bbcenter\u00a0\u00bb][\/et_pb_image][et_pb_text admin_label=\u00a0\u00bbTRAITEUR &#8211; SOPHIE\u00a0\u00bb _builder_version=\u00a0\u00bb4.14.7&Prime; custom_margin=\u00a0\u00bb-25px||\u00a0\u00bb link_option_url=\u00a0\u00bbhttps:\/\/rivegauche-magazine.ch\/index.php\/beaute-sante-conseils\/votre-foie-vous-parle\/\u00a0\u00bb hover_enabled=\u00a0\u00bb0&Prime; global_colors_info=\u00a0\u00bb{}\u00a0\u00bb theme_builder_area=\u00a0\u00bbpost_content\u00a0\u00bb sticky_enabled=\u00a0\u00bb0&Prime;]<\/p>\n<h1 style=\"text-align: right;\">SOPHIE CUISINE EN TOUT GENRE<\/h1>\n<h3 style=\"text-align: right;\">Traiteur \u00e9v\u00e9nementiel<\/h3>\n<p>[\/et_pb_text][\/et_pb_column][et_pb_column type=\u00a0\u00bb1_3&Prime; _builder_version=\u00a0\u00bb3.25&Prime; custom_padding=\u00a0\u00bb|||\u00a0\u00bb global_colors_info=\u00a0\u00bb{}\u00a0\u00bb custom_padding__hover=\u00a0\u00bb|||\u00a0\u00bb theme_builder_area=\u00a0\u00bbpost_content\u00a0\u00bb][\/et_pb_column][et_pb_column type=\u00a0\u00bb1_3&Prime; _builder_version=\u00a0\u00bb3.25&Prime; custom_padding=\u00a0\u00bb|||\u00a0\u00bb global_colors_info=\u00a0\u00bb{}\u00a0\u00bb custom_padding__hover=\u00a0\u00bb|||\u00a0\u00bb theme_builder_area=\u00a0\u00bbpost_content\u00a0\u00bb][\/et_pb_column][\/et_pb_row][\/et_pb_section]<\/p>\n","protected":false},"excerpt":{"rendered":"<p>Les tendance mariage \u00e0 adopter en 2022C\u2019est d\u00e9cid\u00e9, \u00e0 votre tour vous sautez le pas avec votre moiti\u00e9 ? Maintenant il faut organiser cette journ\u00e9e si importante ! Quelles sont les tendances dans ce domaine en 2022 ? Cette ann\u00e9e, la tendance est aussi au mariage en ext\u00e9rieur et aux choix plus \u00e9cologiques et responsables. [&hellip;]<\/p>\n","protected":false},"author":2,"featured_media":0,"parent":7474,"menu_order":0,"comment_status":"closed","ping_status":"closed","template":"","meta":{"_et_pb_use_builder":"on","_et_pb_old_content":"","_et_gb_content_width":"","footnotes":""},"class_list":["post-11275","page","type-page","status-publish","hentry"],"_links":{"self":[{"href":"https:\/\/geneve-et-vous-magazine.ch\/index.php\/wp-json\/wp\/v2\/pages\/11275","targetHints":{"allow":["GET"]}}],"collection":[{"href":"https:\/\/geneve-et-vous-magazine.ch\/index.php\/wp-json\/wp\/v2\/pages"}],"about":[{"href":"https:\/\/geneve-et-vous-magazine.ch\/index.php\/wp-json\/wp\/v2\/types\/page"}],"author":[{"embeddable":true,"href":"https:\/\/geneve-et-vous-magazine.ch\/index.php\/wp-json\/wp\/v2\/users\/2"}],"replies":[{"embeddable":true,"href":"https:\/\/geneve-et-vous-magazine.ch\/index.php\/wp-json\/wp\/v2\/comments?post=11275"}],"version-history":[{"count":5,"href":"https:\/\/geneve-et-vous-magazine.ch\/index.php\/wp-json\/wp\/v2\/pages\/11275\/revisions"}],"predecessor-version":[{"id":11283,"href":"https:\/\/geneve-et-vous-magazine.ch\/index.php\/wp-json\/wp\/v2\/pages\/11275\/revisions\/11283"}],"up":[{"embeddable":true,"href":"https:\/\/geneve-et-vous-magazine.ch\/index.php\/wp-json\/wp\/v2\/pages\/7474"}],"wp:attachment":[{"href":"https:\/\/geneve-et-vous-magazine.ch\/index.php\/wp-json\/wp\/v2\/media?parent=11275"}],"curies":[{"name":"wp","href":"https:\/\/api.w.org\/{rel}","templated":true}]}}