{"id":11189,"date":"2022-04-11T14:00:51","date_gmt":"2022-04-11T12:00:51","guid":{"rendered":"https:\/\/rivegauche-magazine.ch\/?page_id=11189"},"modified":"2022-04-11T14:09:20","modified_gmt":"2022-04-11T12:09:20","slug":"decouverte-musee-et-paradis","status":"publish","type":"page","link":"https:\/\/geneve-et-vous-magazine.ch\/index.php\/destinations\/decouverte-musee-et-paradis\/","title":{"rendered":"D\u00e9couverte mus\u00e9e et paradis"},"content":{"rendered":"<p>[et_pb_section fb_built=\u00a0\u00bb1&Prime; _builder_version=\u00a0\u00bb3.22.7&Prime; global_colors_info=\u00a0\u00bb{}\u00a0\u00bb][et_pb_row _builder_version=\u00a0\u00bb3.25&Prime; global_colors_info=\u00a0\u00bb{}\u00a0\u00bb][et_pb_column type=\u00a0\u00bb4_4&Prime; _builder_version=\u00a0\u00bb3.25&Prime; custom_padding=\u00a0\u00bb|||\u00a0\u00bb global_colors_info=\u00a0\u00bb{}\u00a0\u00bb custom_padding__hover=\u00a0\u00bb|||\u00a0\u00bb][et_pb_text admin_label=\u00a0\u00bbNOM CLIENT\u00a0\u00bb _builder_version=\u00a0\u00bb4.14.7&Prime; header_font=\u00a0\u00bb|||||on|||\u00a0\u00bb header_text_align=\u00a0\u00bbleft\u00a0\u00bb header_text_color=\u00a0\u00bb#000000&Prime; header_font_size=\u00a0\u00bb48px\u00a0\u00bb custom_margin=\u00a0\u00bb|||\u00a0\u00bb header_font_size_tablet=\u00a0\u00bb36px\u00a0\u00bb header_font_size_phone=\u00a0\u00bb24px\u00a0\u00bb header_font_size_last_edited=\u00a0\u00bbon|tablet\u00a0\u00bb global_colors_info=\u00a0\u00bb{}\u00a0\u00bb]<\/p>\n<h1 style=\"text-align: center;\"><strong>INSTANT D\u00c9COUVERTE<br \/><\/strong><\/h1>\n<p>[\/et_pb_text][\/et_pb_column][\/et_pb_row][\/et_pb_section][et_pb_section fb_built=\u00a0\u00bb1&Prime; admin_label=\u00a0\u00bbArticles 1 colonne\u00a0\u00bb _builder_version=\u00a0\u00bb3.22.7&Prime; custom_margin=\u00a0\u00bb||\u00a0\u00bb custom_padding=\u00a0\u00bb0px|||||\u00a0\u00bb global_colors_info=\u00a0\u00bb{}\u00a0\u00bb][et_pb_row column_structure=\u00a0\u00bb1_2,1_2&Prime; admin_label=\u00a0\u00bbTitre Agenda\u00a0\u00bb _builder_version=\u00a0\u00bb3.25&Prime; custom_margin=\u00a0\u00bb||\u00a0\u00bb custom_padding=\u00a0\u00bb0px||0px|||\u00a0\u00bb global_colors_info=\u00a0\u00bb{}\u00a0\u00bb][et_pb_column type=\u00a0\u00bb1_2&Prime; _builder_version=\u00a0\u00bb3.25&Prime; custom_padding=\u00a0\u00bb0px|||\u00a0\u00bb global_colors_info=\u00a0\u00bb{}\u00a0\u00bb custom_padding__hover=\u00a0\u00bb|||\u00a0\u00bb][et_pb_image src=\u00a0\u00bbhttps:\/\/rivegauche-magazine.ch\/wp-content\/uploads\/2022\/04\/DECOUVERTE_2C.jpg\u00a0\u00bb title_text=\u00a0\u00bbDECOUVERTE_2C\u00a0\u00bb _builder_version=\u00a0\u00bb4.14.7&Prime; _module_preset=\u00a0\u00bbdefault\u00a0\u00bb hover_enabled=\u00a0\u00bb0&Prime; global_colors_info=\u00a0\u00bb{}\u00a0\u00bb sticky_enabled=\u00a0\u00bb0&Prime;][\/et_pb_image][et_pb_text admin_label=\u00a0\u00bbDESCRIPTION\u00a0\u00bb _builder_version=\u00a0\u00bb4.14.7&Prime; hover_enabled=\u00a0\u00bb0&Prime; global_colors_info=\u00a0\u00bb{}\u00a0\u00bb sticky_enabled=\u00a0\u00bb0&Prime;]<\/p>\n<h2><span style=\"color: #808000;\"><strong>Mus\u00e9e biblioth\u00e8que<br \/>Pierre-Andr\u00e9 Benoit<\/strong><\/span><\/h2>\n<p style=\"text-align: justify;\">Pierre Andr\u00e9 Benoit (1921-1993) imprimeur, artiste et po\u00e8te a offert \u00e0 sa ville natale, Al\u00e8s, une partie de sa collection : peintures, dessins, gravures, sculptures.<\/p>\n<p style=\"text-align: justify;\">Sa collection est remarquable : peintures, dessins et gravures de Braque, Picasso, Mir\u00f3, Picabia, Survage, Viera da Silva, Bryen, Hugo\u2026 Elle s\u2019inscrit dans les pr\u00e9occupations artistiques de l\u2019apr\u00e8s-guerre. L\u2019int\u00e9r\u00eat que Pierre Andr\u00e9 Benoit t\u00e9moigne \u00e0 ses d\u00e9buts \u00e0 des artistes figuratifs s\u2019estompe au profit de l\u2019abstraction lyrique sous le patronage de Michel Seuphor. La libert\u00e9 des moyens d\u2019expression l\u2019attire. En 1989, la collection est pr\u00e9sent\u00e9e dans l\u2019ancien ch\u00e2teau de Rochebelle.<\/p>\n<p style=\"text-align: justify;\">Il offre en m\u00eame temps \u00e0 la Biblioth\u00e8que nationale de France ses archives d\u2019imprimeur et d\u2019\u00e9diteur ainsi que ses collections litt\u00e9raires, dans lesquelles se trouvent des exemplaires de toutes les \u00e9ditions (pr\u00e8s de 800) de ses livres. Cet ensemble est compl\u00e9t\u00e9 d\u2019\u00e9preuves typographiques, de manuscrits, de correspondances qui permettent de suivre l\u2019histoire des publications. Des textes \u00e9crits par Picabia \u00e0 l\u2019\u00e9poque Dada ou peints par Mir\u00f3 sont \u00e9galement pr\u00e9sents.<\/p>\n<p style=\"text-align: justify;\">Le deuxi\u00e8me \u00e9tage du mus\u00e9e est donc vou\u00e9 au livre et la partie biblioth\u00e8que est con\u00e7ue sur le mod\u00e8le de sa demeure priv\u00e9e. Pierre Andr\u00e9 Benoit a apport\u00e9 sa marque, \u0153uvre d\u2019art en soi, reliefs de pl\u00e2tre color\u00e9 sur les murs et les plafonds, meubles c\u00e9rus\u00e9s, color\u00e9s, aux motifs d\u00e9coup\u00e9s chers \u00e0 l\u2019artiste.<\/p>\n<p style=\"text-align: justify;\"><span style=\"color: #808000;\"><strong>Plus d\u2019infos sur : <a style=\"color: #808000;\" href=\"http:\/\/www.museepab.fr\/\">www.museepab.fr<\/a><\/strong><\/span><\/p>\n<p>[\/et_pb_text][\/et_pb_column][et_pb_column type=\u00a0\u00bb1_2&Prime; _builder_version=\u00a0\u00bb3.25&Prime; custom_padding=\u00a0\u00bb0px|||\u00a0\u00bb global_colors_info=\u00a0\u00bb{}\u00a0\u00bb custom_padding__hover=\u00a0\u00bb|||\u00a0\u00bb][et_pb_image src=\u00a0\u00bbhttps:\/\/rivegauche-magazine.ch\/wp-content\/uploads\/2022\/04\/DECOUVERTE_2C2.jpg\u00a0\u00bb title_text=\u00a0\u00bbDECOUVERTE_2C2&Prime; _builder_version=\u00a0\u00bb4.14.7&Prime; _module_preset=\u00a0\u00bbdefault\u00a0\u00bb hover_enabled=\u00a0\u00bb0&Prime; global_colors_info=\u00a0\u00bb{}\u00a0\u00bb sticky_enabled=\u00a0\u00bb0&Prime;][\/et_pb_image][et_pb_text admin_label=\u00a0\u00bbDESCRIPTION\u00a0\u00bb _builder_version=\u00a0\u00bb4.14.7&Prime; hover_enabled=\u00a0\u00bb0&Prime; global_colors_info=\u00a0\u00bb{}\u00a0\u00bb sticky_enabled=\u00a0\u00bb0&Prime;]<\/p>\n<h2 style=\"text-align: justify;\"><span style=\"color: #808000;\"><strong>Bienvenue au<br \/>Paradis de l&rsquo;Huile d&rsquo;Olive<br \/><\/strong><\/span><\/h2>\n<p style=\"text-align: justify;\">Proche \u00e0 Martignargues et \u00e0 Saint-Maximin, depuis 4 g\u00e9n\u00e9rations, le vieux moulin du Domaine de Portal, situ\u00e9 en pleine campagne, propose de d\u00e9couvrir une huile issue des diff\u00e9rentes vari\u00e9t\u00e9s d\u2019olives gardoises.<\/p>\n<p style=\"text-align: justify;\">Lors de votre visite, le ma\u00eetre moulinier vous confiera sur vid\u00e9o les secrets de la fabrication de l\u2019huile \u00e0 l\u2019ancienne et vous pr\u00e9sentera les \u00e9tapes actuelles de l\u2019\u00e9laboration de ce pr\u00e9cieux produit m\u00e9ridional.<\/p>\n<p style=\"text-align: justify;\">Depuis 1917, la Famille PARADIS est install\u00e9e au moulin du Domaine de Portal \u00e0 Martignargues historiquement utilis\u00e9 pour moudre le bl\u00e9 et broyer les olives afin d\u2019en extraire l\u2019huile.<\/p>\n<p style=\"text-align: justify;\">Situ\u00e9 en pleine campagne, ce moulin du XVIe si\u00e8cle (1540) apparait au flan d\u2019une colline bord\u00e9e d\u2019une rivi\u00e8re, la Droude, qui, jusqu\u2019en 1998, permettait d\u2019actionner la vieille meule et le pressoir.<\/p>\n<p style=\"text-align: justify;\">B\u00e2ti de pierres s\u00e8ches, il est jouxt\u00e9 d\u2019un pigeonnier class\u00e9 et d\u2019un traditionnel four \u00e0 pain.<\/p>\n<p style=\"text-align: justify;\">Miels, savons \u00e0 l\u2019huile d\u2019olive, bois d\u2019olivier, olives, tapenades, vin de pays, produits r\u00e9gionaux<\/p>\n<p style=\"text-align: justify;\"><strong>Visite guid\u00e9e sur rendez-vous\u00a0d\u2019avril \u00e0 octobre<\/strong><br \/><strong>Visite gratuite !<\/strong><\/p>\n<p style=\"text-align: justify;\"><span style=\"color: #808000;\"><strong>Plus d\u2019infos sur : <a href=\"http:\/\/www.huile-olive-paradis.com\/\">www.huile-olive-paradis.com<\/a><\/strong><\/span><\/p>\n<p>[\/et_pb_text][\/et_pb_column][\/et_pb_row][\/et_pb_section][et_pb_section fb_built=\u00a0\u00bb1&Prime; disabled_on=\u00a0\u00bboff|off|off\u00a0\u00bb admin_label=\u00a0\u00bbAgenda\u00a0\u00bb _builder_version=\u00a0\u00bb3.22.7&Prime; custom_margin=\u00a0\u00bb||\u00a0\u00bb custom_padding=\u00a0\u00bb0px|||||\u00a0\u00bb global_colors_info=\u00a0\u00bb{}\u00a0\u00bb][et_pb_row _builder_version=\u00a0\u00bb3.25&Prime; global_colors_info=\u00a0\u00bb{}\u00a0\u00bb][et_pb_column type=\u00a0\u00bb4_4&Prime; _builder_version=\u00a0\u00bb3.25&Prime; custom_padding=\u00a0\u00bb|||\u00a0\u00bb global_colors_info=\u00a0\u00bb{}\u00a0\u00bb custom_padding__hover=\u00a0\u00bb|||\u00a0\u00bb][et_pb_divider divider_weight=\u00a0\u00bb13px\u00a0\u00bb _builder_version=\u00a0\u00bb3.22.7&Prime; width=\u00a0\u00bb180px\u00a0\u00bb custom_padding=\u00a0\u00bb|||50px\u00a0\u00bb global_colors_info=\u00a0\u00bb{}\u00a0\u00bb][\/et_pb_divider][et_pb_divider _builder_version=\u00a0\u00bb3.22.7&Prime; custom_margin=\u00a0\u00bb-57px||\u00a0\u00bb custom_margin_tablet=\u00a0\u00bb-44px||\u00a0\u00bb custom_margin_phone=\u00a0\u00bb\u00a0\u00bb custom_margin_last_edited=\u00a0\u00bbon|phone\u00a0\u00bb custom_padding=\u00a0\u00bb0px||\u00a0\u00bb global_colors_info=\u00a0\u00bb{}\u00a0\u00bb][\/et_pb_divider][\/et_pb_column][\/et_pb_row][et_pb_row column_structure=\u00a0\u00bb1_2,1_2&Prime; admin_label=\u00a0\u00bbTitre Agenda\u00a0\u00bb _builder_version=\u00a0\u00bb3.25&Prime; custom_margin=\u00a0\u00bb||\u00a0\u00bb custom_padding=\u00a0\u00bb0px||0px|||\u00a0\u00bb global_colors_info=\u00a0\u00bb{}\u00a0\u00bb][et_pb_column type=\u00a0\u00bb1_2&Prime; _builder_version=\u00a0\u00bb3.25&Prime; custom_padding=\u00a0\u00bb0px|||\u00a0\u00bb global_colors_info=\u00a0\u00bb{}\u00a0\u00bb custom_padding__hover=\u00a0\u00bb|||\u00a0\u00bb][et_pb_text _builder_version=\u00a0\u00bb4.6.6&Prime; header_font=\u00a0\u00bbGeorgia||||||||\u00a0\u00bb header_text_color=\u00a0\u00bb#000000&Prime; header_font_size=\u00a0\u00bb48px\u00a0\u00bb custom_margin=\u00a0\u00bb-25px|||50px\u00a0\u00bb header_font_size_tablet=\u00a0\u00bb36px\u00a0\u00bb header_font_size_phone=\u00a0\u00bb24px\u00a0\u00bb header_font_size_last_edited=\u00a0\u00bbon|tablet\u00a0\u00bb global_colors_info=\u00a0\u00bb{}\u00a0\u00bb]<\/p>\n<h1>INSTITUT<\/h1>\n<p>[\/et_pb_text][\/et_pb_column][et_pb_column type=\u00a0\u00bb1_2&Prime; _builder_version=\u00a0\u00bb3.25&Prime; custom_padding=\u00a0\u00bb|||\u00a0\u00bb global_colors_info=\u00a0\u00bb{}\u00a0\u00bb custom_padding__hover=\u00a0\u00bb|||\u00a0\u00bb][et_pb_text _builder_version=\u00a0\u00bb3.27.4&Prime; text_font=\u00a0\u00bb||||||||\u00a0\u00bb header_font=\u00a0\u00bb||||||||\u00a0\u00bb header_2_font=\u00a0\u00bbTimes New Roman||||||||\u00a0\u00bb global_colors_info=\u00a0\u00bb{}\u00a0\u00bb][\/et_pb_text][\/et_pb_column][\/et_pb_row][et_pb_row column_structure=\u00a0\u00bb1_3,1_3,1_3&Prime; _builder_version=\u00a0\u00bb3.25&Prime; global_colors_info=\u00a0\u00bb{}\u00a0\u00bb][et_pb_column type=\u00a0\u00bb1_3&Prime; _builder_version=\u00a0\u00bb3.25&Prime; custom_padding=\u00a0\u00bb|||\u00a0\u00bb global_colors_info=\u00a0\u00bb{}\u00a0\u00bb custom_padding__hover=\u00a0\u00bb|||\u00a0\u00bb][et_pb_image src=\u00a0\u00bbhttps:\/\/rivegauche-magazine.ch\/wp-content\/uploads\/2022\/04\/VIGNETTE2J.jpg\u00a0\u00bb title_text=\u00a0\u00bbVIGNETTE2J\u00a0\u00bb url=\u00a0\u00bbhttps:\/\/rivegauche-magazine.ch\/index.php\/destinations\/le-clos-des-2j\/\u00a0\u00bb align_tablet=\u00a0\u00bbcenter\u00a0\u00bb align_phone=\u00a0\u00bb\u00a0\u00bb align_last_edited=\u00a0\u00bbon|desktop\u00a0\u00bb _builder_version=\u00a0\u00bb4.14.7&Prime; hover_enabled=\u00a0\u00bb0&Prime; global_colors_info=\u00a0\u00bb{}\u00a0\u00bb sticky_enabled=\u00a0\u00bb0&Prime;][\/et_pb_image][et_pb_text admin_label=\u00a0\u00bbCLOS DES 2J\u00a0\u00bb _builder_version=\u00a0\u00bb4.14.7&Prime; custom_margin=\u00a0\u00bb-25px||\u00a0\u00bb link_option_url=\u00a0\u00bbhttps:\/\/rivegauche-magazine.ch\/index.php\/destinations\/le-clos-des-2j\/\u00a0\u00bb hover_enabled=\u00a0\u00bb0&Prime; global_colors_info=\u00a0\u00bb{}\u00a0\u00bb sticky_enabled=\u00a0\u00bb0&Prime;]<\/p>\n<h1 style=\"text-align: right;\">LE CLOS DES 2J<\/h1>\n<h4 style=\"text-align: right;\">By Agn\u00e8s<\/h4>\n<p>[\/et_pb_text][\/et_pb_column][et_pb_column type=\u00a0\u00bb1_3&Prime; _builder_version=\u00a0\u00bb3.25&Prime; custom_padding=\u00a0\u00bb|||\u00a0\u00bb global_colors_info=\u00a0\u00bb{}\u00a0\u00bb custom_padding__hover=\u00a0\u00bb|||\u00a0\u00bb][\/et_pb_column][et_pb_column type=\u00a0\u00bb1_3&Prime; _builder_version=\u00a0\u00bb3.25&Prime; custom_padding=\u00a0\u00bb|||\u00a0\u00bb global_colors_info=\u00a0\u00bb{}\u00a0\u00bb custom_padding__hover=\u00a0\u00bb|||\u00a0\u00bb][\/et_pb_column][\/et_pb_row][\/et_pb_section]<\/p>\n","protected":false},"excerpt":{"rendered":"<p>INSTANT D\u00c9COUVERTEMus\u00e9e biblioth\u00e8quePierre-Andr\u00e9 Benoit Pierre Andr\u00e9 Benoit (1921-1993) imprimeur, artiste et po\u00e8te a offert \u00e0 sa ville natale, Al\u00e8s, une partie de sa collection : peintures, dessins, gravures, sculptures. Sa collection est remarquable : peintures, dessins et gravures de Braque, Picasso, Mir\u00f3, Picabia, Survage, Viera da Silva, Bryen, Hugo\u2026 Elle s\u2019inscrit dans les pr\u00e9occupations artistiques [&hellip;]<\/p>\n","protected":false},"author":2,"featured_media":0,"parent":1463,"menu_order":0,"comment_status":"closed","ping_status":"closed","template":"","meta":{"_et_pb_use_builder":"on","_et_pb_old_content":"","_et_gb_content_width":"","footnotes":""},"class_list":["post-11189","page","type-page","status-publish","hentry"],"_links":{"self":[{"href":"https:\/\/geneve-et-vous-magazine.ch\/index.php\/wp-json\/wp\/v2\/pages\/11189","targetHints":{"allow":["GET"]}}],"collection":[{"href":"https:\/\/geneve-et-vous-magazine.ch\/index.php\/wp-json\/wp\/v2\/pages"}],"about":[{"href":"https:\/\/geneve-et-vous-magazine.ch\/index.php\/wp-json\/wp\/v2\/types\/page"}],"author":[{"embeddable":true,"href":"https:\/\/geneve-et-vous-magazine.ch\/index.php\/wp-json\/wp\/v2\/users\/2"}],"replies":[{"embeddable":true,"href":"https:\/\/geneve-et-vous-magazine.ch\/index.php\/wp-json\/wp\/v2\/comments?post=11189"}],"version-history":[{"count":4,"href":"https:\/\/geneve-et-vous-magazine.ch\/index.php\/wp-json\/wp\/v2\/pages\/11189\/revisions"}],"predecessor-version":[{"id":11212,"href":"https:\/\/geneve-et-vous-magazine.ch\/index.php\/wp-json\/wp\/v2\/pages\/11189\/revisions\/11212"}],"up":[{"embeddable":true,"href":"https:\/\/geneve-et-vous-magazine.ch\/index.php\/wp-json\/wp\/v2\/pages\/1463"}],"wp:attachment":[{"href":"https:\/\/geneve-et-vous-magazine.ch\/index.php\/wp-json\/wp\/v2\/media?parent=11189"}],"curies":[{"name":"wp","href":"https:\/\/api.w.org\/{rel}","templated":true}]}}