{"id":11133,"date":"2022-04-11T10:30:50","date_gmt":"2022-04-11T08:30:50","guid":{"rendered":"https:\/\/rivegauche-magazine.ch\/?page_id=11133"},"modified":"2025-06-24T12:00:07","modified_gmt":"2025-06-24T10:00:07","slug":"evenements-carouge","status":"publish","type":"page","link":"https:\/\/geneve-et-vous-magazine.ch\/index.php\/carouge\/evenements-carouge\/","title":{"rendered":"\u00c9V\u00c9NEMENTS CAROUGE"},"content":{"rendered":"<p>[et_pb_section fb_built=\u00a0\u00bb1&Prime; _builder_version=\u00a0\u00bb4.16&Prime; global_colors_info=\u00a0\u00bb{}\u00a0\u00bb][\/et_pb_section][et_pb_section fb_built=\u00a0\u00bb1&Prime; _builder_version=\u00a0\u00bb4.16&Prime; global_colors_info=\u00a0\u00bb{}\u00a0\u00bb][et_pb_row _builder_version=\u00a0\u00bb4.16&Prime; global_colors_info=\u00a0\u00bb{}\u00a0\u00bb][et_pb_column type=\u00a0\u00bb4_4&Prime; _builder_version=\u00a0\u00bb4.16&Prime; custom_padding=\u00a0\u00bb|||\u00a0\u00bb global_colors_info=\u00a0\u00bb{}\u00a0\u00bb custom_padding__hover=\u00a0\u00bb|||\u00a0\u00bb][et_pb_text _builder_version=\u00a0\u00bb4.17.6&Prime; header_font=\u00a0\u00bb|||||on|||\u00a0\u00bb header_text_color=\u00a0\u00bb#000000&Prime; header_font_size=\u00a0\u00bb48px\u00a0\u00bb module_alignment=\u00a0\u00bbcenter\u00a0\u00bb custom_margin=\u00a0\u00bb50px|||50px\u00a0\u00bb header_font_size_tablet=\u00a0\u00bb36px\u00a0\u00bb header_font_size_phone=\u00a0\u00bb24px\u00a0\u00bb header_font_size_last_edited=\u00a0\u00bbon|tablet\u00a0\u00bb module_alignment_tablet=\u00a0\u00bbcenter\u00a0\u00bb module_alignment_phone=\u00a0\u00bbcenter\u00a0\u00bb module_alignment_last_edited=\u00a0\u00bbon|phone\u00a0\u00bb global_colors_info=\u00a0\u00bb{}\u00a0\u00bb]<\/p>\n<h1 style=\"text-align: center;\">\u00c9V\u00c9NEMENTS \u00c0 CAROUGE<\/h1>\n<p style=\"text-align: center;\">Plus d\u2019infos sur : <span style=\"color: #008080;\"><a href=\"https:\/\/www.carouge.ch\/\" target=\"_blank\" rel=\"noopener noreferrer\" style=\"color: #008080;\">www.carouge.ch<\/a><\/span><\/p>\n<p>[\/et_pb_text][\/et_pb_column][\/et_pb_row][et_pb_row disabled_on=\u00a0\u00bbon|off|off\u00a0\u00bb _builder_version=\u00a0\u00bb4.16&Prime; _module_preset=\u00a0\u00bbdefault\u00a0\u00bb custom_margin=\u00a0\u00bb2em||||false|false\u00a0\u00bb custom_padding=\u00a0\u00bb0em||0em||true|false\u00a0\u00bb global_colors_info=\u00a0\u00bb{}\u00a0\u00bb][et_pb_column type=\u00a0\u00bb4_4&Prime; _builder_version=\u00a0\u00bb4.16&Prime; _module_preset=\u00a0\u00bbdefault\u00a0\u00bb global_colors_info=\u00a0\u00bb{}\u00a0\u00bb][et_pb_divider _builder_version=\u00a0\u00bb4.16&Prime; _module_preset=\u00a0\u00bbdefault\u00a0\u00bb global_colors_info=\u00a0\u00bb{}\u00a0\u00bb][\/et_pb_divider][\/et_pb_column][\/et_pb_row][et_pb_row column_structure=\u00a0\u00bb1_4,1_4,1_4,1_4&Prime; _builder_version=\u00a0\u00bb4.16&Prime; global_colors_info=\u00a0\u00bb{}\u00a0\u00bb][et_pb_column type=\u00a0\u00bb1_4&Prime; _builder_version=\u00a0\u00bb4.16&Prime; custom_padding=\u00a0\u00bb|||\u00a0\u00bb global_colors_info=\u00a0\u00bb{}\u00a0\u00bb custom_padding__hover=\u00a0\u00bb|||\u00a0\u00bb][et_pb_image src=\u00a0\u00bbhttps:\/\/rivegauche-magazine.ch\/wp-content\/uploads\/2025\/06\/Carouge_N47-1.jpg\u00a0\u00bb title_text=\u00a0\u00bbCarouge_N47-1&Prime; _builder_version=\u00a0\u00bb4.17.6&Prime; _module_preset=\u00a0\u00bbdefault\u00a0\u00bb width=\u00a0\u00bb67%\u00a0\u00bb global_colors_info=\u00a0\u00bb{}\u00a0\u00bb][\/et_pb_image][et_pb_text _builder_version=\u00a0\u00bb4.17.6&Prime; _module_preset=\u00a0\u00bbdefault\u00a0\u00bb global_colors_info=\u00a0\u00bb{}\u00a0\u00bb]<\/p>\n<h2><strong><span style=\"color: #008080;\">CANNIBALES LECTEURICES ADOS DE 14 \u00c0 18 ANS<\/span><\/strong><\/h2>\n<h2><\/h2>\n<h4><strong>Le vendredi 20 juin \u00e0 17h30<\/strong><\/h4>\n<h4><strong><\/strong><\/h4>\n<h4>Viens partager tes d\u00e9couvertes romans, BD, mangas, jeux vid\u00e9o, s\u00e9ries t\u00e9l\u00e9vis\u00e9es, film<\/h4>\n<p>Renseignements :<br \/><em>ados-bibliotheques@carouge.ch<\/em><\/p>\n<p>[\/et_pb_text][\/et_pb_column][et_pb_column type=\u00a0\u00bb1_4&Prime; _builder_version=\u00a0\u00bb4.16&Prime; custom_padding=\u00a0\u00bb|||\u00a0\u00bb global_colors_info=\u00a0\u00bb{}\u00a0\u00bb custom_padding__hover=\u00a0\u00bb|||\u00a0\u00bb][et_pb_image src=\u00a0\u00bbhttps:\/\/rivegauche-magazine.ch\/wp-content\/uploads\/2025\/06\/Carouge_N47-2.jpg\u00a0\u00bb title_text=\u00a0\u00bbCarouge_N47-2&Prime; _builder_version=\u00a0\u00bb4.17.6&Prime; _module_preset=\u00a0\u00bbdefault\u00a0\u00bb global_colors_info=\u00a0\u00bb{}\u00a0\u00bb][\/et_pb_image][et_pb_text _builder_version=\u00a0\u00bb4.17.6&Prime; _module_preset=\u00a0\u00bbdefault\u00a0\u00bb global_colors_info=\u00a0\u00bb{}\u00a0\u00bb]<\/p>\n<h2><strong><span style=\"color: #008080;\">CAMPS SPORTS &amp; FUN POUR LES 6-12 ANS<\/span><\/strong><\/h2>\n<h4><strong>Du 30 juin au 15 ao\u00fbt 2025<\/strong><\/h4>\n<h4>Plusieurs camps tout l\u2019\u00e9t\u00e9.<\/h4>\n<p>Renseignements: <em>mairie@carouge.ch<\/em><\/p>\n<p>[\/et_pb_text][\/et_pb_column][et_pb_column type=\u00a0\u00bb1_4&Prime; _builder_version=\u00a0\u00bb4.16&Prime; custom_padding=\u00a0\u00bb|||\u00a0\u00bb global_colors_info=\u00a0\u00bb{}\u00a0\u00bb custom_padding__hover=\u00a0\u00bb|||\u00a0\u00bb][et_pb_image src=\u00a0\u00bbhttps:\/\/rivegauche-magazine.ch\/wp-content\/uploads\/2025\/06\/Carouge_N47-3.jpg\u00a0\u00bb title_text=\u00a0\u00bbCarouge_N47-3&Prime; _builder_version=\u00a0\u00bb4.17.6&Prime; _module_preset=\u00a0\u00bbdefault\u00a0\u00bb global_colors_info=\u00a0\u00bb{}\u00a0\u00bb][\/et_pb_image][et_pb_text _builder_version=\u00a0\u00bb4.17.6&Prime; _module_preset=\u00a0\u00bbdefault\u00a0\u00bb global_colors_info=\u00a0\u00bb{}\u00a0\u00bb]<\/p>\n<h2><strong><span style=\"color: #008080;\">CAROUGE DESSIN\u00c9 ! 3\u00c8ME \u00c9DITION<\/span><\/strong><\/h2>\n<h4><strong>Jusqu\u2019au 31 ao\u00fbt 2025<\/strong><\/h4>\n<h4>D\u00e9couvrez le affiches de 22 artistes \u00e0 travers la ville.<\/p>\n<\/h4>\n<p>Plan du parcours et informations : www.duomanifesto.com mairie@carouge.ch<\/p>\n<p>[\/et_pb_text][\/et_pb_column][et_pb_column type=\u00a0\u00bb1_4&Prime; _builder_version=\u00a0\u00bb4.16&Prime; custom_padding=\u00a0\u00bb|||\u00a0\u00bb global_colors_info=\u00a0\u00bb{}\u00a0\u00bb custom_padding__hover=\u00a0\u00bb|||\u00a0\u00bb][et_pb_image src=\u00a0\u00bbhttps:\/\/rivegauche-magazine.ch\/wp-content\/uploads\/2025\/06\/Carouge_N47-4.jpg\u00a0\u00bb title_text=\u00a0\u00bbCarouge_N47-4&Prime; _builder_version=\u00a0\u00bb4.17.6&Prime; _module_preset=\u00a0\u00bbdefault\u00a0\u00bb global_colors_info=\u00a0\u00bb{}\u00a0\u00bb][\/et_pb_image][et_pb_text _builder_version=\u00a0\u00bb4.17.6&Prime; _module_preset=\u00a0\u00bbdefault\u00a0\u00bb global_colors_info=\u00a0\u00bb{}\u00a0\u00bb]<\/p>\n<h2><strong><span style=\"color: #008080;\">URBAN TRAINING<\/span><\/strong><\/h2>\n<h4><strong>Jusqu\u2019au 17 septembre 2025<\/strong><\/h4>\n<h4>Chaque mercredi un entra\u00eenement en plein air encadr\u00e9 par un coach<\/h4>\n<p>Gratuit. D\u00e8s 16 ans. De 18h30 \u00e0 19h30 <em>Inscription : www.urban-training.ch\/fr<\/em><\/p>\n<p>[\/et_pb_text][\/et_pb_column][\/et_pb_row][et_pb_row _builder_version=\u00a0\u00bb4.16&Prime; _module_preset=\u00a0\u00bbdefault\u00a0\u00bb custom_margin=\u00a0\u00bb||0em||false|false\u00a0\u00bb custom_padding=\u00a0\u00bb||1em||false|false\u00a0\u00bb global_colors_info=\u00a0\u00bb{}\u00a0\u00bb][et_pb_column type=\u00a0\u00bb4_4&Prime; _builder_version=\u00a0\u00bb4.16&Prime; _module_preset=\u00a0\u00bbdefault\u00a0\u00bb global_colors_info=\u00a0\u00bb{}\u00a0\u00bb][et_pb_image src=\u00a0\u00bbhttps:\/\/rivegauche-magazine.ch\/wp-content\/uploads\/2024\/01\/carouge_4_N42.jpg\u00a0\u00bb title_text=\u00a0\u00bbcarouge_4_N42&Prime; force_fullwidth=\u00a0\u00bbon\u00a0\u00bb _builder_version=\u00a0\u00bb4.17.6&Prime; _module_preset=\u00a0\u00bbdefault\u00a0\u00bb global_colors_info=\u00a0\u00bb{}\u00a0\u00bb][\/et_pb_image][et_pb_divider _builder_version=\u00a0\u00bb4.16&Prime; _module_preset=\u00a0\u00bbdefault\u00a0\u00bb global_colors_info=\u00a0\u00bb{}\u00a0\u00bb][\/et_pb_divider][et_pb_text _builder_version=\u00a0\u00bb4.17.6&Prime; _module_preset=\u00a0\u00bbdefault\u00a0\u00bb global_colors_info=\u00a0\u00bb{}\u00a0\u00bb]<\/p>\n<h2 style=\"text-align: center;\"><span style=\"color: #000000;\"><strong>Programme des spectacles<\/strong><\/span><\/h2>\n<p style=\"text-align: center;\"><span style=\"color: #008080;\">www.theatredecarouge.ch\u00a0<\/span><\/p>\n<p>[\/et_pb_text][et_pb_divider _builder_version=\u00a0\u00bb4.16&Prime; _module_preset=\u00a0\u00bbdefault\u00a0\u00bb global_colors_info=\u00a0\u00bb{}\u00a0\u00bb][\/et_pb_divider][\/et_pb_column][\/et_pb_row][et_pb_row _builder_version=\u00a0\u00bb4.16&Prime; _module_preset=\u00a0\u00bbdefault\u00a0\u00bb custom_margin=\u00a0\u00bb||0em||false|false\u00a0\u00bb custom_padding=\u00a0\u00bb||1em||false|false\u00a0\u00bb global_colors_info=\u00a0\u00bb{}\u00a0\u00bb][et_pb_column type=\u00a0\u00bb4_4&Prime; _builder_version=\u00a0\u00bb4.16&Prime; _module_preset=\u00a0\u00bbdefault\u00a0\u00bb global_colors_info=\u00a0\u00bb{}\u00a0\u00bb][et_pb_image src=\u00a0\u00bbhttps:\/\/rivegauche-magazine.ch\/wp-content\/uploads\/2025\/06\/Carouge-theatre_N47-1-1.jpg\u00a0\u00bb title_text=\u00a0\u00bbCarouge-theatre_N47-1-1&Prime; force_fullwidth=\u00a0\u00bbon\u00a0\u00bb _builder_version=\u00a0\u00bb4.17.6&Prime; _module_preset=\u00a0\u00bbdefault\u00a0\u00bb global_colors_info=\u00a0\u00bb{}\u00a0\u00bb][\/et_pb_image][et_pb_text _builder_version=\u00a0\u00bb4.17.6&Prime; _module_preset=\u00a0\u00bbdefault\u00a0\u00bb global_colors_info=\u00a0\u00bb{}\u00a0\u00bb]<\/p>\n<h3><span style=\"color: #008000;\"><strong>LES DIABLOGUES<\/strong><\/span><\/h3>\n<h4><strong>DE ROLAND DUBILLARD MISE EN SC\u00c8NE DE JEAN LIERMIER &#8211; CAMION-TH\u00c9\u00c2TRE<\/strong><\/h4>\n<p>SPECTACLE EN PLEIN AIR &#8211; TOUT PUBLIC<\/p>\n<h4><strong><\/strong><strong>Jusqu\u2019au 18 juin 2025<\/strong><\/h4>\n<p>[\/et_pb_text][et_pb_divider _builder_version=\u00a0\u00bb4.16&Prime; _module_preset=\u00a0\u00bbdefault\u00a0\u00bb global_colors_info=\u00a0\u00bb{}\u00a0\u00bb][\/et_pb_divider][et_pb_image src=\u00a0\u00bbhttps:\/\/rivegauche-magazine.ch\/wp-content\/uploads\/2025\/06\/Carouge-theatre_N47-2-2.jpg\u00a0\u00bb title_text=\u00a0\u00bbCarouge-theatre_N47-2-2&Prime; force_fullwidth=\u00a0\u00bbon\u00a0\u00bb _builder_version=\u00a0\u00bb4.17.6&Prime; _module_preset=\u00a0\u00bbdefault\u00a0\u00bb global_colors_info=\u00a0\u00bb{}\u00a0\u00bb][\/et_pb_image][et_pb_text _builder_version=\u00a0\u00bb4.17.6&Prime; _module_preset=\u00a0\u00bbdefault\u00a0\u00bb global_colors_info=\u00a0\u00bb{}\u00a0\u00bb]<\/p>\n<h3><span style=\"color: #008000;\"><strong>VOUS AVEZ DIT BARBE BLEUE ?<\/strong><\/span><\/h3>\n<h4><strong>CR\u00c9ATION COLLECTIVE PAR \u00c0 L\u2019OUEST CIE ET GUILLAUME PIDANCET<\/strong><\/h4>\n<p>LIBREMENT INSPIR\u00c9E DU CONTE \u00ab LA BARBE BLEUE \u00bb DE CHARLES PERRAULT<\/p>\n<p>CAMION-TH\u00c9\u00c2TRE<br \/>SPECTACLE EN PLEIN AIR &#8211; TOUT PUBLIC<\/p>\n<h4><strong><\/strong><strong>Jusqu\u2019au 20 juin 2025<\/strong><\/h4>\n<p>[\/et_pb_text][\/et_pb_column][\/et_pb_row][et_pb_row disabled_on=\u00a0\u00bbon|off|off\u00a0\u00bb _builder_version=\u00a0\u00bb4.16&Prime; _module_preset=\u00a0\u00bbdefault\u00a0\u00bb custom_margin=\u00a0\u00bb2em||||false|false\u00a0\u00bb global_colors_info=\u00a0\u00bb{}\u00a0\u00bb][et_pb_column type=\u00a0\u00bb4_4&Prime; _builder_version=\u00a0\u00bb4.16&Prime; _module_preset=\u00a0\u00bbdefault\u00a0\u00bb global_colors_info=\u00a0\u00bb{}\u00a0\u00bb][et_pb_divider _builder_version=\u00a0\u00bb4.16&Prime; _module_preset=\u00a0\u00bbdefault\u00a0\u00bb global_colors_info=\u00a0\u00bb{}\u00a0\u00bb][\/et_pb_divider][\/et_pb_column][\/et_pb_row][\/et_pb_section]<\/p>\n","protected":false},"excerpt":{"rendered":"<p>\u00c9V\u00c9NEMENTS \u00c0 CAROUGE Plus d\u2019infos sur : www.carouge.chCANNIBALES LECTEURICES ADOS DE 14 \u00c0 18 ANS Le vendredi 20 juin \u00e0 17h30 Viens partager tes d\u00e9couvertes romans, BD, mangas, jeux vid\u00e9o, s\u00e9ries t\u00e9l\u00e9vis\u00e9es, film Renseignements :ados-bibliotheques@carouge.chCAMPS SPORTS &amp; FUN POUR LES 6-12 ANS Du 30 juin au 15 ao\u00fbt 2025 Plusieurs camps tout l\u2019\u00e9t\u00e9. Renseignements: mairie@carouge.chCAROUGE [&hellip;]<\/p>\n","protected":false},"author":2,"featured_media":0,"parent":8456,"menu_order":0,"comment_status":"closed","ping_status":"closed","template":"","meta":{"_et_pb_use_builder":"on","_et_pb_old_content":"","_et_gb_content_width":"","footnotes":""},"class_list":["post-11133","page","type-page","status-publish","hentry"],"_links":{"self":[{"href":"https:\/\/geneve-et-vous-magazine.ch\/index.php\/wp-json\/wp\/v2\/pages\/11133","targetHints":{"allow":["GET"]}}],"collection":[{"href":"https:\/\/geneve-et-vous-magazine.ch\/index.php\/wp-json\/wp\/v2\/pages"}],"about":[{"href":"https:\/\/geneve-et-vous-magazine.ch\/index.php\/wp-json\/wp\/v2\/types\/page"}],"author":[{"embeddable":true,"href":"https:\/\/geneve-et-vous-magazine.ch\/index.php\/wp-json\/wp\/v2\/users\/2"}],"replies":[{"embeddable":true,"href":"https:\/\/geneve-et-vous-magazine.ch\/index.php\/wp-json\/wp\/v2\/comments?post=11133"}],"version-history":[{"count":40,"href":"https:\/\/geneve-et-vous-magazine.ch\/index.php\/wp-json\/wp\/v2\/pages\/11133\/revisions"}],"predecessor-version":[{"id":16600,"href":"https:\/\/geneve-et-vous-magazine.ch\/index.php\/wp-json\/wp\/v2\/pages\/11133\/revisions\/16600"}],"up":[{"embeddable":true,"href":"https:\/\/geneve-et-vous-magazine.ch\/index.php\/wp-json\/wp\/v2\/pages\/8456"}],"wp:attachment":[{"href":"https:\/\/geneve-et-vous-magazine.ch\/index.php\/wp-json\/wp\/v2\/media?parent=11133"}],"curies":[{"name":"wp","href":"https:\/\/api.w.org\/{rel}","templated":true}]}}