{"id":11064,"date":"2022-04-08T09:50:25","date_gmt":"2022-04-08T07:50:25","guid":{"rendered":"https:\/\/rivegauche-magazine.ch\/?page_id=11064"},"modified":"2022-04-08T10:05:18","modified_gmt":"2022-04-08T08:05:18","slug":"comment-bien-choisir-sa-moustiquaire","status":"publish","type":"page","link":"https:\/\/geneve-et-vous-magazine.ch\/index.php\/life-style-decoration\/comment-bien-choisir-sa-moustiquaire\/","title":{"rendered":"Comment bien choisir sa moustiquaire ?"},"content":{"rendered":"<p>[et_pb_section fb_built=\u00a0\u00bb1&Prime; _builder_version=\u00a0\u00bb3.22.7&Prime; global_colors_info=\u00a0\u00bb{}\u00a0\u00bb][et_pb_row _builder_version=\u00a0\u00bb3.25&Prime; global_colors_info=\u00a0\u00bb{}\u00a0\u00bb][et_pb_column type=\u00a0\u00bb4_4&Prime; _builder_version=\u00a0\u00bb3.25&Prime; custom_padding=\u00a0\u00bb|||\u00a0\u00bb global_colors_info=\u00a0\u00bb{}\u00a0\u00bb custom_padding__hover=\u00a0\u00bb|||\u00a0\u00bb][\/et_pb_column][\/et_pb_row][\/et_pb_section][et_pb_section fb_built=\u00a0\u00bb1&Prime; admin_label=\u00a0\u00bbArticles 1 colonne\u00a0\u00bb _builder_version=\u00a0\u00bb3.22.7&Prime; custom_margin=\u00a0\u00bb||\u00a0\u00bb custom_padding=\u00a0\u00bb0px|||||\u00a0\u00bb global_colors_info=\u00a0\u00bb{}\u00a0\u00bb][et_pb_row _builder_version=\u00a0\u00bb3.25&Prime; global_colors_info=\u00a0\u00bb{}\u00a0\u00bb][et_pb_column type=\u00a0\u00bb4_4&Prime; _builder_version=\u00a0\u00bb3.25&Prime; custom_padding=\u00a0\u00bb|||\u00a0\u00bb global_colors_info=\u00a0\u00bb{}\u00a0\u00bb custom_padding__hover=\u00a0\u00bb|||\u00a0\u00bb][et_pb_text admin_label=\u00a0\u00bbTITRE\u00a0\u00bb _builder_version=\u00a0\u00bb4.14.7&Prime; header_font=\u00a0\u00bb|||||on|||\u00a0\u00bb header_text_align=\u00a0\u00bbleft\u00a0\u00bb header_text_color=\u00a0\u00bb#000000&Prime; header_font_size=\u00a0\u00bb48px\u00a0\u00bb custom_margin=\u00a0\u00bb|||\u00a0\u00bb header_font_size_tablet=\u00a0\u00bb36px\u00a0\u00bb header_font_size_phone=\u00a0\u00bb24px\u00a0\u00bb header_font_size_last_edited=\u00a0\u00bbon|tablet\u00a0\u00bb global_colors_info=\u00a0\u00bb{}\u00a0\u00bb]<\/p>\n<h1 style=\"text-align: center;\"><span style=\"color: #339966;\"><span style=\"color: #d61b1b;\">Comment bien choisir sa moustiquaire ?<\/span><br \/><\/span><\/h1>\n<p>[\/et_pb_text][et_pb_text _builder_version=\u00a0\u00bb4.14.7&Prime; global_colors_info=\u00a0\u00bb{}\u00a0\u00bb]<\/p>\n<p style=\"text-align: justify;\"><strong>Au printemps, avec l\u2019arriv\u00e9e des beaux jours et de la chaleur, l\u2019envie de profiter de l\u2019ext\u00e9rieur est plus grande. On peut \u00e0 nouveau appr\u00e9cier son jardin ou son balcon. Mais avec les portes et fen\u00eatres ouvertes, les moustiques s\u2019invitent dans la maison. Solution saine et \u00e9cologique contre l\u2019invasions d\u2019insectes et de moustiques, la moustiquaire permet aussi de profiter de la fra\u00eecheur du soir. D\u00e9couvrez les diff\u00e9rents types de moustiquaires afin de choisir celle qui correspondra \u00e0 vos besoins.<\/strong><\/p>\n<p>[\/et_pb_text][\/et_pb_column][\/et_pb_row][et_pb_row _builder_version=\u00a0\u00bb4.8.1&Prime; _module_preset=\u00a0\u00bbdefault\u00a0\u00bb global_colors_info=\u00a0\u00bb{}\u00a0\u00bb][et_pb_column type=\u00a0\u00bb4_4&Prime; _builder_version=\u00a0\u00bb4.8.1&Prime; _module_preset=\u00a0\u00bbdefault\u00a0\u00bb global_colors_info=\u00a0\u00bb{}\u00a0\u00bb][et_pb_divider _builder_version=\u00a0\u00bb4.8.1&Prime; _module_preset=\u00a0\u00bbdefault\u00a0\u00bb global_colors_info=\u00a0\u00bb{}\u00a0\u00bb][\/et_pb_divider][\/et_pb_column][\/et_pb_row][et_pb_row column_structure=\u00a0\u00bb1_2,1_2&Prime; _builder_version=\u00a0\u00bb4.14.7&Prime; custom_padding=\u00a0\u00bb||0em||false|false\u00a0\u00bb global_colors_info=\u00a0\u00bb{}\u00a0\u00bb][et_pb_column type=\u00a0\u00bb1_2&Prime; _builder_version=\u00a0\u00bb3.25&Prime; custom_padding=\u00a0\u00bb|||\u00a0\u00bb global_colors_info=\u00a0\u00bb{}\u00a0\u00bb custom_padding__hover=\u00a0\u00bb|||\u00a0\u00bb][et_pb_image src=\u00a0\u00bbhttps:\/\/rivegauche-magazine.ch\/wp-content\/uploads\/2022\/04\/MOUSTIQUAIRE-FIXE.jpg\u00a0\u00bb title_text=\u00a0\u00bbMOUSTIQUAIRE-FIXE\u00a0\u00bb _builder_version=\u00a0\u00bb4.14.7&Prime; _module_preset=\u00a0\u00bbdefault\u00a0\u00bb global_colors_info=\u00a0\u00bb{}\u00a0\u00bb][\/et_pb_image][et_pb_text admin_label=\u00a0\u00bbTexte\u00a0\u00bb _builder_version=\u00a0\u00bb4.14.7&Prime; header_font=\u00a0\u00bb|||||on|||\u00a0\u00bb header_text_align=\u00a0\u00bbleft\u00a0\u00bb header_text_color=\u00a0\u00bb#000000&Prime; header_font_size=\u00a0\u00bb48px\u00a0\u00bb custom_margin=\u00a0\u00bb|||\u00a0\u00bb header_font_size_tablet=\u00a0\u00bb36px\u00a0\u00bb header_font_size_phone=\u00a0\u00bb24px\u00a0\u00bb header_font_size_last_edited=\u00a0\u00bbon|tablet\u00a0\u00bb global_colors_info=\u00a0\u00bb{}\u00a0\u00bb]<\/p>\n<h2 style=\"text-align: justify;\"><strong><span style=\"color: #000000;\">Moustiquaire <\/span><\/strong><span style=\"color: #339966;\"><span style=\"color: #d61b1b;\">fixe<\/span><br \/><\/span><\/h2>\n<p style=\"text-align: justify;\">La moustiquaire \u00e0 cadre fixe en aluminium est fabriqu\u00e9e sur mesure et adapt\u00e9e pour les fen\u00eatres soumises \u00e0 une exposition intense et prolong\u00e9e aux insectes diurnes. Il existe des moustiquaires con\u00e7ues sp\u00e9cialement pour \u00e9quiper les fen\u00eatres de toit. Fix\u00e9es \u00e0 l\u2019int\u00e9rieur de la pi\u00e8ce sur le mur, ces moustiquaires fabriqu\u00e9es en aluminium bross\u00e9 ne g\u00eanent pas la man\u0153uvre de la fen\u00eatre, ni la vue sur l\u2019ext\u00e9rieur. Elles sont id\u00e9ales pour prot\u00e9ger les chambres situ\u00e9es sous les toits. <br \/>Attention, ce type de moustiquaire doit \u00eatre d\u00e9mont\u00e9 en hiver, afin d\u2019en prolonger la dur\u00e9e de vie de plusieurs ann\u00e9es. Il faut donc pr\u00e9voir un espace pour le stockage.<\/p>\n<p>[\/et_pb_text][et_pb_text admin_label=\u00a0\u00bbTexte\u00a0\u00bb _builder_version=\u00a0\u00bb4.14.7&Prime; header_font=\u00a0\u00bb|||||on|||\u00a0\u00bb header_text_align=\u00a0\u00bbleft\u00a0\u00bb header_text_color=\u00a0\u00bb#000000&Prime; header_font_size=\u00a0\u00bb48px\u00a0\u00bb custom_margin=\u00a0\u00bb|||\u00a0\u00bb header_font_size_tablet=\u00a0\u00bb36px\u00a0\u00bb header_font_size_phone=\u00a0\u00bb24px\u00a0\u00bb header_font_size_last_edited=\u00a0\u00bbon|tablet\u00a0\u00bb global_colors_info=\u00a0\u00bb{}\u00a0\u00bb]<\/p>\n<h2 style=\"text-align: justify;\"><strong><span style=\"color: #000000;\">Moustiquaire <\/span><\/strong><span style=\"color: #339966;\"><span style=\"color: #d61b1b;\">enroulable<\/span><br \/><\/span><\/h2>\n<p style=\"text-align: justify;\">C\u2019est la solution id\u00e9ale pour les petites et moyennes fen\u00eatres. Ce type de moustiquaire s\u2019enroule sur un axe en aluminium avec ressort, qui est dissimul\u00e9 dans un caisson. On peut ainsi ouvrir ou fermer la toile de la moustiquaire selon ses besoins. C\u2019est un mod\u00e8le parfaitement adapt\u00e9 \u00e0 un usage fr\u00e9quent. <br \/>L\u2019avantage de cette moustiquaire est que vous n\u2019avez pas \u00e0 la ranger pendant l\u2019hiver. Il vous suffit de l\u2019enrouler dans le caisson pr\u00e9vu \u00e0 cet effet.<\/p>\n<p>[\/et_pb_text][et_pb_text admin_label=\u00a0\u00bbTexte\u00a0\u00bb _builder_version=\u00a0\u00bb4.14.7&Prime; header_font=\u00a0\u00bb|||||on|||\u00a0\u00bb header_text_align=\u00a0\u00bbleft\u00a0\u00bb header_text_color=\u00a0\u00bb#000000&Prime; header_font_size=\u00a0\u00bb48px\u00a0\u00bb custom_margin=\u00a0\u00bb|||\u00a0\u00bb header_font_size_tablet=\u00a0\u00bb36px\u00a0\u00bb header_font_size_phone=\u00a0\u00bb24px\u00a0\u00bb header_font_size_last_edited=\u00a0\u00bbon|tablet\u00a0\u00bb global_colors_info=\u00a0\u00bb{}\u00a0\u00bb]<\/p>\n<h2 style=\"text-align: justify;\"><strong><span style=\"color: #000000;\">Moustiquaire <\/span><\/strong><span style=\"color: #339966;\"><span style=\"color: #d61b1b;\">coulissante<\/span><br \/><\/span><\/h2>\n<p style=\"text-align: justify;\">La moustiquaire coulissante est particuli\u00e8rement adapt\u00e9e aux portes-fen\u00eatres et baies vitr\u00e9es : elle se d\u00e9place via un rail sup\u00e9rieur et inf\u00e9rieur afin d\u2019\u00eatre positionn\u00e9e devant la fen\u00eatre ou la porte dont vous vous servez le plus souvent. <br \/>Elle peut coulisser lat\u00e9ralement ou bien verticalement, selon le mod\u00e8le choisi, et se manipule tr\u00e8s facilement, comme un store int\u00e9rieur. Elles est \u00e9galement tr\u00e8s utile sur les portes des balcons et des terrasses et peut aussi \u00eatre \u00e9quip\u00e9e d\u2019une chati\u00e8re.<br \/>Tr\u00e8s facile d\u2019entretien, ce mod\u00e8le de moustiquaire, si elle est parfaitement install\u00e9e, pr\u00e9sente aussi l\u2019avantage d\u2019\u00eatre tr\u00e8s silencieux. <br \/>Si vous souhaitez prot\u00e9ger votre moustiquaire coulissante contre le gel, il est possible de la d\u00e9monter, en suivant les conseils d\u2019une entreprise sp\u00e9cialis\u00e9e.<\/p>\n<p>[\/et_pb_text][\/et_pb_column][et_pb_column type=\u00a0\u00bb1_2&Prime; _builder_version=\u00a0\u00bb4.14.7&Prime; _module_preset=\u00a0\u00bbdefault\u00a0\u00bb global_colors_info=\u00a0\u00bb{}\u00a0\u00bb][et_pb_text admin_label=\u00a0\u00bbTexte\u00a0\u00bb _builder_version=\u00a0\u00bb4.14.7&Prime; header_font=\u00a0\u00bb|||||on|||\u00a0\u00bb header_text_align=\u00a0\u00bbleft\u00a0\u00bb header_text_color=\u00a0\u00bb#000000&Prime; header_font_size=\u00a0\u00bb48px\u00a0\u00bb custom_margin=\u00a0\u00bb|||\u00a0\u00bb header_font_size_tablet=\u00a0\u00bb36px\u00a0\u00bb header_font_size_phone=\u00a0\u00bb24px\u00a0\u00bb header_font_size_last_edited=\u00a0\u00bbon|tablet\u00a0\u00bb global_colors_info=\u00a0\u00bb{}\u00a0\u00bb]<\/p>\n<h2 style=\"text-align: justify;\"><strong><span style=\"color: #000000;\">Moustiquaire <\/span><\/strong><span style=\"color: #339966;\"><span style=\"color: #d61b1b;\">pliss\u00e9e<\/span><br \/><\/span><\/h2>\n<p style=\"text-align: justify;\">La moustiquaire pliss\u00e9e se replie comme un accord\u00e9on que vous pouvez ouvrir \u00e0 l\u2019aide d\u2019une poign\u00e9e et faire coulisser dans ses rails. Elle est parfaite pour les baies vitr\u00e9es et les grandes portes-fen\u00eatres. En position repli\u00e9e, ce type de moustiquaire n\u2019occupe que tr\u00e8s peu de place. <br \/>Elle assure une protection maximale contre les insectes et autres nuisibles, est discr\u00e8te et esth\u00e9tique. Les mod\u00e8les \u00e9quip\u00e9s de composants et d\u2019un cadre en aluminium offrent une plus grande r\u00e9sistance \u00e0 l\u2019utilisation fr\u00e9quente. <br \/>L\u2019avantage d\u2019une moustiquaire pliss\u00e9e sur les portes et portes-fen\u00eatres est que leur coulisse au sol est de tr\u00e8s faible hauteur. Une fois install\u00e9e, aucun seuil cons\u00e9quent n\u2019appara\u00eet. Ce type de moustiquaire est donc id\u00e9al pour les maisons destin\u00e9es aux personnes \u00e0 mobilit\u00e9 r\u00e9duite et aux familles avec de jeunes enfants. <br \/>Une fois la saison des moustiques pass\u00e9e, pas besoin de l\u2019enlever, il suffit de la replier.<\/p>\n<p>[\/et_pb_text][et_pb_image src=\u00a0\u00bbhttps:\/\/rivegauche-magazine.ch\/wp-content\/uploads\/2022\/04\/MOUSTIQUAIRE-PLISSE\u0301E.jpg\u00a0\u00bb title_text=\u00a0\u00bbMOUSTIQUAIRE-PLISSE\u0301E\u00a0\u00bb _builder_version=\u00a0\u00bb4.14.7&Prime; _module_preset=\u00a0\u00bbdefault\u00a0\u00bb global_colors_info=\u00a0\u00bb{}\u00a0\u00bb][\/et_pb_image][et_pb_text _builder_version=\u00a0\u00bb4.14.7&Prime; _module_preset=\u00a0\u00bbdefault\u00a0\u00bb background_color=\u00a0\u00bbrgba(214,27,27,0.41)\u00a0\u00bb width=\u00a0\u00bb60%\u00a0\u00bb module_alignment=\u00a0\u00bbcenter\u00a0\u00bb min_height=\u00a0\u00bb5em\u00a0\u00bb custom_margin=\u00a0\u00bb-5em||||false|false\u00a0\u00bb hover_enabled=\u00a0\u00bb0&Prime; global_colors_info=\u00a0\u00bb{}\u00a0\u00bb custom_margin_last_edited=\u00a0\u00bbon|phone\u00a0\u00bb custom_margin_phone=\u00a0\u00bb-4em||||false|false\u00a0\u00bb sticky_enabled=\u00a0\u00bb0&Prime; custom_margin_tablet=\u00a0\u00bb-5em||||false|false\u00a0\u00bb][\/et_pb_text][\/et_pb_column][\/et_pb_row][et_pb_row disabled_on=\u00a0\u00bbon|off|off\u00a0\u00bb _builder_version=\u00a0\u00bb4.8.1&Prime; _module_preset=\u00a0\u00bbdefault\u00a0\u00bb custom_margin=\u00a0\u00bb2em||||false|false\u00a0\u00bb global_colors_info=\u00a0\u00bb{}\u00a0\u00bb][et_pb_column type=\u00a0\u00bb4_4&Prime; _builder_version=\u00a0\u00bb4.8.1&Prime; _module_preset=\u00a0\u00bbdefault\u00a0\u00bb global_colors_info=\u00a0\u00bb{}\u00a0\u00bb][et_pb_divider _builder_version=\u00a0\u00bb4.8.1&Prime; _module_preset=\u00a0\u00bbdefault\u00a0\u00bb global_colors_info=\u00a0\u00bb{}\u00a0\u00bb][\/et_pb_divider][\/et_pb_column][\/et_pb_row][\/et_pb_section]<\/p>\n","protected":false},"excerpt":{"rendered":"<p>Comment bien choisir sa moustiquaire ?Au printemps, avec l\u2019arriv\u00e9e des beaux jours et de la chaleur, l\u2019envie de profiter de l\u2019ext\u00e9rieur est plus grande. On peut \u00e0 nouveau appr\u00e9cier son jardin ou son balcon. Mais avec les portes et fen\u00eatres ouvertes, les moustiques s\u2019invitent dans la maison. Solution saine et \u00e9cologique contre l\u2019invasions d\u2019insectes et [&hellip;]<\/p>\n","protected":false},"author":2,"featured_media":0,"parent":1383,"menu_order":0,"comment_status":"closed","ping_status":"closed","template":"","meta":{"_et_pb_use_builder":"on","_et_pb_old_content":"","_et_gb_content_width":"","footnotes":""},"class_list":["post-11064","page","type-page","status-publish","hentry"],"_links":{"self":[{"href":"https:\/\/geneve-et-vous-magazine.ch\/index.php\/wp-json\/wp\/v2\/pages\/11064","targetHints":{"allow":["GET"]}}],"collection":[{"href":"https:\/\/geneve-et-vous-magazine.ch\/index.php\/wp-json\/wp\/v2\/pages"}],"about":[{"href":"https:\/\/geneve-et-vous-magazine.ch\/index.php\/wp-json\/wp\/v2\/types\/page"}],"author":[{"embeddable":true,"href":"https:\/\/geneve-et-vous-magazine.ch\/index.php\/wp-json\/wp\/v2\/users\/2"}],"replies":[{"embeddable":true,"href":"https:\/\/geneve-et-vous-magazine.ch\/index.php\/wp-json\/wp\/v2\/comments?post=11064"}],"version-history":[{"count":6,"href":"https:\/\/geneve-et-vous-magazine.ch\/index.php\/wp-json\/wp\/v2\/pages\/11064\/revisions"}],"predecessor-version":[{"id":11075,"href":"https:\/\/geneve-et-vous-magazine.ch\/index.php\/wp-json\/wp\/v2\/pages\/11064\/revisions\/11075"}],"up":[{"embeddable":true,"href":"https:\/\/geneve-et-vous-magazine.ch\/index.php\/wp-json\/wp\/v2\/pages\/1383"}],"wp:attachment":[{"href":"https:\/\/geneve-et-vous-magazine.ch\/index.php\/wp-json\/wp\/v2\/media?parent=11064"}],"curies":[{"name":"wp","href":"https:\/\/api.w.org\/{rel}","templated":true}]}}