{"id":10805,"date":"2022-04-01T15:01:24","date_gmt":"2022-04-01T13:01:24","guid":{"rendered":"https:\/\/rivegauche-magazine.ch\/?page_id=10805"},"modified":"2022-04-01T15:36:32","modified_gmt":"2022-04-01T13:36:32","slug":"comment-profiter-au-mieux-de-son-voyage","status":"publish","type":"page","link":"https:\/\/geneve-et-vous-magazine.ch\/index.php\/destinations\/comment-profiter-au-mieux-de-son-voyage\/","title":{"rendered":"Comment profiter au mieux de son voyage ?"},"content":{"rendered":"<p>[et_pb_section fb_built=\u00a0\u00bb1&Prime; _builder_version=\u00a0\u00bb3.22.7&Prime; global_colors_info=\u00a0\u00bb{}\u00a0\u00bb][et_pb_row _builder_version=\u00a0\u00bb3.25&Prime; global_colors_info=\u00a0\u00bb{}\u00a0\u00bb][et_pb_column type=\u00a0\u00bb4_4&Prime; _builder_version=\u00a0\u00bb3.25&Prime; custom_padding=\u00a0\u00bb|||\u00a0\u00bb global_colors_info=\u00a0\u00bb{}\u00a0\u00bb custom_padding__hover=\u00a0\u00bb|||\u00a0\u00bb][\/et_pb_column][\/et_pb_row][\/et_pb_section][et_pb_section fb_built=\u00a0\u00bb1&Prime; admin_label=\u00a0\u00bbArticles 1 colonne\u00a0\u00bb _builder_version=\u00a0\u00bb3.22.7&Prime; custom_margin=\u00a0\u00bb||\u00a0\u00bb custom_padding=\u00a0\u00bb0px|||||\u00a0\u00bb global_colors_info=\u00a0\u00bb{}\u00a0\u00bb][et_pb_row column_structure=\u00a0\u00bb1_2,1_2&Prime; admin_label=\u00a0\u00bbrecette\u00a0\u00bb _builder_version=\u00a0\u00bb3.25&Prime; global_colors_info=\u00a0\u00bb{}\u00a0\u00bb][et_pb_column type=\u00a0\u00bb1_2&Prime; _builder_version=\u00a0\u00bb3.25&Prime; custom_padding=\u00a0\u00bb|||\u00a0\u00bb global_colors_info=\u00a0\u00bb{}\u00a0\u00bb custom_padding__hover=\u00a0\u00bb|||\u00a0\u00bb][et_pb_image src=\u00a0\u00bbhttps:\/\/rivegauche-magazine.ch\/wp-content\/uploads\/2022\/04\/RIVAGE-VUE-DU-CIEL.jpg\u00a0\u00bb title_text=\u00a0\u00bbRIVAGE-VUE-DU-CIEL\u00a0\u00bb align=\u00a0\u00bbright\u00a0\u00bb align_tablet=\u00a0\u00bbcenter\u00a0\u00bb align_phone=\u00a0\u00bb\u00a0\u00bb align_last_edited=\u00a0\u00bbon|desktop\u00a0\u00bb _builder_version=\u00a0\u00bb4.14.7&Prime; global_colors_info=\u00a0\u00bb{}\u00a0\u00bb][\/et_pb_image][et_pb_text admin_label=\u00a0\u00bbtitre\u00a0\u00bb _builder_version=\u00a0\u00bb4.14.7&Prime; header_font=\u00a0\u00bb|||||on|||\u00a0\u00bb header_text_color=\u00a0\u00bb#000000&Prime; header_font_size=\u00a0\u00bb48px\u00a0\u00bb custom_margin=\u00a0\u00bb||0em||false|false\u00a0\u00bb custom_margin_tablet=\u00a0\u00bb||0em||false|false\u00a0\u00bb custom_margin_phone=\u00a0\u00bb||0em||false|false\u00a0\u00bb custom_margin_last_edited=\u00a0\u00bbon|desktop\u00a0\u00bb header_font_size_tablet=\u00a0\u00bb36px\u00a0\u00bb header_font_size_phone=\u00a0\u00bb24px\u00a0\u00bb header_font_size_last_edited=\u00a0\u00bbon|tablet\u00a0\u00bb global_colors_info=\u00a0\u00bb{}\u00a0\u00bb]<\/p>\n<h1><span style=\"color: #008296;\"><span style=\"color: #000000;\">Penser \u00e0<\/span> manger local<\/span><\/h1>\n<p>[\/et_pb_text][et_pb_text admin_label=\u00a0\u00bbIngr\u00e9dients\u00a0\u00bb _builder_version=\u00a0\u00bb4.14.7&Prime; text_font=\u00a0\u00bb||||||||\u00a0\u00bb header_font=\u00a0\u00bb||||||||\u00a0\u00bb text_orientation=\u00a0\u00bbjustified\u00a0\u00bb global_colors_info=\u00a0\u00bb{}\u00a0\u00bb]<\/p>\n<p>La meilleure fa\u00e7on de d\u00e9couvrir les saveurs du pays que vous visitez est de vous offrir un repas dans le restaurant o\u00f9 tous les locaux vont. \u00c9vitez les restaurants touristiques, allez plut\u00f4t dans des petits coins cach\u00e9s de la ville et demandez aux locaux quel est le meilleur endroit pour\u00a0go\u00fbter les plats typiques.<\/p>\n<p>[\/et_pb_text][et_pb_text admin_label=\u00a0\u00bbtitre\u00a0\u00bb _builder_version=\u00a0\u00bb4.14.7&Prime; header_font=\u00a0\u00bb|||||on|||\u00a0\u00bb header_text_color=\u00a0\u00bb#000000&Prime; header_font_size=\u00a0\u00bb48px\u00a0\u00bb background_color=\u00a0\u00bb#008296&Prime; width=\u00a0\u00bb40%\u00a0\u00bb width_tablet=\u00a0\u00bb24%\u00a0\u00bb width_phone=\u00a0\u00bb49%\u00a0\u00bb width_last_edited=\u00a0\u00bbon|phone\u00a0\u00bb custom_margin=\u00a0\u00bb|||\u00a0\u00bb custom_padding=\u00a0\u00bb1em|1em|1em|1em|true|true\u00a0\u00bb hover_enabled=\u00a0\u00bb0&Prime; header_font_size_tablet=\u00a0\u00bb36px\u00a0\u00bb header_font_size_phone=\u00a0\u00bb24px\u00a0\u00bb header_font_size_last_edited=\u00a0\u00bbon|tablet\u00a0\u00bb global_colors_info=\u00a0\u00bb{}\u00a0\u00bb sticky_enabled=\u00a0\u00bb0&Prime;]<\/p>\n<h1><span style=\"color: #008296;\"><span style=\"color: #ffffff;\">Visiter<\/span><br \/><\/span><\/h1>\n<p>[\/et_pb_text][et_pb_text admin_label=\u00a0\u00bbIngr\u00e9dients\u00a0\u00bb _builder_version=\u00a0\u00bb4.14.7&Prime; text_font=\u00a0\u00bb||||||||\u00a0\u00bb header_font=\u00a0\u00bb||||||||\u00a0\u00bb text_orientation=\u00a0\u00bbjustified\u00a0\u00bb global_colors_info=\u00a0\u00bb{}\u00a0\u00bb]<\/p>\n<p>Que ce soit en dormant \u00e0 l\u2019h\u00f4tel, en chambre d\u2019h\u00f4tes, chez l\u2019habitant ou tout simplement par pur hasard, se faire de nouveaux amis vous permet de cr\u00e9er les plus beaux souvenirs, en plus de vous donner l\u2019opportunit\u00e9 de visiter des endroits auxquels vous n\u2019auriez m\u00eame pas pens\u00e9s! Souvent, ces nouvelles connaissances sauront vous amener \u00e0 des emplacements cach\u00e9s et seulement connus des locaux. Ils sauront marquer votre voyage \u00e0 jamais !<\/p>\n<p>[\/et_pb_text][\/et_pb_column][et_pb_column type=\u00a0\u00bb1_2&Prime; _builder_version=\u00a0\u00bb3.25&Prime; custom_padding=\u00a0\u00bb|||\u00a0\u00bb global_colors_info=\u00a0\u00bb{}\u00a0\u00bb custom_padding__hover=\u00a0\u00bb|||\u00a0\u00bb][et_pb_text admin_label=\u00a0\u00bbtitre\u00a0\u00bb _builder_version=\u00a0\u00bb4.14.7&Prime; header_font=\u00a0\u00bb|||||on|||\u00a0\u00bb header_text_color=\u00a0\u00bb#000000&Prime; header_font_size=\u00a0\u00bb48px\u00a0\u00bb custom_margin=\u00a0\u00bb||0em||false|false\u00a0\u00bb custom_margin_tablet=\u00a0\u00bb||0em||false|false\u00a0\u00bb custom_margin_phone=\u00a0\u00bb||0em||false|false\u00a0\u00bb custom_margin_last_edited=\u00a0\u00bbon|desktop\u00a0\u00bb header_font_size_tablet=\u00a0\u00bb36px\u00a0\u00bb header_font_size_phone=\u00a0\u00bb24px\u00a0\u00bb header_font_size_last_edited=\u00a0\u00bbon|tablet\u00a0\u00bb global_colors_info=\u00a0\u00bb{}\u00a0\u00bb]<\/p>\n<h1><span style=\"color: #008296;\"><span style=\"color: #000000;\">Faire de<\/span> nouvelles connaissances<br \/><\/span><\/h1>\n<p>[\/et_pb_text][et_pb_text admin_label=\u00a0\u00bbIngr\u00e9dients\u00a0\u00bb _builder_version=\u00a0\u00bb4.14.7&Prime; text_font=\u00a0\u00bb||||||||\u00a0\u00bb header_font=\u00a0\u00bb||||||||\u00a0\u00bb text_orientation=\u00a0\u00bbjustified\u00a0\u00bb global_colors_info=\u00a0\u00bb{}\u00a0\u00bb]<\/p>\n<p>Que ce soit en dormant \u00e0 l\u2019h\u00f4tel, en chambre d\u2019h\u00f4tes, chez l\u2019habitant ou tout simplement par pur hasard, se faire de nouveaux amis vous permet de cr\u00e9er les plus beaux souvenirs, en plus de vous donner l\u2019opportunit\u00e9 de visiter des endroits auxquels vous n\u2019auriez m\u00eame pas pens\u00e9s! Souvent, ces nouvelles connaissances sauront vous amener \u00e0 des emplacements cach\u00e9s et seulement connus des locaux. Ils sauront marquer votre voyage \u00e0 jamais !<\/p>\n<p>[\/et_pb_text][et_pb_image src=\u00a0\u00bbhttps:\/\/rivegauche-magazine.ch\/wp-content\/uploads\/2022\/04\/RANDO-CANYON.jpg\u00a0\u00bb title_text=\u00a0\u00bbRANDO-CANYON\u00a0\u00bb _builder_version=\u00a0\u00bb4.14.7&Prime; _module_preset=\u00a0\u00bbdefault\u00a0\u00bb global_colors_info=\u00a0\u00bb{}\u00a0\u00bb][\/et_pb_image][et_pb_text admin_label=\u00a0\u00bbtitre\u00a0\u00bb _builder_version=\u00a0\u00bb4.14.7&Prime; header_font=\u00a0\u00bb|||||on|||\u00a0\u00bb header_text_color=\u00a0\u00bb#000000&Prime; header_font_size=\u00a0\u00bb48px\u00a0\u00bb background_color=\u00a0\u00bb#008296&Prime; width_tablet=\u00a0\u00bb75%\u00a0\u00bb width_phone=\u00a0\u00bb57%\u00a0\u00bb width_last_edited=\u00a0\u00bbon|phone\u00a0\u00bb custom_margin=\u00a0\u00bb|||\u00a0\u00bb custom_padding=\u00a0\u00bb1em|1em|1em|1em|true|true\u00a0\u00bb hover_enabled=\u00a0\u00bb0&Prime; header_font_size_tablet=\u00a0\u00bb36px\u00a0\u00bb header_font_size_phone=\u00a0\u00bb24px\u00a0\u00bb header_font_size_last_edited=\u00a0\u00bbon|tablet\u00a0\u00bb global_colors_info=\u00a0\u00bb{}\u00a0\u00bb sticky_enabled=\u00a0\u00bb0&Prime;]<\/p>\n<h1><span style=\"color: #008296;\"><span style=\"color: #ffffff;\">Pr\u00e9voir des activit\u00e9s cl\u00e9s<\/span><br \/><\/span><\/h1>\n<p>[\/et_pb_text][et_pb_text admin_label=\u00a0\u00bbIngr\u00e9dients\u00a0\u00bb _builder_version=\u00a0\u00bb4.14.7&Prime; text_font=\u00a0\u00bb||||||||\u00a0\u00bb header_font=\u00a0\u00bb||||||||\u00a0\u00bb text_orientation=\u00a0\u00bbjustified\u00a0\u00bb global_colors_info=\u00a0\u00bb{}\u00a0\u00bb]<\/p>\n<p>Il est tout de m\u00eame important d\u2019\u00e9tablir certains points cl\u00e9s pour votre voyage afin d\u2019en profiter au maximum et de ne passer \u00e0 c\u00f4t\u00e9 de rien. Un itin\u00e9raire qui vous donne de la libert\u00e9, mais qui vous permet de vous concentrer sur ce qui vous int\u00e9resse le plus est primordial afin d\u2019explorer\u00a0et de d\u00e9couvrir ce qui colle le mieux\u00a0\u00e0 vos champs d\u2019int\u00e9r\u00eat.<\/p>\n<p>[\/et_pb_text][\/et_pb_column][\/et_pb_row][et_pb_row column_structure=\u00a0\u00bb1_2,1_2&Prime; _builder_version=\u00a0\u00bb4.14.7&Prime; _module_preset=\u00a0\u00bbdefault\u00a0\u00bb background_color=\u00a0\u00bbrgba(0,130,150,0.24)\u00a0\u00bb custom_padding=\u00a0\u00bb2em|2em|2em|2em|true|true\u00a0\u00bb hover_enabled=\u00a0\u00bb0&Prime; global_colors_info=\u00a0\u00bb{}\u00a0\u00bb custom_margin_last_edited=\u00a0\u00bbon|phone\u00a0\u00bb sticky_enabled=\u00a0\u00bb0&Prime;][et_pb_column type=\u00a0\u00bb1_2&Prime; _builder_version=\u00a0\u00bb4.14.7&Prime; _module_preset=\u00a0\u00bbdefault\u00a0\u00bb global_colors_info=\u00a0\u00bb{}\u00a0\u00bb][et_pb_image src=\u00a0\u00bbhttps:\/\/rivegauche-magazine.ch\/wp-content\/uploads\/2022\/04\/FEMME-PISCINEok.jpg\u00a0\u00bb title_text=\u00a0\u00bbFEMME-PISCINEok\u00a0\u00bb _builder_version=\u00a0\u00bb4.14.7&Prime; _module_preset=\u00a0\u00bbdefault\u00a0\u00bb global_colors_info=\u00a0\u00bb{}\u00a0\u00bb][\/et_pb_image][\/et_pb_column][et_pb_column type=\u00a0\u00bb1_2&Prime; _builder_version=\u00a0\u00bb4.14.7&Prime; _module_preset=\u00a0\u00bbdefault\u00a0\u00bb global_colors_info=\u00a0\u00bb{}\u00a0\u00bb][et_pb_text admin_label=\u00a0\u00bbtitre\u00a0\u00bb _builder_version=\u00a0\u00bb4.14.7&Prime; header_font=\u00a0\u00bb|||||on|||\u00a0\u00bb header_text_color=\u00a0\u00bb#000000&Prime; header_font_size=\u00a0\u00bb48px\u00a0\u00bb custom_margin=\u00a0\u00bb||0em||false|false\u00a0\u00bb custom_margin_tablet=\u00a0\u00bb||0em||false|false\u00a0\u00bb custom_margin_phone=\u00a0\u00bb||0em||false|false\u00a0\u00bb custom_margin_last_edited=\u00a0\u00bbon|desktop\u00a0\u00bb hover_enabled=\u00a0\u00bb0&Prime; header_font_size_tablet=\u00a0\u00bb36px\u00a0\u00bb header_font_size_phone=\u00a0\u00bb24px\u00a0\u00bb header_font_size_last_edited=\u00a0\u00bbon|tablet\u00a0\u00bb global_colors_info=\u00a0\u00bb{}\u00a0\u00bb content_last_edited=\u00a0\u00bbon|phone\u00a0\u00bb sticky_enabled=\u00a0\u00bb0&Prime; content_phone=\u00a0\u00bb<\/p>\n<h1><span style=%22color: #008296;%22>S&rsquo;isoler<br \/><\/span><span style=%22color: #008296;%22><span style=%22color: #000000;%22>des grandes villes<\/span> <\/span><\/h1>\n<p>\u00a0\u00bb content_tablet=\u00a0\u00bb<\/p>\n<h1><span style=%22color: #008296;%22>S&rsquo;isoler <\/span><span style=%22color: #008296;%22><span style=%22color: #000000;%22>des grandes villes<\/span> <\/span><\/h1>\n<p>\u00ab\u00a0]<\/p>\n<h1><span style=\"color: #008296;\">S&rsquo;isoler <\/span><span style=\"color: #008296;\"><span style=\"color: #000000;\">des grandes villes<\/span> <\/span><\/h1>\n<p>[\/et_pb_text][et_pb_text _builder_version=\u00a0\u00bb4.14.7&Prime; _module_preset=\u00a0\u00bbdefault\u00a0\u00bb hover_enabled=\u00a0\u00bb0&Prime; global_colors_info=\u00a0\u00bb{}\u00a0\u00bb sticky_enabled=\u00a0\u00bb0&Prime;]<\/p>\n<p>Commencer par visiter les centres-villes peut bien entamer un voyage, mais parcourir les villes moins touristiques vous permet de mieux vous ancrer et pleinement d\u00e9couvrir le pays que vous visitez. C\u00f4toyer des locaux, apprendre leur culture par leur v\u00e9cu et cr\u00e9er des liens pr\u00e9cieux est une des plus belles fa\u00e7ons de voyager!<\/p>\n<p>[\/et_pb_text][\/et_pb_column][\/et_pb_row][et_pb_row disabled_on=\u00a0\u00bbon|off|off\u00a0\u00bb _builder_version=\u00a0\u00bb4.8.1&Prime; _module_preset=\u00a0\u00bbdefault\u00a0\u00bb custom_margin=\u00a0\u00bb2em||||false|false\u00a0\u00bb global_colors_info=\u00a0\u00bb{}\u00a0\u00bb][et_pb_column type=\u00a0\u00bb4_4&Prime; _builder_version=\u00a0\u00bb4.8.1&Prime; _module_preset=\u00a0\u00bbdefault\u00a0\u00bb global_colors_info=\u00a0\u00bb{}\u00a0\u00bb][et_pb_divider _builder_version=\u00a0\u00bb4.8.1&Prime; _module_preset=\u00a0\u00bbdefault\u00a0\u00bb global_colors_info=\u00a0\u00bb{}\u00a0\u00bb][\/et_pb_divider][\/et_pb_column][\/et_pb_row][\/et_pb_section]<\/p>\n","protected":false},"excerpt":{"rendered":"<p>Penser \u00e0 manger localLa meilleure fa\u00e7on de d\u00e9couvrir les saveurs du pays que vous visitez est de vous offrir un repas dans le restaurant o\u00f9 tous les locaux vont. \u00c9vitez les restaurants touristiques, allez plut\u00f4t dans des petits coins cach\u00e9s de la ville et demandez aux locaux quel est le meilleur endroit pour\u00a0go\u00fbter les plats [&hellip;]<\/p>\n","protected":false},"author":2,"featured_media":0,"parent":1463,"menu_order":0,"comment_status":"closed","ping_status":"closed","template":"","meta":{"_et_pb_use_builder":"on","_et_pb_old_content":"","_et_gb_content_width":"","footnotes":""},"class_list":["post-10805","page","type-page","status-publish","hentry"],"_links":{"self":[{"href":"https:\/\/geneve-et-vous-magazine.ch\/index.php\/wp-json\/wp\/v2\/pages\/10805","targetHints":{"allow":["GET"]}}],"collection":[{"href":"https:\/\/geneve-et-vous-magazine.ch\/index.php\/wp-json\/wp\/v2\/pages"}],"about":[{"href":"https:\/\/geneve-et-vous-magazine.ch\/index.php\/wp-json\/wp\/v2\/types\/page"}],"author":[{"embeddable":true,"href":"https:\/\/geneve-et-vous-magazine.ch\/index.php\/wp-json\/wp\/v2\/users\/2"}],"replies":[{"embeddable":true,"href":"https:\/\/geneve-et-vous-magazine.ch\/index.php\/wp-json\/wp\/v2\/comments?post=10805"}],"version-history":[{"count":13,"href":"https:\/\/geneve-et-vous-magazine.ch\/index.php\/wp-json\/wp\/v2\/pages\/10805\/revisions"}],"predecessor-version":[{"id":10833,"href":"https:\/\/geneve-et-vous-magazine.ch\/index.php\/wp-json\/wp\/v2\/pages\/10805\/revisions\/10833"}],"up":[{"embeddable":true,"href":"https:\/\/geneve-et-vous-magazine.ch\/index.php\/wp-json\/wp\/v2\/pages\/1463"}],"wp:attachment":[{"href":"https:\/\/geneve-et-vous-magazine.ch\/index.php\/wp-json\/wp\/v2\/media?parent=10805"}],"curies":[{"name":"wp","href":"https:\/\/api.w.org\/{rel}","templated":true}]}}